{"id":3273,"date":"2022-12-29T10:26:47","date_gmt":"2022-12-29T10:26:47","guid":{"rendered":"https:\/\/www.taalhammer.com\/?page_id=3273"},"modified":"2023-11-08T14:58:44","modified_gmt":"2023-11-08T14:58:44","slug":"kontakt","status":"publish","type":"page","link":"https:\/\/www.taalhammer.com\/pl\/kontakt\/","title":{"rendered":"Kontakt"},"content":{"rendered":"<section class=\"contact-us\">\n    <div class=\"contact-us__column\">\n                    <h1 class=\"contact-us__title\">\n                Skontaktuj si\u0119 z nami            <\/h1>\n        \n                    <div class=\"contact-detail\">\n                <div class=\"contact-detail__icon\">\n                    <svg width=\"20\" height=\"15\" viewBox=\"0 0 20 15\" fill=\"none\" xmlns=\"http:\/\/www.w3.org\/2000\/svg\">\n                        <path d=\"M2.21046 0H17.7895C19.2593 0 20 0.693711 20 2.10465V12.0047C20 13.4039 19.2593 14.1094 17.7895 14.1094H2.21046C0.740741 14.1094 0 13.4039 0 12.0047V2.10465C0 0.693711 0.740741 0 2.21046 0ZM9.99412 10.1117L17.9189 3.60965C18.2011 3.37449 18.4245 2.83363 18.0717 2.35156C17.7307 1.86949 17.1076 1.85773 16.6961 2.15168L9.99412 6.69019L3.30394 2.15168C2.89242 1.85773 2.26925 1.86949 1.92828 2.35156C1.57554 2.83363 1.79894 3.37449 2.08113 3.60965L9.99412 10.1117Z\" fill=\"#8E8E8E\"\/>\n                    <\/svg>\n                <\/div>\n\n                <a href=\"mailto:info@taalhammer.com\">info@taalhammer.com<\/a>\n            <\/div>\n        \n                    <div class=\"contact-detail\">\n                <div class=\"contact-detail__icon\">\n                    <svg width=\"18\" height=\"18\" viewBox=\"0 0 18 18\" fill=\"none\" xmlns=\"http:\/\/www.w3.org\/2000\/svg\">\n                        <path d=\"M0.838257 2.84417L3.16479 0.519903C3.32891 0.355071 3.52397 0.224288 3.73879 0.135067C3.9536 0.0458453 4.18393 -5.57467e-05 4.41653 5.08096e-08C4.89058 5.08096e-08 5.33622 0.18568 5.67046 0.519903L8.17394 3.0233C8.33878 3.18741 8.46957 3.38247 8.55879 3.59728C8.64801 3.81208 8.69392 4.0424 8.69386 4.275C8.69386 4.74903 8.50817 5.19466 8.17394 5.52888L6.3433 7.35947C6.77181 8.30394 7.36758 9.16315 8.10185 9.89563C8.83428 10.6317 9.69345 11.2296 10.6381 11.6607L12.4687 9.8301C12.6329 9.66527 12.8279 9.53448 13.0427 9.44526C13.2576 9.35604 13.4879 9.31014 13.7205 9.31019C14.1945 9.31019 14.6402 9.49587 14.9744 9.8301L17.4801 12.3313C17.6451 12.4957 17.776 12.6911 17.8652 12.9063C17.9545 13.1215 18.0003 13.3522 18 13.5852C18 14.0592 17.8143 14.5049 17.4801 14.8391L15.1579 17.1612C14.6249 17.6964 13.8887 18 13.1328 18C12.9734 18 12.8205 17.9869 12.6697 17.9607C9.72496 17.4757 6.80423 15.9095 4.44711 13.5546C2.09218 11.2019 0.528051 8.28349 0.0365314 5.3301C-0.112019 4.42791 0.187263 3.49951 0.838257 2.84417Z\" fill=\"#8E8E8E\"\/>\n                    <\/svg>\n                <\/div>\n\n                +31 634 110 883            <\/div>\n        \n                    <div class=\"contact-detail\">\n                <div class=\"contact-detail__icon\">\n                    <svg width=\"17\" height=\"20\" viewBox=\"0 0 17 20\" fill=\"none\" xmlns=\"http:\/\/www.w3.org\/2000\/svg\">\n                        <path fill-rule=\"evenodd\" clip-rule=\"evenodd\" d=\"M0 8.31776C0 3.71789 3.84388 0 8.49345 0C13.1561 0 17 3.71789 17 8.31776C17 10.6357 16.157 12.7876 14.7695 14.6116C13.2388 16.6235 11.3522 18.3765 9.22854 19.7524C8.74251 20.0704 8.30387 20.0944 7.77045 19.7524C5.63474 18.3765 3.74809 16.6235 2.2305 14.6116C0.841983 12.7876 0 10.6357 0 8.31776ZM5.69423 8.57675C5.69423 10.1177 6.95166 11.3297 8.49345 11.3297C10.0362 11.3297 11.3058 10.1177 11.3058 8.57675C11.3058 7.0478 10.0362 5.77683 8.49345 5.77683C6.95166 5.77683 5.69423 7.0478 5.69423 8.57675Z\" fill=\"#8E8E8E\"\/>\n                    <\/svg>\n                <\/div>\n\n                Nachtwachtlaan 298, 1058EK Amsterdam            <\/div>\n        \n\n                    <div class=\"contact-socials\">\n                                    \n                                            <a href=\"https:\/\/www.instagram.com\/taalhammer_pl\/\" class=\"contact-social\" target=\"_blank\">\n                            <div class=\"contact-social__icon\">\n                                <img decoding=\"async\" src=\"https:\/\/www.taalhammer.com\/wp-content\/uploads\/2023\/10\/instagram-icon.svg\" alt=\"\">\n                            <\/div>\n\n                            Instagram                        <\/a>\n                                                        \n                                            <a href=\"https:\/\/www.facebook.com\/taalhammerpl\" class=\"contact-social\" target=\"_blank\">\n                            <div class=\"contact-social__icon\">\n                                <img decoding=\"async\" src=\"https:\/\/www.taalhammer.com\/wp-content\/uploads\/2023\/10\/facebook-icon.svg\" alt=\"\">\n                            <\/div>\n\n                            Facebook                        <\/a>\n                                                        \n                                            <a href=\"https:\/\/www.tiktok.com\/@taalhammer_pl\/\" class=\"contact-social\" target=\"_blank\">\n                            <div class=\"contact-social__icon\">\n                                <img decoding=\"async\" src=\"https:\/\/www.taalhammer.com\/wp-content\/uploads\/2023\/10\/tiktok-icon.svg\" alt=\"\">\n                            <\/div>\n\n                            TikTok                        <\/a>\n                                                        \n                                            <a href=\"https:\/\/www.linkedin.com\/company\/taalhammer\" class=\"contact-social\" target=\"_blank\">\n                            <div class=\"contact-social__icon\">\n                                <img decoding=\"async\" src=\"https:\/\/www.taalhammer.com\/wp-content\/uploads\/2023\/10\/linkedIn-icon.svg\" alt=\"\">\n                            <\/div>\n\n                            LinkedIn                        <\/a>\n                                                <\/div>\n        \n        \n    <\/div>\n\n    <div class=\"contact-us__column\">\n            <div class=\"wpforms-container wpforms-container-full\" id=\"wpforms-3269\"><form id=\"wpforms-form-3269\" class=\"wpforms-validate wpforms-form wpforms-ajax-form\" data-formid=\"3269\" method=\"post\" enctype=\"multipart\/form-data\" action=\"\/pl\/wp-json\/wp\/v2\/pages\/3273\" data-token=\"916be77e7a991fee049268559f559936\" data-token-time=\"1777611309\"><noscript class=\"wpforms-error-noscript\">Aby wype\u0142ni\u0107 ten formularz, w\u0142\u0105cz obs\u0142ug\u0119 JavaScript w przegl\u0105darce.<\/noscript><div class=\"wpforms-field-container\"><div id=\"wpforms-3269-field_0-container\" class=\"wpforms-field wpforms-field-name\" data-field-id=\"0\"><label class=\"wpforms-field-label\" for=\"wpforms-3269-field_0\">Imi\u0119 i Nazwisko <span class=\"wpforms-required-label\">*<\/span><\/label><input type=\"text\" id=\"wpforms-3269-field_0\" class=\"wpforms-field-large wpforms-field-required\" name=\"wpforms[fields][0]\" placeholder=\"Twoje imi\u0119 i nazwisko\" required><\/div><div id=\"wpforms-3269-field_1-container\" class=\"wpforms-field wpforms-field-email\" data-field-id=\"1\"><label class=\"wpforms-field-label\" for=\"wpforms-3269-field_1\">Email <span class=\"wpforms-required-label\">*<\/span><\/label><input type=\"email\" id=\"wpforms-3269-field_1\" class=\"wpforms-field-large wpforms-field-required\" name=\"wpforms[fields][1]\" placeholder=\"Tw\u00f3j email\" spellcheck=\"false\" required><\/div><div id=\"wpforms-3269-field_2-container\" class=\"wpforms-field wpforms-field-textarea\" data-field-id=\"2\"><label class=\"wpforms-field-label\" for=\"wpforms-3269-field_2\">Wiadomo\u015b\u0107 <span class=\"wpforms-required-label\">*<\/span><\/label><textarea id=\"wpforms-3269-field_2\" class=\"wpforms-field-medium wpforms-field-required wpforms-limit-characters-enabled\" data-form-id=\"3269\" data-field-id=\"2\" data-text-limit=\"120\" name=\"wpforms[fields][2]\" placeholder=\"Napisz Twoj\u0105 wiadomo\u015b\u0107 tutaj...\" maxlength=\"120\" required><\/textarea><\/div><\/div><!-- .wpforms-field-container --><div class=\"wpforms-recaptcha-container wpforms-is-recaptcha wpforms-is-recaptcha-type-v3\" ><input type=\"hidden\" name=\"wpforms[recaptcha]\" value=\"\"><\/div><div class=\"wpforms-submit-container\" ><input type=\"hidden\" name=\"wpforms[id]\" value=\"3269\"><input type=\"hidden\" name=\"page_title\" value=\"\"><input type=\"hidden\" name=\"page_url\" value=\"https:\/\/www.taalhammer.com\/pl\/wp-json\/wp\/v2\/pages\/3273\"><input type=\"hidden\" name=\"url_referer\" value=\"\"><button type=\"submit\" name=\"wpforms[submit]\" id=\"wpforms-submit-3269\" class=\"wpforms-submit\" data-alt-text=\"Wysy\u0142am...\" data-submit-text=\"Wy\u015blij\" aria-live=\"assertive\" value=\"wpforms-submit\">Wy\u015blij<\/button><img loading=\"lazy\" decoding=\"async\" src=\"https:\/\/www.taalhammer.com\/wp-content\/plugins\/wpforms\/assets\/images\/submit-spin.svg\" class=\"wpforms-submit-spinner\" style=\"display: none;\" width=\"26\" height=\"26\" alt=\"Wczytywanie\"><\/div><\/form><\/div>  <!-- .wpforms-container -->    <\/div>\n\n<\/section>\n\n<section class=\"home-boxes\">\n            <h2 class=\"home-boxes__title\">\n             Co m\u00f3wi\u0105 nasi klienci         <\/h2>\n    \n            <div class=\"home-boxes-wrapper\">\n                                            <div class=\"home-box\">\n                                            <div class=\"home-box__text\">\n                            <p>Po kilku tygodniach studiowania s\u0142owa i ca\u0142e zdania chodz\u0105 mi po g\u0142owie<\/p>\n                        <\/div>\n                                                                <div class=\"home-box-user\">\n                            <img decoding=\"async\" class=\"home-box-user__thumbnail\" src=\"https:\/\/www.taalhammer.com\/wp-content\/uploads\/2023\/05\/Variant5.png\" alt=\"user avatar\">\n                        \n                            <div class=\"home-box-user__details\">\n                                 Kasia Z\n                                                            <\/div>\n                        <\/div>\n                                    <\/div>\n                                            <div class=\"home-box\">\n                                            <div class=\"home-box__text\">\n                            <p>Wreszcie mog\u0119 si\u0119 uczy\u0107 tego co mnie interesuje<\/p>\n                        <\/div>\n                                                                <div class=\"home-box-user\">\n                            <img decoding=\"async\" class=\"home-box-user__thumbnail\" src=\"https:\/\/www.taalhammer.com\/wp-content\/uploads\/2023\/05\/Variant7.png\" alt=\"user avatar 1\">\n                        \n                            <div class=\"home-box-user__details\">\n                                 Daro P\n                                                            <\/div>\n                        <\/div>\n                                    <\/div>\n                                            <div class=\"home-box\">\n                                            <div class=\"home-box__text\">\n                            <p>Powt\u00f3rki w Taalhamerze s\u0105 super, takie Supermemo na sterydach<\/p>\n                        <\/div>\n                                                                <div class=\"home-box-user\">\n                            <img decoding=\"async\" class=\"home-box-user__thumbnail\" src=\"https:\/\/www.taalhammer.com\/wp-content\/uploads\/2023\/05\/Variant4.png\" alt=\"user avatar 3\">\n                        \n                            <div class=\"home-box-user__details\">\n                                 \u0141ukasz K\n                                                            <\/div>\n                        <\/div>\n                                    <\/div>\n                    <\/div>\n    <\/section>","protected":false},"excerpt":{"rendered":"","protected":false},"author":1,"featured_media":0,"parent":0,"menu_order":0,"comment_status":"closed","ping_status":"closed","template":"bt-no-sidebar-wide.php","meta":{"_acf_changed":false,"pmpro_default_level":"","inline_featured_image":false,"footnotes":""},"categories":[],"tags":[],"class_list":["post-3273","page","type-page","status-publish","hentry","pmpro-has-access"],"acf":{"body_class":"contact-page"},"yoast_head":"<!-- This site is optimized with the Yoast SEO Premium plugin v23.4 (Yoast SEO v23.4) - https:\/\/yoast.com\/wordpress\/plugins\/seo\/ -->\n<title>Kontakt | Taalhammer<\/title>\n<meta name=\"description\" content=\"Napisz do nas o swoich pomys\u0142ach lub problemach. Ci\u0105gle si\u0119 doskonalimy i staramy si\u0119 wprowadza\u0107 innowacje. Im wi\u0119cej opinii na temat Twojej nauki j\u0119zyka, tym lepiej dla wszystkich.\" \/>\n<meta name=\"robots\" content=\"index, follow, max-snippet:-1, max-image-preview:large, max-video-preview:-1\" \/>\n<link rel=\"canonical\" href=\"https:\/\/www.taalhammer.com\/pl\/kontakt\/\" \/>\n<meta property=\"og:locale\" content=\"pl_PL\" \/>\n<meta property=\"og:type\" content=\"article\" \/>\n<meta property=\"og:title\" content=\"Kontakt\" \/>\n<meta property=\"og:description\" content=\"Napisz do nas o swoich pomys\u0142ach lub problemach. Ci\u0105gle si\u0119 doskonalimy i staramy si\u0119 wprowadza\u0107 innowacje. Im wi\u0119cej opinii na temat Twojej nauki j\u0119zyka, tym lepiej dla wszystkich.\" \/>\n<meta property=\"og:url\" content=\"https:\/\/www.taalhammer.com\/pl\/kontakt\/\" \/>\n<meta property=\"og:site_name\" content=\"Taalhammer\" \/>\n<meta property=\"article:publisher\" content=\"https:\/\/www.facebook.com\/taalhammer\" \/>\n<meta property=\"article:modified_time\" content=\"2023-11-08T14:58:44+00:00\" \/>\n<meta property=\"og:image\" content=\"https:\/\/www.taalhammer.com\/wp-content\/uploads\/2021\/09\/image-1-807x1024-1.png\" \/>\n\t<meta property=\"og:image:width\" content=\"807\" \/>\n\t<meta property=\"og:image:height\" content=\"1024\" \/>\n\t<meta property=\"og:image:type\" content=\"image\/png\" \/>\n<meta name=\"twitter:card\" content=\"summary_large_image\" \/>\n<meta name=\"twitter:site\" content=\"@taalhammer\" \/>\n<script type=\"application\/ld+json\" class=\"yoast-schema-graph\">{\"@context\":\"https:\/\/schema.org\",\"@graph\":[{\"@type\":\"WebPage\",\"@id\":\"https:\/\/www.taalhammer.com\/pl\/kontakt\/\",\"url\":\"https:\/\/www.taalhammer.com\/pl\/kontakt\/\",\"name\":\"Kontakt | Taalhammer\",\"isPartOf\":{\"@id\":\"https:\/\/www.taalhammer.com\/pl\/#website\"},\"datePublished\":\"2022-12-29T10:26:47+00:00\",\"dateModified\":\"2023-11-08T14:58:44+00:00\",\"description\":\"Napisz do nas o swoich pomys\u0142ach lub problemach. Ci\u0105gle si\u0119 doskonalimy i staramy si\u0119 wprowadza\u0107 innowacje. Im wi\u0119cej opinii na temat Twojej nauki j\u0119zyka, tym lepiej dla wszystkich.\",\"breadcrumb\":{\"@id\":\"https:\/\/www.taalhammer.com\/pl\/kontakt\/#breadcrumb\"},\"inLanguage\":\"pl-PL\",\"potentialAction\":[{\"@type\":\"ReadAction\",\"target\":[\"https:\/\/www.taalhammer.com\/pl\/kontakt\/\"]}]},{\"@type\":\"BreadcrumbList\",\"@id\":\"https:\/\/www.taalhammer.com\/pl\/kontakt\/#breadcrumb\",\"itemListElement\":[{\"@type\":\"ListItem\",\"position\":1,\"name\":\"Home\",\"item\":\"https:\/\/www.taalhammer.com\/pl\/\"},{\"@type\":\"ListItem\",\"position\":2,\"name\":\"Kontakt\"}]},{\"@type\":\"WebSite\",\"@id\":\"https:\/\/www.taalhammer.com\/pl\/#website\",\"url\":\"https:\/\/www.taalhammer.com\/pl\/\",\"name\":\"Taalhammer\",\"description\":\"Stop mumbling, start to speak\",\"publisher\":{\"@id\":\"https:\/\/www.taalhammer.com\/pl\/#organization\"},\"potentialAction\":[{\"@type\":\"SearchAction\",\"target\":{\"@type\":\"EntryPoint\",\"urlTemplate\":\"https:\/\/www.taalhammer.com\/pl\/?s={search_term_string}\"},\"query-input\":{\"@type\":\"PropertyValueSpecification\",\"valueRequired\":true,\"valueName\":\"search_term_string\"}}],\"inLanguage\":\"pl-PL\"},{\"@type\":\"Organization\",\"@id\":\"https:\/\/www.taalhammer.com\/pl\/#organization\",\"name\":\"Taalhammer\",\"url\":\"https:\/\/www.taalhammer.com\/pl\/\",\"logo\":{\"@type\":\"ImageObject\",\"inLanguage\":\"pl-PL\",\"@id\":\"https:\/\/www.taalhammer.com\/pl\/#\/schema\/logo\/image\/\",\"url\":\"https:\/\/www.taalhammer.com\/wp-content\/uploads\/2019\/06\/Taalhammer_B_W_cut_negative.png\",\"contentUrl\":\"https:\/\/www.taalhammer.com\/wp-content\/uploads\/2019\/06\/Taalhammer_B_W_cut_negative.png\",\"width\":290,\"height\":256,\"caption\":\"Taalhammer\"},\"image\":{\"@id\":\"https:\/\/www.taalhammer.com\/pl\/#\/schema\/logo\/image\/\"},\"sameAs\":[\"https:\/\/www.facebook.com\/taalhammer\",\"https:\/\/x.com\/taalhammer\",\"https:\/\/www.instagram.com\/taalhammer_pl\/\"]}]}<\/script>\n<!-- \/ Yoast SEO Premium plugin. -->","yoast_head_json":{"title":"Kontakt | Taalhammer","description":"Napisz do nas o swoich pomys\u0142ach lub problemach. Ci\u0105gle si\u0119 doskonalimy i staramy si\u0119 wprowadza\u0107 innowacje. Im wi\u0119cej opinii na temat Twojej nauki j\u0119zyka, tym lepiej dla wszystkich.","robots":{"index":"index","follow":"follow","max-snippet":"max-snippet:-1","max-image-preview":"max-image-preview:large","max-video-preview":"max-video-preview:-1"},"canonical":"https:\/\/www.taalhammer.com\/pl\/kontakt\/","og_locale":"pl_PL","og_type":"article","og_title":"Kontakt","og_description":"Napisz do nas o swoich pomys\u0142ach lub problemach. Ci\u0105gle si\u0119 doskonalimy i staramy si\u0119 wprowadza\u0107 innowacje. Im wi\u0119cej opinii na temat Twojej nauki j\u0119zyka, tym lepiej dla wszystkich.","og_url":"https:\/\/www.taalhammer.com\/pl\/kontakt\/","og_site_name":"Taalhammer","article_publisher":"https:\/\/www.facebook.com\/taalhammer","article_modified_time":"2023-11-08T14:58:44+00:00","og_image":[{"width":807,"height":1024,"url":"https:\/\/www.taalhammer.com\/wp-content\/uploads\/2021\/09\/image-1-807x1024-1.png","type":"image\/png"}],"twitter_card":"summary_large_image","twitter_site":"@taalhammer","schema":{"@context":"https:\/\/schema.org","@graph":[{"@type":"WebPage","@id":"https:\/\/www.taalhammer.com\/pl\/kontakt\/","url":"https:\/\/www.taalhammer.com\/pl\/kontakt\/","name":"Kontakt | Taalhammer","isPartOf":{"@id":"https:\/\/www.taalhammer.com\/pl\/#website"},"datePublished":"2022-12-29T10:26:47+00:00","dateModified":"2023-11-08T14:58:44+00:00","description":"Napisz do nas o swoich pomys\u0142ach lub problemach. Ci\u0105gle si\u0119 doskonalimy i staramy si\u0119 wprowadza\u0107 innowacje. Im wi\u0119cej opinii na temat Twojej nauki j\u0119zyka, tym lepiej dla wszystkich.","breadcrumb":{"@id":"https:\/\/www.taalhammer.com\/pl\/kontakt\/#breadcrumb"},"inLanguage":"pl-PL","potentialAction":[{"@type":"ReadAction","target":["https:\/\/www.taalhammer.com\/pl\/kontakt\/"]}]},{"@type":"BreadcrumbList","@id":"https:\/\/www.taalhammer.com\/pl\/kontakt\/#breadcrumb","itemListElement":[{"@type":"ListItem","position":1,"name":"Home","item":"https:\/\/www.taalhammer.com\/pl\/"},{"@type":"ListItem","position":2,"name":"Kontakt"}]},{"@type":"WebSite","@id":"https:\/\/www.taalhammer.com\/pl\/#website","url":"https:\/\/www.taalhammer.com\/pl\/","name":"Taalhammer","description":"Stop mumbling, start to speak","publisher":{"@id":"https:\/\/www.taalhammer.com\/pl\/#organization"},"potentialAction":[{"@type":"SearchAction","target":{"@type":"EntryPoint","urlTemplate":"https:\/\/www.taalhammer.com\/pl\/?s={search_term_string}"},"query-input":{"@type":"PropertyValueSpecification","valueRequired":true,"valueName":"search_term_string"}}],"inLanguage":"pl-PL"},{"@type":"Organization","@id":"https:\/\/www.taalhammer.com\/pl\/#organization","name":"Taalhammer","url":"https:\/\/www.taalhammer.com\/pl\/","logo":{"@type":"ImageObject","inLanguage":"pl-PL","@id":"https:\/\/www.taalhammer.com\/pl\/#\/schema\/logo\/image\/","url":"https:\/\/www.taalhammer.com\/wp-content\/uploads\/2019\/06\/Taalhammer_B_W_cut_negative.png","contentUrl":"https:\/\/www.taalhammer.com\/wp-content\/uploads\/2019\/06\/Taalhammer_B_W_cut_negative.png","width":290,"height":256,"caption":"Taalhammer"},"image":{"@id":"https:\/\/www.taalhammer.com\/pl\/#\/schema\/logo\/image\/"},"sameAs":["https:\/\/www.facebook.com\/taalhammer","https:\/\/x.com\/taalhammer","https:\/\/www.instagram.com\/taalhammer_pl\/"]}]}},"_links":{"self":[{"href":"https:\/\/www.taalhammer.com\/pl\/wp-json\/wp\/v2\/pages\/3273","targetHints":{"allow":["GET"]}}],"collection":[{"href":"https:\/\/www.taalhammer.com\/pl\/wp-json\/wp\/v2\/pages"}],"about":[{"href":"https:\/\/www.taalhammer.com\/pl\/wp-json\/wp\/v2\/types\/page"}],"author":[{"embeddable":true,"href":"https:\/\/www.taalhammer.com\/pl\/wp-json\/wp\/v2\/users\/1"}],"replies":[{"embeddable":true,"href":"https:\/\/www.taalhammer.com\/pl\/wp-json\/wp\/v2\/comments?post=3273"}],"version-history":[{"count":2,"href":"https:\/\/www.taalhammer.com\/pl\/wp-json\/wp\/v2\/pages\/3273\/revisions"}],"predecessor-version":[{"id":7642,"href":"https:\/\/www.taalhammer.com\/pl\/wp-json\/wp\/v2\/pages\/3273\/revisions\/7642"}],"wp:attachment":[{"href":"https:\/\/www.taalhammer.com\/pl\/wp-json\/wp\/v2\/media?parent=3273"}],"wp:term":[{"taxonomy":"category","embeddable":true,"href":"https:\/\/www.taalhammer.com\/pl\/wp-json\/wp\/v2\/categories?post=3273"},{"taxonomy":"post_tag","embeddable":true,"href":"https:\/\/www.taalhammer.com\/pl\/wp-json\/wp\/v2\/tags?post=3273"}],"curies":[{"name":"wp","href":"https:\/\/api.w.org\/{rel}","templated":true}]}}