{"id":2150,"date":"2022-05-19T13:53:12","date_gmt":"2022-05-19T13:53:12","guid":{"rendered":"https:\/\/www.taalhammer.com\/cennik\/"},"modified":"2024-06-16T15:54:24","modified_gmt":"2024-06-16T15:54:24","slug":"cennik","status":"publish","type":"page","link":"https:\/\/www.taalhammer.com\/pl\/cennik\/","title":{"rendered":"Cennik"},"content":{"rendered":"\n\n\n<section class=\"payments-hero\">\n  \n  <div class=\"payments-hero-wrapper\">\n          <div class=\"payments-hero-wrapper__image\">\n        <img decoding=\"async\" src=\"https:\/\/www.taalhammer.com\/wp-content\/uploads\/2024\/04\/atom_pricing.png\" alt=\"Taalhammer Atom icon\">\n      <\/div>\n    \n    <div class=\"payments-hero-content\">\n              <h2 class=\"payments-hero-content__title\">\n          Elastyczne opcje p\u0142atno\u015bci        <\/h2>\n      \n              <div class=\"payments-hero-content__text\">\n          <p>Zap\u0142a\u0107 z g\u00f3ry i ciesz si\u0119 pe\u0142nym dost\u0119pem taniej lub wybierz miesi\u0119czny abonament<\/p>\n      <\/div>\n      \n      <div class=\"payments-hero-buttons\">\n        \n              <\/div>\n    <\/div>\n\n  <\/div>\n<\/section>\n\n\n  <section class=\"payments-levels\">\n          <div class=\"payments-level\">\n                  <p class=\"payments-level__price\">\n            44.90 z\u0142\n                      <\/p>\n        \n                  <p class=\"payments-level__name\">\n            1 miesi\u0105c          <\/p>\n        \n                  <p class=\"payments-level__message\">\n            odnawialna subskrypcja          <\/p>\n        \n        <div class=\"login_class payments-level__button this\">\n          <a href='https:\/\/www.taalhammer.com\/wp-login.php?redirect_to=https%3A%2F%2Fwww.taalhammer.com%2Fpl%2Fzamowienie%2F%3Fpmpro_level%3D9' rel='nofollow' class='pmpro_btn ths'>Kupuj\u0119<\/a>        <\/div>\n      <\/div>\n          <div class=\"payments-level\">\n                  <p class=\"payments-level__price\">\n            149 z\u0142\n                          <label class=\"payments-level__promo\">\n                oszcz\u0119dzasz 30%              <\/label>\n                      <\/p>\n        \n                  <p class=\"payments-level__name\">\n            6 miesi\u0119cy          <\/p>\n        \n                  <p class=\"payments-level__message\">\n            24.80 z\u0142 \/ miesi\u0105c          <\/p>\n        \n        <div class=\"login_class payments-level__button this\">\n          <a href='https:\/\/www.taalhammer.com\/wp-login.php?redirect_to=https%3A%2F%2Fwww.taalhammer.com%2Fpl%2Fzamowienie%2F%3Fpmpro_level%3D13' rel='nofollow' class='pmpro_btn ths'>Kupuj\u0119<\/a>        <\/div>\n      <\/div>\n          <div class=\"payments-level\">\n                  <p class=\"payments-level__price\">\n            249 z\u0142\n                      <\/p>\n        \n                  <p class=\"payments-level__name\">\n            12 miesi\u0119cy          <\/p>\n        \n                  <p class=\"payments-level__message\">\n            20.75 z\u0142 \/ miesi\u0105c          <\/p>\n        \n        <div class=\"login_class payments-level__button this\">\n          <a href='https:\/\/www.taalhammer.com\/wp-login.php?redirect_to=https%3A%2F%2Fwww.taalhammer.com%2Fpl%2Fzamowienie%2F%3Fpmpro_level%3D15' rel='nofollow' class='pmpro_btn ths'>Kupuj\u0119<\/a>        <\/div>\n      <\/div>\n          <div class=\"payments-level\">\n                  <p class=\"payments-level__price\">\n            890 z\u0142\n                          <label class=\"payments-level__promo\">\n                Najtaniej              <\/label>\n                      <\/p>\n        \n                  <p class=\"payments-level__name\">\n            Do\u017cywotni          <\/p>\n        \n        \n        <div class=\"login_class payments-level__button this\">\n          <a href='https:\/\/www.taalhammer.com\/wp-login.php?redirect_to=https%3A%2F%2Fwww.taalhammer.com%2Fpl%2Fzamowienie%2F%3Fpmpro_level%3D11' rel='nofollow' class='pmpro_btn ths'>Kupuj\u0119<\/a>        <\/div>\n      <\/div>\n      <\/section>\n\n\n<section class=\" icons-section\">\r\n    <div class=\"icons-inner\">\r\n        <div class=\"container\">\r\n            <div class=\"icons-text\">\r\n                <h2 class=\"icons-title\">Co dostaniesz?<\/h2>\r\n                <div class=\"icons-subtitle\">Nauka j\u0119zyka, kt\u00f3ra dzia\u0142a<\/div>\r\n            <\/div>\r\n                        <div class=\"icons-wrapper\">\r\n                                                <div class=\"icons-box\">\r\n                    <div class=\"icons-img\"><img decoding=\"async\" src=\"https:\/\/www.taalhammer.com\/wp-content\/uploads\/2021\/11\/taalhammer.jpg\" alt=\"\"><\/div>\r\n                    <div class=\"icons-name\">Atom Spaced <br> Repetition<\/div>\r\n                    <div class=\"icons-desc\"><p>Algorytm, kt\u00f3ry uczy si\u0119, jak si\u0119 uczysz. Planuje twoje powt\u00f3rki, dzi\u0119ki czemu powtarzasz mniej i pami\u0119tasz wi\u0119cej. Zapomnij o zapominaniu!<\/p>\n<\/div>                <\/div>\r\n                                                <div class=\"icons-box\">\r\n                    <div class=\"icons-img\"><img decoding=\"async\" src=\"https:\/\/www.taalhammer.com\/wp-content\/uploads\/2021\/11\/core_collection.jpg\" alt=\"\"><\/div>\r\n                    <div class=\"icons-name\">Rdze\u0144<br>Kolekcje<\/div>\r\n                    <div class=\"icons-desc\"><p>1270 cz\u0119stszych i najwa\u017cniejszych s\u0142\u00f3w, starannie zebranych w 3000 przyk\u0142adowych zda\u0144. Uczy podstaw j\u0119zyka. Rozwija refleks j\u0119zykowy, nawyki m\u00f3wienia, precyzj\u0119 i pewno\u015b\u0107 siebie.<\/p>\n<\/div>                <\/div>\r\n                                                <div class=\"icons-box\">\r\n                    <div class=\"icons-img\"><img decoding=\"async\" src=\"https:\/\/www.taalhammer.com\/wp-content\/uploads\/2021\/11\/collection_sharing.jpg\" alt=\"\"><\/div>\r\n                    <div class=\"icons-name\">Kolekcja <br> Dzielenie si\u0119<\/div>\r\n                    <div class=\"icons-desc\"><p>Tw\u00f3rz w\u0142asne kolekcje i dodawaj do nich fiszki i tablice. Podziel si\u0119 nimi z innymi u\u017cytkownikami i spo\u0142eczno\u015bci\u0105 Taalhammer.<\/p>\n<\/div>                <\/div>\r\n                                                <div class=\"icons-box\">\r\n                    <div class=\"icons-img\"><img decoding=\"async\" src=\"https:\/\/www.taalhammer.com\/wp-content\/uploads\/2021\/11\/flashcards.jpg\" alt=\"\"><\/div>\r\n                    <div class=\"icons-name\">Fiszki<\/div>\r\n                    <div class=\"icons-desc\"><p>Przeszukuj nasz\u0105 baz\u0119 danych zawieraj\u0105c\u0105 miliony zda\u0144 i zobacz, jak s\u0142owa s\u0105 u\u017cywane w kontek\u015bcie. Dodaj w\u0142asne s\u0142owa, frazy i zdania. U\u017cyj automatycznego t\u0142umaczenia, wyszukiwania obraz\u00f3w, zamiany tekstu na mow\u0119 i IPA (mi\u0119dzynarodowy alfabet fonetyczny)<\/p>\n<\/div>                <\/div>\r\n                                                <div class=\"icons-box\">\r\n                    <div class=\"icons-img\"><img decoding=\"async\" src=\"https:\/\/www.taalhammer.com\/wp-content\/uploads\/2021\/11\/boards.jpg\" alt=\"\"><\/div>\r\n                    <div class=\"icons-name\">Tablice<\/div>\r\n                    <div class=\"icons-desc\"><p>Tw\u00f3rz wirtualne tablice z interaktywnymi historiami i odniesieniami gramatycznymi. Stw\u00f3rz w\u0142asny kurs j\u0119zykowy, korzystaj\u0105c z bogatej edycji tekstu, osadzonych film\u00f3w, link\u00f3w i obraz\u00f3w. U\u017cywaj podczas zaj\u0119\u0107 online, aby Twoi uczniowie mieli wszystkie tre\u015bci w jednym miejscu.<\/p>\n<\/div>                <\/div>\r\n                                                <div class=\"icons-box\">\r\n                    <div class=\"icons-img\"><img decoding=\"async\" src=\"https:\/\/www.taalhammer.com\/wp-content\/uploads\/2021\/11\/listening.jpg\" alt=\"\"><\/div>\r\n                    <div class=\"icons-name\">S\u0142uchaj\u0105cy<\/div>\r\n                    <div class=\"icons-desc\"><p>\u0106wiczenia ze s\u0142uchu w ruchu, podczas biegania, jazdy samochodem, dojazd\u00f3w do pracy itp. Pos\u0142uchaj wszystkiego, co masz nauczy\u0142e\u015b si\u0119 wcze\u015bniej, z szybko\u015bci\u0105 odtwarzania dostosowan\u0105 do twojego poziomu. \u0106wiczy twoje ucho, \u017ceby\u015b m\u00f3g\u0142 zrozumie\u0107 wi\u0119cej.<\/p>\n<\/div>                <\/div>\r\n                            <\/div>\r\n                    <\/div>\r\n    <\/div>\r\n<\/section>","protected":false},"excerpt":{"rendered":"","protected":false},"author":1,"featured_media":0,"parent":0,"menu_order":0,"comment_status":"closed","ping_status":"closed","template":"landing.php","meta":{"_acf_changed":false,"pmpro_default_level":"0","inline_featured_image":false,"footnotes":""},"categories":[],"tags":[],"class_list":["post-2150","page","type-page","status-publish","hentry","pmpro-has-access"],"acf":{"body_class":""},"yoast_head":"<!-- This site is optimized with the Yoast SEO Premium plugin v23.4 (Yoast SEO v23.4) - https:\/\/yoast.com\/wordpress\/plugins\/seo\/ -->\n<title>Cennik | Taalhammer<\/title>\n<meta name=\"description\" content=\"Miesi\u0105c za DARMO! Wypr\u00f3buj Taalhammer&#039;a za darmo. Nie musisz niczego instalowa\u0107. Poczuj moc dopasowanych tre\u015bci i inteligentnych algorytm\u00f3w.\" \/>\n<meta name=\"robots\" content=\"index, follow, max-snippet:-1, max-image-preview:large, max-video-preview:-1\" \/>\n<link rel=\"canonical\" href=\"https:\/\/www.taalhammer.com\/pl\/cennik\/\" \/>\n<meta property=\"og:locale\" content=\"pl_PL\" \/>\n<meta property=\"og:type\" content=\"article\" \/>\n<meta property=\"og:title\" content=\"Cennik\" \/>\n<meta property=\"og:description\" content=\"Miesi\u0105c za DARMO! Wypr\u00f3buj Taalhammer&#039;a za darmo. Nie musisz niczego instalowa\u0107. Poczuj moc dopasowanych tre\u015bci i inteligentnych algorytm\u00f3w.\" \/>\n<meta property=\"og:url\" content=\"https:\/\/www.taalhammer.com\/pl\/cennik\/\" \/>\n<meta property=\"og:site_name\" content=\"Taalhammer\" \/>\n<meta property=\"article:publisher\" content=\"https:\/\/www.facebook.com\/taalhammer\" \/>\n<meta property=\"article:modified_time\" content=\"2024-06-16T15:54:24+00:00\" \/>\n<meta property=\"og:image\" content=\"https:\/\/www.taalhammer.com\/wp-content\/uploads\/2021\/09\/image-1-807x1024-1.png\" \/>\n\t<meta property=\"og:image:width\" content=\"807\" \/>\n\t<meta property=\"og:image:height\" content=\"1024\" \/>\n\t<meta property=\"og:image:type\" content=\"image\/png\" \/>\n<meta name=\"twitter:card\" content=\"summary_large_image\" \/>\n<meta name=\"twitter:site\" content=\"@taalhammer\" \/>\n<script type=\"application\/ld+json\" class=\"yoast-schema-graph\">{\"@context\":\"https:\/\/schema.org\",\"@graph\":[{\"@type\":\"WebPage\",\"@id\":\"https:\/\/www.taalhammer.com\/pl\/cennik\/\",\"url\":\"https:\/\/www.taalhammer.com\/pl\/cennik\/\",\"name\":\"Cennik | Taalhammer\",\"isPartOf\":{\"@id\":\"https:\/\/www.taalhammer.com\/pl\/#website\"},\"datePublished\":\"2022-05-19T13:53:12+00:00\",\"dateModified\":\"2024-06-16T15:54:24+00:00\",\"description\":\"Miesi\u0105c za DARMO! Wypr\u00f3buj Taalhammer'a za darmo. Nie musisz niczego instalowa\u0107. Poczuj moc dopasowanych tre\u015bci i inteligentnych algorytm\u00f3w.\",\"breadcrumb\":{\"@id\":\"https:\/\/www.taalhammer.com\/pl\/cennik\/#breadcrumb\"},\"inLanguage\":\"pl-PL\",\"potentialAction\":[{\"@type\":\"ReadAction\",\"target\":[\"https:\/\/www.taalhammer.com\/pl\/cennik\/\"]}]},{\"@type\":\"BreadcrumbList\",\"@id\":\"https:\/\/www.taalhammer.com\/pl\/cennik\/#breadcrumb\",\"itemListElement\":[{\"@type\":\"ListItem\",\"position\":1,\"name\":\"Home\",\"item\":\"https:\/\/www.taalhammer.com\/pl\/\"},{\"@type\":\"ListItem\",\"position\":2,\"name\":\"Cennik\"}]},{\"@type\":\"WebSite\",\"@id\":\"https:\/\/www.taalhammer.com\/pl\/#website\",\"url\":\"https:\/\/www.taalhammer.com\/pl\/\",\"name\":\"Taalhammer\",\"description\":\"Stop mumbling, start to speak\",\"publisher\":{\"@id\":\"https:\/\/www.taalhammer.com\/pl\/#organization\"},\"potentialAction\":[{\"@type\":\"SearchAction\",\"target\":{\"@type\":\"EntryPoint\",\"urlTemplate\":\"https:\/\/www.taalhammer.com\/pl\/?s={search_term_string}\"},\"query-input\":{\"@type\":\"PropertyValueSpecification\",\"valueRequired\":true,\"valueName\":\"search_term_string\"}}],\"inLanguage\":\"pl-PL\"},{\"@type\":\"Organization\",\"@id\":\"https:\/\/www.taalhammer.com\/pl\/#organization\",\"name\":\"Taalhammer\",\"url\":\"https:\/\/www.taalhammer.com\/pl\/\",\"logo\":{\"@type\":\"ImageObject\",\"inLanguage\":\"pl-PL\",\"@id\":\"https:\/\/www.taalhammer.com\/pl\/#\/schema\/logo\/image\/\",\"url\":\"https:\/\/www.taalhammer.com\/wp-content\/uploads\/2019\/06\/Taalhammer_B_W_cut_negative.png\",\"contentUrl\":\"https:\/\/www.taalhammer.com\/wp-content\/uploads\/2019\/06\/Taalhammer_B_W_cut_negative.png\",\"width\":290,\"height\":256,\"caption\":\"Taalhammer\"},\"image\":{\"@id\":\"https:\/\/www.taalhammer.com\/pl\/#\/schema\/logo\/image\/\"},\"sameAs\":[\"https:\/\/www.facebook.com\/taalhammer\",\"https:\/\/x.com\/taalhammer\",\"https:\/\/www.instagram.com\/taalhammer_pl\/\"]}]}<\/script>\n<!-- \/ Yoast SEO Premium plugin. -->","yoast_head_json":{"title":"Cennik | Taalhammer","description":"Miesi\u0105c za DARMO! Wypr\u00f3buj Taalhammer'a za darmo. Nie musisz niczego instalowa\u0107. Poczuj moc dopasowanych tre\u015bci i inteligentnych algorytm\u00f3w.","robots":{"index":"index","follow":"follow","max-snippet":"max-snippet:-1","max-image-preview":"max-image-preview:large","max-video-preview":"max-video-preview:-1"},"canonical":"https:\/\/www.taalhammer.com\/pl\/cennik\/","og_locale":"pl_PL","og_type":"article","og_title":"Cennik","og_description":"Miesi\u0105c za DARMO! Wypr\u00f3buj Taalhammer'a za darmo. Nie musisz niczego instalowa\u0107. Poczuj moc dopasowanych tre\u015bci i inteligentnych algorytm\u00f3w.","og_url":"https:\/\/www.taalhammer.com\/pl\/cennik\/","og_site_name":"Taalhammer","article_publisher":"https:\/\/www.facebook.com\/taalhammer","article_modified_time":"2024-06-16T15:54:24+00:00","og_image":[{"width":807,"height":1024,"url":"https:\/\/www.taalhammer.com\/wp-content\/uploads\/2021\/09\/image-1-807x1024-1.png","type":"image\/png"}],"twitter_card":"summary_large_image","twitter_site":"@taalhammer","schema":{"@context":"https:\/\/schema.org","@graph":[{"@type":"WebPage","@id":"https:\/\/www.taalhammer.com\/pl\/cennik\/","url":"https:\/\/www.taalhammer.com\/pl\/cennik\/","name":"Cennik | Taalhammer","isPartOf":{"@id":"https:\/\/www.taalhammer.com\/pl\/#website"},"datePublished":"2022-05-19T13:53:12+00:00","dateModified":"2024-06-16T15:54:24+00:00","description":"Miesi\u0105c za DARMO! Wypr\u00f3buj Taalhammer'a za darmo. Nie musisz niczego instalowa\u0107. Poczuj moc dopasowanych tre\u015bci i inteligentnych algorytm\u00f3w.","breadcrumb":{"@id":"https:\/\/www.taalhammer.com\/pl\/cennik\/#breadcrumb"},"inLanguage":"pl-PL","potentialAction":[{"@type":"ReadAction","target":["https:\/\/www.taalhammer.com\/pl\/cennik\/"]}]},{"@type":"BreadcrumbList","@id":"https:\/\/www.taalhammer.com\/pl\/cennik\/#breadcrumb","itemListElement":[{"@type":"ListItem","position":1,"name":"Home","item":"https:\/\/www.taalhammer.com\/pl\/"},{"@type":"ListItem","position":2,"name":"Cennik"}]},{"@type":"WebSite","@id":"https:\/\/www.taalhammer.com\/pl\/#website","url":"https:\/\/www.taalhammer.com\/pl\/","name":"Taalhammer","description":"Stop mumbling, start to speak","publisher":{"@id":"https:\/\/www.taalhammer.com\/pl\/#organization"},"potentialAction":[{"@type":"SearchAction","target":{"@type":"EntryPoint","urlTemplate":"https:\/\/www.taalhammer.com\/pl\/?s={search_term_string}"},"query-input":{"@type":"PropertyValueSpecification","valueRequired":true,"valueName":"search_term_string"}}],"inLanguage":"pl-PL"},{"@type":"Organization","@id":"https:\/\/www.taalhammer.com\/pl\/#organization","name":"Taalhammer","url":"https:\/\/www.taalhammer.com\/pl\/","logo":{"@type":"ImageObject","inLanguage":"pl-PL","@id":"https:\/\/www.taalhammer.com\/pl\/#\/schema\/logo\/image\/","url":"https:\/\/www.taalhammer.com\/wp-content\/uploads\/2019\/06\/Taalhammer_B_W_cut_negative.png","contentUrl":"https:\/\/www.taalhammer.com\/wp-content\/uploads\/2019\/06\/Taalhammer_B_W_cut_negative.png","width":290,"height":256,"caption":"Taalhammer"},"image":{"@id":"https:\/\/www.taalhammer.com\/pl\/#\/schema\/logo\/image\/"},"sameAs":["https:\/\/www.facebook.com\/taalhammer","https:\/\/x.com\/taalhammer","https:\/\/www.instagram.com\/taalhammer_pl\/"]}]}},"_links":{"self":[{"href":"https:\/\/www.taalhammer.com\/pl\/wp-json\/wp\/v2\/pages\/2150","targetHints":{"allow":["GET"]}}],"collection":[{"href":"https:\/\/www.taalhammer.com\/pl\/wp-json\/wp\/v2\/pages"}],"about":[{"href":"https:\/\/www.taalhammer.com\/pl\/wp-json\/wp\/v2\/types\/page"}],"author":[{"embeddable":true,"href":"https:\/\/www.taalhammer.com\/pl\/wp-json\/wp\/v2\/users\/1"}],"replies":[{"embeddable":true,"href":"https:\/\/www.taalhammer.com\/pl\/wp-json\/wp\/v2\/comments?post=2150"}],"version-history":[{"count":56,"href":"https:\/\/www.taalhammer.com\/pl\/wp-json\/wp\/v2\/pages\/2150\/revisions"}],"predecessor-version":[{"id":12690,"href":"https:\/\/www.taalhammer.com\/pl\/wp-json\/wp\/v2\/pages\/2150\/revisions\/12690"}],"wp:attachment":[{"href":"https:\/\/www.taalhammer.com\/pl\/wp-json\/wp\/v2\/media?parent=2150"}],"wp:term":[{"taxonomy":"category","embeddable":true,"href":"https:\/\/www.taalhammer.com\/pl\/wp-json\/wp\/v2\/categories?post=2150"},{"taxonomy":"post_tag","embeddable":true,"href":"https:\/\/www.taalhammer.com\/pl\/wp-json\/wp\/v2\/tags?post=2150"}],"curies":[{"name":"wp","href":"https:\/\/api.w.org\/{rel}","templated":true}]}}