{"id":1487,"date":"2021-06-12T03:24:34","date_gmt":"2021-06-12T03:24:34","guid":{"rendered":"https:\/\/www.taalhammer.com\/?p=1487"},"modified":"2023-10-17T12:48:07","modified_gmt":"2023-10-17T12:48:07","slug":"welcome-to-taalhammer-language-learning-that-works","status":"publish","type":"page","link":"https:\/\/www.taalhammer.com\/pl\/welcome-to-taalhammer-language-learning-that-works\/","title":{"rendered":"Witaj w Taalhammer&#8217;ze, nauce j\u0119zyk\u00f3w kt\u00f3ra dzia\u0142a"},"content":{"rendered":"\n<p>Twoja droga do p\u0142ynno\u015bci w j\u0119zyku obcym w\u0142a\u015bnie si\u0119 zacz\u0119\u0142a. Warto \u017ceby\u015b wiedzia\u0142a lub wiedzia\u0142 o kilku rzeczach zanim zaczniesz. To zajmie tylko 3 minuty.<\/p>\n\n\n\n<p>Taalhammer to nowoczesna aplikacja i narz\u0119dzie do szybkiej nauki j\u0119zyk\u00f3w obcych. Poprzez nauk\u0119 s\u0142\u00f3wek i wielu prostych, zda\u0144, szybko nabierzesz pewno\u015bci siebie. W kr\u00f3tkim czasie, b\u0119dziesz operowa\u0107 ca\u0142ymi zdaniami.&nbsp; Nauka z Taalhamer\u2019em wype\u0142ni Twoje my\u015bli s\u0142owami, zwrotami i zdaniami. Inteligentne algorytmy i zaawansowana statystyka skr\u00f3c\u0105 nauk\u0119.<\/p>\n\n\n\n<figure class=\"wp-block-embed is-type-video is-provider-youtube wp-block-embed-youtube wp-embed-aspect-16-9 wp-has-aspect-ratio\"><div class=\"wp-block-embed__wrapper\">\n<iframe loading=\"lazy\" title=\"#2 Witamy w Taalhammer&#039;ze (wersja mobilna)\" width=\"840\" height=\"473\" src=\"https:\/\/www.youtube.com\/embed\/WVl1_XBWZtI?feature=oembed\" frameborder=\"0\" allow=\"accelerometer; autoplay; clipboard-write; encrypted-media; gyroscope; picture-in-picture; web-share\" allowfullscreen><\/iframe>\n<\/div><figcaption class=\"wp-element-caption\">Demo: wersja mobilna<\/figcaption><\/figure>\n\n\n\n<figure class=\"wp-block-embed is-type-video is-provider-youtube wp-block-embed-youtube wp-embed-aspect-16-9 wp-has-aspect-ratio\"><div class=\"wp-block-embed__wrapper\">\n<iframe loading=\"lazy\" title=\"#2 Witaj w Taalhammer\u2019ze (wersja desktop)\" width=\"840\" height=\"473\" src=\"https:\/\/www.youtube.com\/embed\/CZV727NfqUM?feature=oembed\" frameborder=\"0\" allow=\"accelerometer; autoplay; clipboard-write; encrypted-media; gyroscope; picture-in-picture; web-share\" allowfullscreen><\/iframe>\n<\/div><figcaption class=\"wp-element-caption\">Demo: wersja desktop<\/figcaption><\/figure>\n\n\n\n<h2 class=\"wp-block-heading\">Ucz Si\u0119 Ka\u017cdego J\u0119zyka<\/h2>\n\n\n\n<p>Taalhammer jest narz\u0119dziem z kt\u00f3rego mo\u017cna si\u0119&nbsp;uczy\u0107 ka\u017cdego j\u0119zyka. Dla cz\u0119\u015bci par j\u0119zykowych oferujemy jednak du\u017co wi\u0119cej tre\u015bci ni\u017c dla innych.<\/p>\n\n\n\n<p>Wszystkie tre\u015bci j\u0119zykowe mo\u017cesz znale\u017a\u0107 klikaj\u0105c na <strong>J\u0119zyki<\/strong>.<\/p>\n\n\n<div class=\"wp-block-image\">\n<figure class=\"aligncenter size-full\"><img loading=\"lazy\" decoding=\"async\" width=\"354\" height=\"643\" src=\"https:\/\/www.taalhammer.com\/wp-content\/uploads\/2022\/05\/Screenshot-2022-05-19-at-15.57.11.png\" alt=\"\" class=\"wp-image-2083\" srcset=\"https:\/\/www.taalhammer.com\/wp-content\/uploads\/2022\/05\/Screenshot-2022-05-19-at-15.57.11.png 354w, https:\/\/www.taalhammer.com\/wp-content\/uploads\/2022\/05\/Screenshot-2022-05-19-at-15.57.11-165x300.png 165w\" sizes=\"auto, (max-width: 354px) 85vw, 354px\" \/><figcaption class=\"wp-element-caption\">J\u0119zyki: widok mobilny<\/figcaption><\/figure>\n<\/div>\n\n<div class=\"wp-block-image\">\n<figure class=\"aligncenter size-large\"><img loading=\"lazy\" decoding=\"async\" width=\"1024\" height=\"461\" src=\"https:\/\/www.taalhammer.com\/wp-content\/uploads\/2022\/05\/Screenshot-2022-05-19-at-15.57.34-1024x461.png\" alt=\"\" class=\"wp-image-2086\" srcset=\"https:\/\/www.taalhammer.com\/wp-content\/uploads\/2022\/05\/Screenshot-2022-05-19-at-15.57.34-1024x461.png 1024w, https:\/\/www.taalhammer.com\/wp-content\/uploads\/2022\/05\/Screenshot-2022-05-19-at-15.57.34-300x135.png 300w, https:\/\/www.taalhammer.com\/wp-content\/uploads\/2022\/05\/Screenshot-2022-05-19-at-15.57.34-768x345.png 768w, https:\/\/www.taalhammer.com\/wp-content\/uploads\/2022\/05\/Screenshot-2022-05-19-at-15.57.34.png 1274w\" sizes=\"auto, (max-width: 709px) 85vw, (max-width: 909px) 67vw, (max-width: 1362px) 62vw, 840px\" \/><figcaption class=\"wp-element-caption\">J\u0119zyki: wersja na desktop<\/figcaption><\/figure>\n<\/div>\n\n\n<p>Dla niekt\u00f3rych par j\u0119zykowych takich jak np. Polsko-Niderlandzki mo\u017cesz znale\u017a\u0107 r\u00f3\u017cne rodzaje kolekcji. <\/p>\n\n\n\n<ul class=\"wp-block-list\">\n<li><strong>Kolekcje core\u2019owe<\/strong> (core) zosta\u0142y przygotowane przez zesp\u00f3\u0142 Taalhammer\u2019a i s\u0142u\u017c\u0105 do opanowania najwa\u017cniejszych umiej\u0119tno\u015bci j\u0119zykowych w danym j\u0119zyku. <\/li>\n\n\n\n<li>Ci\u0105gle publikujemy tak\u017ce tzw. <strong>kolekcje topikowe<\/strong> (topic) kt\u00f3re pozwalaj\u0105 na rozszerzenie s\u0142ownictwa i nauk\u0119 o r\u00f3\u017cnych interesuj\u0105cych tematach. <\/li>\n\n\n\n<li>Ponadto znajdziesz te\u017c kolekcje <strong>stworzone i udost\u0119pnione przez innych u\u017cytkownik\u00f3w<\/strong> (community) z naszej spo\u0142eczno\u015bci.<\/li>\n<\/ul>\n\n\n\n<p>Je\u017celi zaczynasz dopiero swoj\u0105 przygod\u0105&nbsp;z danym j\u0119zykiem zalecamy zapisanie si\u0119 najpierw kolejno do kolekcji core\u2019owych, a dopiero p\u00f3\u017aniej do\u0142\u0105czenie innych kolekcji topikowych lub kolekcji udost\u0119pnionych przez innych u\u017cytkownik\u00f3w.<\/p>\n\n\n\n<h2 class=\"wp-block-heading\">Edytor<\/h2>\n\n\n\n<p>Kolejnym wa\u017cnym miejscem dla Twojej nauki j\u0119zyk\u00f3w jest edytor gdzie mo\u017cesz wyszukiwa\u0107 przyk\u0142ady u\u017cycia, t\u0142umaczy\u0107 i zapisywa\u0107 swoje s\u0142owa i zdania.<\/p>\n\n\n<div class=\"wp-block-image\">\n<figure class=\"aligncenter size-full\"><img loading=\"lazy\" decoding=\"async\" width=\"467\" height=\"523\" src=\"https:\/\/www.taalhammer.com\/wp-content\/uploads\/2022\/05\/Screenshot-2022-05-19-at-16.03.24.png\" alt=\"\" class=\"wp-image-2088\" srcset=\"https:\/\/www.taalhammer.com\/wp-content\/uploads\/2022\/05\/Screenshot-2022-05-19-at-16.03.24.png 467w, https:\/\/www.taalhammer.com\/wp-content\/uploads\/2022\/05\/Screenshot-2022-05-19-at-16.03.24-268x300.png 268w\" sizes=\"auto, (max-width: 467px) 85vw, 467px\" \/><figcaption class=\"wp-element-caption\">Edytor: przeszukuj miliony przyk\u0142ad\u00f3w zda\u0144<\/figcaption><\/figure>\n<\/div>\n\n\n<p>Aplikacja dopilnuje \u017ceby\u015b je wszystkie szybko zapami\u0119ta\u0142a lub zapami\u0119ta\u0142 serwuj\u0105c Ci powt\u00f3rki w odpowiednim czasie i odpowiedniej ilo\u015bci. Ponadto edytor to jest miejsce gdzie r\u00f3wnie\u017c Tw\u00f3j nauczyciel powinien zapisywa\u0107 s\u0142\u00f3wka, zwroty i zdania z lekcji aby\u015b mog\u0142a lub m\u00f3g\u0142 sprawnie wszystko powt\u00f3rzy\u0107 i zapami\u0119ta\u0107 przy pomocy m\u0105drych algorytm\u00f3w.<\/p>\n\n\n\n<p>Je\u017celi nie znalaz\u0142a\u015b lub znalaz\u0142e\u015b kolekcji do swojego j\u0119zyka docelowego wci\u0105\u017c mo\u017cesz u\u017cywa\u0107 Taalhammer\u2019a do tworzenia swoich w\u0142asnych kolekcji jak i do pracy razem z nauczycielem. Dla wielu j\u0119zyk\u00f3w, mimo \u017ce nie ma gotowych kolekcji, wci\u0105\u017c jest dost\u0119pna wyszukiwarka przyk\u0142ad\u00f3w i pot\u0119\u017cne t\u0142umaczenie maszynowe za pomoc\u0105 kt\u00f3rego mo\u017cesz przet\u0142umaczy\u0107 swoje w\u0142asne tre\u015bci.<\/p>\n\n\n\n<p>Je\u015bli u\u017cywasz aplikacji na Desktopie to b\u0119dziesz mia\u0142a lub mia\u0142 wygodny dost\u0119p do wszystkich Twoich kolekcji po prawej stronie ekranu.<\/p>\n\n\n\n<figure class=\"wp-block-image size-large\"><img loading=\"lazy\" decoding=\"async\" width=\"1024\" height=\"474\" src=\"https:\/\/www.taalhammer.com\/wp-content\/uploads\/2022\/05\/Screenshot-2022-05-19-at-16.10.18-1024x474.png\" alt=\"\" class=\"wp-image-2092\" srcset=\"https:\/\/www.taalhammer.com\/wp-content\/uploads\/2022\/05\/Screenshot-2022-05-19-at-16.10.18-1024x474.png 1024w, https:\/\/www.taalhammer.com\/wp-content\/uploads\/2022\/05\/Screenshot-2022-05-19-at-16.10.18-300x139.png 300w, https:\/\/www.taalhammer.com\/wp-content\/uploads\/2022\/05\/Screenshot-2022-05-19-at-16.10.18-768x356.png 768w, https:\/\/www.taalhammer.com\/wp-content\/uploads\/2022\/05\/Screenshot-2022-05-19-at-16.10.18.png 1280w\" sizes=\"auto, (max-width: 709px) 85vw, (max-width: 909px) 67vw, (max-width: 1362px) 62vw, 840px\" \/><figcaption class=\"wp-element-caption\">Edytor: wersja desktop&#8217;owa<\/figcaption><\/figure>\n\n\n\n<h2 class=\"wp-block-heading\">Tryb Nauki<\/h2>\n\n\n\n<p>I wreszcie tryb nauki gdzie robisz powt\u00f3rki i uczysz si\u0119 ze wszystkich wspomnianych \u017ar\u00f3de\u0142 czyli z kolekcji core\u2019owych, twoich w\u0142asnych wyszukiwa\u0144, kolekcji od Twojego nauczyciela i kolekcji udost\u0119pnionych przez nasz\u0105 spo\u0142eczno\u015b\u0107.<\/p>\n\n\n<div class=\"wp-block-image\">\n<figure class=\"aligncenter size-full\"><img loading=\"lazy\" decoding=\"async\" width=\"411\" height=\"643\" src=\"https:\/\/www.taalhammer.com\/wp-content\/uploads\/2022\/05\/Screenshot-2022-05-19-at-16.13.00.png\" alt=\"\" class=\"wp-image-2094\" srcset=\"https:\/\/www.taalhammer.com\/wp-content\/uploads\/2022\/05\/Screenshot-2022-05-19-at-16.13.00.png 411w, https:\/\/www.taalhammer.com\/wp-content\/uploads\/2022\/05\/Screenshot-2022-05-19-at-16.13.00-192x300.png 192w\" sizes=\"auto, (max-width: 411px) 85vw, 411px\" \/><figcaption class=\"wp-element-caption\">Taalhammer tryb nauki: wersja mobilna <\/figcaption><\/figure>\n<\/div>\n\n\n<p>O tym jak dok\u0142adnie wygl\u0105daj\u0105 powt\u00f3rki z Taalhammer\u2019em, jak dzia\u0142a nasz algorytm i jak wycisn\u0105\u0107 z niego max&#8217;a <a href=\"https:\/\/www.taalhammer.com\/how-to-learn-a-language-with-taalhammer\/?lang=pl\">mamy osobne video<\/a> do kt\u00f3rego obejrzenia gor\u0105co Ci\u0119&nbsp;zach\u0119cam.<\/p>\n\n\n\n<p>To, jak i wszystkie inne filmy wyja\u015bniaj\u0105ce, dost\u0119pne s\u0105 na stronie naszej <a href=\"https:\/\/www.taalhammer.com\/help\">bazy wiedzy<\/a>.<\/p>\n\n\n\n<h2 class=\"wp-block-heading\">Tryb S\u0142uchania<\/h2>\n\n\n\n<p>Ostatnim miejscem jest S\u0142uchanie gdzie w ramach dodatkowej powt\u00f3rki mo\u017cesz ods\u0142ucha\u0107 wszystkie te elementy kt\u00f3rych si\u0119&nbsp;uczysz. Jest to \u015bwietne \u0107wiczenie kt\u00f3re mo\u017cesz wykona\u0107 w czasie uprawiania sportu czy jazdy samochodem.<\/p>\n\n\n<div class=\"wp-block-image\">\n<figure class=\"aligncenter size-full\"><img loading=\"lazy\" decoding=\"async\" width=\"423\" height=\"637\" src=\"https:\/\/www.taalhammer.com\/wp-content\/uploads\/2022\/05\/Screenshot-2022-05-19-at-16.15.07.png\" alt=\"\" class=\"wp-image-2098\" srcset=\"https:\/\/www.taalhammer.com\/wp-content\/uploads\/2022\/05\/Screenshot-2022-05-19-at-16.15.07.png 423w, https:\/\/www.taalhammer.com\/wp-content\/uploads\/2022\/05\/Screenshot-2022-05-19-at-16.15.07-199x300.png 199w\" sizes=\"auto, (max-width: 423px) 85vw, 423px\" \/><figcaption class=\"wp-element-caption\">Taalhammer tryb s\u0142uchania<\/figcaption><\/figure>\n<\/div>\n\n\n<p>Powodzenia na drodze do p\u0142ynno\u015bci z Taalhammer\u2019em, nauk\u0105 j\u0119zyka, kt\u00f3ra dzia\u0142a.<\/p>\n","protected":false},"excerpt":{"rendered":"<p>Twoja droga do p\u0142ynno\u015bci w j\u0119zyku obcym w\u0142a\u015bnie si\u0119 zacz\u0119\u0142a. Warto \u017ceby\u015b wiedzia\u0142a lub wiedzia\u0142 o kilku rzeczach zanim zaczniesz. To zajmie tylko 3 minuty. Taalhammer to nowoczesna aplikacja i&#8230;<\/p>\n","protected":false},"author":16,"featured_media":1511,"parent":0,"menu_order":0,"comment_status":"closed","ping_status":"open","template":"","meta":{"_acf_changed":false,"pmpro_default_level":"","inline_featured_image":false,"footnotes":""},"categories":[227],"tags":[],"class_list":["post-1487","page","type-page","status-publish","has-post-thumbnail","hentry","category-help-pl","pmpro-has-access"],"acf":{"body_class":""},"yoast_head":"<!-- This site is optimized with the Yoast SEO Premium plugin v23.4 (Yoast SEO v23.4) - https:\/\/yoast.com\/wordpress\/plugins\/seo\/ -->\n<title>Witaj w Taalhammer&#039;ze, nauce j\u0119zyk\u00f3w kt\u00f3ra dzia\u0142a | Taalhammer<\/title>\n<meta name=\"robots\" content=\"index, follow, max-snippet:-1, max-image-preview:large, max-video-preview:-1\" \/>\n<link rel=\"canonical\" href=\"https:\/\/www.taalhammer.com\/pl\/welcome-to-taalhammer-language-learning-that-works\/\" \/>\n<meta property=\"og:locale\" content=\"pl_PL\" \/>\n<meta property=\"og:type\" content=\"article\" \/>\n<meta property=\"og:title\" content=\"Witaj w Taalhammer&#039;ze, nauce j\u0119zyk\u00f3w kt\u00f3ra dzia\u0142a\" \/>\n<meta property=\"og:description\" content=\"Twoja droga do p\u0142ynno\u015bci w j\u0119zyku obcym w\u0142a\u015bnie si\u0119 zacz\u0119\u0142a. Warto \u017ceby\u015b wiedzia\u0142a lub wiedzia\u0142 o kilku rzeczach zanim zaczniesz. To zajmie tylko 3 minuty. Taalhammer to nowoczesna aplikacja i...\" \/>\n<meta property=\"og:url\" content=\"https:\/\/www.taalhammer.com\/pl\/welcome-to-taalhammer-language-learning-that-works\/\" \/>\n<meta property=\"og:site_name\" content=\"Taalhammer\" \/>\n<meta property=\"article:publisher\" content=\"https:\/\/www.facebook.com\/taalhammer\" \/>\n<meta property=\"article:modified_time\" content=\"2023-10-17T12:48:07+00:00\" \/>\n<meta property=\"og:image\" content=\"https:\/\/www.taalhammer.com\/wp-content\/uploads\/2021\/06\/IMG_20210611_185822_640.jpg\" \/>\n\t<meta property=\"og:image:width\" content=\"1281\" \/>\n\t<meta property=\"og:image:height\" content=\"720\" \/>\n\t<meta property=\"og:image:type\" content=\"image\/jpeg\" \/>\n<meta name=\"twitter:card\" content=\"summary_large_image\" \/>\n<meta name=\"twitter:site\" content=\"@taalhammer\" \/>\n<meta name=\"twitter:label1\" content=\"Szacowany czas czytania\" \/>\n\t<meta name=\"twitter:data1\" content=\"3 minuty\" \/>\n<script type=\"application\/ld+json\" class=\"yoast-schema-graph\">{\"@context\":\"https:\/\/schema.org\",\"@graph\":[{\"@type\":\"WebPage\",\"@id\":\"https:\/\/www.taalhammer.com\/pl\/welcome-to-taalhammer-language-learning-that-works\/\",\"url\":\"https:\/\/www.taalhammer.com\/pl\/welcome-to-taalhammer-language-learning-that-works\/\",\"name\":\"Witaj w Taalhammer'ze, nauce j\u0119zyk\u00f3w kt\u00f3ra dzia\u0142a | Taalhammer\",\"isPartOf\":{\"@id\":\"https:\/\/www.taalhammer.com\/pl\/#website\"},\"primaryImageOfPage\":{\"@id\":\"https:\/\/www.taalhammer.com\/pl\/welcome-to-taalhammer-language-learning-that-works\/#primaryimage\"},\"image\":{\"@id\":\"https:\/\/www.taalhammer.com\/pl\/welcome-to-taalhammer-language-learning-that-works\/#primaryimage\"},\"thumbnailUrl\":\"https:\/\/www.taalhammer.com\/wp-content\/uploads\/2021\/06\/IMG_20210611_185822_640.jpg\",\"datePublished\":\"2021-06-12T03:24:34+00:00\",\"dateModified\":\"2023-10-17T12:48:07+00:00\",\"breadcrumb\":{\"@id\":\"https:\/\/www.taalhammer.com\/pl\/welcome-to-taalhammer-language-learning-that-works\/#breadcrumb\"},\"inLanguage\":\"pl-PL\",\"potentialAction\":[{\"@type\":\"ReadAction\",\"target\":[\"https:\/\/www.taalhammer.com\/pl\/welcome-to-taalhammer-language-learning-that-works\/\"]}]},{\"@type\":\"ImageObject\",\"inLanguage\":\"pl-PL\",\"@id\":\"https:\/\/www.taalhammer.com\/pl\/welcome-to-taalhammer-language-learning-that-works\/#primaryimage\",\"url\":\"https:\/\/www.taalhammer.com\/wp-content\/uploads\/2021\/06\/IMG_20210611_185822_640.jpg\",\"contentUrl\":\"https:\/\/www.taalhammer.com\/wp-content\/uploads\/2021\/06\/IMG_20210611_185822_640.jpg\",\"width\":1281,\"height\":720},{\"@type\":\"BreadcrumbList\",\"@id\":\"https:\/\/www.taalhammer.com\/pl\/welcome-to-taalhammer-language-learning-that-works\/#breadcrumb\",\"itemListElement\":[{\"@type\":\"ListItem\",\"position\":1,\"name\":\"Home\",\"item\":\"https:\/\/www.taalhammer.com\/pl\/\"},{\"@type\":\"ListItem\",\"position\":2,\"name\":\"Witaj w Taalhammer&#8217;ze, nauce j\u0119zyk\u00f3w kt\u00f3ra dzia\u0142a\"}]},{\"@type\":\"WebSite\",\"@id\":\"https:\/\/www.taalhammer.com\/pl\/#website\",\"url\":\"https:\/\/www.taalhammer.com\/pl\/\",\"name\":\"Taalhammer\",\"description\":\"Stop mumbling, start to speak\",\"publisher\":{\"@id\":\"https:\/\/www.taalhammer.com\/pl\/#organization\"},\"potentialAction\":[{\"@type\":\"SearchAction\",\"target\":{\"@type\":\"EntryPoint\",\"urlTemplate\":\"https:\/\/www.taalhammer.com\/pl\/?s={search_term_string}\"},\"query-input\":{\"@type\":\"PropertyValueSpecification\",\"valueRequired\":true,\"valueName\":\"search_term_string\"}}],\"inLanguage\":\"pl-PL\"},{\"@type\":\"Organization\",\"@id\":\"https:\/\/www.taalhammer.com\/pl\/#organization\",\"name\":\"Taalhammer\",\"url\":\"https:\/\/www.taalhammer.com\/pl\/\",\"logo\":{\"@type\":\"ImageObject\",\"inLanguage\":\"pl-PL\",\"@id\":\"https:\/\/www.taalhammer.com\/pl\/#\/schema\/logo\/image\/\",\"url\":\"https:\/\/www.taalhammer.com\/wp-content\/uploads\/2019\/06\/Taalhammer_B_W_cut_negative.png\",\"contentUrl\":\"https:\/\/www.taalhammer.com\/wp-content\/uploads\/2019\/06\/Taalhammer_B_W_cut_negative.png\",\"width\":290,\"height\":256,\"caption\":\"Taalhammer\"},\"image\":{\"@id\":\"https:\/\/www.taalhammer.com\/pl\/#\/schema\/logo\/image\/\"},\"sameAs\":[\"https:\/\/www.facebook.com\/taalhammer\",\"https:\/\/x.com\/taalhammer\",\"https:\/\/www.instagram.com\/taalhammer_pl\/\"]}]}<\/script>\n<!-- \/ Yoast SEO Premium plugin. -->","yoast_head_json":{"title":"Witaj w Taalhammer'ze, nauce j\u0119zyk\u00f3w kt\u00f3ra dzia\u0142a | Taalhammer","robots":{"index":"index","follow":"follow","max-snippet":"max-snippet:-1","max-image-preview":"max-image-preview:large","max-video-preview":"max-video-preview:-1"},"canonical":"https:\/\/www.taalhammer.com\/pl\/welcome-to-taalhammer-language-learning-that-works\/","og_locale":"pl_PL","og_type":"article","og_title":"Witaj w Taalhammer'ze, nauce j\u0119zyk\u00f3w kt\u00f3ra dzia\u0142a","og_description":"Twoja droga do p\u0142ynno\u015bci w j\u0119zyku obcym w\u0142a\u015bnie si\u0119 zacz\u0119\u0142a. Warto \u017ceby\u015b wiedzia\u0142a lub wiedzia\u0142 o kilku rzeczach zanim zaczniesz. To zajmie tylko 3 minuty. Taalhammer to nowoczesna aplikacja i...","og_url":"https:\/\/www.taalhammer.com\/pl\/welcome-to-taalhammer-language-learning-that-works\/","og_site_name":"Taalhammer","article_publisher":"https:\/\/www.facebook.com\/taalhammer","article_modified_time":"2023-10-17T12:48:07+00:00","og_image":[{"width":1281,"height":720,"url":"https:\/\/www.taalhammer.com\/wp-content\/uploads\/2021\/06\/IMG_20210611_185822_640.jpg","type":"image\/jpeg"}],"twitter_card":"summary_large_image","twitter_site":"@taalhammer","twitter_misc":{"Szacowany czas czytania":"3 minuty"},"schema":{"@context":"https:\/\/schema.org","@graph":[{"@type":"WebPage","@id":"https:\/\/www.taalhammer.com\/pl\/welcome-to-taalhammer-language-learning-that-works\/","url":"https:\/\/www.taalhammer.com\/pl\/welcome-to-taalhammer-language-learning-that-works\/","name":"Witaj w Taalhammer'ze, nauce j\u0119zyk\u00f3w kt\u00f3ra dzia\u0142a | Taalhammer","isPartOf":{"@id":"https:\/\/www.taalhammer.com\/pl\/#website"},"primaryImageOfPage":{"@id":"https:\/\/www.taalhammer.com\/pl\/welcome-to-taalhammer-language-learning-that-works\/#primaryimage"},"image":{"@id":"https:\/\/www.taalhammer.com\/pl\/welcome-to-taalhammer-language-learning-that-works\/#primaryimage"},"thumbnailUrl":"https:\/\/www.taalhammer.com\/wp-content\/uploads\/2021\/06\/IMG_20210611_185822_640.jpg","datePublished":"2021-06-12T03:24:34+00:00","dateModified":"2023-10-17T12:48:07+00:00","breadcrumb":{"@id":"https:\/\/www.taalhammer.com\/pl\/welcome-to-taalhammer-language-learning-that-works\/#breadcrumb"},"inLanguage":"pl-PL","potentialAction":[{"@type":"ReadAction","target":["https:\/\/www.taalhammer.com\/pl\/welcome-to-taalhammer-language-learning-that-works\/"]}]},{"@type":"ImageObject","inLanguage":"pl-PL","@id":"https:\/\/www.taalhammer.com\/pl\/welcome-to-taalhammer-language-learning-that-works\/#primaryimage","url":"https:\/\/www.taalhammer.com\/wp-content\/uploads\/2021\/06\/IMG_20210611_185822_640.jpg","contentUrl":"https:\/\/www.taalhammer.com\/wp-content\/uploads\/2021\/06\/IMG_20210611_185822_640.jpg","width":1281,"height":720},{"@type":"BreadcrumbList","@id":"https:\/\/www.taalhammer.com\/pl\/welcome-to-taalhammer-language-learning-that-works\/#breadcrumb","itemListElement":[{"@type":"ListItem","position":1,"name":"Home","item":"https:\/\/www.taalhammer.com\/pl\/"},{"@type":"ListItem","position":2,"name":"Witaj w Taalhammer&#8217;ze, nauce j\u0119zyk\u00f3w kt\u00f3ra dzia\u0142a"}]},{"@type":"WebSite","@id":"https:\/\/www.taalhammer.com\/pl\/#website","url":"https:\/\/www.taalhammer.com\/pl\/","name":"Taalhammer","description":"Stop mumbling, start to speak","publisher":{"@id":"https:\/\/www.taalhammer.com\/pl\/#organization"},"potentialAction":[{"@type":"SearchAction","target":{"@type":"EntryPoint","urlTemplate":"https:\/\/www.taalhammer.com\/pl\/?s={search_term_string}"},"query-input":{"@type":"PropertyValueSpecification","valueRequired":true,"valueName":"search_term_string"}}],"inLanguage":"pl-PL"},{"@type":"Organization","@id":"https:\/\/www.taalhammer.com\/pl\/#organization","name":"Taalhammer","url":"https:\/\/www.taalhammer.com\/pl\/","logo":{"@type":"ImageObject","inLanguage":"pl-PL","@id":"https:\/\/www.taalhammer.com\/pl\/#\/schema\/logo\/image\/","url":"https:\/\/www.taalhammer.com\/wp-content\/uploads\/2019\/06\/Taalhammer_B_W_cut_negative.png","contentUrl":"https:\/\/www.taalhammer.com\/wp-content\/uploads\/2019\/06\/Taalhammer_B_W_cut_negative.png","width":290,"height":256,"caption":"Taalhammer"},"image":{"@id":"https:\/\/www.taalhammer.com\/pl\/#\/schema\/logo\/image\/"},"sameAs":["https:\/\/www.facebook.com\/taalhammer","https:\/\/x.com\/taalhammer","https:\/\/www.instagram.com\/taalhammer_pl\/"]}]}},"_links":{"self":[{"href":"https:\/\/www.taalhammer.com\/pl\/wp-json\/wp\/v2\/pages\/1487","targetHints":{"allow":["GET"]}}],"collection":[{"href":"https:\/\/www.taalhammer.com\/pl\/wp-json\/wp\/v2\/pages"}],"about":[{"href":"https:\/\/www.taalhammer.com\/pl\/wp-json\/wp\/v2\/types\/page"}],"author":[{"embeddable":true,"href":"https:\/\/www.taalhammer.com\/pl\/wp-json\/wp\/v2\/users\/16"}],"replies":[{"embeddable":true,"href":"https:\/\/www.taalhammer.com\/pl\/wp-json\/wp\/v2\/comments?post=1487"}],"version-history":[{"count":0,"href":"https:\/\/www.taalhammer.com\/pl\/wp-json\/wp\/v2\/pages\/1487\/revisions"}],"wp:featuredmedia":[{"embeddable":true,"href":"https:\/\/www.taalhammer.com\/pl\/wp-json\/wp\/v2\/media\/1511"}],"wp:attachment":[{"href":"https:\/\/www.taalhammer.com\/pl\/wp-json\/wp\/v2\/media?parent=1487"}],"wp:term":[{"taxonomy":"category","embeddable":true,"href":"https:\/\/www.taalhammer.com\/pl\/wp-json\/wp\/v2\/categories?post=1487"},{"taxonomy":"post_tag","embeddable":true,"href":"https:\/\/www.taalhammer.com\/pl\/wp-json\/wp\/v2\/tags?post=1487"}],"curies":[{"name":"wp","href":"https:\/\/api.w.org\/{rel}","templated":true}]}}