{"id":1367,"date":"2020-11-29T20:25:34","date_gmt":"2020-11-29T20:25:34","guid":{"rendered":"https:\/\/www.taalhammer.com\/what-is-taalhammer\/"},"modified":"2022-04-18T14:22:50","modified_gmt":"2022-04-18T14:22:50","slug":"what-is-taalhammer","status":"publish","type":"page","link":"https:\/\/www.taalhammer.com\/pl\/what-is-taalhammer\/","title":{"rendered":"Co to jest Taalhammer?"},"content":{"rendered":"\n<p><strong><strong>Czy wiesz, \u017ce ponad 80% ucz\u0105cych si\u0119 j\u0119zyka obcego nigdy nie osi\u0105ga bieg\u0142o\u015bci w m\u00f3wieniu?<\/strong><\/strong><\/p>\n\n\n\n<p>Czy jeste\u015b w tych 80%? Ja kiedy\u015b by\u0142em.<\/p>\n\n\n\n<p><strong><strong>Dlaczego tak si\u0119 dzieje?<\/strong><\/strong><\/p>\n\n\n\n<p>Kiedy chcesz prowadzi\u0107 rozmowy i wchodzi\u0107 w interakcje z lud\u017ami, musisz u\u017cywa\u0107 zda\u0144. Natomiast obecne metody nauki j\u0119zyk\u00f3w obcych, zar\u00f3wno tradycyjne jak i te nowoczesne, a tak\u017ce nauczyciele i aplikacje, nie koncentruj\u0105 si\u0119 na nauce i trenowaniu ca\u0142ych zda\u0144.<\/p>\n\n\n\n<figure class=\"wp-block-embed is-type-video is-provider-youtube wp-block-embed-youtube wp-embed-aspect-16-9 wp-has-aspect-ratio\"><div class=\"wp-block-embed__wrapper\">\n<iframe loading=\"lazy\" title=\"#1 Co to jest Taalhammer?\" width=\"840\" height=\"473\" src=\"https:\/\/www.youtube.com\/embed\/2NZwnSF662k?feature=oembed\" frameborder=\"0\" allow=\"accelerometer; autoplay; clipboard-write; encrypted-media; gyroscope; picture-in-picture; web-share\" allowfullscreen><\/iframe>\n<\/div><\/figure>\n\n\n\n<p><strong><strong>Znam lepszy spos\u00f3b nauki j\u0119zyka!<\/strong><\/strong><\/p>\n\n\n\n<p>Trenuj j\u0119zyk z Taalhammerem!<\/p>\n\n\n\n<ul class=\"wp-block-list\" id=\"block-80b5b529-c8e4-4c0c-bf27-85ffef003b91\"><li>Nabierzesz pewno\u015bci siebie operuj\u0105c ca\u0142ymi zdaniami<\/li><li>B\u0119dziesz w stanie zrozumie\u0107 ze s\u0142uchu 75% tre\u015bci, np filmy w j\u0119zyku obcym<\/li><li>B\u0119dziesz m\u00f3g\u0142 udziela\u0107 si\u0119 towarzysko. Kto wie, mo\u017ce nawet poznasz swoj\u0105&nbsp;drug\u0105 po\u0142\u00f3wk\u0119 w ten spos\u00f3b?<\/li><\/ul>\n\n\n\n<p><strong><strong>Jak to robimy?<\/strong><\/strong><\/p>\n\n\n\n<p>Przy pomocy zaawansowanych metod statystycznych, wybrali\u015bmy 1270 najcz\u0119\u015bciej u\u017cywanych s\u0142\u00f3w i starannie po\u0142\u0105czyli\u015bmy je w 4000 prostych zda\u0144. Kolekcje te nazywamy KOLEKCJAMI CORE\u2019owymi. Dzi\u0119ki nim wy\u0107wiczysz si\u0119 nie tylko w rozumieniu s\u0142\u00f3w, ale przede wszystkim w m\u00f3wieniu za pomoc\u0105 zwrot\u00f3w i pe\u0142nych zda\u0144.<\/p>\n\n\n\n<p><strong><strong>Co nale\u017cy do Ciebie?<\/strong><\/strong><\/p>\n\n\n\n<p>Musisz tylko przerobi\u0107 te kolekcje! Nasz zaawansowany algorytm zwany Taalhammer Atom precyzyjnie wyliczy dat\u0119 kiedy powinien zapyta\u0107 Ci\u0119&nbsp;o dane s\u0142\u00f3wko czy zdanie. Skraca to czas nauki i poprawia zapami\u0119tywanie. Zaczniesz m\u00f3wi\u0107, zanim si\u0119 spostrze\u017cesz.<\/p>\n\n\n\n<p>Powodzenia!<\/p>\n","protected":false},"excerpt":{"rendered":"<p>Czy wiesz, \u017ce ponad 80% ucz\u0105cych si\u0119 j\u0119zyka obcego nigdy nie osi\u0105ga bieg\u0142o\u015bci w m\u00f3wieniu? Czy jeste\u015b w tych 80%? Ja kiedy\u015b by\u0142em. Dlaczego tak si\u0119 dzieje? Kiedy chcesz prowadzi\u0107&#8230;<\/p>\n","protected":false},"author":1,"featured_media":1377,"parent":0,"menu_order":0,"comment_status":"closed","ping_status":"open","template":"","meta":{"_acf_changed":false,"pmpro_default_level":"","inline_featured_image":false,"footnotes":""},"categories":[227],"tags":[],"class_list":["post-1367","page","type-page","status-publish","has-post-thumbnail","hentry","category-help-pl","pmpro-has-access"],"acf":{"body_class":null},"yoast_head":"<!-- This site is optimized with the Yoast SEO Premium plugin v23.4 (Yoast SEO v23.4) - https:\/\/yoast.com\/wordpress\/plugins\/seo\/ -->\n<title>Co to jest Taalhammer? | Taalhammer<\/title>\n<meta name=\"robots\" content=\"index, follow, max-snippet:-1, max-image-preview:large, max-video-preview:-1\" \/>\n<link rel=\"canonical\" href=\"https:\/\/www.taalhammer.com\/pl\/what-is-taalhammer\/\" \/>\n<meta property=\"og:locale\" content=\"pl_PL\" \/>\n<meta property=\"og:type\" content=\"article\" \/>\n<meta property=\"og:title\" content=\"Co to jest Taalhammer?\" \/>\n<meta property=\"og:description\" content=\"Czy wiesz, \u017ce ponad 80% ucz\u0105cych si\u0119 j\u0119zyka obcego nigdy nie osi\u0105ga bieg\u0142o\u015bci w m\u00f3wieniu? Czy jeste\u015b w tych 80%? Ja kiedy\u015b by\u0142em. Dlaczego tak si\u0119 dzieje? Kiedy chcesz prowadzi\u0107...\" \/>\n<meta property=\"og:url\" content=\"https:\/\/www.taalhammer.com\/pl\/what-is-taalhammer\/\" \/>\n<meta property=\"og:site_name\" content=\"Taalhammer\" \/>\n<meta property=\"article:publisher\" content=\"https:\/\/www.facebook.com\/taalhammer\" \/>\n<meta property=\"article:modified_time\" content=\"2022-04-18T14:22:50+00:00\" \/>\n<meta property=\"og:image\" content=\"https:\/\/www.taalhammer.com\/wp-content\/uploads\/2020\/11\/what_is_taalhammer_01_pl_gradient-1.jpg\" \/>\n\t<meta property=\"og:image:width\" content=\"1280\" \/>\n\t<meta property=\"og:image:height\" content=\"720\" \/>\n\t<meta property=\"og:image:type\" content=\"image\/jpeg\" \/>\n<meta name=\"twitter:card\" content=\"summary_large_image\" \/>\n<meta name=\"twitter:site\" content=\"@taalhammer\" \/>\n<meta name=\"twitter:label1\" content=\"Szacowany czas czytania\" \/>\n\t<meta name=\"twitter:data1\" content=\"1 minuta\" \/>\n<script type=\"application\/ld+json\" class=\"yoast-schema-graph\">{\"@context\":\"https:\/\/schema.org\",\"@graph\":[{\"@type\":\"WebPage\",\"@id\":\"https:\/\/www.taalhammer.com\/pl\/what-is-taalhammer\/\",\"url\":\"https:\/\/www.taalhammer.com\/pl\/what-is-taalhammer\/\",\"name\":\"Co to jest Taalhammer? | Taalhammer\",\"isPartOf\":{\"@id\":\"https:\/\/www.taalhammer.com\/pl\/#website\"},\"primaryImageOfPage\":{\"@id\":\"https:\/\/www.taalhammer.com\/pl\/what-is-taalhammer\/#primaryimage\"},\"image\":{\"@id\":\"https:\/\/www.taalhammer.com\/pl\/what-is-taalhammer\/#primaryimage\"},\"thumbnailUrl\":\"https:\/\/www.taalhammer.com\/wp-content\/uploads\/2020\/11\/what_is_taalhammer_01_pl_gradient-1.jpg\",\"datePublished\":\"2020-11-29T20:25:34+00:00\",\"dateModified\":\"2022-04-18T14:22:50+00:00\",\"breadcrumb\":{\"@id\":\"https:\/\/www.taalhammer.com\/pl\/what-is-taalhammer\/#breadcrumb\"},\"inLanguage\":\"pl-PL\",\"potentialAction\":[{\"@type\":\"ReadAction\",\"target\":[\"https:\/\/www.taalhammer.com\/pl\/what-is-taalhammer\/\"]}]},{\"@type\":\"ImageObject\",\"inLanguage\":\"pl-PL\",\"@id\":\"https:\/\/www.taalhammer.com\/pl\/what-is-taalhammer\/#primaryimage\",\"url\":\"https:\/\/www.taalhammer.com\/wp-content\/uploads\/2020\/11\/what_is_taalhammer_01_pl_gradient-1.jpg\",\"contentUrl\":\"https:\/\/www.taalhammer.com\/wp-content\/uploads\/2020\/11\/what_is_taalhammer_01_pl_gradient-1.jpg\",\"width\":1280,\"height\":720},{\"@type\":\"BreadcrumbList\",\"@id\":\"https:\/\/www.taalhammer.com\/pl\/what-is-taalhammer\/#breadcrumb\",\"itemListElement\":[{\"@type\":\"ListItem\",\"position\":1,\"name\":\"Home\",\"item\":\"https:\/\/www.taalhammer.com\/pl\/\"},{\"@type\":\"ListItem\",\"position\":2,\"name\":\"Co to jest Taalhammer?\"}]},{\"@type\":\"WebSite\",\"@id\":\"https:\/\/www.taalhammer.com\/pl\/#website\",\"url\":\"https:\/\/www.taalhammer.com\/pl\/\",\"name\":\"Taalhammer\",\"description\":\"Stop mumbling, start to speak\",\"publisher\":{\"@id\":\"https:\/\/www.taalhammer.com\/pl\/#organization\"},\"potentialAction\":[{\"@type\":\"SearchAction\",\"target\":{\"@type\":\"EntryPoint\",\"urlTemplate\":\"https:\/\/www.taalhammer.com\/pl\/?s={search_term_string}\"},\"query-input\":{\"@type\":\"PropertyValueSpecification\",\"valueRequired\":true,\"valueName\":\"search_term_string\"}}],\"inLanguage\":\"pl-PL\"},{\"@type\":\"Organization\",\"@id\":\"https:\/\/www.taalhammer.com\/pl\/#organization\",\"name\":\"Taalhammer\",\"url\":\"https:\/\/www.taalhammer.com\/pl\/\",\"logo\":{\"@type\":\"ImageObject\",\"inLanguage\":\"pl-PL\",\"@id\":\"https:\/\/www.taalhammer.com\/pl\/#\/schema\/logo\/image\/\",\"url\":\"https:\/\/www.taalhammer.com\/wp-content\/uploads\/2019\/06\/Taalhammer_B_W_cut_negative.png\",\"contentUrl\":\"https:\/\/www.taalhammer.com\/wp-content\/uploads\/2019\/06\/Taalhammer_B_W_cut_negative.png\",\"width\":290,\"height\":256,\"caption\":\"Taalhammer\"},\"image\":{\"@id\":\"https:\/\/www.taalhammer.com\/pl\/#\/schema\/logo\/image\/\"},\"sameAs\":[\"https:\/\/www.facebook.com\/taalhammer\",\"https:\/\/x.com\/taalhammer\",\"https:\/\/www.instagram.com\/taalhammer_pl\/\"]}]}<\/script>\n<!-- \/ Yoast SEO Premium plugin. -->","yoast_head_json":{"title":"Co to jest Taalhammer? | Taalhammer","robots":{"index":"index","follow":"follow","max-snippet":"max-snippet:-1","max-image-preview":"max-image-preview:large","max-video-preview":"max-video-preview:-1"},"canonical":"https:\/\/www.taalhammer.com\/pl\/what-is-taalhammer\/","og_locale":"pl_PL","og_type":"article","og_title":"Co to jest Taalhammer?","og_description":"Czy wiesz, \u017ce ponad 80% ucz\u0105cych si\u0119 j\u0119zyka obcego nigdy nie osi\u0105ga bieg\u0142o\u015bci w m\u00f3wieniu? Czy jeste\u015b w tych 80%? Ja kiedy\u015b by\u0142em. Dlaczego tak si\u0119 dzieje? Kiedy chcesz prowadzi\u0107...","og_url":"https:\/\/www.taalhammer.com\/pl\/what-is-taalhammer\/","og_site_name":"Taalhammer","article_publisher":"https:\/\/www.facebook.com\/taalhammer","article_modified_time":"2022-04-18T14:22:50+00:00","og_image":[{"width":1280,"height":720,"url":"https:\/\/www.taalhammer.com\/wp-content\/uploads\/2020\/11\/what_is_taalhammer_01_pl_gradient-1.jpg","type":"image\/jpeg"}],"twitter_card":"summary_large_image","twitter_site":"@taalhammer","twitter_misc":{"Szacowany czas czytania":"1 minuta"},"schema":{"@context":"https:\/\/schema.org","@graph":[{"@type":"WebPage","@id":"https:\/\/www.taalhammer.com\/pl\/what-is-taalhammer\/","url":"https:\/\/www.taalhammer.com\/pl\/what-is-taalhammer\/","name":"Co to jest Taalhammer? | Taalhammer","isPartOf":{"@id":"https:\/\/www.taalhammer.com\/pl\/#website"},"primaryImageOfPage":{"@id":"https:\/\/www.taalhammer.com\/pl\/what-is-taalhammer\/#primaryimage"},"image":{"@id":"https:\/\/www.taalhammer.com\/pl\/what-is-taalhammer\/#primaryimage"},"thumbnailUrl":"https:\/\/www.taalhammer.com\/wp-content\/uploads\/2020\/11\/what_is_taalhammer_01_pl_gradient-1.jpg","datePublished":"2020-11-29T20:25:34+00:00","dateModified":"2022-04-18T14:22:50+00:00","breadcrumb":{"@id":"https:\/\/www.taalhammer.com\/pl\/what-is-taalhammer\/#breadcrumb"},"inLanguage":"pl-PL","potentialAction":[{"@type":"ReadAction","target":["https:\/\/www.taalhammer.com\/pl\/what-is-taalhammer\/"]}]},{"@type":"ImageObject","inLanguage":"pl-PL","@id":"https:\/\/www.taalhammer.com\/pl\/what-is-taalhammer\/#primaryimage","url":"https:\/\/www.taalhammer.com\/wp-content\/uploads\/2020\/11\/what_is_taalhammer_01_pl_gradient-1.jpg","contentUrl":"https:\/\/www.taalhammer.com\/wp-content\/uploads\/2020\/11\/what_is_taalhammer_01_pl_gradient-1.jpg","width":1280,"height":720},{"@type":"BreadcrumbList","@id":"https:\/\/www.taalhammer.com\/pl\/what-is-taalhammer\/#breadcrumb","itemListElement":[{"@type":"ListItem","position":1,"name":"Home","item":"https:\/\/www.taalhammer.com\/pl\/"},{"@type":"ListItem","position":2,"name":"Co to jest Taalhammer?"}]},{"@type":"WebSite","@id":"https:\/\/www.taalhammer.com\/pl\/#website","url":"https:\/\/www.taalhammer.com\/pl\/","name":"Taalhammer","description":"Stop mumbling, start to speak","publisher":{"@id":"https:\/\/www.taalhammer.com\/pl\/#organization"},"potentialAction":[{"@type":"SearchAction","target":{"@type":"EntryPoint","urlTemplate":"https:\/\/www.taalhammer.com\/pl\/?s={search_term_string}"},"query-input":{"@type":"PropertyValueSpecification","valueRequired":true,"valueName":"search_term_string"}}],"inLanguage":"pl-PL"},{"@type":"Organization","@id":"https:\/\/www.taalhammer.com\/pl\/#organization","name":"Taalhammer","url":"https:\/\/www.taalhammer.com\/pl\/","logo":{"@type":"ImageObject","inLanguage":"pl-PL","@id":"https:\/\/www.taalhammer.com\/pl\/#\/schema\/logo\/image\/","url":"https:\/\/www.taalhammer.com\/wp-content\/uploads\/2019\/06\/Taalhammer_B_W_cut_negative.png","contentUrl":"https:\/\/www.taalhammer.com\/wp-content\/uploads\/2019\/06\/Taalhammer_B_W_cut_negative.png","width":290,"height":256,"caption":"Taalhammer"},"image":{"@id":"https:\/\/www.taalhammer.com\/pl\/#\/schema\/logo\/image\/"},"sameAs":["https:\/\/www.facebook.com\/taalhammer","https:\/\/x.com\/taalhammer","https:\/\/www.instagram.com\/taalhammer_pl\/"]}]}},"_links":{"self":[{"href":"https:\/\/www.taalhammer.com\/pl\/wp-json\/wp\/v2\/pages\/1367","targetHints":{"allow":["GET"]}}],"collection":[{"href":"https:\/\/www.taalhammer.com\/pl\/wp-json\/wp\/v2\/pages"}],"about":[{"href":"https:\/\/www.taalhammer.com\/pl\/wp-json\/wp\/v2\/types\/page"}],"author":[{"embeddable":true,"href":"https:\/\/www.taalhammer.com\/pl\/wp-json\/wp\/v2\/users\/1"}],"replies":[{"embeddable":true,"href":"https:\/\/www.taalhammer.com\/pl\/wp-json\/wp\/v2\/comments?post=1367"}],"version-history":[{"count":0,"href":"https:\/\/www.taalhammer.com\/pl\/wp-json\/wp\/v2\/pages\/1367\/revisions"}],"wp:featuredmedia":[{"embeddable":true,"href":"https:\/\/www.taalhammer.com\/pl\/wp-json\/wp\/v2\/media\/1377"}],"wp:attachment":[{"href":"https:\/\/www.taalhammer.com\/pl\/wp-json\/wp\/v2\/media?parent=1367"}],"wp:term":[{"taxonomy":"category","embeddable":true,"href":"https:\/\/www.taalhammer.com\/pl\/wp-json\/wp\/v2\/categories?post=1367"},{"taxonomy":"post_tag","embeddable":true,"href":"https:\/\/www.taalhammer.com\/pl\/wp-json\/wp\/v2\/tags?post=1367"}],"curies":[{"name":"wp","href":"https:\/\/api.w.org\/{rel}","templated":true}]}}