{"id":12451,"date":"2024-05-31T11:21:00","date_gmt":"2024-05-31T11:21:00","guid":{"rendered":"https:\/\/www.taalhammer.com\/?page_id=12451"},"modified":"2025-12-12T15:19:22","modified_gmt":"2025-12-12T15:19:22","slug":"kolekcje-coreowe-i-tematyczne","status":"publish","type":"page","link":"https:\/\/www.taalhammer.com\/pl\/kolekcje-coreowe-i-tematyczne\/","title":{"rendered":"Kolekcje Core\u2019owe i tematyczne"},"content":{"rendered":"\n<p>Efektywna nauka j\u0119zyka wymaga nauki tak zwanego rdzenia j\u0119zyka i peryferii. Rdze\u0144 to najcz\u0119stsze s\u0142owa i zwroty w j\u0119zyku (jest ich oko\u0142o tysi\u0105ca), a peryferia to s\u0142owa i zwroty charakterystyczne dla danego tematu. Pomy\u015bl o tym w ten spos\u00f3b: ka\u017cdy cz\u0142owiek ma inne potrzeby j\u0119zykowe, w zale\u017cno\u015bci od swoich zainteresowa\u0144. J\u0119zyk muzyka r\u00f3\u017cni si\u0119 od j\u0119zyka in\u017cyniera, kt\u00f3ry r\u00f3\u017cni si\u0119 od j\u0119zyka biznesmena. To, co je \u0142\u0105czy, to ten sam rdze\u0144; to, co je r\u00f3\u017cni, to peryferia. Z Taalhamerem mo\u017cesz szkoli\u0107 obydwie cz\u0119\u015bci.<\/p>\n\n\n\n<figure class=\"wp-block-embed is-type-video is-provider-youtube wp-block-embed-youtube wp-embed-aspect-16-9 wp-has-aspect-ratio\"><div class=\"wp-block-embed__wrapper\">\n<iframe loading=\"lazy\" title=\"Kolekcje Core\u2019owe i tematyczne #taalhammer #naukaangielskiego\" width=\"840\" height=\"473\" src=\"https:\/\/www.youtube.com\/embed\/fcrDl1qYLEY?feature=oembed\" frameborder=\"0\" allow=\"accelerometer; autoplay; clipboard-write; encrypted-media; gyroscope; picture-in-picture; web-share\" referrerpolicy=\"strict-origin-when-cross-origin\" allowfullscreen><\/iframe>\n<\/div><\/figure>\n\n\n\n<p>W katalogu j\u0119zyk\u00f3w, w filtrze \u201ccore\u201d znajdziesz <a href=\"https:\/\/app.taalhammer.com\/examples\/collections\/core2-pl-en?lang=pl\" target=\"_blank\" rel=\"noreferrer noopener\">kolekcje do trenowania rdzenia<\/a>, czyli fundament\u00f3w takich jak najcz\u0119\u015bciej u\u017cywane s\u0142owa i struktury. Tutaj \u0107wiczysz te\u017c gramatyk\u0119 i odmian\u0119 czasownik\u00f3w. Obejmuje to s\u0142ownictwo zwroty i konstrukcje gramatyczne od poziomu A0 do poziomu B1.&nbsp;<\/p>\n\n\n<div class=\"wp-block-image\">\n<figure class=\"aligncenter is-resized\"><img decoding=\"async\" src=\"https:\/\/lh7-us.googleusercontent.com\/docsz\/AD_4nXc1XpKfvuOxYNay5sf3X2j4fTx1anMSGBhbEMj1eCD47b0pZEEKbYwLXMeecfqcssFG8zr9FJ3hbgwP4IpC9X_yrE9oR5v_7wRgLEGHqtggTI0iDD6Hdmic7PQHEqc9zPg2-Qf6oT88nvh9i2Yu2RhPDHw?key=Ff7EPK7m0mY53nqhFFJl0A\" alt=\"\" style=\"width:380px;height:auto\"\/><\/figure>\n<\/div>\n\n\n<p><\/p>\n\n\n\n<p>W cz\u0119\u015bci \u201cTopik\u201d znajdziesz kolekcje tematyczne, takie jak \u201c<a href=\"https:\/\/www.taalhammer.com\/pl\/angielski-milosci-i-flirtu\/\" target=\"_blank\" rel=\"noreferrer noopener\">J\u0119zyk mi\u0142o\u015bci i flirtu<\/a>\u201d czy \u201c<a href=\"https:\/\/www.taalhammer.com\/pl\/angielski-w-podrozy\/\" target=\"_blank\" rel=\"noreferrer noopener\">J\u0119zyk w podr\u00f3\u017cy<\/a>\u201d. Te kolekcje pozwol\u0105 Ci wy\u0107wiczy\u0107 m\u00f3wienie na konkretne tematy<\/p>\n\n\n<div class=\"wp-block-image\">\n<figure class=\"aligncenter is-resized\"><img decoding=\"async\" src=\"https:\/\/lh7-us.googleusercontent.com\/docsz\/AD_4nXc1z1kUGhYIo0V5DO0cwihwRrjweYP88euhD4W4fwIXiCSNPApGrwJlhKmsZZXKQLnkAUipfTR9AIwXm1a5y0cb-8kswwexmEF-IFMNs7G0_Dk-yPJjhYkWwoEe_epHpUESzNufuTh589Z_xinKlVwaeCCT?key=Ff7EPK7m0mY53nqhFFJl0A\" alt=\"\" style=\"width:604px;height:auto\"\/><\/figure>\n<\/div>","protected":false},"excerpt":{"rendered":"<p>Efektywna nauka j\u0119zyka wymaga nauki tak zwanego rdzenia j\u0119zyka i peryferii. Rdze\u0144 to najcz\u0119stsze s\u0142owa i zwroty w j\u0119zyku (jest ich oko\u0142o tysi\u0105ca), a peryferia to s\u0142owa i zwroty charakterystyczne&#8230;<\/p>\n","protected":false},"author":1,"featured_media":0,"parent":0,"menu_order":0,"comment_status":"closed","ping_status":"closed","template":"template-help-page.php","meta":{"_acf_changed":false,"pmpro_default_level":"","inline_featured_image":false,"footnotes":""},"categories":[227],"tags":[],"class_list":["post-12451","page","type-page","status-publish","hentry","category-help-pl","pmpro-has-access"],"acf":{"body_class":""},"yoast_head":"<!-- This site is optimized with the Yoast SEO Premium plugin v23.4 (Yoast SEO v23.4) - https:\/\/yoast.com\/wordpress\/plugins\/seo\/ -->\n<title>Kolekcje Core\u2019owe i tematyczne | Taalhammer<\/title>\n<meta name=\"description\" content=\"Efektywna nauka j\u0119zyka wymaga nauki tak zwanego rdzenia j\u0119zyka i peryferii. Z Taalhammerem mo\u017cesz szkoli\u0107 obydwie cz\u0119\u015bci.\" \/>\n<meta name=\"robots\" content=\"index, follow, max-snippet:-1, max-image-preview:large, max-video-preview:-1\" \/>\n<link rel=\"canonical\" href=\"https:\/\/www.taalhammer.com\/pl\/kolekcje-coreowe-i-tematyczne\/\" \/>\n<meta property=\"og:locale\" content=\"pl_PL\" \/>\n<meta property=\"og:type\" content=\"article\" \/>\n<meta property=\"og:title\" content=\"Kolekcje Core\u2019owe i tematyczne\" \/>\n<meta property=\"og:description\" content=\"Efektywna nauka j\u0119zyka wymaga nauki tak zwanego rdzenia j\u0119zyka i peryferii. Z Taalhammerem mo\u017cesz szkoli\u0107 obydwie cz\u0119\u015bci.\" \/>\n<meta property=\"og:url\" content=\"https:\/\/www.taalhammer.com\/pl\/kolekcje-coreowe-i-tematyczne\/\" \/>\n<meta property=\"og:site_name\" content=\"Taalhammer\" \/>\n<meta property=\"article:publisher\" content=\"https:\/\/www.facebook.com\/taalhammer\" \/>\n<meta property=\"article:modified_time\" content=\"2025-12-12T15:19:22+00:00\" \/>\n<meta property=\"og:image\" content=\"https:\/\/lh7-us.googleusercontent.com\/docsz\/AD_4nXc1XpKfvuOxYNay5sf3X2j4fTx1anMSGBhbEMj1eCD47b0pZEEKbYwLXMeecfqcssFG8zr9FJ3hbgwP4IpC9X_yrE9oR5v_7wRgLEGHqtggTI0iDD6Hdmic7PQHEqc9zPg2-Qf6oT88nvh9i2Yu2RhPDHw?key=Ff7EPK7m0mY53nqhFFJl0A\" \/>\n<meta name=\"twitter:card\" content=\"summary_large_image\" \/>\n<meta name=\"twitter:site\" content=\"@taalhammer\" \/>\n<meta name=\"twitter:label1\" content=\"Szacowany czas czytania\" \/>\n\t<meta name=\"twitter:data1\" content=\"2 minuty\" \/>\n<script type=\"application\/ld+json\" class=\"yoast-schema-graph\">{\"@context\":\"https:\/\/schema.org\",\"@graph\":[{\"@type\":\"WebPage\",\"@id\":\"https:\/\/www.taalhammer.com\/pl\/kolekcje-coreowe-i-tematyczne\/\",\"url\":\"https:\/\/www.taalhammer.com\/pl\/kolekcje-coreowe-i-tematyczne\/\",\"name\":\"Kolekcje Core\u2019owe i tematyczne | Taalhammer\",\"isPartOf\":{\"@id\":\"https:\/\/www.taalhammer.com\/pl\/#website\"},\"primaryImageOfPage\":{\"@id\":\"https:\/\/www.taalhammer.com\/pl\/kolekcje-coreowe-i-tematyczne\/#primaryimage\"},\"image\":{\"@id\":\"https:\/\/www.taalhammer.com\/pl\/kolekcje-coreowe-i-tematyczne\/#primaryimage\"},\"thumbnailUrl\":\"https:\/\/lh7-us.googleusercontent.com\/docsz\/AD_4nXc1XpKfvuOxYNay5sf3X2j4fTx1anMSGBhbEMj1eCD47b0pZEEKbYwLXMeecfqcssFG8zr9FJ3hbgwP4IpC9X_yrE9oR5v_7wRgLEGHqtggTI0iDD6Hdmic7PQHEqc9zPg2-Qf6oT88nvh9i2Yu2RhPDHw?key=Ff7EPK7m0mY53nqhFFJl0A\",\"datePublished\":\"2024-05-31T11:21:00+00:00\",\"dateModified\":\"2025-12-12T15:19:22+00:00\",\"description\":\"Efektywna nauka j\u0119zyka wymaga nauki tak zwanego rdzenia j\u0119zyka i peryferii. Z Taalhammerem mo\u017cesz szkoli\u0107 obydwie cz\u0119\u015bci.\",\"breadcrumb\":{\"@id\":\"https:\/\/www.taalhammer.com\/pl\/kolekcje-coreowe-i-tematyczne\/#breadcrumb\"},\"inLanguage\":\"pl-PL\",\"potentialAction\":[{\"@type\":\"ReadAction\",\"target\":[\"https:\/\/www.taalhammer.com\/pl\/kolekcje-coreowe-i-tematyczne\/\"]}]},{\"@type\":\"ImageObject\",\"inLanguage\":\"pl-PL\",\"@id\":\"https:\/\/www.taalhammer.com\/pl\/kolekcje-coreowe-i-tematyczne\/#primaryimage\",\"url\":\"https:\/\/lh7-us.googleusercontent.com\/docsz\/AD_4nXc1XpKfvuOxYNay5sf3X2j4fTx1anMSGBhbEMj1eCD47b0pZEEKbYwLXMeecfqcssFG8zr9FJ3hbgwP4IpC9X_yrE9oR5v_7wRgLEGHqtggTI0iDD6Hdmic7PQHEqc9zPg2-Qf6oT88nvh9i2Yu2RhPDHw?key=Ff7EPK7m0mY53nqhFFJl0A\",\"contentUrl\":\"https:\/\/lh7-us.googleusercontent.com\/docsz\/AD_4nXc1XpKfvuOxYNay5sf3X2j4fTx1anMSGBhbEMj1eCD47b0pZEEKbYwLXMeecfqcssFG8zr9FJ3hbgwP4IpC9X_yrE9oR5v_7wRgLEGHqtggTI0iDD6Hdmic7PQHEqc9zPg2-Qf6oT88nvh9i2Yu2RhPDHw?key=Ff7EPK7m0mY53nqhFFJl0A\"},{\"@type\":\"BreadcrumbList\",\"@id\":\"https:\/\/www.taalhammer.com\/pl\/kolekcje-coreowe-i-tematyczne\/#breadcrumb\",\"itemListElement\":[{\"@type\":\"ListItem\",\"position\":1,\"name\":\"Home\",\"item\":\"https:\/\/www.taalhammer.com\/pl\/\"},{\"@type\":\"ListItem\",\"position\":2,\"name\":\"Kolekcje Core\u2019owe i tematyczne\"}]},{\"@type\":\"WebSite\",\"@id\":\"https:\/\/www.taalhammer.com\/pl\/#website\",\"url\":\"https:\/\/www.taalhammer.com\/pl\/\",\"name\":\"Taalhammer\",\"description\":\"Stop mumbling, start to speak\",\"publisher\":{\"@id\":\"https:\/\/www.taalhammer.com\/pl\/#organization\"},\"potentialAction\":[{\"@type\":\"SearchAction\",\"target\":{\"@type\":\"EntryPoint\",\"urlTemplate\":\"https:\/\/www.taalhammer.com\/pl\/?s={search_term_string}\"},\"query-input\":{\"@type\":\"PropertyValueSpecification\",\"valueRequired\":true,\"valueName\":\"search_term_string\"}}],\"inLanguage\":\"pl-PL\"},{\"@type\":\"Organization\",\"@id\":\"https:\/\/www.taalhammer.com\/pl\/#organization\",\"name\":\"Taalhammer\",\"url\":\"https:\/\/www.taalhammer.com\/pl\/\",\"logo\":{\"@type\":\"ImageObject\",\"inLanguage\":\"pl-PL\",\"@id\":\"https:\/\/www.taalhammer.com\/pl\/#\/schema\/logo\/image\/\",\"url\":\"https:\/\/www.taalhammer.com\/wp-content\/uploads\/2019\/06\/Taalhammer_B_W_cut_negative.png\",\"contentUrl\":\"https:\/\/www.taalhammer.com\/wp-content\/uploads\/2019\/06\/Taalhammer_B_W_cut_negative.png\",\"width\":290,\"height\":256,\"caption\":\"Taalhammer\"},\"image\":{\"@id\":\"https:\/\/www.taalhammer.com\/pl\/#\/schema\/logo\/image\/\"},\"sameAs\":[\"https:\/\/www.facebook.com\/taalhammer\",\"https:\/\/x.com\/taalhammer\",\"https:\/\/www.instagram.com\/taalhammer_pl\/\"]}]}<\/script>\n<!-- \/ Yoast SEO Premium plugin. -->","yoast_head_json":{"title":"Kolekcje Core\u2019owe i tematyczne | Taalhammer","description":"Efektywna nauka j\u0119zyka wymaga nauki tak zwanego rdzenia j\u0119zyka i peryferii. Z Taalhammerem mo\u017cesz szkoli\u0107 obydwie cz\u0119\u015bci.","robots":{"index":"index","follow":"follow","max-snippet":"max-snippet:-1","max-image-preview":"max-image-preview:large","max-video-preview":"max-video-preview:-1"},"canonical":"https:\/\/www.taalhammer.com\/pl\/kolekcje-coreowe-i-tematyczne\/","og_locale":"pl_PL","og_type":"article","og_title":"Kolekcje Core\u2019owe i tematyczne","og_description":"Efektywna nauka j\u0119zyka wymaga nauki tak zwanego rdzenia j\u0119zyka i peryferii. Z Taalhammerem mo\u017cesz szkoli\u0107 obydwie cz\u0119\u015bci.","og_url":"https:\/\/www.taalhammer.com\/pl\/kolekcje-coreowe-i-tematyczne\/","og_site_name":"Taalhammer","article_publisher":"https:\/\/www.facebook.com\/taalhammer","article_modified_time":"2025-12-12T15:19:22+00:00","og_image":[{"url":"https:\/\/lh7-us.googleusercontent.com\/docsz\/AD_4nXc1XpKfvuOxYNay5sf3X2j4fTx1anMSGBhbEMj1eCD47b0pZEEKbYwLXMeecfqcssFG8zr9FJ3hbgwP4IpC9X_yrE9oR5v_7wRgLEGHqtggTI0iDD6Hdmic7PQHEqc9zPg2-Qf6oT88nvh9i2Yu2RhPDHw?key=Ff7EPK7m0mY53nqhFFJl0A"}],"twitter_card":"summary_large_image","twitter_site":"@taalhammer","twitter_misc":{"Szacowany czas czytania":"2 minuty"},"schema":{"@context":"https:\/\/schema.org","@graph":[{"@type":"WebPage","@id":"https:\/\/www.taalhammer.com\/pl\/kolekcje-coreowe-i-tematyczne\/","url":"https:\/\/www.taalhammer.com\/pl\/kolekcje-coreowe-i-tematyczne\/","name":"Kolekcje Core\u2019owe i tematyczne | Taalhammer","isPartOf":{"@id":"https:\/\/www.taalhammer.com\/pl\/#website"},"primaryImageOfPage":{"@id":"https:\/\/www.taalhammer.com\/pl\/kolekcje-coreowe-i-tematyczne\/#primaryimage"},"image":{"@id":"https:\/\/www.taalhammer.com\/pl\/kolekcje-coreowe-i-tematyczne\/#primaryimage"},"thumbnailUrl":"https:\/\/lh7-us.googleusercontent.com\/docsz\/AD_4nXc1XpKfvuOxYNay5sf3X2j4fTx1anMSGBhbEMj1eCD47b0pZEEKbYwLXMeecfqcssFG8zr9FJ3hbgwP4IpC9X_yrE9oR5v_7wRgLEGHqtggTI0iDD6Hdmic7PQHEqc9zPg2-Qf6oT88nvh9i2Yu2RhPDHw?key=Ff7EPK7m0mY53nqhFFJl0A","datePublished":"2024-05-31T11:21:00+00:00","dateModified":"2025-12-12T15:19:22+00:00","description":"Efektywna nauka j\u0119zyka wymaga nauki tak zwanego rdzenia j\u0119zyka i peryferii. Z Taalhammerem mo\u017cesz szkoli\u0107 obydwie cz\u0119\u015bci.","breadcrumb":{"@id":"https:\/\/www.taalhammer.com\/pl\/kolekcje-coreowe-i-tematyczne\/#breadcrumb"},"inLanguage":"pl-PL","potentialAction":[{"@type":"ReadAction","target":["https:\/\/www.taalhammer.com\/pl\/kolekcje-coreowe-i-tematyczne\/"]}]},{"@type":"ImageObject","inLanguage":"pl-PL","@id":"https:\/\/www.taalhammer.com\/pl\/kolekcje-coreowe-i-tematyczne\/#primaryimage","url":"https:\/\/lh7-us.googleusercontent.com\/docsz\/AD_4nXc1XpKfvuOxYNay5sf3X2j4fTx1anMSGBhbEMj1eCD47b0pZEEKbYwLXMeecfqcssFG8zr9FJ3hbgwP4IpC9X_yrE9oR5v_7wRgLEGHqtggTI0iDD6Hdmic7PQHEqc9zPg2-Qf6oT88nvh9i2Yu2RhPDHw?key=Ff7EPK7m0mY53nqhFFJl0A","contentUrl":"https:\/\/lh7-us.googleusercontent.com\/docsz\/AD_4nXc1XpKfvuOxYNay5sf3X2j4fTx1anMSGBhbEMj1eCD47b0pZEEKbYwLXMeecfqcssFG8zr9FJ3hbgwP4IpC9X_yrE9oR5v_7wRgLEGHqtggTI0iDD6Hdmic7PQHEqc9zPg2-Qf6oT88nvh9i2Yu2RhPDHw?key=Ff7EPK7m0mY53nqhFFJl0A"},{"@type":"BreadcrumbList","@id":"https:\/\/www.taalhammer.com\/pl\/kolekcje-coreowe-i-tematyczne\/#breadcrumb","itemListElement":[{"@type":"ListItem","position":1,"name":"Home","item":"https:\/\/www.taalhammer.com\/pl\/"},{"@type":"ListItem","position":2,"name":"Kolekcje Core\u2019owe i tematyczne"}]},{"@type":"WebSite","@id":"https:\/\/www.taalhammer.com\/pl\/#website","url":"https:\/\/www.taalhammer.com\/pl\/","name":"Taalhammer","description":"Stop mumbling, start to speak","publisher":{"@id":"https:\/\/www.taalhammer.com\/pl\/#organization"},"potentialAction":[{"@type":"SearchAction","target":{"@type":"EntryPoint","urlTemplate":"https:\/\/www.taalhammer.com\/pl\/?s={search_term_string}"},"query-input":{"@type":"PropertyValueSpecification","valueRequired":true,"valueName":"search_term_string"}}],"inLanguage":"pl-PL"},{"@type":"Organization","@id":"https:\/\/www.taalhammer.com\/pl\/#organization","name":"Taalhammer","url":"https:\/\/www.taalhammer.com\/pl\/","logo":{"@type":"ImageObject","inLanguage":"pl-PL","@id":"https:\/\/www.taalhammer.com\/pl\/#\/schema\/logo\/image\/","url":"https:\/\/www.taalhammer.com\/wp-content\/uploads\/2019\/06\/Taalhammer_B_W_cut_negative.png","contentUrl":"https:\/\/www.taalhammer.com\/wp-content\/uploads\/2019\/06\/Taalhammer_B_W_cut_negative.png","width":290,"height":256,"caption":"Taalhammer"},"image":{"@id":"https:\/\/www.taalhammer.com\/pl\/#\/schema\/logo\/image\/"},"sameAs":["https:\/\/www.facebook.com\/taalhammer","https:\/\/x.com\/taalhammer","https:\/\/www.instagram.com\/taalhammer_pl\/"]}]}},"_links":{"self":[{"href":"https:\/\/www.taalhammer.com\/pl\/wp-json\/wp\/v2\/pages\/12451","targetHints":{"allow":["GET"]}}],"collection":[{"href":"https:\/\/www.taalhammer.com\/pl\/wp-json\/wp\/v2\/pages"}],"about":[{"href":"https:\/\/www.taalhammer.com\/pl\/wp-json\/wp\/v2\/types\/page"}],"author":[{"embeddable":true,"href":"https:\/\/www.taalhammer.com\/pl\/wp-json\/wp\/v2\/users\/1"}],"replies":[{"embeddable":true,"href":"https:\/\/www.taalhammer.com\/pl\/wp-json\/wp\/v2\/comments?post=12451"}],"version-history":[{"count":3,"href":"https:\/\/www.taalhammer.com\/pl\/wp-json\/wp\/v2\/pages\/12451\/revisions"}],"predecessor-version":[{"id":12500,"href":"https:\/\/www.taalhammer.com\/pl\/wp-json\/wp\/v2\/pages\/12451\/revisions\/12500"}],"wp:attachment":[{"href":"https:\/\/www.taalhammer.com\/pl\/wp-json\/wp\/v2\/media?parent=12451"}],"wp:term":[{"taxonomy":"category","embeddable":true,"href":"https:\/\/www.taalhammer.com\/pl\/wp-json\/wp\/v2\/categories?post=12451"},{"taxonomy":"post_tag","embeddable":true,"href":"https:\/\/www.taalhammer.com\/pl\/wp-json\/wp\/v2\/tags?post=12451"}],"curies":[{"name":"wp","href":"https:\/\/api.w.org\/{rel}","templated":true}]}}