{"id":12448,"date":"2024-05-31T11:15:18","date_gmt":"2024-05-31T11:15:18","guid":{"rendered":"https:\/\/www.taalhammer.com\/?page_id=12448"},"modified":"2025-12-12T15:19:05","modified_gmt":"2025-12-12T15:19:05","slug":"jak-zapisac-sie-do-kolekcji","status":"publish","type":"page","link":"https:\/\/www.taalhammer.com\/pl\/jak-zapisac-sie-do-kolekcji\/","title":{"rendered":"Jak zapisa\u0107 si\u0119 do kolekcji"},"content":{"rendered":"\n<p>Aby zacz\u0105\u0107 si\u0119 uczy\u0107 albo s\u0142ucha\u0107, musisz zapisa\u0107 si\u0119 do jednej albo wielu kolekcji w naszym katalogu j\u0119zyk\u00f3w. Mieszanie element\u00f3w r\u00f3\u017cnego typu w trakcie nauki j\u0119zyka jest najbardziej sprzecznym z intuicj\u0105 i zaskakuj\u0105cym elementem nauki. Mo\u017ce to pocz\u0105tkowo dawa\u0107 wra\u017cenie wr\u0119cz spowalniania nas podczas nauki, ale tak naprawd\u0119 &#8211; zwi\u0119ksza Twoje d\u0142ugoterminowe zapami\u0119tywanie.<\/p>\n\n\n\n<figure class=\"wp-block-embed is-type-video is-provider-youtube wp-block-embed-youtube wp-embed-aspect-16-9 wp-has-aspect-ratio\"><div class=\"wp-block-embed__wrapper\">\n<iframe loading=\"lazy\" title=\"Jak zapisa\u0107 si\u0119 do kolekcji\" width=\"840\" height=\"473\" src=\"https:\/\/www.youtube.com\/embed\/JkwDqs39710?feature=oembed\" frameborder=\"0\" allow=\"accelerometer; autoplay; clipboard-write; encrypted-media; gyroscope; picture-in-picture; web-share\" referrerpolicy=\"strict-origin-when-cross-origin\" allowfullscreen><\/iframe>\n<\/div><\/figure>\n\n\n\n<p>Domy\u015blnym filtrem jest <strong>przegl\u0105d<\/strong>, kt\u00f3ry pokazuje wszystkie kolekcje. Mo\u017cesz szuka\u0107 po j\u0119zykach u\u017cywaj\u0105c filtr\u00f3w, albo po tytule i opisie w sekcji <strong>szukaj<\/strong>. Kolekcje core\u2019owe ucz\u0105 Ci\u0119 fundament\u00f3w j\u0119zyka, a kolekcje topikowe rozszerzaj\u0105 s\u0142ownictwo i ucz\u0105 rzeczy, kt\u00f3re Ci\u0119 interesuj\u0105. Je\u015bli chcesz uczy\u0107 si\u0119 danej kolekcji, naci\u015bnij \u201cZapisz si\u0119\u201d. Zostanie ona dodana do Twojego strumienia nauki, kt\u00f3ry mo\u017cesz zobaczy\u0107 w filtrze \u201cstrumie\u0144\u201d.<\/p>\n\n\n<div class=\"wp-block-image\">\n<figure class=\"aligncenter is-resized\"><img decoding=\"async\" src=\"https:\/\/lh7-us.googleusercontent.com\/docsz\/AD_4nXdyIDPvv6RtoakFCgoZ1jzlzeMVx5UnJ16TObiMTw3iUNexD3k8aeJ3Xfi6rb3ONjF8bY_z-VQqC6nMjqUikqo8V3tdAk6snB5Wdd9XQNxDtID6ouFfxdp58Vxz1kcTYMJIvtKuwRRHWHt8xIZD2pAFnhiz?key=Ff7EPK7m0mY53nqhFFJl0A\" alt=\"\" style=\"width:382px;height:auto\"\/><\/figure>\n<\/div>\n\n\n<p>Przejd\u017a do trybu nauki albo trybu s\u0142uchania, aby rozpocz\u0105\u0107 nauk\u0119. W ka\u017cdej chwili mo\u017cesz podejrze\u0107 i kontrolowa\u0107 Tw\u00f3j strumie\u0144 nauki klikaj\u0105c na \u201custawienia\u201d, gdzie mo\u017cesz odznacza\u0107 albo zaznacza\u0107 kolekcje z kt\u00f3rych w danym momencie chcesz si\u0119 uczy\u0107.<\/p>\n\n\n<div class=\"wp-block-image\">\n<figure class=\"aligncenter is-resized\"><img decoding=\"async\" src=\"https:\/\/lh7-us.googleusercontent.com\/docsz\/AD_4nXdQ2vJ5BtAsY7KKCu13rGfjOtdydPeLEunVs1_kHA-IaajHUAFwZdbOaSNJ0UGeZhpN2mgvjcG4dn7C3tRmzKxkSASBX7BhJ0wkgFOoGdFXO-G-RpcyGvp_sNojDvQaOuE_L_cVpbU-aIGW9IEAkED3yrO1?key=Ff7EPK7m0mY53nqhFFJl0A\" alt=\"\" style=\"width:371px;height:auto\"\/><\/figure>\n<\/div>","protected":false},"excerpt":{"rendered":"<p>Aby zacz\u0105\u0107 si\u0119 uczy\u0107 albo s\u0142ucha\u0107, musisz zapisa\u0107 si\u0119 do jednej albo wielu kolekcji w naszym katalogu j\u0119zyk\u00f3w. Mieszanie element\u00f3w r\u00f3\u017cnego typu w trakcie nauki j\u0119zyka jest najbardziej sprzecznym z&#8230;<\/p>\n","protected":false},"author":1,"featured_media":0,"parent":0,"menu_order":0,"comment_status":"closed","ping_status":"closed","template":"template-help-page.php","meta":{"_acf_changed":false,"pmpro_default_level":"","inline_featured_image":false,"footnotes":""},"categories":[227],"tags":[],"class_list":["post-12448","page","type-page","status-publish","hentry","category-help-pl","pmpro-has-access"],"acf":{"body_class":""},"yoast_head":"<!-- This site is optimized with the Yoast SEO Premium plugin v23.4 (Yoast SEO v23.4) - https:\/\/yoast.com\/wordpress\/plugins\/seo\/ -->\n<title>Jak zapisa\u0107 si\u0119 do kolekcji | Taalhammer<\/title>\n<meta name=\"description\" content=\"Aby zacz\u0105\u0107 si\u0119 uczy\u0107 albo s\u0142ucha\u0107, musisz zapisa\u0107 si\u0119 do jednej albo wielu kolekcji w naszym katalogu j\u0119zyk\u00f3w.\" \/>\n<meta name=\"robots\" content=\"index, follow, max-snippet:-1, max-image-preview:large, max-video-preview:-1\" \/>\n<link rel=\"canonical\" href=\"https:\/\/www.taalhammer.com\/pl\/jak-zapisac-sie-do-kolekcji\/\" \/>\n<meta property=\"og:locale\" content=\"pl_PL\" \/>\n<meta property=\"og:type\" content=\"article\" \/>\n<meta property=\"og:title\" content=\"Jak zapisa\u0107 si\u0119 do kolekcji\" \/>\n<meta property=\"og:description\" content=\"Aby zacz\u0105\u0107 si\u0119 uczy\u0107 albo s\u0142ucha\u0107, musisz zapisa\u0107 si\u0119 do jednej albo wielu kolekcji w naszym katalogu j\u0119zyk\u00f3w.\" \/>\n<meta property=\"og:url\" content=\"https:\/\/www.taalhammer.com\/pl\/jak-zapisac-sie-do-kolekcji\/\" \/>\n<meta property=\"og:site_name\" content=\"Taalhammer\" \/>\n<meta property=\"article:publisher\" content=\"https:\/\/www.facebook.com\/taalhammer\" \/>\n<meta property=\"article:modified_time\" content=\"2025-12-12T15:19:05+00:00\" \/>\n<meta property=\"og:image\" content=\"https:\/\/lh7-us.googleusercontent.com\/docsz\/AD_4nXdyIDPvv6RtoakFCgoZ1jzlzeMVx5UnJ16TObiMTw3iUNexD3k8aeJ3Xfi6rb3ONjF8bY_z-VQqC6nMjqUikqo8V3tdAk6snB5Wdd9XQNxDtID6ouFfxdp58Vxz1kcTYMJIvtKuwRRHWHt8xIZD2pAFnhiz?key=Ff7EPK7m0mY53nqhFFJl0A\" \/>\n<meta name=\"twitter:card\" content=\"summary_large_image\" \/>\n<meta name=\"twitter:site\" content=\"@taalhammer\" \/>\n<meta name=\"twitter:label1\" content=\"Szacowany czas czytania\" \/>\n\t<meta name=\"twitter:data1\" content=\"2 minuty\" \/>\n<script type=\"application\/ld+json\" class=\"yoast-schema-graph\">{\"@context\":\"https:\/\/schema.org\",\"@graph\":[{\"@type\":\"WebPage\",\"@id\":\"https:\/\/www.taalhammer.com\/pl\/jak-zapisac-sie-do-kolekcji\/\",\"url\":\"https:\/\/www.taalhammer.com\/pl\/jak-zapisac-sie-do-kolekcji\/\",\"name\":\"Jak zapisa\u0107 si\u0119 do kolekcji | Taalhammer\",\"isPartOf\":{\"@id\":\"https:\/\/www.taalhammer.com\/pl\/#website\"},\"primaryImageOfPage\":{\"@id\":\"https:\/\/www.taalhammer.com\/pl\/jak-zapisac-sie-do-kolekcji\/#primaryimage\"},\"image\":{\"@id\":\"https:\/\/www.taalhammer.com\/pl\/jak-zapisac-sie-do-kolekcji\/#primaryimage\"},\"thumbnailUrl\":\"https:\/\/lh7-us.googleusercontent.com\/docsz\/AD_4nXdyIDPvv6RtoakFCgoZ1jzlzeMVx5UnJ16TObiMTw3iUNexD3k8aeJ3Xfi6rb3ONjF8bY_z-VQqC6nMjqUikqo8V3tdAk6snB5Wdd9XQNxDtID6ouFfxdp58Vxz1kcTYMJIvtKuwRRHWHt8xIZD2pAFnhiz?key=Ff7EPK7m0mY53nqhFFJl0A\",\"datePublished\":\"2024-05-31T11:15:18+00:00\",\"dateModified\":\"2025-12-12T15:19:05+00:00\",\"description\":\"Aby zacz\u0105\u0107 si\u0119 uczy\u0107 albo s\u0142ucha\u0107, musisz zapisa\u0107 si\u0119 do jednej albo wielu kolekcji w naszym katalogu j\u0119zyk\u00f3w.\",\"breadcrumb\":{\"@id\":\"https:\/\/www.taalhammer.com\/pl\/jak-zapisac-sie-do-kolekcji\/#breadcrumb\"},\"inLanguage\":\"pl-PL\",\"potentialAction\":[{\"@type\":\"ReadAction\",\"target\":[\"https:\/\/www.taalhammer.com\/pl\/jak-zapisac-sie-do-kolekcji\/\"]}]},{\"@type\":\"ImageObject\",\"inLanguage\":\"pl-PL\",\"@id\":\"https:\/\/www.taalhammer.com\/pl\/jak-zapisac-sie-do-kolekcji\/#primaryimage\",\"url\":\"https:\/\/lh7-us.googleusercontent.com\/docsz\/AD_4nXdyIDPvv6RtoakFCgoZ1jzlzeMVx5UnJ16TObiMTw3iUNexD3k8aeJ3Xfi6rb3ONjF8bY_z-VQqC6nMjqUikqo8V3tdAk6snB5Wdd9XQNxDtID6ouFfxdp58Vxz1kcTYMJIvtKuwRRHWHt8xIZD2pAFnhiz?key=Ff7EPK7m0mY53nqhFFJl0A\",\"contentUrl\":\"https:\/\/lh7-us.googleusercontent.com\/docsz\/AD_4nXdyIDPvv6RtoakFCgoZ1jzlzeMVx5UnJ16TObiMTw3iUNexD3k8aeJ3Xfi6rb3ONjF8bY_z-VQqC6nMjqUikqo8V3tdAk6snB5Wdd9XQNxDtID6ouFfxdp58Vxz1kcTYMJIvtKuwRRHWHt8xIZD2pAFnhiz?key=Ff7EPK7m0mY53nqhFFJl0A\"},{\"@type\":\"BreadcrumbList\",\"@id\":\"https:\/\/www.taalhammer.com\/pl\/jak-zapisac-sie-do-kolekcji\/#breadcrumb\",\"itemListElement\":[{\"@type\":\"ListItem\",\"position\":1,\"name\":\"Home\",\"item\":\"https:\/\/www.taalhammer.com\/pl\/\"},{\"@type\":\"ListItem\",\"position\":2,\"name\":\"Jak zapisa\u0107 si\u0119 do kolekcji\"}]},{\"@type\":\"WebSite\",\"@id\":\"https:\/\/www.taalhammer.com\/pl\/#website\",\"url\":\"https:\/\/www.taalhammer.com\/pl\/\",\"name\":\"Taalhammer\",\"description\":\"Stop mumbling, start to speak\",\"publisher\":{\"@id\":\"https:\/\/www.taalhammer.com\/pl\/#organization\"},\"potentialAction\":[{\"@type\":\"SearchAction\",\"target\":{\"@type\":\"EntryPoint\",\"urlTemplate\":\"https:\/\/www.taalhammer.com\/pl\/?s={search_term_string}\"},\"query-input\":{\"@type\":\"PropertyValueSpecification\",\"valueRequired\":true,\"valueName\":\"search_term_string\"}}],\"inLanguage\":\"pl-PL\"},{\"@type\":\"Organization\",\"@id\":\"https:\/\/www.taalhammer.com\/pl\/#organization\",\"name\":\"Taalhammer\",\"url\":\"https:\/\/www.taalhammer.com\/pl\/\",\"logo\":{\"@type\":\"ImageObject\",\"inLanguage\":\"pl-PL\",\"@id\":\"https:\/\/www.taalhammer.com\/pl\/#\/schema\/logo\/image\/\",\"url\":\"https:\/\/www.taalhammer.com\/wp-content\/uploads\/2019\/06\/Taalhammer_B_W_cut_negative.png\",\"contentUrl\":\"https:\/\/www.taalhammer.com\/wp-content\/uploads\/2019\/06\/Taalhammer_B_W_cut_negative.png\",\"width\":290,\"height\":256,\"caption\":\"Taalhammer\"},\"image\":{\"@id\":\"https:\/\/www.taalhammer.com\/pl\/#\/schema\/logo\/image\/\"},\"sameAs\":[\"https:\/\/www.facebook.com\/taalhammer\",\"https:\/\/x.com\/taalhammer\",\"https:\/\/www.instagram.com\/taalhammer_pl\/\"]}]}<\/script>\n<!-- \/ Yoast SEO Premium plugin. -->","yoast_head_json":{"title":"Jak zapisa\u0107 si\u0119 do kolekcji | Taalhammer","description":"Aby zacz\u0105\u0107 si\u0119 uczy\u0107 albo s\u0142ucha\u0107, musisz zapisa\u0107 si\u0119 do jednej albo wielu kolekcji w naszym katalogu j\u0119zyk\u00f3w.","robots":{"index":"index","follow":"follow","max-snippet":"max-snippet:-1","max-image-preview":"max-image-preview:large","max-video-preview":"max-video-preview:-1"},"canonical":"https:\/\/www.taalhammer.com\/pl\/jak-zapisac-sie-do-kolekcji\/","og_locale":"pl_PL","og_type":"article","og_title":"Jak zapisa\u0107 si\u0119 do kolekcji","og_description":"Aby zacz\u0105\u0107 si\u0119 uczy\u0107 albo s\u0142ucha\u0107, musisz zapisa\u0107 si\u0119 do jednej albo wielu kolekcji w naszym katalogu j\u0119zyk\u00f3w.","og_url":"https:\/\/www.taalhammer.com\/pl\/jak-zapisac-sie-do-kolekcji\/","og_site_name":"Taalhammer","article_publisher":"https:\/\/www.facebook.com\/taalhammer","article_modified_time":"2025-12-12T15:19:05+00:00","og_image":[{"url":"https:\/\/lh7-us.googleusercontent.com\/docsz\/AD_4nXdyIDPvv6RtoakFCgoZ1jzlzeMVx5UnJ16TObiMTw3iUNexD3k8aeJ3Xfi6rb3ONjF8bY_z-VQqC6nMjqUikqo8V3tdAk6snB5Wdd9XQNxDtID6ouFfxdp58Vxz1kcTYMJIvtKuwRRHWHt8xIZD2pAFnhiz?key=Ff7EPK7m0mY53nqhFFJl0A"}],"twitter_card":"summary_large_image","twitter_site":"@taalhammer","twitter_misc":{"Szacowany czas czytania":"2 minuty"},"schema":{"@context":"https:\/\/schema.org","@graph":[{"@type":"WebPage","@id":"https:\/\/www.taalhammer.com\/pl\/jak-zapisac-sie-do-kolekcji\/","url":"https:\/\/www.taalhammer.com\/pl\/jak-zapisac-sie-do-kolekcji\/","name":"Jak zapisa\u0107 si\u0119 do kolekcji | Taalhammer","isPartOf":{"@id":"https:\/\/www.taalhammer.com\/pl\/#website"},"primaryImageOfPage":{"@id":"https:\/\/www.taalhammer.com\/pl\/jak-zapisac-sie-do-kolekcji\/#primaryimage"},"image":{"@id":"https:\/\/www.taalhammer.com\/pl\/jak-zapisac-sie-do-kolekcji\/#primaryimage"},"thumbnailUrl":"https:\/\/lh7-us.googleusercontent.com\/docsz\/AD_4nXdyIDPvv6RtoakFCgoZ1jzlzeMVx5UnJ16TObiMTw3iUNexD3k8aeJ3Xfi6rb3ONjF8bY_z-VQqC6nMjqUikqo8V3tdAk6snB5Wdd9XQNxDtID6ouFfxdp58Vxz1kcTYMJIvtKuwRRHWHt8xIZD2pAFnhiz?key=Ff7EPK7m0mY53nqhFFJl0A","datePublished":"2024-05-31T11:15:18+00:00","dateModified":"2025-12-12T15:19:05+00:00","description":"Aby zacz\u0105\u0107 si\u0119 uczy\u0107 albo s\u0142ucha\u0107, musisz zapisa\u0107 si\u0119 do jednej albo wielu kolekcji w naszym katalogu j\u0119zyk\u00f3w.","breadcrumb":{"@id":"https:\/\/www.taalhammer.com\/pl\/jak-zapisac-sie-do-kolekcji\/#breadcrumb"},"inLanguage":"pl-PL","potentialAction":[{"@type":"ReadAction","target":["https:\/\/www.taalhammer.com\/pl\/jak-zapisac-sie-do-kolekcji\/"]}]},{"@type":"ImageObject","inLanguage":"pl-PL","@id":"https:\/\/www.taalhammer.com\/pl\/jak-zapisac-sie-do-kolekcji\/#primaryimage","url":"https:\/\/lh7-us.googleusercontent.com\/docsz\/AD_4nXdyIDPvv6RtoakFCgoZ1jzlzeMVx5UnJ16TObiMTw3iUNexD3k8aeJ3Xfi6rb3ONjF8bY_z-VQqC6nMjqUikqo8V3tdAk6snB5Wdd9XQNxDtID6ouFfxdp58Vxz1kcTYMJIvtKuwRRHWHt8xIZD2pAFnhiz?key=Ff7EPK7m0mY53nqhFFJl0A","contentUrl":"https:\/\/lh7-us.googleusercontent.com\/docsz\/AD_4nXdyIDPvv6RtoakFCgoZ1jzlzeMVx5UnJ16TObiMTw3iUNexD3k8aeJ3Xfi6rb3ONjF8bY_z-VQqC6nMjqUikqo8V3tdAk6snB5Wdd9XQNxDtID6ouFfxdp58Vxz1kcTYMJIvtKuwRRHWHt8xIZD2pAFnhiz?key=Ff7EPK7m0mY53nqhFFJl0A"},{"@type":"BreadcrumbList","@id":"https:\/\/www.taalhammer.com\/pl\/jak-zapisac-sie-do-kolekcji\/#breadcrumb","itemListElement":[{"@type":"ListItem","position":1,"name":"Home","item":"https:\/\/www.taalhammer.com\/pl\/"},{"@type":"ListItem","position":2,"name":"Jak zapisa\u0107 si\u0119 do kolekcji"}]},{"@type":"WebSite","@id":"https:\/\/www.taalhammer.com\/pl\/#website","url":"https:\/\/www.taalhammer.com\/pl\/","name":"Taalhammer","description":"Stop mumbling, start to speak","publisher":{"@id":"https:\/\/www.taalhammer.com\/pl\/#organization"},"potentialAction":[{"@type":"SearchAction","target":{"@type":"EntryPoint","urlTemplate":"https:\/\/www.taalhammer.com\/pl\/?s={search_term_string}"},"query-input":{"@type":"PropertyValueSpecification","valueRequired":true,"valueName":"search_term_string"}}],"inLanguage":"pl-PL"},{"@type":"Organization","@id":"https:\/\/www.taalhammer.com\/pl\/#organization","name":"Taalhammer","url":"https:\/\/www.taalhammer.com\/pl\/","logo":{"@type":"ImageObject","inLanguage":"pl-PL","@id":"https:\/\/www.taalhammer.com\/pl\/#\/schema\/logo\/image\/","url":"https:\/\/www.taalhammer.com\/wp-content\/uploads\/2019\/06\/Taalhammer_B_W_cut_negative.png","contentUrl":"https:\/\/www.taalhammer.com\/wp-content\/uploads\/2019\/06\/Taalhammer_B_W_cut_negative.png","width":290,"height":256,"caption":"Taalhammer"},"image":{"@id":"https:\/\/www.taalhammer.com\/pl\/#\/schema\/logo\/image\/"},"sameAs":["https:\/\/www.facebook.com\/taalhammer","https:\/\/x.com\/taalhammer","https:\/\/www.instagram.com\/taalhammer_pl\/"]}]}},"_links":{"self":[{"href":"https:\/\/www.taalhammer.com\/pl\/wp-json\/wp\/v2\/pages\/12448","targetHints":{"allow":["GET"]}}],"collection":[{"href":"https:\/\/www.taalhammer.com\/pl\/wp-json\/wp\/v2\/pages"}],"about":[{"href":"https:\/\/www.taalhammer.com\/pl\/wp-json\/wp\/v2\/types\/page"}],"author":[{"embeddable":true,"href":"https:\/\/www.taalhammer.com\/pl\/wp-json\/wp\/v2\/users\/1"}],"replies":[{"embeddable":true,"href":"https:\/\/www.taalhammer.com\/pl\/wp-json\/wp\/v2\/comments?post=12448"}],"version-history":[{"count":2,"href":"https:\/\/www.taalhammer.com\/pl\/wp-json\/wp\/v2\/pages\/12448\/revisions"}],"predecessor-version":[{"id":12459,"href":"https:\/\/www.taalhammer.com\/pl\/wp-json\/wp\/v2\/pages\/12448\/revisions\/12459"}],"wp:attachment":[{"href":"https:\/\/www.taalhammer.com\/pl\/wp-json\/wp\/v2\/media?parent=12448"}],"wp:term":[{"taxonomy":"category","embeddable":true,"href":"https:\/\/www.taalhammer.com\/pl\/wp-json\/wp\/v2\/categories?post=12448"},{"taxonomy":"post_tag","embeddable":true,"href":"https:\/\/www.taalhammer.com\/pl\/wp-json\/wp\/v2\/tags?post=12448"}],"curies":[{"name":"wp","href":"https:\/\/api.w.org\/{rel}","templated":true}]}}