{"id":12445,"date":"2024-05-31T09:37:56","date_gmt":"2024-05-31T09:37:56","guid":{"rendered":"https:\/\/www.taalhammer.com\/?page_id=12445"},"modified":"2025-12-12T15:10:25","modified_gmt":"2025-12-12T15:10:25","slug":"strumien-nauki-jak-okreslic-czego-sie-uczysz","status":"publish","type":"page","link":"https:\/\/www.taalhammer.com\/pl\/strumien-nauki-jak-okreslic-czego-sie-uczysz\/","title":{"rendered":"Strumie\u0144 nauki: jak okre\u015bli\u0107, czego si\u0119 uczysz"},"content":{"rendered":"\n<p>To, czego uczysz si\u0119 w Taalhammerze, dzia\u0142a podobnie do kana\u0142\u00f3w medi\u00f3w spo\u0142eczno\u015bciowych, gdzie tre\u015bci, kt\u00f3re widzisz w swoim kanale, zale\u017c\u0105 od tego, co lubisz lub obserwujesz. Wszystko co widzisz w trybie nauki i trybie s\u0142uchania, jest oparte na kolekcjach, do kt\u00f3rych si\u0119 zapisujesz.<\/p>\n\n\n\n<figure class=\"wp-block-embed is-type-video is-provider-youtube wp-block-embed-youtube wp-embed-aspect-16-9 wp-has-aspect-ratio\"><div class=\"wp-block-embed__wrapper\">\n<iframe loading=\"lazy\" title=\"Strumie\u0144 nauki: jak okre\u015bli\u0107, czego si\u0119 uczysz\" width=\"840\" height=\"473\" src=\"https:\/\/www.youtube.com\/embed\/fL5ry1KRjfY?feature=oembed\" frameborder=\"0\" allow=\"accelerometer; autoplay; clipboard-write; encrypted-media; gyroscope; picture-in-picture; web-share\" referrerpolicy=\"strict-origin-when-cross-origin\" allowfullscreen><\/iframe>\n<\/div><\/figure>\n\n\n\n<p>Do kolekcji zapisujesz si\u0119 w katalogu j\u0119zyk\u00f3w. Dzi\u0119ki naszym kolekcjom <strong>core\u2019owym<\/strong> szkolisz si\u0119 w zakresie podstaw j\u0119zyka i gramatyki. Z kolekcji <strong>topikowych<\/strong> nauczysz si\u0119 temat\u00f3w, kt\u00f3re Ci\u0119 interesuj\u0105.<\/p>\n\n\n\n<p>Zapisywanie si\u0119 do kolekcji jest jak obserwowanie kana\u0142u lub profilu w mediach spo\u0142eczno\u015bciowych. Zapisujesz si\u0119, a jej zawarto\u015b\u0107 pojawia si\u0119 podczas nauki i s\u0142uchania. Zajrzyj do filtra \u201cStrumie\u0144 Nauki\u201d, aby zobaczy\u0107 swoje bie\u017c\u0105ce subskrypcje. Mo\u017cesz \u0142\u0105czy\u0107 r\u00f3\u017cne j\u0119zyki i r\u00f3\u017cne kolekcje.<\/p>\n\n\n<div class=\"wp-block-image\">\n<figure class=\"aligncenter is-resized\"><img decoding=\"async\" src=\"https:\/\/lh7-us.googleusercontent.com\/docsz\/AD_4nXfOFCiEbE3DJNjnB7Xi_kW6cXDElnu5M7q15T3q-TMHGAU08qQBXx4IYpnD8ef3g45wzVwlGUdtoxR6dAIMzC5noOg6UG5Y8lq2v1HWGWGtXnYVyjmuletgdepfIJs5ztkiwwu73SscdHfABI9dvwLePRlj?key=Ff7EPK7m0mY53nqhFFJl0A\" alt=\"\" style=\"width:342px;height:auto\"\/><\/figure>\n<\/div>","protected":false},"excerpt":{"rendered":"<p>To, czego uczysz si\u0119 w Taalhammerze, dzia\u0142a podobnie do kana\u0142\u00f3w medi\u00f3w spo\u0142eczno\u015bciowych, gdzie tre\u015bci, kt\u00f3re widzisz w swoim kanale, zale\u017c\u0105 od tego, co lubisz lub obserwujesz. Wszystko co widzisz w&#8230;<\/p>\n","protected":false},"author":1,"featured_media":0,"parent":0,"menu_order":0,"comment_status":"closed","ping_status":"closed","template":"template-help-page.php","meta":{"_acf_changed":false,"pmpro_default_level":"","inline_featured_image":false,"footnotes":""},"categories":[227],"tags":[],"class_list":["post-12445","page","type-page","status-publish","hentry","category-help-pl","pmpro-has-access"],"acf":{"body_class":""},"yoast_head":"<!-- This site is optimized with the Yoast SEO Premium plugin v23.4 (Yoast SEO v23.4) - https:\/\/yoast.com\/wordpress\/plugins\/seo\/ -->\n<title>Strumie\u0144 nauki: jak okre\u015bli\u0107, czego si\u0119 uczysz | Taalhammer<\/title>\n<meta name=\"description\" content=\"To, czego uczysz si\u0119 w Taalhammerze, dzia\u0142a podobnie do kana\u0142\u00f3w medi\u00f3w spo\u0142eczno\u015bciowych, gdzie tre\u015bci, kt\u00f3re widzisz w swoim kanale, zale\u017c\u0105 od tego, co lubisz lub obserwujesz.\" \/>\n<meta name=\"robots\" content=\"index, follow, max-snippet:-1, max-image-preview:large, max-video-preview:-1\" \/>\n<link rel=\"canonical\" href=\"https:\/\/www.taalhammer.com\/pl\/strumien-nauki-jak-okreslic-czego-sie-uczysz\/\" \/>\n<meta property=\"og:locale\" content=\"pl_PL\" \/>\n<meta property=\"og:type\" content=\"article\" \/>\n<meta property=\"og:title\" content=\"Strumie\u0144 nauki: jak okre\u015bli\u0107, czego si\u0119 uczysz\" \/>\n<meta property=\"og:description\" content=\"To, czego uczysz si\u0119 w Taalhammerze, dzia\u0142a podobnie do kana\u0142\u00f3w medi\u00f3w spo\u0142eczno\u015bciowych, gdzie tre\u015bci, kt\u00f3re widzisz w swoim kanale, zale\u017c\u0105 od tego, co lubisz lub obserwujesz.\" \/>\n<meta property=\"og:url\" content=\"https:\/\/www.taalhammer.com\/pl\/strumien-nauki-jak-okreslic-czego-sie-uczysz\/\" \/>\n<meta property=\"og:site_name\" content=\"Taalhammer\" \/>\n<meta property=\"article:publisher\" content=\"https:\/\/www.facebook.com\/taalhammer\" \/>\n<meta property=\"article:modified_time\" content=\"2025-12-12T15:10:25+00:00\" \/>\n<meta property=\"og:image\" content=\"https:\/\/lh7-us.googleusercontent.com\/docsz\/AD_4nXfOFCiEbE3DJNjnB7Xi_kW6cXDElnu5M7q15T3q-TMHGAU08qQBXx4IYpnD8ef3g45wzVwlGUdtoxR6dAIMzC5noOg6UG5Y8lq2v1HWGWGtXnYVyjmuletgdepfIJs5ztkiwwu73SscdHfABI9dvwLePRlj?key=Ff7EPK7m0mY53nqhFFJl0A\" \/>\n<meta name=\"twitter:card\" content=\"summary_large_image\" \/>\n<meta name=\"twitter:site\" content=\"@taalhammer\" \/>\n<meta name=\"twitter:label1\" content=\"Szacowany czas czytania\" \/>\n\t<meta name=\"twitter:data1\" content=\"1 minuta\" \/>\n<script type=\"application\/ld+json\" class=\"yoast-schema-graph\">{\"@context\":\"https:\/\/schema.org\",\"@graph\":[{\"@type\":\"WebPage\",\"@id\":\"https:\/\/www.taalhammer.com\/pl\/strumien-nauki-jak-okreslic-czego-sie-uczysz\/\",\"url\":\"https:\/\/www.taalhammer.com\/pl\/strumien-nauki-jak-okreslic-czego-sie-uczysz\/\",\"name\":\"Strumie\u0144 nauki: jak okre\u015bli\u0107, czego si\u0119 uczysz | Taalhammer\",\"isPartOf\":{\"@id\":\"https:\/\/www.taalhammer.com\/pl\/#website\"},\"primaryImageOfPage\":{\"@id\":\"https:\/\/www.taalhammer.com\/pl\/strumien-nauki-jak-okreslic-czego-sie-uczysz\/#primaryimage\"},\"image\":{\"@id\":\"https:\/\/www.taalhammer.com\/pl\/strumien-nauki-jak-okreslic-czego-sie-uczysz\/#primaryimage\"},\"thumbnailUrl\":\"https:\/\/lh7-us.googleusercontent.com\/docsz\/AD_4nXfOFCiEbE3DJNjnB7Xi_kW6cXDElnu5M7q15T3q-TMHGAU08qQBXx4IYpnD8ef3g45wzVwlGUdtoxR6dAIMzC5noOg6UG5Y8lq2v1HWGWGtXnYVyjmuletgdepfIJs5ztkiwwu73SscdHfABI9dvwLePRlj?key=Ff7EPK7m0mY53nqhFFJl0A\",\"datePublished\":\"2024-05-31T09:37:56+00:00\",\"dateModified\":\"2025-12-12T15:10:25+00:00\",\"description\":\"To, czego uczysz si\u0119 w Taalhammerze, dzia\u0142a podobnie do kana\u0142\u00f3w medi\u00f3w spo\u0142eczno\u015bciowych, gdzie tre\u015bci, kt\u00f3re widzisz w swoim kanale, zale\u017c\u0105 od tego, co lubisz lub obserwujesz.\",\"breadcrumb\":{\"@id\":\"https:\/\/www.taalhammer.com\/pl\/strumien-nauki-jak-okreslic-czego-sie-uczysz\/#breadcrumb\"},\"inLanguage\":\"pl-PL\",\"potentialAction\":[{\"@type\":\"ReadAction\",\"target\":[\"https:\/\/www.taalhammer.com\/pl\/strumien-nauki-jak-okreslic-czego-sie-uczysz\/\"]}]},{\"@type\":\"ImageObject\",\"inLanguage\":\"pl-PL\",\"@id\":\"https:\/\/www.taalhammer.com\/pl\/strumien-nauki-jak-okreslic-czego-sie-uczysz\/#primaryimage\",\"url\":\"https:\/\/lh7-us.googleusercontent.com\/docsz\/AD_4nXfOFCiEbE3DJNjnB7Xi_kW6cXDElnu5M7q15T3q-TMHGAU08qQBXx4IYpnD8ef3g45wzVwlGUdtoxR6dAIMzC5noOg6UG5Y8lq2v1HWGWGtXnYVyjmuletgdepfIJs5ztkiwwu73SscdHfABI9dvwLePRlj?key=Ff7EPK7m0mY53nqhFFJl0A\",\"contentUrl\":\"https:\/\/lh7-us.googleusercontent.com\/docsz\/AD_4nXfOFCiEbE3DJNjnB7Xi_kW6cXDElnu5M7q15T3q-TMHGAU08qQBXx4IYpnD8ef3g45wzVwlGUdtoxR6dAIMzC5noOg6UG5Y8lq2v1HWGWGtXnYVyjmuletgdepfIJs5ztkiwwu73SscdHfABI9dvwLePRlj?key=Ff7EPK7m0mY53nqhFFJl0A\"},{\"@type\":\"BreadcrumbList\",\"@id\":\"https:\/\/www.taalhammer.com\/pl\/strumien-nauki-jak-okreslic-czego-sie-uczysz\/#breadcrumb\",\"itemListElement\":[{\"@type\":\"ListItem\",\"position\":1,\"name\":\"Home\",\"item\":\"https:\/\/www.taalhammer.com\/pl\/\"},{\"@type\":\"ListItem\",\"position\":2,\"name\":\"Strumie\u0144 nauki: jak okre\u015bli\u0107, czego si\u0119 uczysz\"}]},{\"@type\":\"WebSite\",\"@id\":\"https:\/\/www.taalhammer.com\/pl\/#website\",\"url\":\"https:\/\/www.taalhammer.com\/pl\/\",\"name\":\"Taalhammer\",\"description\":\"Stop mumbling, start to speak\",\"publisher\":{\"@id\":\"https:\/\/www.taalhammer.com\/pl\/#organization\"},\"potentialAction\":[{\"@type\":\"SearchAction\",\"target\":{\"@type\":\"EntryPoint\",\"urlTemplate\":\"https:\/\/www.taalhammer.com\/pl\/?s={search_term_string}\"},\"query-input\":{\"@type\":\"PropertyValueSpecification\",\"valueRequired\":true,\"valueName\":\"search_term_string\"}}],\"inLanguage\":\"pl-PL\"},{\"@type\":\"Organization\",\"@id\":\"https:\/\/www.taalhammer.com\/pl\/#organization\",\"name\":\"Taalhammer\",\"url\":\"https:\/\/www.taalhammer.com\/pl\/\",\"logo\":{\"@type\":\"ImageObject\",\"inLanguage\":\"pl-PL\",\"@id\":\"https:\/\/www.taalhammer.com\/pl\/#\/schema\/logo\/image\/\",\"url\":\"https:\/\/www.taalhammer.com\/wp-content\/uploads\/2019\/06\/Taalhammer_B_W_cut_negative.png\",\"contentUrl\":\"https:\/\/www.taalhammer.com\/wp-content\/uploads\/2019\/06\/Taalhammer_B_W_cut_negative.png\",\"width\":290,\"height\":256,\"caption\":\"Taalhammer\"},\"image\":{\"@id\":\"https:\/\/www.taalhammer.com\/pl\/#\/schema\/logo\/image\/\"},\"sameAs\":[\"https:\/\/www.facebook.com\/taalhammer\",\"https:\/\/x.com\/taalhammer\",\"https:\/\/www.instagram.com\/taalhammer_pl\/\"]}]}<\/script>\n<!-- \/ Yoast SEO Premium plugin. -->","yoast_head_json":{"title":"Strumie\u0144 nauki: jak okre\u015bli\u0107, czego si\u0119 uczysz | Taalhammer","description":"To, czego uczysz si\u0119 w Taalhammerze, dzia\u0142a podobnie do kana\u0142\u00f3w medi\u00f3w spo\u0142eczno\u015bciowych, gdzie tre\u015bci, kt\u00f3re widzisz w swoim kanale, zale\u017c\u0105 od tego, co lubisz lub obserwujesz.","robots":{"index":"index","follow":"follow","max-snippet":"max-snippet:-1","max-image-preview":"max-image-preview:large","max-video-preview":"max-video-preview:-1"},"canonical":"https:\/\/www.taalhammer.com\/pl\/strumien-nauki-jak-okreslic-czego-sie-uczysz\/","og_locale":"pl_PL","og_type":"article","og_title":"Strumie\u0144 nauki: jak okre\u015bli\u0107, czego si\u0119 uczysz","og_description":"To, czego uczysz si\u0119 w Taalhammerze, dzia\u0142a podobnie do kana\u0142\u00f3w medi\u00f3w spo\u0142eczno\u015bciowych, gdzie tre\u015bci, kt\u00f3re widzisz w swoim kanale, zale\u017c\u0105 od tego, co lubisz lub obserwujesz.","og_url":"https:\/\/www.taalhammer.com\/pl\/strumien-nauki-jak-okreslic-czego-sie-uczysz\/","og_site_name":"Taalhammer","article_publisher":"https:\/\/www.facebook.com\/taalhammer","article_modified_time":"2025-12-12T15:10:25+00:00","og_image":[{"url":"https:\/\/lh7-us.googleusercontent.com\/docsz\/AD_4nXfOFCiEbE3DJNjnB7Xi_kW6cXDElnu5M7q15T3q-TMHGAU08qQBXx4IYpnD8ef3g45wzVwlGUdtoxR6dAIMzC5noOg6UG5Y8lq2v1HWGWGtXnYVyjmuletgdepfIJs5ztkiwwu73SscdHfABI9dvwLePRlj?key=Ff7EPK7m0mY53nqhFFJl0A"}],"twitter_card":"summary_large_image","twitter_site":"@taalhammer","twitter_misc":{"Szacowany czas czytania":"1 minuta"},"schema":{"@context":"https:\/\/schema.org","@graph":[{"@type":"WebPage","@id":"https:\/\/www.taalhammer.com\/pl\/strumien-nauki-jak-okreslic-czego-sie-uczysz\/","url":"https:\/\/www.taalhammer.com\/pl\/strumien-nauki-jak-okreslic-czego-sie-uczysz\/","name":"Strumie\u0144 nauki: jak okre\u015bli\u0107, czego si\u0119 uczysz | Taalhammer","isPartOf":{"@id":"https:\/\/www.taalhammer.com\/pl\/#website"},"primaryImageOfPage":{"@id":"https:\/\/www.taalhammer.com\/pl\/strumien-nauki-jak-okreslic-czego-sie-uczysz\/#primaryimage"},"image":{"@id":"https:\/\/www.taalhammer.com\/pl\/strumien-nauki-jak-okreslic-czego-sie-uczysz\/#primaryimage"},"thumbnailUrl":"https:\/\/lh7-us.googleusercontent.com\/docsz\/AD_4nXfOFCiEbE3DJNjnB7Xi_kW6cXDElnu5M7q15T3q-TMHGAU08qQBXx4IYpnD8ef3g45wzVwlGUdtoxR6dAIMzC5noOg6UG5Y8lq2v1HWGWGtXnYVyjmuletgdepfIJs5ztkiwwu73SscdHfABI9dvwLePRlj?key=Ff7EPK7m0mY53nqhFFJl0A","datePublished":"2024-05-31T09:37:56+00:00","dateModified":"2025-12-12T15:10:25+00:00","description":"To, czego uczysz si\u0119 w Taalhammerze, dzia\u0142a podobnie do kana\u0142\u00f3w medi\u00f3w spo\u0142eczno\u015bciowych, gdzie tre\u015bci, kt\u00f3re widzisz w swoim kanale, zale\u017c\u0105 od tego, co lubisz lub obserwujesz.","breadcrumb":{"@id":"https:\/\/www.taalhammer.com\/pl\/strumien-nauki-jak-okreslic-czego-sie-uczysz\/#breadcrumb"},"inLanguage":"pl-PL","potentialAction":[{"@type":"ReadAction","target":["https:\/\/www.taalhammer.com\/pl\/strumien-nauki-jak-okreslic-czego-sie-uczysz\/"]}]},{"@type":"ImageObject","inLanguage":"pl-PL","@id":"https:\/\/www.taalhammer.com\/pl\/strumien-nauki-jak-okreslic-czego-sie-uczysz\/#primaryimage","url":"https:\/\/lh7-us.googleusercontent.com\/docsz\/AD_4nXfOFCiEbE3DJNjnB7Xi_kW6cXDElnu5M7q15T3q-TMHGAU08qQBXx4IYpnD8ef3g45wzVwlGUdtoxR6dAIMzC5noOg6UG5Y8lq2v1HWGWGtXnYVyjmuletgdepfIJs5ztkiwwu73SscdHfABI9dvwLePRlj?key=Ff7EPK7m0mY53nqhFFJl0A","contentUrl":"https:\/\/lh7-us.googleusercontent.com\/docsz\/AD_4nXfOFCiEbE3DJNjnB7Xi_kW6cXDElnu5M7q15T3q-TMHGAU08qQBXx4IYpnD8ef3g45wzVwlGUdtoxR6dAIMzC5noOg6UG5Y8lq2v1HWGWGtXnYVyjmuletgdepfIJs5ztkiwwu73SscdHfABI9dvwLePRlj?key=Ff7EPK7m0mY53nqhFFJl0A"},{"@type":"BreadcrumbList","@id":"https:\/\/www.taalhammer.com\/pl\/strumien-nauki-jak-okreslic-czego-sie-uczysz\/#breadcrumb","itemListElement":[{"@type":"ListItem","position":1,"name":"Home","item":"https:\/\/www.taalhammer.com\/pl\/"},{"@type":"ListItem","position":2,"name":"Strumie\u0144 nauki: jak okre\u015bli\u0107, czego si\u0119 uczysz"}]},{"@type":"WebSite","@id":"https:\/\/www.taalhammer.com\/pl\/#website","url":"https:\/\/www.taalhammer.com\/pl\/","name":"Taalhammer","description":"Stop mumbling, start to speak","publisher":{"@id":"https:\/\/www.taalhammer.com\/pl\/#organization"},"potentialAction":[{"@type":"SearchAction","target":{"@type":"EntryPoint","urlTemplate":"https:\/\/www.taalhammer.com\/pl\/?s={search_term_string}"},"query-input":{"@type":"PropertyValueSpecification","valueRequired":true,"valueName":"search_term_string"}}],"inLanguage":"pl-PL"},{"@type":"Organization","@id":"https:\/\/www.taalhammer.com\/pl\/#organization","name":"Taalhammer","url":"https:\/\/www.taalhammer.com\/pl\/","logo":{"@type":"ImageObject","inLanguage":"pl-PL","@id":"https:\/\/www.taalhammer.com\/pl\/#\/schema\/logo\/image\/","url":"https:\/\/www.taalhammer.com\/wp-content\/uploads\/2019\/06\/Taalhammer_B_W_cut_negative.png","contentUrl":"https:\/\/www.taalhammer.com\/wp-content\/uploads\/2019\/06\/Taalhammer_B_W_cut_negative.png","width":290,"height":256,"caption":"Taalhammer"},"image":{"@id":"https:\/\/www.taalhammer.com\/pl\/#\/schema\/logo\/image\/"},"sameAs":["https:\/\/www.facebook.com\/taalhammer","https:\/\/x.com\/taalhammer","https:\/\/www.instagram.com\/taalhammer_pl\/"]}]}},"_links":{"self":[{"href":"https:\/\/www.taalhammer.com\/pl\/wp-json\/wp\/v2\/pages\/12445","targetHints":{"allow":["GET"]}}],"collection":[{"href":"https:\/\/www.taalhammer.com\/pl\/wp-json\/wp\/v2\/pages"}],"about":[{"href":"https:\/\/www.taalhammer.com\/pl\/wp-json\/wp\/v2\/types\/page"}],"author":[{"embeddable":true,"href":"https:\/\/www.taalhammer.com\/pl\/wp-json\/wp\/v2\/users\/1"}],"replies":[{"embeddable":true,"href":"https:\/\/www.taalhammer.com\/pl\/wp-json\/wp\/v2\/comments?post=12445"}],"version-history":[{"count":1,"href":"https:\/\/www.taalhammer.com\/pl\/wp-json\/wp\/v2\/pages\/12445\/revisions"}],"predecessor-version":[{"id":12446,"href":"https:\/\/www.taalhammer.com\/pl\/wp-json\/wp\/v2\/pages\/12445\/revisions\/12446"}],"wp:attachment":[{"href":"https:\/\/www.taalhammer.com\/pl\/wp-json\/wp\/v2\/media?parent=12445"}],"wp:term":[{"taxonomy":"category","embeddable":true,"href":"https:\/\/www.taalhammer.com\/pl\/wp-json\/wp\/v2\/categories?post=12445"},{"taxonomy":"post_tag","embeddable":true,"href":"https:\/\/www.taalhammer.com\/pl\/wp-json\/wp\/v2\/tags?post=12445"}],"curies":[{"name":"wp","href":"https:\/\/api.w.org\/{rel}","templated":true}]}}