{"id":12326,"date":"2024-05-28T15:01:01","date_gmt":"2024-05-28T15:01:01","guid":{"rendered":"https:\/\/www.taalhammer.com\/?page_id=12326"},"modified":"2025-12-12T15:19:33","modified_gmt":"2025-12-12T15:19:33","slug":"kreator-ai","status":"publish","type":"page","link":"https:\/\/www.taalhammer.com\/pl\/kreator-ai\/","title":{"rendered":"Kreator AI"},"content":{"rendered":"\n<p>Nie wa\u017cne jak d\u0142ugo czy kr\u00f3tko uczysz si\u0119&nbsp;j\u0119zyka. Zawsze b\u0119d\u0105 s\u0142owa, zwroty, wyra\u017cenia i zdania, kt\u00f3rych znaczenie b\u0119dziesz chcia\u0142 sprawdzi\u0107. Wszystkie te elementy mo\u017cesz \u0142atwo wyszuka\u0107 w ogromnej bazie przyk\u0142ad\u00f3w lub przet\u0142umaczy\u0107 za pomoc\u0105 sztucznej inteligencji. Co najwa\u017cniejsze, jednym klikni\u0119ciem mo\u017cesz to doda\u0107 do swoich powt\u00f3rek aby ju\u017c nigdy nie zapomnie\u0107<\/p>\n\n\n\n<p>Rozdzia\u0142 ten sk\u0142ada si\u0119&nbsp;z nast\u0119puj\u0105cych cz\u0119\u015bci:<\/p>\n\n\n\n<ul class=\"wp-block-list\">\n<li><a href=\"https:\/\/www.taalhammer.com\/pl\/jak-stworzyc-fiszke\/\">Jak stworzy\u0107 fiszk\u0119<\/a><\/li>\n\n\n\n<li><a href=\"https:\/\/www.taalhammer.com\/pl\/jak-uzywac-wyszukiwarki\/\">Jak u\u017cywa\u0107 wyszukiwarki<\/a><\/li>\n<\/ul>\n","protected":false},"excerpt":{"rendered":"<p>Nie wa\u017cne jak d\u0142ugo czy kr\u00f3tko uczysz si\u0119&nbsp;j\u0119zyka. Zawsze b\u0119d\u0105 s\u0142owa, zwroty, wyra\u017cenia i zdania, kt\u00f3rych znaczenie b\u0119dziesz chcia\u0142 sprawdzi\u0107. Wszystkie te elementy mo\u017cesz \u0142atwo wyszuka\u0107 w ogromnej bazie przyk\u0142ad\u00f3w&#8230;<\/p>\n","protected":false},"author":1,"featured_media":0,"parent":0,"menu_order":0,"comment_status":"closed","ping_status":"closed","template":"template-help-page.php","meta":{"_acf_changed":false,"pmpro_default_level":"","inline_featured_image":false,"footnotes":""},"categories":[227],"tags":[],"class_list":["post-12326","page","type-page","status-publish","hentry","category-help-pl","pmpro-has-access"],"acf":{"body_class":""},"yoast_head":"<!-- This site is optimized with the Yoast SEO Premium plugin v23.4 (Yoast SEO v23.4) - https:\/\/yoast.com\/wordpress\/plugins\/seo\/ -->\n<title>Kreator AI | Taalhammer<\/title>\n<meta name=\"robots\" content=\"index, follow, max-snippet:-1, max-image-preview:large, max-video-preview:-1\" \/>\n<link rel=\"canonical\" href=\"https:\/\/www.taalhammer.com\/pl\/kreator-ai\/\" \/>\n<meta property=\"og:locale\" content=\"pl_PL\" \/>\n<meta property=\"og:type\" content=\"article\" \/>\n<meta property=\"og:title\" content=\"Kreator AI\" \/>\n<meta property=\"og:description\" content=\"Nie wa\u017cne jak d\u0142ugo czy kr\u00f3tko uczysz si\u0119&nbsp;j\u0119zyka. Zawsze b\u0119d\u0105 s\u0142owa, zwroty, wyra\u017cenia i zdania, kt\u00f3rych znaczenie b\u0119dziesz chcia\u0142 sprawdzi\u0107. Wszystkie te elementy mo\u017cesz \u0142atwo wyszuka\u0107 w ogromnej bazie przyk\u0142ad\u00f3w...\" \/>\n<meta property=\"og:url\" content=\"https:\/\/www.taalhammer.com\/pl\/kreator-ai\/\" \/>\n<meta property=\"og:site_name\" content=\"Taalhammer\" \/>\n<meta property=\"article:publisher\" content=\"https:\/\/www.facebook.com\/taalhammer\" \/>\n<meta property=\"article:modified_time\" content=\"2025-12-12T15:19:33+00:00\" \/>\n<meta property=\"og:image\" content=\"https:\/\/www.taalhammer.com\/wp-content\/uploads\/2021\/09\/image-1-807x1024-1.png\" \/>\n\t<meta property=\"og:image:width\" content=\"807\" \/>\n\t<meta property=\"og:image:height\" content=\"1024\" \/>\n\t<meta property=\"og:image:type\" content=\"image\/png\" \/>\n<meta name=\"twitter:card\" content=\"summary_large_image\" \/>\n<meta name=\"twitter:site\" content=\"@taalhammer\" \/>\n<meta name=\"twitter:label1\" content=\"Szacowany czas czytania\" \/>\n\t<meta name=\"twitter:data1\" content=\"1 minuta\" \/>\n<script type=\"application\/ld+json\" class=\"yoast-schema-graph\">{\"@context\":\"https:\/\/schema.org\",\"@graph\":[{\"@type\":\"WebPage\",\"@id\":\"https:\/\/www.taalhammer.com\/pl\/kreator-ai\/\",\"url\":\"https:\/\/www.taalhammer.com\/pl\/kreator-ai\/\",\"name\":\"Kreator AI | Taalhammer\",\"isPartOf\":{\"@id\":\"https:\/\/www.taalhammer.com\/pl\/#website\"},\"datePublished\":\"2024-05-28T15:01:01+00:00\",\"dateModified\":\"2025-12-12T15:19:33+00:00\",\"breadcrumb\":{\"@id\":\"https:\/\/www.taalhammer.com\/pl\/kreator-ai\/#breadcrumb\"},\"inLanguage\":\"pl-PL\",\"potentialAction\":[{\"@type\":\"ReadAction\",\"target\":[\"https:\/\/www.taalhammer.com\/pl\/kreator-ai\/\"]}]},{\"@type\":\"BreadcrumbList\",\"@id\":\"https:\/\/www.taalhammer.com\/pl\/kreator-ai\/#breadcrumb\",\"itemListElement\":[{\"@type\":\"ListItem\",\"position\":1,\"name\":\"Home\",\"item\":\"https:\/\/www.taalhammer.com\/pl\/\"},{\"@type\":\"ListItem\",\"position\":2,\"name\":\"Kreator AI\"}]},{\"@type\":\"WebSite\",\"@id\":\"https:\/\/www.taalhammer.com\/pl\/#website\",\"url\":\"https:\/\/www.taalhammer.com\/pl\/\",\"name\":\"Taalhammer\",\"description\":\"Stop mumbling, start to speak\",\"publisher\":{\"@id\":\"https:\/\/www.taalhammer.com\/pl\/#organization\"},\"potentialAction\":[{\"@type\":\"SearchAction\",\"target\":{\"@type\":\"EntryPoint\",\"urlTemplate\":\"https:\/\/www.taalhammer.com\/pl\/?s={search_term_string}\"},\"query-input\":{\"@type\":\"PropertyValueSpecification\",\"valueRequired\":true,\"valueName\":\"search_term_string\"}}],\"inLanguage\":\"pl-PL\"},{\"@type\":\"Organization\",\"@id\":\"https:\/\/www.taalhammer.com\/pl\/#organization\",\"name\":\"Taalhammer\",\"url\":\"https:\/\/www.taalhammer.com\/pl\/\",\"logo\":{\"@type\":\"ImageObject\",\"inLanguage\":\"pl-PL\",\"@id\":\"https:\/\/www.taalhammer.com\/pl\/#\/schema\/logo\/image\/\",\"url\":\"https:\/\/www.taalhammer.com\/wp-content\/uploads\/2019\/06\/Taalhammer_B_W_cut_negative.png\",\"contentUrl\":\"https:\/\/www.taalhammer.com\/wp-content\/uploads\/2019\/06\/Taalhammer_B_W_cut_negative.png\",\"width\":290,\"height\":256,\"caption\":\"Taalhammer\"},\"image\":{\"@id\":\"https:\/\/www.taalhammer.com\/pl\/#\/schema\/logo\/image\/\"},\"sameAs\":[\"https:\/\/www.facebook.com\/taalhammer\",\"https:\/\/x.com\/taalhammer\",\"https:\/\/www.instagram.com\/taalhammer_pl\/\"]}]}<\/script>\n<!-- \/ Yoast SEO Premium plugin. -->","yoast_head_json":{"title":"Kreator AI | Taalhammer","robots":{"index":"index","follow":"follow","max-snippet":"max-snippet:-1","max-image-preview":"max-image-preview:large","max-video-preview":"max-video-preview:-1"},"canonical":"https:\/\/www.taalhammer.com\/pl\/kreator-ai\/","og_locale":"pl_PL","og_type":"article","og_title":"Kreator AI","og_description":"Nie wa\u017cne jak d\u0142ugo czy kr\u00f3tko uczysz si\u0119&nbsp;j\u0119zyka. Zawsze b\u0119d\u0105 s\u0142owa, zwroty, wyra\u017cenia i zdania, kt\u00f3rych znaczenie b\u0119dziesz chcia\u0142 sprawdzi\u0107. Wszystkie te elementy mo\u017cesz \u0142atwo wyszuka\u0107 w ogromnej bazie przyk\u0142ad\u00f3w...","og_url":"https:\/\/www.taalhammer.com\/pl\/kreator-ai\/","og_site_name":"Taalhammer","article_publisher":"https:\/\/www.facebook.com\/taalhammer","article_modified_time":"2025-12-12T15:19:33+00:00","og_image":[{"width":807,"height":1024,"url":"https:\/\/www.taalhammer.com\/wp-content\/uploads\/2021\/09\/image-1-807x1024-1.png","type":"image\/png"}],"twitter_card":"summary_large_image","twitter_site":"@taalhammer","twitter_misc":{"Szacowany czas czytania":"1 minuta"},"schema":{"@context":"https:\/\/schema.org","@graph":[{"@type":"WebPage","@id":"https:\/\/www.taalhammer.com\/pl\/kreator-ai\/","url":"https:\/\/www.taalhammer.com\/pl\/kreator-ai\/","name":"Kreator AI | Taalhammer","isPartOf":{"@id":"https:\/\/www.taalhammer.com\/pl\/#website"},"datePublished":"2024-05-28T15:01:01+00:00","dateModified":"2025-12-12T15:19:33+00:00","breadcrumb":{"@id":"https:\/\/www.taalhammer.com\/pl\/kreator-ai\/#breadcrumb"},"inLanguage":"pl-PL","potentialAction":[{"@type":"ReadAction","target":["https:\/\/www.taalhammer.com\/pl\/kreator-ai\/"]}]},{"@type":"BreadcrumbList","@id":"https:\/\/www.taalhammer.com\/pl\/kreator-ai\/#breadcrumb","itemListElement":[{"@type":"ListItem","position":1,"name":"Home","item":"https:\/\/www.taalhammer.com\/pl\/"},{"@type":"ListItem","position":2,"name":"Kreator AI"}]},{"@type":"WebSite","@id":"https:\/\/www.taalhammer.com\/pl\/#website","url":"https:\/\/www.taalhammer.com\/pl\/","name":"Taalhammer","description":"Stop mumbling, start to speak","publisher":{"@id":"https:\/\/www.taalhammer.com\/pl\/#organization"},"potentialAction":[{"@type":"SearchAction","target":{"@type":"EntryPoint","urlTemplate":"https:\/\/www.taalhammer.com\/pl\/?s={search_term_string}"},"query-input":{"@type":"PropertyValueSpecification","valueRequired":true,"valueName":"search_term_string"}}],"inLanguage":"pl-PL"},{"@type":"Organization","@id":"https:\/\/www.taalhammer.com\/pl\/#organization","name":"Taalhammer","url":"https:\/\/www.taalhammer.com\/pl\/","logo":{"@type":"ImageObject","inLanguage":"pl-PL","@id":"https:\/\/www.taalhammer.com\/pl\/#\/schema\/logo\/image\/","url":"https:\/\/www.taalhammer.com\/wp-content\/uploads\/2019\/06\/Taalhammer_B_W_cut_negative.png","contentUrl":"https:\/\/www.taalhammer.com\/wp-content\/uploads\/2019\/06\/Taalhammer_B_W_cut_negative.png","width":290,"height":256,"caption":"Taalhammer"},"image":{"@id":"https:\/\/www.taalhammer.com\/pl\/#\/schema\/logo\/image\/"},"sameAs":["https:\/\/www.facebook.com\/taalhammer","https:\/\/x.com\/taalhammer","https:\/\/www.instagram.com\/taalhammer_pl\/"]}]}},"_links":{"self":[{"href":"https:\/\/www.taalhammer.com\/pl\/wp-json\/wp\/v2\/pages\/12326","targetHints":{"allow":["GET"]}}],"collection":[{"href":"https:\/\/www.taalhammer.com\/pl\/wp-json\/wp\/v2\/pages"}],"about":[{"href":"https:\/\/www.taalhammer.com\/pl\/wp-json\/wp\/v2\/types\/page"}],"author":[{"embeddable":true,"href":"https:\/\/www.taalhammer.com\/pl\/wp-json\/wp\/v2\/users\/1"}],"replies":[{"embeddable":true,"href":"https:\/\/www.taalhammer.com\/pl\/wp-json\/wp\/v2\/comments?post=12326"}],"version-history":[{"count":3,"href":"https:\/\/www.taalhammer.com\/pl\/wp-json\/wp\/v2\/pages\/12326\/revisions"}],"predecessor-version":[{"id":12590,"href":"https:\/\/www.taalhammer.com\/pl\/wp-json\/wp\/v2\/pages\/12326\/revisions\/12590"}],"wp:attachment":[{"href":"https:\/\/www.taalhammer.com\/pl\/wp-json\/wp\/v2\/media?parent=12326"}],"wp:term":[{"taxonomy":"category","embeddable":true,"href":"https:\/\/www.taalhammer.com\/pl\/wp-json\/wp\/v2\/categories?post=12326"},{"taxonomy":"post_tag","embeddable":true,"href":"https:\/\/www.taalhammer.com\/pl\/wp-json\/wp\/v2\/tags?post=12326"}],"curies":[{"name":"wp","href":"https:\/\/api.w.org\/{rel}","templated":true}]}}