{"id":12324,"date":"2024-05-28T14:59:58","date_gmt":"2024-05-28T14:59:58","guid":{"rendered":"https:\/\/www.taalhammer.com\/?page_id=12324"},"modified":"2025-12-12T15:10:14","modified_gmt":"2025-12-12T15:10:14","slug":"rozumienie-ze-sluchu","status":"publish","type":"page","link":"https:\/\/www.taalhammer.com\/pl\/rozumienie-ze-sluchu\/","title":{"rendered":"Rozumienie ze s\u0142uchu"},"content":{"rendered":"\n<p>W tym rozdziale dowiesz jak \u0107wiczy\u0107 rozumienie ze s\u0142uchu lub m\u00f3wi\u0105c bardziej potocznie jak si\u0119 \u201cos\u0142uchiwa\u0107 z j\u0119zykiem\u201d i jak to robi\u0107 skutecznie<\/p>\n\n\n\n<p>Dowiesz si\u0119 przede wszystkim jakie s\u0105 rodzaje \u0107wicze\u0144 na rozumienie ze s\u0142uchu i jak wybiera\u0107 czego chcesz aktualnie s\u0142ucha\u0107.<\/p>\n\n\n\n<p>Rozdzia\u0142 ten sk\u0142ada si\u0119&nbsp;z nast\u0119puj\u0105cych cz\u0119\u015bci:<\/p>\n\n\n\n<ul class=\"wp-block-list\">\n<li><a href=\"https:\/\/www.taalhammer.com\/pl\/jak-cwiczyc-rozumienie-ze-sluchu\/\">Jak \u0107wiczy\u0107 rozumienie ze s\u0142uchu<\/a><\/li>\n\n\n\n<li><a href=\"https:\/\/www.taalhammer.com\/pl\/rozne-rodzaje-cwiczen-ze-sluchu\/\">R\u00f3\u017cne rodzaje \u0107wicze\u0144 ze s\u0142uchu<\/a><\/li>\n\n\n\n<li><a href=\"https:\/\/www.taalhammer.com\/pl\/strumien-sluchania\/\">Strumie\u0144 s\u0142uchania<\/a><\/li>\n\n\n\n<li><a href=\"https:\/\/www.taalhammer.com\/pl\/jak-sluchac-tresci-ktore-sam-stworzyles\/\">Jak s\u0142ucha\u0107 tre\u015bci, kt\u00f3re sam stworzy\u0142e\u015b<\/a><\/li>\n\n\n\n<li><a href=\"https:\/\/www.taalhammer.com\/pl\/historyjki-i-dialogi-generowane-przez-sztuczna-inteligencje\/\">Historyjki i dialogi generowane przez sztuczna inteligencje<\/a><\/li>\n<\/ul>\n","protected":false},"excerpt":{"rendered":"<p>W tym rozdziale dowiesz jak \u0107wiczy\u0107 rozumienie ze s\u0142uchu lub m\u00f3wi\u0105c bardziej potocznie jak si\u0119 \u201cos\u0142uchiwa\u0107 z j\u0119zykiem\u201d i jak to robi\u0107 skutecznie Dowiesz si\u0119 przede wszystkim jakie s\u0105 rodzaje&#8230;<\/p>\n","protected":false},"author":1,"featured_media":0,"parent":0,"menu_order":0,"comment_status":"closed","ping_status":"closed","template":"template-help-page.php","meta":{"_acf_changed":false,"pmpro_default_level":"","inline_featured_image":false,"footnotes":""},"categories":[227],"tags":[],"class_list":["post-12324","page","type-page","status-publish","hentry","category-help-pl","pmpro-has-access"],"acf":{"body_class":""},"yoast_head":"<!-- This site is optimized with the Yoast SEO Premium plugin v23.4 (Yoast SEO v23.4) - https:\/\/yoast.com\/wordpress\/plugins\/seo\/ -->\n<title>Rozumienie ze s\u0142uchu | Taalhammer<\/title>\n<meta name=\"robots\" content=\"index, follow, max-snippet:-1, max-image-preview:large, max-video-preview:-1\" \/>\n<link rel=\"canonical\" href=\"https:\/\/www.taalhammer.com\/pl\/rozumienie-ze-sluchu\/\" \/>\n<meta property=\"og:locale\" content=\"pl_PL\" \/>\n<meta property=\"og:type\" content=\"article\" \/>\n<meta property=\"og:title\" content=\"Rozumienie ze s\u0142uchu\" \/>\n<meta property=\"og:description\" content=\"W tym rozdziale dowiesz jak \u0107wiczy\u0107 rozumienie ze s\u0142uchu lub m\u00f3wi\u0105c bardziej potocznie jak si\u0119 \u201cos\u0142uchiwa\u0107 z j\u0119zykiem\u201d i jak to robi\u0107 skutecznie Dowiesz si\u0119 przede wszystkim jakie s\u0105 rodzaje...\" \/>\n<meta property=\"og:url\" content=\"https:\/\/www.taalhammer.com\/pl\/rozumienie-ze-sluchu\/\" \/>\n<meta property=\"og:site_name\" content=\"Taalhammer\" \/>\n<meta property=\"article:publisher\" content=\"https:\/\/www.facebook.com\/taalhammer\" \/>\n<meta property=\"article:modified_time\" content=\"2025-12-12T15:10:14+00:00\" \/>\n<meta property=\"og:image\" content=\"https:\/\/www.taalhammer.com\/wp-content\/uploads\/2021\/09\/image-1-807x1024-1.png\" \/>\n\t<meta property=\"og:image:width\" content=\"807\" \/>\n\t<meta property=\"og:image:height\" content=\"1024\" \/>\n\t<meta property=\"og:image:type\" content=\"image\/png\" \/>\n<meta name=\"twitter:card\" content=\"summary_large_image\" \/>\n<meta name=\"twitter:site\" content=\"@taalhammer\" \/>\n<script type=\"application\/ld+json\" class=\"yoast-schema-graph\">{\"@context\":\"https:\/\/schema.org\",\"@graph\":[{\"@type\":\"WebPage\",\"@id\":\"https:\/\/www.taalhammer.com\/pl\/rozumienie-ze-sluchu\/\",\"url\":\"https:\/\/www.taalhammer.com\/pl\/rozumienie-ze-sluchu\/\",\"name\":\"Rozumienie ze s\u0142uchu | Taalhammer\",\"isPartOf\":{\"@id\":\"https:\/\/www.taalhammer.com\/pl\/#website\"},\"datePublished\":\"2024-05-28T14:59:58+00:00\",\"dateModified\":\"2025-12-12T15:10:14+00:00\",\"breadcrumb\":{\"@id\":\"https:\/\/www.taalhammer.com\/pl\/rozumienie-ze-sluchu\/#breadcrumb\"},\"inLanguage\":\"pl-PL\",\"potentialAction\":[{\"@type\":\"ReadAction\",\"target\":[\"https:\/\/www.taalhammer.com\/pl\/rozumienie-ze-sluchu\/\"]}]},{\"@type\":\"BreadcrumbList\",\"@id\":\"https:\/\/www.taalhammer.com\/pl\/rozumienie-ze-sluchu\/#breadcrumb\",\"itemListElement\":[{\"@type\":\"ListItem\",\"position\":1,\"name\":\"Home\",\"item\":\"https:\/\/www.taalhammer.com\/pl\/\"},{\"@type\":\"ListItem\",\"position\":2,\"name\":\"Rozumienie ze s\u0142uchu\"}]},{\"@type\":\"WebSite\",\"@id\":\"https:\/\/www.taalhammer.com\/pl\/#website\",\"url\":\"https:\/\/www.taalhammer.com\/pl\/\",\"name\":\"Taalhammer\",\"description\":\"Stop mumbling, start to speak\",\"publisher\":{\"@id\":\"https:\/\/www.taalhammer.com\/pl\/#organization\"},\"potentialAction\":[{\"@type\":\"SearchAction\",\"target\":{\"@type\":\"EntryPoint\",\"urlTemplate\":\"https:\/\/www.taalhammer.com\/pl\/?s={search_term_string}\"},\"query-input\":{\"@type\":\"PropertyValueSpecification\",\"valueRequired\":true,\"valueName\":\"search_term_string\"}}],\"inLanguage\":\"pl-PL\"},{\"@type\":\"Organization\",\"@id\":\"https:\/\/www.taalhammer.com\/pl\/#organization\",\"name\":\"Taalhammer\",\"url\":\"https:\/\/www.taalhammer.com\/pl\/\",\"logo\":{\"@type\":\"ImageObject\",\"inLanguage\":\"pl-PL\",\"@id\":\"https:\/\/www.taalhammer.com\/pl\/#\/schema\/logo\/image\/\",\"url\":\"https:\/\/www.taalhammer.com\/wp-content\/uploads\/2019\/06\/Taalhammer_B_W_cut_negative.png\",\"contentUrl\":\"https:\/\/www.taalhammer.com\/wp-content\/uploads\/2019\/06\/Taalhammer_B_W_cut_negative.png\",\"width\":290,\"height\":256,\"caption\":\"Taalhammer\"},\"image\":{\"@id\":\"https:\/\/www.taalhammer.com\/pl\/#\/schema\/logo\/image\/\"},\"sameAs\":[\"https:\/\/www.facebook.com\/taalhammer\",\"https:\/\/x.com\/taalhammer\",\"https:\/\/www.instagram.com\/taalhammer_pl\/\"]}]}<\/script>\n<!-- \/ Yoast SEO Premium plugin. -->","yoast_head_json":{"title":"Rozumienie ze s\u0142uchu | Taalhammer","robots":{"index":"index","follow":"follow","max-snippet":"max-snippet:-1","max-image-preview":"max-image-preview:large","max-video-preview":"max-video-preview:-1"},"canonical":"https:\/\/www.taalhammer.com\/pl\/rozumienie-ze-sluchu\/","og_locale":"pl_PL","og_type":"article","og_title":"Rozumienie ze s\u0142uchu","og_description":"W tym rozdziale dowiesz jak \u0107wiczy\u0107 rozumienie ze s\u0142uchu lub m\u00f3wi\u0105c bardziej potocznie jak si\u0119 \u201cos\u0142uchiwa\u0107 z j\u0119zykiem\u201d i jak to robi\u0107 skutecznie Dowiesz si\u0119 przede wszystkim jakie s\u0105 rodzaje...","og_url":"https:\/\/www.taalhammer.com\/pl\/rozumienie-ze-sluchu\/","og_site_name":"Taalhammer","article_publisher":"https:\/\/www.facebook.com\/taalhammer","article_modified_time":"2025-12-12T15:10:14+00:00","og_image":[{"width":807,"height":1024,"url":"https:\/\/www.taalhammer.com\/wp-content\/uploads\/2021\/09\/image-1-807x1024-1.png","type":"image\/png"}],"twitter_card":"summary_large_image","twitter_site":"@taalhammer","schema":{"@context":"https:\/\/schema.org","@graph":[{"@type":"WebPage","@id":"https:\/\/www.taalhammer.com\/pl\/rozumienie-ze-sluchu\/","url":"https:\/\/www.taalhammer.com\/pl\/rozumienie-ze-sluchu\/","name":"Rozumienie ze s\u0142uchu | Taalhammer","isPartOf":{"@id":"https:\/\/www.taalhammer.com\/pl\/#website"},"datePublished":"2024-05-28T14:59:58+00:00","dateModified":"2025-12-12T15:10:14+00:00","breadcrumb":{"@id":"https:\/\/www.taalhammer.com\/pl\/rozumienie-ze-sluchu\/#breadcrumb"},"inLanguage":"pl-PL","potentialAction":[{"@type":"ReadAction","target":["https:\/\/www.taalhammer.com\/pl\/rozumienie-ze-sluchu\/"]}]},{"@type":"BreadcrumbList","@id":"https:\/\/www.taalhammer.com\/pl\/rozumienie-ze-sluchu\/#breadcrumb","itemListElement":[{"@type":"ListItem","position":1,"name":"Home","item":"https:\/\/www.taalhammer.com\/pl\/"},{"@type":"ListItem","position":2,"name":"Rozumienie ze s\u0142uchu"}]},{"@type":"WebSite","@id":"https:\/\/www.taalhammer.com\/pl\/#website","url":"https:\/\/www.taalhammer.com\/pl\/","name":"Taalhammer","description":"Stop mumbling, start to speak","publisher":{"@id":"https:\/\/www.taalhammer.com\/pl\/#organization"},"potentialAction":[{"@type":"SearchAction","target":{"@type":"EntryPoint","urlTemplate":"https:\/\/www.taalhammer.com\/pl\/?s={search_term_string}"},"query-input":{"@type":"PropertyValueSpecification","valueRequired":true,"valueName":"search_term_string"}}],"inLanguage":"pl-PL"},{"@type":"Organization","@id":"https:\/\/www.taalhammer.com\/pl\/#organization","name":"Taalhammer","url":"https:\/\/www.taalhammer.com\/pl\/","logo":{"@type":"ImageObject","inLanguage":"pl-PL","@id":"https:\/\/www.taalhammer.com\/pl\/#\/schema\/logo\/image\/","url":"https:\/\/www.taalhammer.com\/wp-content\/uploads\/2019\/06\/Taalhammer_B_W_cut_negative.png","contentUrl":"https:\/\/www.taalhammer.com\/wp-content\/uploads\/2019\/06\/Taalhammer_B_W_cut_negative.png","width":290,"height":256,"caption":"Taalhammer"},"image":{"@id":"https:\/\/www.taalhammer.com\/pl\/#\/schema\/logo\/image\/"},"sameAs":["https:\/\/www.facebook.com\/taalhammer","https:\/\/x.com\/taalhammer","https:\/\/www.instagram.com\/taalhammer_pl\/"]}]}},"_links":{"self":[{"href":"https:\/\/www.taalhammer.com\/pl\/wp-json\/wp\/v2\/pages\/12324","targetHints":{"allow":["GET"]}}],"collection":[{"href":"https:\/\/www.taalhammer.com\/pl\/wp-json\/wp\/v2\/pages"}],"about":[{"href":"https:\/\/www.taalhammer.com\/pl\/wp-json\/wp\/v2\/types\/page"}],"author":[{"embeddable":true,"href":"https:\/\/www.taalhammer.com\/pl\/wp-json\/wp\/v2\/users\/1"}],"replies":[{"embeddable":true,"href":"https:\/\/www.taalhammer.com\/pl\/wp-json\/wp\/v2\/comments?post=12324"}],"version-history":[{"count":1,"href":"https:\/\/www.taalhammer.com\/pl\/wp-json\/wp\/v2\/pages\/12324\/revisions"}],"predecessor-version":[{"id":12325,"href":"https:\/\/www.taalhammer.com\/pl\/wp-json\/wp\/v2\/pages\/12324\/revisions\/12325"}],"wp:attachment":[{"href":"https:\/\/www.taalhammer.com\/pl\/wp-json\/wp\/v2\/media?parent=12324"}],"wp:term":[{"taxonomy":"category","embeddable":true,"href":"https:\/\/www.taalhammer.com\/pl\/wp-json\/wp\/v2\/categories?post=12324"},{"taxonomy":"post_tag","embeddable":true,"href":"https:\/\/www.taalhammer.com\/pl\/wp-json\/wp\/v2\/tags?post=12324"}],"curies":[{"name":"wp","href":"https:\/\/api.w.org\/{rel}","templated":true}]}}