{"id":12317,"date":"2024-05-28T14:52:12","date_gmt":"2024-05-28T14:52:12","guid":{"rendered":"https:\/\/www.taalhammer.com\/?page_id=12317"},"modified":"2025-12-12T15:13:15","modified_gmt":"2025-12-12T15:13:15","slug":"jak-importowac-tresci-z-csv","status":"publish","type":"page","link":"https:\/\/www.taalhammer.com\/pl\/jak-importowac-tresci-z-csv\/","title":{"rendered":"Jak importowa\u0107 tre\u015bci z CSV"},"content":{"rendered":"\n<p>Dodawanie i nauka w\u0142asnych tre\u015bci to jeden z sekret\u00f3w poliglot\u00f3w. W Taalhammerze mo\u017cesz dodawa\u0107 swoje s\u0142owa i zdania nie tylko pojedynczo, ale tak\u017ce importuj\u0105c je z innych program\u00f3w lub kurs\u00f3w za pomoc\u0105 pliku rozdzielanego przecinkami, czyli tak zwanego CSV.<\/p>\n\n\n\n<figure class=\"wp-block-embed is-type-video is-provider-youtube wp-block-embed-youtube wp-embed-aspect-16-9 wp-has-aspect-ratio\"><div class=\"wp-block-embed__wrapper\">\n<iframe loading=\"lazy\" title=\"Jak importowa\u0107 tre\u015bci z CSV\" width=\"840\" height=\"473\" src=\"https:\/\/www.youtube.com\/embed\/4NIVdcI4KPU?feature=oembed\" frameborder=\"0\" allow=\"accelerometer; autoplay; clipboard-write; encrypted-media; gyroscope; picture-in-picture; web-share\" referrerpolicy=\"strict-origin-when-cross-origin\" allowfullscreen><\/iframe>\n<\/div><\/figure>\n\n\n\n<p>Na pocz\u0105tku przygotuj plik CSV do importu. Mo\u017cesz do tego u\u017cy\u0107 na przyk\u0142ad Google Spreadsheets. Plik powinien zawiera\u0107 dwie kolumny: j\u0119zyk \u017ar\u00f3d\u0142owy i j\u0119zyk docelowy. W nag\u0142\u00f3wku ka\u017cdej kolumny podaj kod ISO j\u0119zyka z tej kolumny (\u201cpl\u201d dla polskiego, \u201cen\u201d dla angielskiego itd.). Kody i przyk\u0142ady znajdziesz na naszej stronie. Tutaj znajdziesz <a href=\"https:\/\/docs.google.com\/spreadsheets\/d\/1QF2P9SzHMu7H3bP1ukYNzg6XoUeXxZ0nbiOSJGVUUu8\/edit?usp=sharing\">link do przyk\u0142adowego pliku CSV<\/a>. Teraz wyeksportuj zawarto\u015b\u0107 jako plik, klikaj\u0105c Plik &gt; Pobierz &gt; CSV.<\/p>\n\n\n\n<figure class=\"wp-block-image\"><img loading=\"lazy\" decoding=\"async\" width=\"1600\" height=\"763\" src=\"https:\/\/www.taalhammer.com\/wp-content\/uploads\/2024\/05\/image-31.png\" alt=\"\" class=\"wp-image-12319\" srcset=\"https:\/\/www.taalhammer.com\/wp-content\/uploads\/2024\/05\/image-31.png 1600w, https:\/\/www.taalhammer.com\/wp-content\/uploads\/2024\/05\/image-31-300x143.png 300w, https:\/\/www.taalhammer.com\/wp-content\/uploads\/2024\/05\/image-31-1024x488.png 1024w, https:\/\/www.taalhammer.com\/wp-content\/uploads\/2024\/05\/image-31-768x366.png 768w, https:\/\/www.taalhammer.com\/wp-content\/uploads\/2024\/05\/image-31-1536x732.png 1536w, https:\/\/www.taalhammer.com\/wp-content\/uploads\/2024\/05\/image-31-1568x748.png 1568w\" sizes=\"auto, (max-width: 709px) 85vw, (max-width: 909px) 67vw, (max-width: 1362px) 62vw, 840px\" \/><\/figure>\n\n\n\n<p>Gdy plik CSV b\u0119dzie gotowy, id\u017a do widoku kolekcji, naci\u015bnij przycisk \u201cimport\u201d. Wybierz wyeksportowany plik z dysku i potwierd\u017a. Po chwili Twoje tre\u015bci znajd\u0105 si\u0119 w kolekcji i mo\u017cesz zacz\u0105\u0107 je powtarza\u0107 w trybie nauki albo s\u0142uchania. Mo\u017cesz te\u017c z \u0142atwo\u015bci\u0105 dzieli\u0107 si\u0119 tymi tre\u015bciami z innymi u\u017cytkownikami.<\/p>\n\n\n\n<figure class=\"wp-block-image\"><img loading=\"lazy\" decoding=\"async\" width=\"1600\" height=\"866\" src=\"https:\/\/www.taalhammer.com\/wp-content\/uploads\/2024\/05\/image-30.png\" alt=\"\" class=\"wp-image-12318\" srcset=\"https:\/\/www.taalhammer.com\/wp-content\/uploads\/2024\/05\/image-30.png 1600w, https:\/\/www.taalhammer.com\/wp-content\/uploads\/2024\/05\/image-30-300x162.png 300w, https:\/\/www.taalhammer.com\/wp-content\/uploads\/2024\/05\/image-30-1024x554.png 1024w, https:\/\/www.taalhammer.com\/wp-content\/uploads\/2024\/05\/image-30-768x416.png 768w, https:\/\/www.taalhammer.com\/wp-content\/uploads\/2024\/05\/image-30-1536x831.png 1536w, https:\/\/www.taalhammer.com\/wp-content\/uploads\/2024\/05\/image-30-1568x849.png 1568w\" sizes=\"auto, (max-width: 709px) 85vw, (max-width: 909px) 67vw, (max-width: 1362px) 62vw, 840px\" \/><\/figure>\n","protected":false},"excerpt":{"rendered":"<p>Dodawanie i nauka w\u0142asnych tre\u015bci to jeden z sekret\u00f3w poliglot\u00f3w. W Taalhammerze mo\u017cesz dodawa\u0107 swoje s\u0142owa i zdania nie tylko pojedynczo, ale tak\u017ce importuj\u0105c je z innych program\u00f3w lub kurs\u00f3w&#8230;<\/p>\n","protected":false},"author":16,"featured_media":0,"parent":0,"menu_order":0,"comment_status":"closed","ping_status":"closed","template":"template-help-page.php","meta":{"_acf_changed":false,"pmpro_default_level":"","inline_featured_image":false,"footnotes":""},"categories":[227],"tags":[],"class_list":["post-12317","page","type-page","status-publish","hentry","category-help-pl","pmpro-has-access"],"acf":{"body_class":""},"yoast_head":"<!-- This site is optimized with the Yoast SEO Premium plugin v23.4 (Yoast SEO v23.4) - https:\/\/yoast.com\/wordpress\/plugins\/seo\/ -->\n<title>Jak importowa\u0107 tre\u015bci z CSV | Taalhammer<\/title>\n<meta name=\"robots\" content=\"index, follow, max-snippet:-1, max-image-preview:large, max-video-preview:-1\" \/>\n<link rel=\"canonical\" href=\"https:\/\/www.taalhammer.com\/pl\/jak-importowac-tresci-z-csv\/\" \/>\n<meta property=\"og:locale\" content=\"pl_PL\" \/>\n<meta property=\"og:type\" content=\"article\" \/>\n<meta property=\"og:title\" content=\"Jak importowa\u0107 tre\u015bci z CSV\" \/>\n<meta property=\"og:description\" content=\"Dodawanie i nauka w\u0142asnych tre\u015bci to jeden z sekret\u00f3w poliglot\u00f3w. W Taalhammerze mo\u017cesz dodawa\u0107 swoje s\u0142owa i zdania nie tylko pojedynczo, ale tak\u017ce importuj\u0105c je z innych program\u00f3w lub kurs\u00f3w...\" \/>\n<meta property=\"og:url\" content=\"https:\/\/www.taalhammer.com\/pl\/jak-importowac-tresci-z-csv\/\" \/>\n<meta property=\"og:site_name\" content=\"Taalhammer\" \/>\n<meta property=\"article:publisher\" content=\"https:\/\/www.facebook.com\/taalhammer\" \/>\n<meta property=\"article:modified_time\" content=\"2025-12-12T15:13:15+00:00\" \/>\n<meta property=\"og:image\" content=\"https:\/\/www.taalhammer.com\/wp-content\/uploads\/2024\/05\/image-31.png\" \/>\n<meta name=\"twitter:card\" content=\"summary_large_image\" \/>\n<meta name=\"twitter:site\" content=\"@taalhammer\" \/>\n<meta name=\"twitter:label1\" content=\"Szacowany czas czytania\" \/>\n\t<meta name=\"twitter:data1\" content=\"2 minuty\" \/>\n<script type=\"application\/ld+json\" class=\"yoast-schema-graph\">{\"@context\":\"https:\/\/schema.org\",\"@graph\":[{\"@type\":\"WebPage\",\"@id\":\"https:\/\/www.taalhammer.com\/pl\/jak-importowac-tresci-z-csv\/\",\"url\":\"https:\/\/www.taalhammer.com\/pl\/jak-importowac-tresci-z-csv\/\",\"name\":\"Jak importowa\u0107 tre\u015bci z CSV | Taalhammer\",\"isPartOf\":{\"@id\":\"https:\/\/www.taalhammer.com\/pl\/#website\"},\"primaryImageOfPage\":{\"@id\":\"https:\/\/www.taalhammer.com\/pl\/jak-importowac-tresci-z-csv\/#primaryimage\"},\"image\":{\"@id\":\"https:\/\/www.taalhammer.com\/pl\/jak-importowac-tresci-z-csv\/#primaryimage\"},\"thumbnailUrl\":\"https:\/\/www.taalhammer.com\/wp-content\/uploads\/2024\/05\/image-31.png\",\"datePublished\":\"2024-05-28T14:52:12+00:00\",\"dateModified\":\"2025-12-12T15:13:15+00:00\",\"breadcrumb\":{\"@id\":\"https:\/\/www.taalhammer.com\/pl\/jak-importowac-tresci-z-csv\/#breadcrumb\"},\"inLanguage\":\"pl-PL\",\"potentialAction\":[{\"@type\":\"ReadAction\",\"target\":[\"https:\/\/www.taalhammer.com\/pl\/jak-importowac-tresci-z-csv\/\"]}]},{\"@type\":\"ImageObject\",\"inLanguage\":\"pl-PL\",\"@id\":\"https:\/\/www.taalhammer.com\/pl\/jak-importowac-tresci-z-csv\/#primaryimage\",\"url\":\"https:\/\/www.taalhammer.com\/wp-content\/uploads\/2024\/05\/image-31.png\",\"contentUrl\":\"https:\/\/www.taalhammer.com\/wp-content\/uploads\/2024\/05\/image-31.png\"},{\"@type\":\"BreadcrumbList\",\"@id\":\"https:\/\/www.taalhammer.com\/pl\/jak-importowac-tresci-z-csv\/#breadcrumb\",\"itemListElement\":[{\"@type\":\"ListItem\",\"position\":1,\"name\":\"Home\",\"item\":\"https:\/\/www.taalhammer.com\/pl\/\"},{\"@type\":\"ListItem\",\"position\":2,\"name\":\"Jak importowa\u0107 tre\u015bci z CSV\"}]},{\"@type\":\"WebSite\",\"@id\":\"https:\/\/www.taalhammer.com\/pl\/#website\",\"url\":\"https:\/\/www.taalhammer.com\/pl\/\",\"name\":\"Taalhammer\",\"description\":\"Stop mumbling, start to speak\",\"publisher\":{\"@id\":\"https:\/\/www.taalhammer.com\/pl\/#organization\"},\"potentialAction\":[{\"@type\":\"SearchAction\",\"target\":{\"@type\":\"EntryPoint\",\"urlTemplate\":\"https:\/\/www.taalhammer.com\/pl\/?s={search_term_string}\"},\"query-input\":{\"@type\":\"PropertyValueSpecification\",\"valueRequired\":true,\"valueName\":\"search_term_string\"}}],\"inLanguage\":\"pl-PL\"},{\"@type\":\"Organization\",\"@id\":\"https:\/\/www.taalhammer.com\/pl\/#organization\",\"name\":\"Taalhammer\",\"url\":\"https:\/\/www.taalhammer.com\/pl\/\",\"logo\":{\"@type\":\"ImageObject\",\"inLanguage\":\"pl-PL\",\"@id\":\"https:\/\/www.taalhammer.com\/pl\/#\/schema\/logo\/image\/\",\"url\":\"https:\/\/www.taalhammer.com\/wp-content\/uploads\/2019\/06\/Taalhammer_B_W_cut_negative.png\",\"contentUrl\":\"https:\/\/www.taalhammer.com\/wp-content\/uploads\/2019\/06\/Taalhammer_B_W_cut_negative.png\",\"width\":290,\"height\":256,\"caption\":\"Taalhammer\"},\"image\":{\"@id\":\"https:\/\/www.taalhammer.com\/pl\/#\/schema\/logo\/image\/\"},\"sameAs\":[\"https:\/\/www.facebook.com\/taalhammer\",\"https:\/\/x.com\/taalhammer\",\"https:\/\/www.instagram.com\/taalhammer_pl\/\"]}]}<\/script>\n<!-- \/ Yoast SEO Premium plugin. -->","yoast_head_json":{"title":"Jak importowa\u0107 tre\u015bci z CSV | Taalhammer","robots":{"index":"index","follow":"follow","max-snippet":"max-snippet:-1","max-image-preview":"max-image-preview:large","max-video-preview":"max-video-preview:-1"},"canonical":"https:\/\/www.taalhammer.com\/pl\/jak-importowac-tresci-z-csv\/","og_locale":"pl_PL","og_type":"article","og_title":"Jak importowa\u0107 tre\u015bci z CSV","og_description":"Dodawanie i nauka w\u0142asnych tre\u015bci to jeden z sekret\u00f3w poliglot\u00f3w. W Taalhammerze mo\u017cesz dodawa\u0107 swoje s\u0142owa i zdania nie tylko pojedynczo, ale tak\u017ce importuj\u0105c je z innych program\u00f3w lub kurs\u00f3w...","og_url":"https:\/\/www.taalhammer.com\/pl\/jak-importowac-tresci-z-csv\/","og_site_name":"Taalhammer","article_publisher":"https:\/\/www.facebook.com\/taalhammer","article_modified_time":"2025-12-12T15:13:15+00:00","og_image":[{"url":"https:\/\/www.taalhammer.com\/wp-content\/uploads\/2024\/05\/image-31.png"}],"twitter_card":"summary_large_image","twitter_site":"@taalhammer","twitter_misc":{"Szacowany czas czytania":"2 minuty"},"schema":{"@context":"https:\/\/schema.org","@graph":[{"@type":"WebPage","@id":"https:\/\/www.taalhammer.com\/pl\/jak-importowac-tresci-z-csv\/","url":"https:\/\/www.taalhammer.com\/pl\/jak-importowac-tresci-z-csv\/","name":"Jak importowa\u0107 tre\u015bci z CSV | Taalhammer","isPartOf":{"@id":"https:\/\/www.taalhammer.com\/pl\/#website"},"primaryImageOfPage":{"@id":"https:\/\/www.taalhammer.com\/pl\/jak-importowac-tresci-z-csv\/#primaryimage"},"image":{"@id":"https:\/\/www.taalhammer.com\/pl\/jak-importowac-tresci-z-csv\/#primaryimage"},"thumbnailUrl":"https:\/\/www.taalhammer.com\/wp-content\/uploads\/2024\/05\/image-31.png","datePublished":"2024-05-28T14:52:12+00:00","dateModified":"2025-12-12T15:13:15+00:00","breadcrumb":{"@id":"https:\/\/www.taalhammer.com\/pl\/jak-importowac-tresci-z-csv\/#breadcrumb"},"inLanguage":"pl-PL","potentialAction":[{"@type":"ReadAction","target":["https:\/\/www.taalhammer.com\/pl\/jak-importowac-tresci-z-csv\/"]}]},{"@type":"ImageObject","inLanguage":"pl-PL","@id":"https:\/\/www.taalhammer.com\/pl\/jak-importowac-tresci-z-csv\/#primaryimage","url":"https:\/\/www.taalhammer.com\/wp-content\/uploads\/2024\/05\/image-31.png","contentUrl":"https:\/\/www.taalhammer.com\/wp-content\/uploads\/2024\/05\/image-31.png"},{"@type":"BreadcrumbList","@id":"https:\/\/www.taalhammer.com\/pl\/jak-importowac-tresci-z-csv\/#breadcrumb","itemListElement":[{"@type":"ListItem","position":1,"name":"Home","item":"https:\/\/www.taalhammer.com\/pl\/"},{"@type":"ListItem","position":2,"name":"Jak importowa\u0107 tre\u015bci z CSV"}]},{"@type":"WebSite","@id":"https:\/\/www.taalhammer.com\/pl\/#website","url":"https:\/\/www.taalhammer.com\/pl\/","name":"Taalhammer","description":"Stop mumbling, start to speak","publisher":{"@id":"https:\/\/www.taalhammer.com\/pl\/#organization"},"potentialAction":[{"@type":"SearchAction","target":{"@type":"EntryPoint","urlTemplate":"https:\/\/www.taalhammer.com\/pl\/?s={search_term_string}"},"query-input":{"@type":"PropertyValueSpecification","valueRequired":true,"valueName":"search_term_string"}}],"inLanguage":"pl-PL"},{"@type":"Organization","@id":"https:\/\/www.taalhammer.com\/pl\/#organization","name":"Taalhammer","url":"https:\/\/www.taalhammer.com\/pl\/","logo":{"@type":"ImageObject","inLanguage":"pl-PL","@id":"https:\/\/www.taalhammer.com\/pl\/#\/schema\/logo\/image\/","url":"https:\/\/www.taalhammer.com\/wp-content\/uploads\/2019\/06\/Taalhammer_B_W_cut_negative.png","contentUrl":"https:\/\/www.taalhammer.com\/wp-content\/uploads\/2019\/06\/Taalhammer_B_W_cut_negative.png","width":290,"height":256,"caption":"Taalhammer"},"image":{"@id":"https:\/\/www.taalhammer.com\/pl\/#\/schema\/logo\/image\/"},"sameAs":["https:\/\/www.facebook.com\/taalhammer","https:\/\/x.com\/taalhammer","https:\/\/www.instagram.com\/taalhammer_pl\/"]}]}},"_links":{"self":[{"href":"https:\/\/www.taalhammer.com\/pl\/wp-json\/wp\/v2\/pages\/12317","targetHints":{"allow":["GET"]}}],"collection":[{"href":"https:\/\/www.taalhammer.com\/pl\/wp-json\/wp\/v2\/pages"}],"about":[{"href":"https:\/\/www.taalhammer.com\/pl\/wp-json\/wp\/v2\/types\/page"}],"author":[{"embeddable":true,"href":"https:\/\/www.taalhammer.com\/pl\/wp-json\/wp\/v2\/users\/16"}],"replies":[{"embeddable":true,"href":"https:\/\/www.taalhammer.com\/pl\/wp-json\/wp\/v2\/comments?post=12317"}],"version-history":[{"count":2,"href":"https:\/\/www.taalhammer.com\/pl\/wp-json\/wp\/v2\/pages\/12317\/revisions"}],"predecessor-version":[{"id":12373,"href":"https:\/\/www.taalhammer.com\/pl\/wp-json\/wp\/v2\/pages\/12317\/revisions\/12373"}],"wp:attachment":[{"href":"https:\/\/www.taalhammer.com\/pl\/wp-json\/wp\/v2\/media?parent=12317"}],"wp:term":[{"taxonomy":"category","embeddable":true,"href":"https:\/\/www.taalhammer.com\/pl\/wp-json\/wp\/v2\/categories?post=12317"},{"taxonomy":"post_tag","embeddable":true,"href":"https:\/\/www.taalhammer.com\/pl\/wp-json\/wp\/v2\/tags?post=12317"}],"curies":[{"name":"wp","href":"https:\/\/api.w.org\/{rel}","templated":true}]}}