{"id":12311,"date":"2024-05-28T14:51:07","date_gmt":"2024-05-28T14:51:07","guid":{"rendered":"https:\/\/www.taalhammer.com\/?page_id=12311"},"modified":"2025-12-12T15:12:15","modified_gmt":"2025-12-12T15:12:15","slug":"jak-dodac-google-slides-do-boarda","status":"publish","type":"page","link":"https:\/\/www.taalhammer.com\/pl\/jak-dodac-google-slides-do-boarda\/","title":{"rendered":"Jak doda\u0107 Google Slides do tablicy"},"content":{"rendered":"\n<p>W Taalhammerze mo\u017cesz r\u00f3wnie\u017c doda\u0107 Slajdy Google do tablicy i udost\u0119pnia\u0107 je innym. Je\u015bli jeste\u015b nauczycielem j\u0119zyka, mo\u017cesz r\u00f3wnie\u017c u\u017cy\u0107 ich podczas lekcji i \u0142atwo udost\u0119pni\u0107 je swoim uczniom, wraz ze wszystkimi innymi tre\u015bciami, takimi jak s\u0142owa lub zdania.<\/p>\n\n\n\n<figure class=\"wp-block-embed is-type-video is-provider-youtube wp-block-embed-youtube wp-embed-aspect-16-9 wp-has-aspect-ratio\"><div class=\"wp-block-embed__wrapper\">\n<iframe loading=\"lazy\" title=\"Jak doda\u0107 Google Slides do tablicy\" width=\"840\" height=\"473\" src=\"https:\/\/www.youtube.com\/embed\/05Bi7HlFYkQ?feature=oembed\" frameborder=\"0\" allow=\"accelerometer; autoplay; clipboard-write; encrypted-media; gyroscope; picture-in-picture; web-share\" referrerpolicy=\"strict-origin-when-cross-origin\" allowfullscreen><\/iframe>\n<\/div><\/figure>\n\n\n\n<p>Po pierwsze, musisz opublikowa\u0107 swoje slajdy w sieci. Przejd\u017a do slajd\u00f3w Google, kt\u00f3rych chcesz u\u017cy\u0107. Wybierz &#8220;Plik > Udost\u0119pnij > Opublikuj w sieci > Osad\u017a > Umie\u015b\u0107&#8221;. Skopiuj link zaczynaj\u0105cy si\u0119 na \u201c&lt;iframe\u201d<\/p>\n\n\n\n<figure class=\"wp-block-image\"><img loading=\"lazy\" decoding=\"async\" width=\"1600\" height=\"860\" src=\"https:\/\/www.taalhammer.com\/wp-content\/uploads\/2024\/05\/image-29.png\" alt=\"\" class=\"wp-image-12314\" srcset=\"https:\/\/www.taalhammer.com\/wp-content\/uploads\/2024\/05\/image-29.png 1600w, https:\/\/www.taalhammer.com\/wp-content\/uploads\/2024\/05\/image-29-300x161.png 300w, https:\/\/www.taalhammer.com\/wp-content\/uploads\/2024\/05\/image-29-1024x550.png 1024w, https:\/\/www.taalhammer.com\/wp-content\/uploads\/2024\/05\/image-29-768x413.png 768w, https:\/\/www.taalhammer.com\/wp-content\/uploads\/2024\/05\/image-29-1536x826.png 1536w, https:\/\/www.taalhammer.com\/wp-content\/uploads\/2024\/05\/image-29-1568x843.png 1568w\" sizes=\"auto, (max-width: 709px) 85vw, (max-width: 909px) 67vw, (max-width: 1362px) 62vw, 840px\" \/><\/figure>\n\n\n\n<p>Wr\u00f3\u0107 do Taalhammera, kliknij na przycisk \u201edodaj link\u201d,&nbsp; wklej skopiowany link i potwierd\u017a. Mo\u017cesz zmienia\u0107 slajdy lub przej\u015b\u0107 do trybu pe\u0142noekranowego.<\/p>\n\n\n\n<figure class=\"wp-block-image\"><img loading=\"lazy\" decoding=\"async\" width=\"1600\" height=\"900\" src=\"https:\/\/www.taalhammer.com\/wp-content\/uploads\/2024\/05\/image-28.png\" alt=\"\" class=\"wp-image-12312\" srcset=\"https:\/\/www.taalhammer.com\/wp-content\/uploads\/2024\/05\/image-28.png 1600w, https:\/\/www.taalhammer.com\/wp-content\/uploads\/2024\/05\/image-28-300x169.png 300w, https:\/\/www.taalhammer.com\/wp-content\/uploads\/2024\/05\/image-28-1024x576.png 1024w, https:\/\/www.taalhammer.com\/wp-content\/uploads\/2024\/05\/image-28-768x432.png 768w, https:\/\/www.taalhammer.com\/wp-content\/uploads\/2024\/05\/image-28-1536x864.png 1536w, https:\/\/www.taalhammer.com\/wp-content\/uploads\/2024\/05\/image-28-1568x882.png 1568w\" sizes=\"auto, (max-width: 709px) 85vw, (max-width: 909px) 67vw, (max-width: 1362px) 62vw, 840px\" \/><\/figure>\n","protected":false},"excerpt":{"rendered":"<p>W Taalhammerze mo\u017cesz r\u00f3wnie\u017c doda\u0107 Slajdy Google do tablicy i udost\u0119pnia\u0107 je innym. Je\u015bli jeste\u015b nauczycielem j\u0119zyka, mo\u017cesz r\u00f3wnie\u017c u\u017cy\u0107 ich podczas lekcji i \u0142atwo udost\u0119pni\u0107 je swoim uczniom, wraz&#8230;<\/p>\n","protected":false},"author":16,"featured_media":0,"parent":0,"menu_order":0,"comment_status":"closed","ping_status":"closed","template":"template-help-page.php","meta":{"_acf_changed":false,"pmpro_default_level":"","inline_featured_image":false,"footnotes":""},"categories":[227],"tags":[],"class_list":["post-12311","page","type-page","status-publish","hentry","category-help-pl","pmpro-has-access"],"acf":{"body_class":""},"yoast_head":"<!-- This site is optimized with the Yoast SEO Premium plugin v23.4 (Yoast SEO v23.4) - https:\/\/yoast.com\/wordpress\/plugins\/seo\/ -->\n<title>Jak doda\u0107 Google Slides do tablicy | Taalhammer<\/title>\n<meta name=\"robots\" content=\"index, follow, max-snippet:-1, max-image-preview:large, max-video-preview:-1\" \/>\n<link rel=\"canonical\" href=\"https:\/\/www.taalhammer.com\/pl\/jak-dodac-google-slides-do-boarda\/\" \/>\n<meta property=\"og:locale\" content=\"pl_PL\" \/>\n<meta property=\"og:type\" content=\"article\" \/>\n<meta property=\"og:title\" content=\"Jak doda\u0107 Google Slides do tablicy\" \/>\n<meta property=\"og:description\" content=\"W Taalhammerze mo\u017cesz r\u00f3wnie\u017c doda\u0107 Slajdy Google do tablicy i udost\u0119pnia\u0107 je innym. Je\u015bli jeste\u015b nauczycielem j\u0119zyka, mo\u017cesz r\u00f3wnie\u017c u\u017cy\u0107 ich podczas lekcji i \u0142atwo udost\u0119pni\u0107 je swoim uczniom, wraz...\" \/>\n<meta property=\"og:url\" content=\"https:\/\/www.taalhammer.com\/pl\/jak-dodac-google-slides-do-boarda\/\" \/>\n<meta property=\"og:site_name\" content=\"Taalhammer\" \/>\n<meta property=\"article:publisher\" content=\"https:\/\/www.facebook.com\/taalhammer\" \/>\n<meta property=\"article:modified_time\" content=\"2025-12-12T15:12:15+00:00\" \/>\n<meta property=\"og:image\" content=\"https:\/\/www.taalhammer.com\/wp-content\/uploads\/2024\/05\/image-29.png\" \/>\n<meta name=\"twitter:card\" content=\"summary_large_image\" \/>\n<meta name=\"twitter:site\" content=\"@taalhammer\" \/>\n<meta name=\"twitter:label1\" content=\"Szacowany czas czytania\" \/>\n\t<meta name=\"twitter:data1\" content=\"1 minuta\" \/>\n<script type=\"application\/ld+json\" class=\"yoast-schema-graph\">{\"@context\":\"https:\/\/schema.org\",\"@graph\":[{\"@type\":\"WebPage\",\"@id\":\"https:\/\/www.taalhammer.com\/pl\/jak-dodac-google-slides-do-boarda\/\",\"url\":\"https:\/\/www.taalhammer.com\/pl\/jak-dodac-google-slides-do-boarda\/\",\"name\":\"Jak doda\u0107 Google Slides do tablicy | Taalhammer\",\"isPartOf\":{\"@id\":\"https:\/\/www.taalhammer.com\/pl\/#website\"},\"primaryImageOfPage\":{\"@id\":\"https:\/\/www.taalhammer.com\/pl\/jak-dodac-google-slides-do-boarda\/#primaryimage\"},\"image\":{\"@id\":\"https:\/\/www.taalhammer.com\/pl\/jak-dodac-google-slides-do-boarda\/#primaryimage\"},\"thumbnailUrl\":\"https:\/\/www.taalhammer.com\/wp-content\/uploads\/2024\/05\/image-29.png\",\"datePublished\":\"2024-05-28T14:51:07+00:00\",\"dateModified\":\"2025-12-12T15:12:15+00:00\",\"breadcrumb\":{\"@id\":\"https:\/\/www.taalhammer.com\/pl\/jak-dodac-google-slides-do-boarda\/#breadcrumb\"},\"inLanguage\":\"pl-PL\",\"potentialAction\":[{\"@type\":\"ReadAction\",\"target\":[\"https:\/\/www.taalhammer.com\/pl\/jak-dodac-google-slides-do-boarda\/\"]}]},{\"@type\":\"ImageObject\",\"inLanguage\":\"pl-PL\",\"@id\":\"https:\/\/www.taalhammer.com\/pl\/jak-dodac-google-slides-do-boarda\/#primaryimage\",\"url\":\"https:\/\/www.taalhammer.com\/wp-content\/uploads\/2024\/05\/image-29.png\",\"contentUrl\":\"https:\/\/www.taalhammer.com\/wp-content\/uploads\/2024\/05\/image-29.png\"},{\"@type\":\"BreadcrumbList\",\"@id\":\"https:\/\/www.taalhammer.com\/pl\/jak-dodac-google-slides-do-boarda\/#breadcrumb\",\"itemListElement\":[{\"@type\":\"ListItem\",\"position\":1,\"name\":\"Home\",\"item\":\"https:\/\/www.taalhammer.com\/pl\/\"},{\"@type\":\"ListItem\",\"position\":2,\"name\":\"Jak doda\u0107 Google Slides do tablicy\"}]},{\"@type\":\"WebSite\",\"@id\":\"https:\/\/www.taalhammer.com\/pl\/#website\",\"url\":\"https:\/\/www.taalhammer.com\/pl\/\",\"name\":\"Taalhammer\",\"description\":\"Stop mumbling, start to speak\",\"publisher\":{\"@id\":\"https:\/\/www.taalhammer.com\/pl\/#organization\"},\"potentialAction\":[{\"@type\":\"SearchAction\",\"target\":{\"@type\":\"EntryPoint\",\"urlTemplate\":\"https:\/\/www.taalhammer.com\/pl\/?s={search_term_string}\"},\"query-input\":{\"@type\":\"PropertyValueSpecification\",\"valueRequired\":true,\"valueName\":\"search_term_string\"}}],\"inLanguage\":\"pl-PL\"},{\"@type\":\"Organization\",\"@id\":\"https:\/\/www.taalhammer.com\/pl\/#organization\",\"name\":\"Taalhammer\",\"url\":\"https:\/\/www.taalhammer.com\/pl\/\",\"logo\":{\"@type\":\"ImageObject\",\"inLanguage\":\"pl-PL\",\"@id\":\"https:\/\/www.taalhammer.com\/pl\/#\/schema\/logo\/image\/\",\"url\":\"https:\/\/www.taalhammer.com\/wp-content\/uploads\/2019\/06\/Taalhammer_B_W_cut_negative.png\",\"contentUrl\":\"https:\/\/www.taalhammer.com\/wp-content\/uploads\/2019\/06\/Taalhammer_B_W_cut_negative.png\",\"width\":290,\"height\":256,\"caption\":\"Taalhammer\"},\"image\":{\"@id\":\"https:\/\/www.taalhammer.com\/pl\/#\/schema\/logo\/image\/\"},\"sameAs\":[\"https:\/\/www.facebook.com\/taalhammer\",\"https:\/\/x.com\/taalhammer\",\"https:\/\/www.instagram.com\/taalhammer_pl\/\"]}]}<\/script>\n<!-- \/ Yoast SEO Premium plugin. -->","yoast_head_json":{"title":"Jak doda\u0107 Google Slides do tablicy | Taalhammer","robots":{"index":"index","follow":"follow","max-snippet":"max-snippet:-1","max-image-preview":"max-image-preview:large","max-video-preview":"max-video-preview:-1"},"canonical":"https:\/\/www.taalhammer.com\/pl\/jak-dodac-google-slides-do-boarda\/","og_locale":"pl_PL","og_type":"article","og_title":"Jak doda\u0107 Google Slides do tablicy","og_description":"W Taalhammerze mo\u017cesz r\u00f3wnie\u017c doda\u0107 Slajdy Google do tablicy i udost\u0119pnia\u0107 je innym. Je\u015bli jeste\u015b nauczycielem j\u0119zyka, mo\u017cesz r\u00f3wnie\u017c u\u017cy\u0107 ich podczas lekcji i \u0142atwo udost\u0119pni\u0107 je swoim uczniom, wraz...","og_url":"https:\/\/www.taalhammer.com\/pl\/jak-dodac-google-slides-do-boarda\/","og_site_name":"Taalhammer","article_publisher":"https:\/\/www.facebook.com\/taalhammer","article_modified_time":"2025-12-12T15:12:15+00:00","og_image":[{"url":"https:\/\/www.taalhammer.com\/wp-content\/uploads\/2024\/05\/image-29.png"}],"twitter_card":"summary_large_image","twitter_site":"@taalhammer","twitter_misc":{"Szacowany czas czytania":"1 minuta"},"schema":{"@context":"https:\/\/schema.org","@graph":[{"@type":"WebPage","@id":"https:\/\/www.taalhammer.com\/pl\/jak-dodac-google-slides-do-boarda\/","url":"https:\/\/www.taalhammer.com\/pl\/jak-dodac-google-slides-do-boarda\/","name":"Jak doda\u0107 Google Slides do tablicy | Taalhammer","isPartOf":{"@id":"https:\/\/www.taalhammer.com\/pl\/#website"},"primaryImageOfPage":{"@id":"https:\/\/www.taalhammer.com\/pl\/jak-dodac-google-slides-do-boarda\/#primaryimage"},"image":{"@id":"https:\/\/www.taalhammer.com\/pl\/jak-dodac-google-slides-do-boarda\/#primaryimage"},"thumbnailUrl":"https:\/\/www.taalhammer.com\/wp-content\/uploads\/2024\/05\/image-29.png","datePublished":"2024-05-28T14:51:07+00:00","dateModified":"2025-12-12T15:12:15+00:00","breadcrumb":{"@id":"https:\/\/www.taalhammer.com\/pl\/jak-dodac-google-slides-do-boarda\/#breadcrumb"},"inLanguage":"pl-PL","potentialAction":[{"@type":"ReadAction","target":["https:\/\/www.taalhammer.com\/pl\/jak-dodac-google-slides-do-boarda\/"]}]},{"@type":"ImageObject","inLanguage":"pl-PL","@id":"https:\/\/www.taalhammer.com\/pl\/jak-dodac-google-slides-do-boarda\/#primaryimage","url":"https:\/\/www.taalhammer.com\/wp-content\/uploads\/2024\/05\/image-29.png","contentUrl":"https:\/\/www.taalhammer.com\/wp-content\/uploads\/2024\/05\/image-29.png"},{"@type":"BreadcrumbList","@id":"https:\/\/www.taalhammer.com\/pl\/jak-dodac-google-slides-do-boarda\/#breadcrumb","itemListElement":[{"@type":"ListItem","position":1,"name":"Home","item":"https:\/\/www.taalhammer.com\/pl\/"},{"@type":"ListItem","position":2,"name":"Jak doda\u0107 Google Slides do tablicy"}]},{"@type":"WebSite","@id":"https:\/\/www.taalhammer.com\/pl\/#website","url":"https:\/\/www.taalhammer.com\/pl\/","name":"Taalhammer","description":"Stop mumbling, start to speak","publisher":{"@id":"https:\/\/www.taalhammer.com\/pl\/#organization"},"potentialAction":[{"@type":"SearchAction","target":{"@type":"EntryPoint","urlTemplate":"https:\/\/www.taalhammer.com\/pl\/?s={search_term_string}"},"query-input":{"@type":"PropertyValueSpecification","valueRequired":true,"valueName":"search_term_string"}}],"inLanguage":"pl-PL"},{"@type":"Organization","@id":"https:\/\/www.taalhammer.com\/pl\/#organization","name":"Taalhammer","url":"https:\/\/www.taalhammer.com\/pl\/","logo":{"@type":"ImageObject","inLanguage":"pl-PL","@id":"https:\/\/www.taalhammer.com\/pl\/#\/schema\/logo\/image\/","url":"https:\/\/www.taalhammer.com\/wp-content\/uploads\/2019\/06\/Taalhammer_B_W_cut_negative.png","contentUrl":"https:\/\/www.taalhammer.com\/wp-content\/uploads\/2019\/06\/Taalhammer_B_W_cut_negative.png","width":290,"height":256,"caption":"Taalhammer"},"image":{"@id":"https:\/\/www.taalhammer.com\/pl\/#\/schema\/logo\/image\/"},"sameAs":["https:\/\/www.facebook.com\/taalhammer","https:\/\/x.com\/taalhammer","https:\/\/www.instagram.com\/taalhammer_pl\/"]}]}},"_links":{"self":[{"href":"https:\/\/www.taalhammer.com\/pl\/wp-json\/wp\/v2\/pages\/12311","targetHints":{"allow":["GET"]}}],"collection":[{"href":"https:\/\/www.taalhammer.com\/pl\/wp-json\/wp\/v2\/pages"}],"about":[{"href":"https:\/\/www.taalhammer.com\/pl\/wp-json\/wp\/v2\/types\/page"}],"author":[{"embeddable":true,"href":"https:\/\/www.taalhammer.com\/pl\/wp-json\/wp\/v2\/users\/16"}],"replies":[{"embeddable":true,"href":"https:\/\/www.taalhammer.com\/pl\/wp-json\/wp\/v2\/comments?post=12311"}],"version-history":[{"count":3,"href":"https:\/\/www.taalhammer.com\/pl\/wp-json\/wp\/v2\/pages\/12311\/revisions"}],"predecessor-version":[{"id":12440,"href":"https:\/\/www.taalhammer.com\/pl\/wp-json\/wp\/v2\/pages\/12311\/revisions\/12440"}],"wp:attachment":[{"href":"https:\/\/www.taalhammer.com\/pl\/wp-json\/wp\/v2\/media?parent=12311"}],"wp:term":[{"taxonomy":"category","embeddable":true,"href":"https:\/\/www.taalhammer.com\/pl\/wp-json\/wp\/v2\/categories?post=12311"},{"taxonomy":"post_tag","embeddable":true,"href":"https:\/\/www.taalhammer.com\/pl\/wp-json\/wp\/v2\/tags?post=12311"}],"curies":[{"name":"wp","href":"https:\/\/api.w.org\/{rel}","templated":true}]}}