{"id":12305,"date":"2024-05-28T14:49:52","date_gmt":"2024-05-28T14:49:52","guid":{"rendered":"https:\/\/www.taalhammer.com\/?page_id=12305"},"modified":"2025-12-12T15:13:03","modified_gmt":"2025-12-12T15:13:03","slug":"jak-dodac-boarda-audio-slajdy","status":"publish","type":"page","link":"https:\/\/www.taalhammer.com\/pl\/jak-dodac-boarda-audio-slajdy\/","title":{"rendered":"Jak doda\u0107 tablic\u0119 z filmem Youtube"},"content":{"rendered":"\n<p>W Taalhammerze mo\u017cesz nie tylko dodawa\u0107 swoje s\u0142owa i zdania, ale tak\u017ce konstruowa\u0107 tablice z historyjkami, dialogami, wyja\u015bnieniami, filmikami i notatkami. W ten spos\u00f3b mo\u017cesz \u0142atwo tworzy\u0107 swoje w\u0142asne kursy zawieraj\u0105ce komentarze, wyja\u015bnienia i inne zewn\u0119trzne materia\u0142y, np. linki i wideo.<\/p>\n\n\n\n<figure class=\"wp-block-embed is-type-video is-provider-youtube wp-block-embed-youtube wp-embed-aspect-16-9 wp-has-aspect-ratio\"><div class=\"wp-block-embed__wrapper\">\n<iframe loading=\"lazy\" title=\"Jak doda\u0107 tablic\u0119 z filmem Youtube\" width=\"840\" height=\"473\" src=\"https:\/\/www.youtube.com\/embed\/CDExoZtJiVU?feature=oembed\" frameborder=\"0\" allow=\"accelerometer; autoplay; clipboard-write; encrypted-media; gyroscope; picture-in-picture; web-share\" referrerpolicy=\"strict-origin-when-cross-origin\" allowfullscreen><\/iframe>\n<\/div><\/figure>\n\n\n\n<p>Tablice mo\u017cesz stworzy\u0107 w Kreatorze. Mo\u017cesz dodawa\u0107 dwa typy element\u00f3w do tablicy: elementy tekstowe i fiszki.&nbsp; Element tekstowy mo\u017ce zawiera\u0107 d\u0142u\u017csze tre\u015bci. Mo\u017cesz formatowa\u0107 tekst w dowolny spos\u00f3b, doda\u0107 bullet pointy, zmienia\u0107 czcionk\u0119 i tak dalej. Gdy zapiszesz tablic\u0119, Taalhammer wygeneruje te\u017c g\u0142os, tak aby\u015b m\u00f3g\u0142 s\u0142ucha\u0107 tego w trybie s\u0142uchania.&nbsp;<\/p>\n\n\n\n<p>Mo\u017cesz doda\u0107 wi\u0119cej element\u00f3w tekstowych klikaj\u0105c na symbole tablicy.<\/p>\n\n\n<div class=\"wp-block-image\">\n<figure class=\"aligncenter\"><img loading=\"lazy\" decoding=\"async\" width=\"1600\" height=\"709\" src=\"https:\/\/www.taalhammer.com\/wp-content\/uploads\/2024\/05\/image-26.png\" alt=\"\" class=\"wp-image-12306\" srcset=\"https:\/\/www.taalhammer.com\/wp-content\/uploads\/2024\/05\/image-26.png 1600w, https:\/\/www.taalhammer.com\/wp-content\/uploads\/2024\/05\/image-26-300x133.png 300w, https:\/\/www.taalhammer.com\/wp-content\/uploads\/2024\/05\/image-26-1024x454.png 1024w, https:\/\/www.taalhammer.com\/wp-content\/uploads\/2024\/05\/image-26-768x340.png 768w, https:\/\/www.taalhammer.com\/wp-content\/uploads\/2024\/05\/image-26-1536x681.png 1536w, https:\/\/www.taalhammer.com\/wp-content\/uploads\/2024\/05\/image-26-1568x695.png 1568w\" sizes=\"auto, (max-width: 709px) 85vw, (max-width: 909px) 67vw, (max-width: 1362px) 62vw, 840px\" \/><\/figure>\n<\/div>\n\n\n<p>Opr\u00f3cz tekstu mo\u017cesz doda\u0107 tak\u017ce filmy z Youtube\u2019a. Skopiuj link filmu Youtube kt\u00f3ry chcesz umie\u015bci\u0107 na tablicy i wklej naciskaj\u0105c na przycisk \u201cdodaj film\u201d.<\/p>\n\n\n<div class=\"wp-block-image\">\n<figure class=\"aligncenter\"><img loading=\"lazy\" decoding=\"async\" width=\"1600\" height=\"755\" src=\"https:\/\/www.taalhammer.com\/wp-content\/uploads\/2024\/05\/image-27.png\" alt=\"\" class=\"wp-image-12307\" srcset=\"https:\/\/www.taalhammer.com\/wp-content\/uploads\/2024\/05\/image-27.png 1600w, https:\/\/www.taalhammer.com\/wp-content\/uploads\/2024\/05\/image-27-300x142.png 300w, https:\/\/www.taalhammer.com\/wp-content\/uploads\/2024\/05\/image-27-1024x483.png 1024w, https:\/\/www.taalhammer.com\/wp-content\/uploads\/2024\/05\/image-27-768x362.png 768w, https:\/\/www.taalhammer.com\/wp-content\/uploads\/2024\/05\/image-27-1536x725.png 1536w, https:\/\/www.taalhammer.com\/wp-content\/uploads\/2024\/05\/image-27-1568x740.png 1568w\" sizes=\"auto, (max-width: 709px) 85vw, (max-width: 909px) 67vw, (max-width: 1362px) 62vw, 840px\" \/><\/figure>\n<\/div>","protected":false},"excerpt":{"rendered":"<p>W Taalhammerze mo\u017cesz nie tylko dodawa\u0107 swoje s\u0142owa i zdania, ale tak\u017ce konstruowa\u0107 tablice z historyjkami, dialogami, wyja\u015bnieniami, filmikami i notatkami. W ten spos\u00f3b mo\u017cesz \u0142atwo tworzy\u0107 swoje w\u0142asne kursy&#8230;<\/p>\n","protected":false},"author":16,"featured_media":0,"parent":0,"menu_order":0,"comment_status":"closed","ping_status":"closed","template":"template-help-page.php","meta":{"_acf_changed":false,"pmpro_default_level":"","inline_featured_image":false,"footnotes":""},"categories":[227],"tags":[],"class_list":["post-12305","page","type-page","status-publish","hentry","category-help-pl","pmpro-has-access"],"acf":{"body_class":""},"yoast_head":"<!-- This site is optimized with the Yoast SEO Premium plugin v23.4 (Yoast SEO v23.4) - https:\/\/yoast.com\/wordpress\/plugins\/seo\/ -->\n<title>Jak doda\u0107 tablic\u0119 z filmem Youtube | Taalhammer<\/title>\n<meta name=\"description\" content=\"W Taalhammerze mo\u017cesz nie tylko dodawa\u0107 s\u0142owa i zdania, ale tak\u017ce konstruowa\u0107 tablice z historyjkami, dialogami, filmikami i notatkami.\" \/>\n<meta name=\"robots\" content=\"index, follow, max-snippet:-1, max-image-preview:large, max-video-preview:-1\" \/>\n<link rel=\"canonical\" href=\"https:\/\/www.taalhammer.com\/pl\/jak-dodac-boarda-audio-slajdy\/\" \/>\n<meta property=\"og:locale\" content=\"pl_PL\" \/>\n<meta property=\"og:type\" content=\"article\" \/>\n<meta property=\"og:title\" content=\"Jak doda\u0107 tablic\u0119 z filmem Youtube\" \/>\n<meta property=\"og:description\" content=\"W Taalhammerze mo\u017cesz nie tylko dodawa\u0107 s\u0142owa i zdania, ale tak\u017ce konstruowa\u0107 tablice z historyjkami, dialogami, filmikami i notatkami.\" \/>\n<meta property=\"og:url\" content=\"https:\/\/www.taalhammer.com\/pl\/jak-dodac-boarda-audio-slajdy\/\" \/>\n<meta property=\"og:site_name\" content=\"Taalhammer\" \/>\n<meta property=\"article:publisher\" content=\"https:\/\/www.facebook.com\/taalhammer\" \/>\n<meta property=\"article:modified_time\" content=\"2025-12-12T15:13:03+00:00\" \/>\n<meta property=\"og:image\" content=\"https:\/\/www.taalhammer.com\/wp-content\/uploads\/2024\/05\/image-26.png\" \/>\n<meta name=\"twitter:card\" content=\"summary_large_image\" \/>\n<meta name=\"twitter:site\" content=\"@taalhammer\" \/>\n<meta name=\"twitter:label1\" content=\"Szacowany czas czytania\" \/>\n\t<meta name=\"twitter:data1\" content=\"2 minuty\" \/>\n<script type=\"application\/ld+json\" class=\"yoast-schema-graph\">{\"@context\":\"https:\/\/schema.org\",\"@graph\":[{\"@type\":\"WebPage\",\"@id\":\"https:\/\/www.taalhammer.com\/pl\/jak-dodac-boarda-audio-slajdy\/\",\"url\":\"https:\/\/www.taalhammer.com\/pl\/jak-dodac-boarda-audio-slajdy\/\",\"name\":\"Jak doda\u0107 tablic\u0119 z filmem Youtube | Taalhammer\",\"isPartOf\":{\"@id\":\"https:\/\/www.taalhammer.com\/pl\/#website\"},\"primaryImageOfPage\":{\"@id\":\"https:\/\/www.taalhammer.com\/pl\/jak-dodac-boarda-audio-slajdy\/#primaryimage\"},\"image\":{\"@id\":\"https:\/\/www.taalhammer.com\/pl\/jak-dodac-boarda-audio-slajdy\/#primaryimage\"},\"thumbnailUrl\":\"https:\/\/www.taalhammer.com\/wp-content\/uploads\/2024\/05\/image-26.png\",\"datePublished\":\"2024-05-28T14:49:52+00:00\",\"dateModified\":\"2025-12-12T15:13:03+00:00\",\"description\":\"W Taalhammerze mo\u017cesz nie tylko dodawa\u0107 s\u0142owa i zdania, ale tak\u017ce konstruowa\u0107 tablice z historyjkami, dialogami, filmikami i notatkami.\",\"breadcrumb\":{\"@id\":\"https:\/\/www.taalhammer.com\/pl\/jak-dodac-boarda-audio-slajdy\/#breadcrumb\"},\"inLanguage\":\"pl-PL\",\"potentialAction\":[{\"@type\":\"ReadAction\",\"target\":[\"https:\/\/www.taalhammer.com\/pl\/jak-dodac-boarda-audio-slajdy\/\"]}]},{\"@type\":\"ImageObject\",\"inLanguage\":\"pl-PL\",\"@id\":\"https:\/\/www.taalhammer.com\/pl\/jak-dodac-boarda-audio-slajdy\/#primaryimage\",\"url\":\"https:\/\/www.taalhammer.com\/wp-content\/uploads\/2024\/05\/image-26.png\",\"contentUrl\":\"https:\/\/www.taalhammer.com\/wp-content\/uploads\/2024\/05\/image-26.png\"},{\"@type\":\"BreadcrumbList\",\"@id\":\"https:\/\/www.taalhammer.com\/pl\/jak-dodac-boarda-audio-slajdy\/#breadcrumb\",\"itemListElement\":[{\"@type\":\"ListItem\",\"position\":1,\"name\":\"Home\",\"item\":\"https:\/\/www.taalhammer.com\/pl\/\"},{\"@type\":\"ListItem\",\"position\":2,\"name\":\"Jak doda\u0107 tablic\u0119 z filmem Youtube\"}]},{\"@type\":\"WebSite\",\"@id\":\"https:\/\/www.taalhammer.com\/pl\/#website\",\"url\":\"https:\/\/www.taalhammer.com\/pl\/\",\"name\":\"Taalhammer\",\"description\":\"Stop mumbling, start to speak\",\"publisher\":{\"@id\":\"https:\/\/www.taalhammer.com\/pl\/#organization\"},\"potentialAction\":[{\"@type\":\"SearchAction\",\"target\":{\"@type\":\"EntryPoint\",\"urlTemplate\":\"https:\/\/www.taalhammer.com\/pl\/?s={search_term_string}\"},\"query-input\":{\"@type\":\"PropertyValueSpecification\",\"valueRequired\":true,\"valueName\":\"search_term_string\"}}],\"inLanguage\":\"pl-PL\"},{\"@type\":\"Organization\",\"@id\":\"https:\/\/www.taalhammer.com\/pl\/#organization\",\"name\":\"Taalhammer\",\"url\":\"https:\/\/www.taalhammer.com\/pl\/\",\"logo\":{\"@type\":\"ImageObject\",\"inLanguage\":\"pl-PL\",\"@id\":\"https:\/\/www.taalhammer.com\/pl\/#\/schema\/logo\/image\/\",\"url\":\"https:\/\/www.taalhammer.com\/wp-content\/uploads\/2019\/06\/Taalhammer_B_W_cut_negative.png\",\"contentUrl\":\"https:\/\/www.taalhammer.com\/wp-content\/uploads\/2019\/06\/Taalhammer_B_W_cut_negative.png\",\"width\":290,\"height\":256,\"caption\":\"Taalhammer\"},\"image\":{\"@id\":\"https:\/\/www.taalhammer.com\/pl\/#\/schema\/logo\/image\/\"},\"sameAs\":[\"https:\/\/www.facebook.com\/taalhammer\",\"https:\/\/x.com\/taalhammer\",\"https:\/\/www.instagram.com\/taalhammer_pl\/\"]}]}<\/script>\n<!-- \/ Yoast SEO Premium plugin. -->","yoast_head_json":{"title":"Jak doda\u0107 tablic\u0119 z filmem Youtube | Taalhammer","description":"W Taalhammerze mo\u017cesz nie tylko dodawa\u0107 s\u0142owa i zdania, ale tak\u017ce konstruowa\u0107 tablice z historyjkami, dialogami, filmikami i notatkami.","robots":{"index":"index","follow":"follow","max-snippet":"max-snippet:-1","max-image-preview":"max-image-preview:large","max-video-preview":"max-video-preview:-1"},"canonical":"https:\/\/www.taalhammer.com\/pl\/jak-dodac-boarda-audio-slajdy\/","og_locale":"pl_PL","og_type":"article","og_title":"Jak doda\u0107 tablic\u0119 z filmem Youtube","og_description":"W Taalhammerze mo\u017cesz nie tylko dodawa\u0107 s\u0142owa i zdania, ale tak\u017ce konstruowa\u0107 tablice z historyjkami, dialogami, filmikami i notatkami.","og_url":"https:\/\/www.taalhammer.com\/pl\/jak-dodac-boarda-audio-slajdy\/","og_site_name":"Taalhammer","article_publisher":"https:\/\/www.facebook.com\/taalhammer","article_modified_time":"2025-12-12T15:13:03+00:00","og_image":[{"url":"https:\/\/www.taalhammer.com\/wp-content\/uploads\/2024\/05\/image-26.png"}],"twitter_card":"summary_large_image","twitter_site":"@taalhammer","twitter_misc":{"Szacowany czas czytania":"2 minuty"},"schema":{"@context":"https:\/\/schema.org","@graph":[{"@type":"WebPage","@id":"https:\/\/www.taalhammer.com\/pl\/jak-dodac-boarda-audio-slajdy\/","url":"https:\/\/www.taalhammer.com\/pl\/jak-dodac-boarda-audio-slajdy\/","name":"Jak doda\u0107 tablic\u0119 z filmem Youtube | Taalhammer","isPartOf":{"@id":"https:\/\/www.taalhammer.com\/pl\/#website"},"primaryImageOfPage":{"@id":"https:\/\/www.taalhammer.com\/pl\/jak-dodac-boarda-audio-slajdy\/#primaryimage"},"image":{"@id":"https:\/\/www.taalhammer.com\/pl\/jak-dodac-boarda-audio-slajdy\/#primaryimage"},"thumbnailUrl":"https:\/\/www.taalhammer.com\/wp-content\/uploads\/2024\/05\/image-26.png","datePublished":"2024-05-28T14:49:52+00:00","dateModified":"2025-12-12T15:13:03+00:00","description":"W Taalhammerze mo\u017cesz nie tylko dodawa\u0107 s\u0142owa i zdania, ale tak\u017ce konstruowa\u0107 tablice z historyjkami, dialogami, filmikami i notatkami.","breadcrumb":{"@id":"https:\/\/www.taalhammer.com\/pl\/jak-dodac-boarda-audio-slajdy\/#breadcrumb"},"inLanguage":"pl-PL","potentialAction":[{"@type":"ReadAction","target":["https:\/\/www.taalhammer.com\/pl\/jak-dodac-boarda-audio-slajdy\/"]}]},{"@type":"ImageObject","inLanguage":"pl-PL","@id":"https:\/\/www.taalhammer.com\/pl\/jak-dodac-boarda-audio-slajdy\/#primaryimage","url":"https:\/\/www.taalhammer.com\/wp-content\/uploads\/2024\/05\/image-26.png","contentUrl":"https:\/\/www.taalhammer.com\/wp-content\/uploads\/2024\/05\/image-26.png"},{"@type":"BreadcrumbList","@id":"https:\/\/www.taalhammer.com\/pl\/jak-dodac-boarda-audio-slajdy\/#breadcrumb","itemListElement":[{"@type":"ListItem","position":1,"name":"Home","item":"https:\/\/www.taalhammer.com\/pl\/"},{"@type":"ListItem","position":2,"name":"Jak doda\u0107 tablic\u0119 z filmem Youtube"}]},{"@type":"WebSite","@id":"https:\/\/www.taalhammer.com\/pl\/#website","url":"https:\/\/www.taalhammer.com\/pl\/","name":"Taalhammer","description":"Stop mumbling, start to speak","publisher":{"@id":"https:\/\/www.taalhammer.com\/pl\/#organization"},"potentialAction":[{"@type":"SearchAction","target":{"@type":"EntryPoint","urlTemplate":"https:\/\/www.taalhammer.com\/pl\/?s={search_term_string}"},"query-input":{"@type":"PropertyValueSpecification","valueRequired":true,"valueName":"search_term_string"}}],"inLanguage":"pl-PL"},{"@type":"Organization","@id":"https:\/\/www.taalhammer.com\/pl\/#organization","name":"Taalhammer","url":"https:\/\/www.taalhammer.com\/pl\/","logo":{"@type":"ImageObject","inLanguage":"pl-PL","@id":"https:\/\/www.taalhammer.com\/pl\/#\/schema\/logo\/image\/","url":"https:\/\/www.taalhammer.com\/wp-content\/uploads\/2019\/06\/Taalhammer_B_W_cut_negative.png","contentUrl":"https:\/\/www.taalhammer.com\/wp-content\/uploads\/2019\/06\/Taalhammer_B_W_cut_negative.png","width":290,"height":256,"caption":"Taalhammer"},"image":{"@id":"https:\/\/www.taalhammer.com\/pl\/#\/schema\/logo\/image\/"},"sameAs":["https:\/\/www.facebook.com\/taalhammer","https:\/\/x.com\/taalhammer","https:\/\/www.instagram.com\/taalhammer_pl\/"]}]}},"_links":{"self":[{"href":"https:\/\/www.taalhammer.com\/pl\/wp-json\/wp\/v2\/pages\/12305","targetHints":{"allow":["GET"]}}],"collection":[{"href":"https:\/\/www.taalhammer.com\/pl\/wp-json\/wp\/v2\/pages"}],"about":[{"href":"https:\/\/www.taalhammer.com\/pl\/wp-json\/wp\/v2\/types\/page"}],"author":[{"embeddable":true,"href":"https:\/\/www.taalhammer.com\/pl\/wp-json\/wp\/v2\/users\/16"}],"replies":[{"embeddable":true,"href":"https:\/\/www.taalhammer.com\/pl\/wp-json\/wp\/v2\/comments?post=12305"}],"version-history":[{"count":4,"href":"https:\/\/www.taalhammer.com\/pl\/wp-json\/wp\/v2\/pages\/12305\/revisions"}],"predecessor-version":[{"id":12438,"href":"https:\/\/www.taalhammer.com\/pl\/wp-json\/wp\/v2\/pages\/12305\/revisions\/12438"}],"wp:attachment":[{"href":"https:\/\/www.taalhammer.com\/pl\/wp-json\/wp\/v2\/media?parent=12305"}],"wp:term":[{"taxonomy":"category","embeddable":true,"href":"https:\/\/www.taalhammer.com\/pl\/wp-json\/wp\/v2\/categories?post=12305"},{"taxonomy":"post_tag","embeddable":true,"href":"https:\/\/www.taalhammer.com\/pl\/wp-json\/wp\/v2\/tags?post=12305"}],"curies":[{"name":"wp","href":"https:\/\/api.w.org\/{rel}","templated":true}]}}