{"id":12287,"date":"2024-05-28T14:37:35","date_gmt":"2024-05-28T14:37:35","guid":{"rendered":"https:\/\/www.taalhammer.com\/?page_id=12287"},"modified":"2025-12-12T15:13:43","modified_gmt":"2025-12-12T15:13:43","slug":"jak-podzielic-sie-kolekcja-z-innymi-uzytkownikami","status":"publish","type":"page","link":"https:\/\/www.taalhammer.com\/pl\/jak-podzielic-sie-kolekcja-z-innymi-uzytkownikami\/","title":{"rendered":"Jak podzieli\u0107 si\u0119 swoimi tre\u015bciami z innymi u\u017cytkownikami"},"content":{"rendered":"\n<p>Nauka j\u0119zyka jest przyjemniejsza, je\u015bli uczysz si\u0119 razem, na przyk\u0142ad z nauczycielem lub przyjacielem. Taalhammer oferuje funkcj\u0119 wsp\u00f3\u0142pracy, aby wspiera\u0107 nauczycieli i uczni\u00f3w, a tak\u017ce udost\u0119pnianie tre\u015bci mi\u0119dzy przyjaci\u00f3\u0142mi.&nbsp;<\/p>\n\n\n\n<figure class=\"wp-block-embed is-type-video is-provider-youtube wp-block-embed-youtube wp-embed-aspect-16-9 wp-has-aspect-ratio\"><div class=\"wp-block-embed__wrapper\">\n<iframe loading=\"lazy\" title=\"Jak podzieli\u0107 si\u0119 tre\u015bciami z innymi u\u017cytkownikami\" width=\"840\" height=\"473\" src=\"https:\/\/www.youtube.com\/embed\/2-ZDOs88LKk?feature=oembed\" frameborder=\"0\" allow=\"accelerometer; autoplay; clipboard-write; encrypted-media; gyroscope; picture-in-picture; web-share\" referrerpolicy=\"strict-origin-when-cross-origin\" allowfullscreen><\/iframe>\n<\/div><\/figure>\n\n\n\n<p>Kliknij na link kolekcji, kt\u00f3r\u0105 chcesz podzieli\u0107 si\u0119 z innym u\u017cytkownikiem, a zobaczysz wi\u0119cej informacji na jej temat, takich jak j\u0119zyki, albo opis. Kolekcj\u0105 mo\u017cesz podzieli\u0107 si\u0119 na dwa sposoby.<\/p>\n\n\n\n<figure class=\"wp-block-image\"><img loading=\"lazy\" decoding=\"async\" width=\"1600\" height=\"922\" src=\"https:\/\/www.taalhammer.com\/wp-content\/uploads\/2024\/05\/image-24.png\" alt=\"Aplikacja Taalhammer - widok kolekcji na komputer - podkre\u015blone udost\u0119pnianie \" class=\"wp-image-12288\" srcset=\"https:\/\/www.taalhammer.com\/wp-content\/uploads\/2024\/05\/image-24.png 1600w, https:\/\/www.taalhammer.com\/wp-content\/uploads\/2024\/05\/image-24-300x173.png 300w, https:\/\/www.taalhammer.com\/wp-content\/uploads\/2024\/05\/image-24-1024x590.png 1024w, https:\/\/www.taalhammer.com\/wp-content\/uploads\/2024\/05\/image-24-768x443.png 768w, https:\/\/www.taalhammer.com\/wp-content\/uploads\/2024\/05\/image-24-1536x885.png 1536w, https:\/\/www.taalhammer.com\/wp-content\/uploads\/2024\/05\/image-24-1568x904.png 1568w\" sizes=\"auto, (max-width: 709px) 85vw, (max-width: 909px) 67vw, (max-width: 1362px) 62vw, 840px\" \/><\/figure>\n\n\n\n<p>Je\u017celi chcesz podzieli\u0107 si\u0119 kolekcj\u0105 tylko z jedn\u0105 osob\u0105, skopiuj link z paska przegl\u0105darki. Zaznacz link i wy\u015blij go do innego u\u017cytkownika, a on b\u0119dzie m\u00f3g\u0142 zapisa\u0107 si\u0119 do Twojej kolekcji klikaj\u0105c \u201czapisz si\u0119\u201d.<\/p>\n\n\n\n<p>Je\u017celi chcesz aby Twoja kolekcja by\u0142a widoczna przez wszystkich u\u017cytkownik\u00f3w, zaznacz j\u0105 jako \u201cpubliczna\u201d. Od tego momentu ka\u017cdy b\u0119dzie m\u00f3g\u0142 znale\u017a\u0107 j\u0105 w katalogu j\u0119zyk\u00f3w, w zak\u0142adce \u201ccommunity\u201d.<\/p>\n\n\n\n<figure class=\"wp-block-image\"><img loading=\"lazy\" decoding=\"async\" width=\"1600\" height=\"967\" src=\"https:\/\/www.taalhammer.com\/wp-content\/uploads\/2024\/05\/image-25.png\" alt=\"Aplikacja Taalhammer - widok kolekcji Community na komputer\" class=\"wp-image-12289\" srcset=\"https:\/\/www.taalhammer.com\/wp-content\/uploads\/2024\/05\/image-25.png 1600w, https:\/\/www.taalhammer.com\/wp-content\/uploads\/2024\/05\/image-25-300x181.png 300w, https:\/\/www.taalhammer.com\/wp-content\/uploads\/2024\/05\/image-25-1024x619.png 1024w, https:\/\/www.taalhammer.com\/wp-content\/uploads\/2024\/05\/image-25-768x464.png 768w, https:\/\/www.taalhammer.com\/wp-content\/uploads\/2024\/05\/image-25-1536x928.png 1536w, https:\/\/www.taalhammer.com\/wp-content\/uploads\/2024\/05\/image-25-1568x948.png 1568w\" sizes=\"auto, (max-width: 709px) 85vw, (max-width: 909px) 67vw, (max-width: 1362px) 62vw, 840px\" \/><\/figure>\n","protected":false},"excerpt":{"rendered":"<p>Nauka j\u0119zyka jest przyjemniejsza, je\u015bli uczysz si\u0119 razem, na przyk\u0142ad z nauczycielem lub przyjacielem. Taalhammer oferuje funkcj\u0119 wsp\u00f3\u0142pracy, aby wspiera\u0107 nauczycieli i uczni\u00f3w, a tak\u017ce udost\u0119pnianie tre\u015bci mi\u0119dzy przyjaci\u00f3\u0142mi.&nbsp; Kliknij&#8230;<\/p>\n","protected":false},"author":16,"featured_media":0,"parent":0,"menu_order":0,"comment_status":"closed","ping_status":"closed","template":"template-help-page.php","meta":{"_acf_changed":false,"pmpro_default_level":"","inline_featured_image":false,"footnotes":""},"categories":[227],"tags":[],"class_list":["post-12287","page","type-page","status-publish","hentry","category-help-pl","pmpro-has-access"],"acf":{"body_class":""},"yoast_head":"<!-- This site is optimized with the Yoast SEO Premium plugin v23.4 (Yoast SEO v23.4) - https:\/\/yoast.com\/wordpress\/plugins\/seo\/ -->\n<title>Jak podzieli\u0107 si\u0119 swoimi tre\u015bciami z innymi u\u017cytkownikami | Taalhammer<\/title>\n<meta name=\"description\" content=\"Udost\u0119pnianie materia\u0142\u00f3w innym u\u017cytkownikom w aplikacji Taalhammer jest bardzo \u0142atwe. Zobacz jak mo\u017cesz dzieli\u0107 si\u0119 z innymi i korzysta\u0107 z ich materia\u0142\u00f3w\" \/>\n<meta name=\"robots\" content=\"index, follow, max-snippet:-1, max-image-preview:large, max-video-preview:-1\" \/>\n<link rel=\"canonical\" href=\"https:\/\/www.taalhammer.com\/pl\/jak-podzielic-sie-kolekcja-z-innymi-uzytkownikami\/\" \/>\n<meta property=\"og:locale\" content=\"pl_PL\" \/>\n<meta property=\"og:type\" content=\"article\" \/>\n<meta property=\"og:title\" content=\"Jak podzieli\u0107 si\u0119 swoimi tre\u015bciami z innymi u\u017cytkownikami\" \/>\n<meta property=\"og:description\" content=\"Udost\u0119pnianie materia\u0142\u00f3w innym u\u017cytkownikom w aplikacji Taalhammer jest bardzo \u0142atwe. Zobacz jak mo\u017cesz dzieli\u0107 si\u0119 z innymi i korzysta\u0107 z ich materia\u0142\u00f3w\" \/>\n<meta property=\"og:url\" content=\"https:\/\/www.taalhammer.com\/pl\/jak-podzielic-sie-kolekcja-z-innymi-uzytkownikami\/\" \/>\n<meta property=\"og:site_name\" content=\"Taalhammer\" \/>\n<meta property=\"article:publisher\" content=\"https:\/\/www.facebook.com\/taalhammer\" \/>\n<meta property=\"article:modified_time\" content=\"2025-12-12T15:13:43+00:00\" \/>\n<meta property=\"og:image\" content=\"https:\/\/www.taalhammer.com\/wp-content\/uploads\/2024\/05\/image-24.png\" \/>\n<meta name=\"twitter:card\" content=\"summary_large_image\" \/>\n<meta name=\"twitter:site\" content=\"@taalhammer\" \/>\n<meta name=\"twitter:label1\" content=\"Szacowany czas czytania\" \/>\n\t<meta name=\"twitter:data1\" content=\"2 minuty\" \/>\n<script type=\"application\/ld+json\" class=\"yoast-schema-graph\">{\"@context\":\"https:\/\/schema.org\",\"@graph\":[{\"@type\":\"WebPage\",\"@id\":\"https:\/\/www.taalhammer.com\/pl\/jak-podzielic-sie-kolekcja-z-innymi-uzytkownikami\/\",\"url\":\"https:\/\/www.taalhammer.com\/pl\/jak-podzielic-sie-kolekcja-z-innymi-uzytkownikami\/\",\"name\":\"Jak podzieli\u0107 si\u0119 swoimi tre\u015bciami z innymi u\u017cytkownikami | Taalhammer\",\"isPartOf\":{\"@id\":\"https:\/\/www.taalhammer.com\/pl\/#website\"},\"primaryImageOfPage\":{\"@id\":\"https:\/\/www.taalhammer.com\/pl\/jak-podzielic-sie-kolekcja-z-innymi-uzytkownikami\/#primaryimage\"},\"image\":{\"@id\":\"https:\/\/www.taalhammer.com\/pl\/jak-podzielic-sie-kolekcja-z-innymi-uzytkownikami\/#primaryimage\"},\"thumbnailUrl\":\"https:\/\/www.taalhammer.com\/wp-content\/uploads\/2024\/05\/image-24.png\",\"datePublished\":\"2024-05-28T14:37:35+00:00\",\"dateModified\":\"2025-12-12T15:13:43+00:00\",\"description\":\"Udost\u0119pnianie materia\u0142\u00f3w innym u\u017cytkownikom w aplikacji Taalhammer jest bardzo \u0142atwe. Zobacz jak mo\u017cesz dzieli\u0107 si\u0119 z innymi i korzysta\u0107 z ich materia\u0142\u00f3w\",\"breadcrumb\":{\"@id\":\"https:\/\/www.taalhammer.com\/pl\/jak-podzielic-sie-kolekcja-z-innymi-uzytkownikami\/#breadcrumb\"},\"inLanguage\":\"pl-PL\",\"potentialAction\":[{\"@type\":\"ReadAction\",\"target\":[\"https:\/\/www.taalhammer.com\/pl\/jak-podzielic-sie-kolekcja-z-innymi-uzytkownikami\/\"]}]},{\"@type\":\"ImageObject\",\"inLanguage\":\"pl-PL\",\"@id\":\"https:\/\/www.taalhammer.com\/pl\/jak-podzielic-sie-kolekcja-z-innymi-uzytkownikami\/#primaryimage\",\"url\":\"https:\/\/www.taalhammer.com\/wp-content\/uploads\/2024\/05\/image-24.png\",\"contentUrl\":\"https:\/\/www.taalhammer.com\/wp-content\/uploads\/2024\/05\/image-24.png\"},{\"@type\":\"BreadcrumbList\",\"@id\":\"https:\/\/www.taalhammer.com\/pl\/jak-podzielic-sie-kolekcja-z-innymi-uzytkownikami\/#breadcrumb\",\"itemListElement\":[{\"@type\":\"ListItem\",\"position\":1,\"name\":\"Home\",\"item\":\"https:\/\/www.taalhammer.com\/pl\/\"},{\"@type\":\"ListItem\",\"position\":2,\"name\":\"Jak podzieli\u0107 si\u0119 swoimi tre\u015bciami z innymi u\u017cytkownikami\"}]},{\"@type\":\"WebSite\",\"@id\":\"https:\/\/www.taalhammer.com\/pl\/#website\",\"url\":\"https:\/\/www.taalhammer.com\/pl\/\",\"name\":\"Taalhammer\",\"description\":\"Stop mumbling, start to speak\",\"publisher\":{\"@id\":\"https:\/\/www.taalhammer.com\/pl\/#organization\"},\"potentialAction\":[{\"@type\":\"SearchAction\",\"target\":{\"@type\":\"EntryPoint\",\"urlTemplate\":\"https:\/\/www.taalhammer.com\/pl\/?s={search_term_string}\"},\"query-input\":{\"@type\":\"PropertyValueSpecification\",\"valueRequired\":true,\"valueName\":\"search_term_string\"}}],\"inLanguage\":\"pl-PL\"},{\"@type\":\"Organization\",\"@id\":\"https:\/\/www.taalhammer.com\/pl\/#organization\",\"name\":\"Taalhammer\",\"url\":\"https:\/\/www.taalhammer.com\/pl\/\",\"logo\":{\"@type\":\"ImageObject\",\"inLanguage\":\"pl-PL\",\"@id\":\"https:\/\/www.taalhammer.com\/pl\/#\/schema\/logo\/image\/\",\"url\":\"https:\/\/www.taalhammer.com\/wp-content\/uploads\/2019\/06\/Taalhammer_B_W_cut_negative.png\",\"contentUrl\":\"https:\/\/www.taalhammer.com\/wp-content\/uploads\/2019\/06\/Taalhammer_B_W_cut_negative.png\",\"width\":290,\"height\":256,\"caption\":\"Taalhammer\"},\"image\":{\"@id\":\"https:\/\/www.taalhammer.com\/pl\/#\/schema\/logo\/image\/\"},\"sameAs\":[\"https:\/\/www.facebook.com\/taalhammer\",\"https:\/\/x.com\/taalhammer\",\"https:\/\/www.instagram.com\/taalhammer_pl\/\"]}]}<\/script>\n<!-- \/ Yoast SEO Premium plugin. -->","yoast_head_json":{"title":"Jak podzieli\u0107 si\u0119 swoimi tre\u015bciami z innymi u\u017cytkownikami | Taalhammer","description":"Udost\u0119pnianie materia\u0142\u00f3w innym u\u017cytkownikom w aplikacji Taalhammer jest bardzo \u0142atwe. Zobacz jak mo\u017cesz dzieli\u0107 si\u0119 z innymi i korzysta\u0107 z ich materia\u0142\u00f3w","robots":{"index":"index","follow":"follow","max-snippet":"max-snippet:-1","max-image-preview":"max-image-preview:large","max-video-preview":"max-video-preview:-1"},"canonical":"https:\/\/www.taalhammer.com\/pl\/jak-podzielic-sie-kolekcja-z-innymi-uzytkownikami\/","og_locale":"pl_PL","og_type":"article","og_title":"Jak podzieli\u0107 si\u0119 swoimi tre\u015bciami z innymi u\u017cytkownikami","og_description":"Udost\u0119pnianie materia\u0142\u00f3w innym u\u017cytkownikom w aplikacji Taalhammer jest bardzo \u0142atwe. Zobacz jak mo\u017cesz dzieli\u0107 si\u0119 z innymi i korzysta\u0107 z ich materia\u0142\u00f3w","og_url":"https:\/\/www.taalhammer.com\/pl\/jak-podzielic-sie-kolekcja-z-innymi-uzytkownikami\/","og_site_name":"Taalhammer","article_publisher":"https:\/\/www.facebook.com\/taalhammer","article_modified_time":"2025-12-12T15:13:43+00:00","og_image":[{"url":"https:\/\/www.taalhammer.com\/wp-content\/uploads\/2024\/05\/image-24.png"}],"twitter_card":"summary_large_image","twitter_site":"@taalhammer","twitter_misc":{"Szacowany czas czytania":"2 minuty"},"schema":{"@context":"https:\/\/schema.org","@graph":[{"@type":"WebPage","@id":"https:\/\/www.taalhammer.com\/pl\/jak-podzielic-sie-kolekcja-z-innymi-uzytkownikami\/","url":"https:\/\/www.taalhammer.com\/pl\/jak-podzielic-sie-kolekcja-z-innymi-uzytkownikami\/","name":"Jak podzieli\u0107 si\u0119 swoimi tre\u015bciami z innymi u\u017cytkownikami | Taalhammer","isPartOf":{"@id":"https:\/\/www.taalhammer.com\/pl\/#website"},"primaryImageOfPage":{"@id":"https:\/\/www.taalhammer.com\/pl\/jak-podzielic-sie-kolekcja-z-innymi-uzytkownikami\/#primaryimage"},"image":{"@id":"https:\/\/www.taalhammer.com\/pl\/jak-podzielic-sie-kolekcja-z-innymi-uzytkownikami\/#primaryimage"},"thumbnailUrl":"https:\/\/www.taalhammer.com\/wp-content\/uploads\/2024\/05\/image-24.png","datePublished":"2024-05-28T14:37:35+00:00","dateModified":"2025-12-12T15:13:43+00:00","description":"Udost\u0119pnianie materia\u0142\u00f3w innym u\u017cytkownikom w aplikacji Taalhammer jest bardzo \u0142atwe. Zobacz jak mo\u017cesz dzieli\u0107 si\u0119 z innymi i korzysta\u0107 z ich materia\u0142\u00f3w","breadcrumb":{"@id":"https:\/\/www.taalhammer.com\/pl\/jak-podzielic-sie-kolekcja-z-innymi-uzytkownikami\/#breadcrumb"},"inLanguage":"pl-PL","potentialAction":[{"@type":"ReadAction","target":["https:\/\/www.taalhammer.com\/pl\/jak-podzielic-sie-kolekcja-z-innymi-uzytkownikami\/"]}]},{"@type":"ImageObject","inLanguage":"pl-PL","@id":"https:\/\/www.taalhammer.com\/pl\/jak-podzielic-sie-kolekcja-z-innymi-uzytkownikami\/#primaryimage","url":"https:\/\/www.taalhammer.com\/wp-content\/uploads\/2024\/05\/image-24.png","contentUrl":"https:\/\/www.taalhammer.com\/wp-content\/uploads\/2024\/05\/image-24.png"},{"@type":"BreadcrumbList","@id":"https:\/\/www.taalhammer.com\/pl\/jak-podzielic-sie-kolekcja-z-innymi-uzytkownikami\/#breadcrumb","itemListElement":[{"@type":"ListItem","position":1,"name":"Home","item":"https:\/\/www.taalhammer.com\/pl\/"},{"@type":"ListItem","position":2,"name":"Jak podzieli\u0107 si\u0119 swoimi tre\u015bciami z innymi u\u017cytkownikami"}]},{"@type":"WebSite","@id":"https:\/\/www.taalhammer.com\/pl\/#website","url":"https:\/\/www.taalhammer.com\/pl\/","name":"Taalhammer","description":"Stop mumbling, start to speak","publisher":{"@id":"https:\/\/www.taalhammer.com\/pl\/#organization"},"potentialAction":[{"@type":"SearchAction","target":{"@type":"EntryPoint","urlTemplate":"https:\/\/www.taalhammer.com\/pl\/?s={search_term_string}"},"query-input":{"@type":"PropertyValueSpecification","valueRequired":true,"valueName":"search_term_string"}}],"inLanguage":"pl-PL"},{"@type":"Organization","@id":"https:\/\/www.taalhammer.com\/pl\/#organization","name":"Taalhammer","url":"https:\/\/www.taalhammer.com\/pl\/","logo":{"@type":"ImageObject","inLanguage":"pl-PL","@id":"https:\/\/www.taalhammer.com\/pl\/#\/schema\/logo\/image\/","url":"https:\/\/www.taalhammer.com\/wp-content\/uploads\/2019\/06\/Taalhammer_B_W_cut_negative.png","contentUrl":"https:\/\/www.taalhammer.com\/wp-content\/uploads\/2019\/06\/Taalhammer_B_W_cut_negative.png","width":290,"height":256,"caption":"Taalhammer"},"image":{"@id":"https:\/\/www.taalhammer.com\/pl\/#\/schema\/logo\/image\/"},"sameAs":["https:\/\/www.facebook.com\/taalhammer","https:\/\/x.com\/taalhammer","https:\/\/www.instagram.com\/taalhammer_pl\/"]}]}},"_links":{"self":[{"href":"https:\/\/www.taalhammer.com\/pl\/wp-json\/wp\/v2\/pages\/12287","targetHints":{"allow":["GET"]}}],"collection":[{"href":"https:\/\/www.taalhammer.com\/pl\/wp-json\/wp\/v2\/pages"}],"about":[{"href":"https:\/\/www.taalhammer.com\/pl\/wp-json\/wp\/v2\/types\/page"}],"author":[{"embeddable":true,"href":"https:\/\/www.taalhammer.com\/pl\/wp-json\/wp\/v2\/users\/16"}],"replies":[{"embeddable":true,"href":"https:\/\/www.taalhammer.com\/pl\/wp-json\/wp\/v2\/comments?post=12287"}],"version-history":[{"count":3,"href":"https:\/\/www.taalhammer.com\/pl\/wp-json\/wp\/v2\/pages\/12287\/revisions"}],"predecessor-version":[{"id":12505,"href":"https:\/\/www.taalhammer.com\/pl\/wp-json\/wp\/v2\/pages\/12287\/revisions\/12505"}],"wp:attachment":[{"href":"https:\/\/www.taalhammer.com\/pl\/wp-json\/wp\/v2\/media?parent=12287"}],"wp:term":[{"taxonomy":"category","embeddable":true,"href":"https:\/\/www.taalhammer.com\/pl\/wp-json\/wp\/v2\/categories?post=12287"},{"taxonomy":"post_tag","embeddable":true,"href":"https:\/\/www.taalhammer.com\/pl\/wp-json\/wp\/v2\/tags?post=12287"}],"curies":[{"name":"wp","href":"https:\/\/api.w.org\/{rel}","templated":true}]}}