{"id":12281,"date":"2024-05-28T14:31:34","date_gmt":"2024-05-28T14:31:34","guid":{"rendered":"https:\/\/www.taalhammer.com\/?page_id=12281"},"modified":"2025-12-12T15:18:44","modified_gmt":"2025-12-12T15:18:44","slug":"jak-stworzyc-nowa-kolekcje","status":"publish","type":"page","link":"https:\/\/www.taalhammer.com\/pl\/jak-stworzyc-nowa-kolekcje\/","title":{"rendered":"Jak stworzy\u0107 now\u0105 kolekcj\u0119"},"content":{"rendered":"\n<p>Kolekcja, zwana te\u017c \u201cdekiem\u201d albo \u201ctali\u0105&#8221;, to pojemnik na fiszki i tablice. Mo\u017cesz tworzy\u0107 nowe kolekcje, aby przechowywa\u0107 w nich swoje osobiste tre\u015bci lub udost\u0119pnia\u0107 je innym u\u017cytkownikom.<\/p>\n\n\n\n<figure class=\"wp-block-embed is-provider-youtube wp-block-embed-youtube\"><div class=\"wp-block-embed__wrapper\">\n<iframe loading=\"lazy\" title=\"Jak stworzy\u0107 now\u0105 kolekcj\u0119\" width=\"840\" height=\"473\" src=\"https:\/\/www.youtube.com\/embed\/yita3Pz9q8c?feature=oembed\" frameborder=\"0\" allow=\"accelerometer; autoplay; clipboard-write; encrypted-media; gyroscope; picture-in-picture; web-share\" referrerpolicy=\"strict-origin-when-cross-origin\" allowfullscreen><\/iframe>\n<\/div><\/figure>\n\n\n\n<p>W Kreatorze kliknij na \u017c\u00f3\u0142ty plus. Wpisz nazw\u0119 swojej w\u0142asnej kolekcji, i potwierd\u017a klikaj\u0105c na zielony przycisk. Twoja nowa kolekcja zosta\u0142a utworzona. Zostanie ona automatycznie dodana do Twojego strumienia nauki.<\/p>\n\n\n<div class=\"wp-block-image\">\n<figure class=\"aligncenter\"><img loading=\"lazy\" decoding=\"async\" width=\"1600\" height=\"799\" src=\"https:\/\/www.taalhammer.com\/wp-content\/uploads\/2024\/05\/image-22.png\" alt=\"Aplikacja Taalhammer - widok kreatora - podkre\u015blone wyszukiwanie\" class=\"wp-image-12282\" style=\"object-fit:cover\" srcset=\"https:\/\/www.taalhammer.com\/wp-content\/uploads\/2024\/05\/image-22.png 1600w, https:\/\/www.taalhammer.com\/wp-content\/uploads\/2024\/05\/image-22-300x150.png 300w, https:\/\/www.taalhammer.com\/wp-content\/uploads\/2024\/05\/image-22-1024x511.png 1024w, https:\/\/www.taalhammer.com\/wp-content\/uploads\/2024\/05\/image-22-768x384.png 768w, https:\/\/www.taalhammer.com\/wp-content\/uploads\/2024\/05\/image-22-1536x767.png 1536w, https:\/\/www.taalhammer.com\/wp-content\/uploads\/2024\/05\/image-22-1568x783.png 1568w\" sizes=\"auto, (max-width: 709px) 85vw, (max-width: 909px) 67vw, (max-width: 1362px) 62vw, 840px\" \/><\/figure>\n<\/div>\n\n\n<p>Kliknij na link kolekcji, aby zobaczy\u0107 wi\u0119cej szczeg\u00f3\u0142\u00f3w. Mo\u017cesz zmieni\u0107 j\u0119zyki swojej kolekcji, nada\u0107 jej opis i zdecydowa\u0107, czy Twoja kolekcja b\u0119dzie publicznie dost\u0119pna w katalogu kolekcji Taalhammera, tak aby inni u\u017cytkownicy mogli si\u0119 z niej uczy\u0107. Mo\u017cesz r\u00f3wnie\u017c udost\u0119pni\u0107 kolekcj\u0119 wysy\u0142aj\u0105c link URL z przegl\u0105darki.&nbsp;<\/p>\n\n\n<div class=\"wp-block-image\">\n<figure class=\"aligncenter\"><img loading=\"lazy\" decoding=\"async\" width=\"1600\" height=\"922\" src=\"https:\/\/www.taalhammer.com\/wp-content\/uploads\/2024\/05\/image-23.png\" alt=\"Aplikacja Taalhammer - widok kreatora - podkre\u015blone udost\u0119pnianie\" class=\"wp-image-12284\" srcset=\"https:\/\/www.taalhammer.com\/wp-content\/uploads\/2024\/05\/image-23.png 1600w, https:\/\/www.taalhammer.com\/wp-content\/uploads\/2024\/05\/image-23-300x173.png 300w, https:\/\/www.taalhammer.com\/wp-content\/uploads\/2024\/05\/image-23-1024x590.png 1024w, https:\/\/www.taalhammer.com\/wp-content\/uploads\/2024\/05\/image-23-768x443.png 768w, https:\/\/www.taalhammer.com\/wp-content\/uploads\/2024\/05\/image-23-1536x885.png 1536w, https:\/\/www.taalhammer.com\/wp-content\/uploads\/2024\/05\/image-23-1568x904.png 1568w\" sizes=\"auto, (max-width: 709px) 85vw, (max-width: 909px) 67vw, (max-width: 1362px) 62vw, 840px\" \/><\/figure>\n<\/div>","protected":false},"excerpt":{"rendered":"<p>Kolekcja, zwana te\u017c \u201cdekiem\u201d albo \u201ctali\u0105&#8221;, to pojemnik na fiszki i tablice. Mo\u017cesz tworzy\u0107 nowe kolekcje, aby przechowywa\u0107 w nich swoje osobiste tre\u015bci lub udost\u0119pnia\u0107 je innym u\u017cytkownikom. W Kreatorze&#8230;<\/p>\n","protected":false},"author":16,"featured_media":0,"parent":0,"menu_order":0,"comment_status":"closed","ping_status":"closed","template":"template-help-page.php","meta":{"_acf_changed":false,"pmpro_default_level":"","inline_featured_image":false,"footnotes":""},"categories":[227],"tags":[],"class_list":["post-12281","page","type-page","status-publish","hentry","category-help-pl","pmpro-has-access"],"acf":{"body_class":""},"yoast_head":"<!-- This site is optimized with the Yoast SEO Premium plugin v23.4 (Yoast SEO v23.4) - https:\/\/yoast.com\/wordpress\/plugins\/seo\/ -->\n<title>Jak stworzy\u0107 now\u0105 kolekcj\u0119 | Taalhammer<\/title>\n<meta name=\"description\" content=\"Zobacz jak mo\u017cesz szybko tworzy\u0107 kolekcje i ca\u0142e kursy j\u0119zykowe w aplikacji Taalhammer\" \/>\n<meta name=\"robots\" content=\"index, follow, max-snippet:-1, max-image-preview:large, max-video-preview:-1\" \/>\n<link rel=\"canonical\" href=\"https:\/\/www.taalhammer.com\/pl\/jak-stworzyc-nowa-kolekcje\/\" \/>\n<meta property=\"og:locale\" content=\"pl_PL\" \/>\n<meta property=\"og:type\" content=\"article\" \/>\n<meta property=\"og:title\" content=\"Jak stworzy\u0107 now\u0105 kolekcj\u0119\" \/>\n<meta property=\"og:description\" content=\"Zobacz jak mo\u017cesz szybko tworzy\u0107 kolekcje i ca\u0142e kursy j\u0119zykowe w aplikacji Taalhammer\" \/>\n<meta property=\"og:url\" content=\"https:\/\/www.taalhammer.com\/pl\/jak-stworzyc-nowa-kolekcje\/\" \/>\n<meta property=\"og:site_name\" content=\"Taalhammer\" \/>\n<meta property=\"article:publisher\" content=\"https:\/\/www.facebook.com\/taalhammer\" \/>\n<meta property=\"article:modified_time\" content=\"2025-12-12T15:18:44+00:00\" \/>\n<meta property=\"og:image\" content=\"https:\/\/www.taalhammer.com\/wp-content\/uploads\/2024\/05\/image-22.png\" \/>\n<meta name=\"twitter:card\" content=\"summary_large_image\" \/>\n<meta name=\"twitter:site\" content=\"@taalhammer\" \/>\n<meta name=\"twitter:label1\" content=\"Szacowany czas czytania\" \/>\n\t<meta name=\"twitter:data1\" content=\"1 minuta\" \/>\n<script type=\"application\/ld+json\" class=\"yoast-schema-graph\">{\"@context\":\"https:\/\/schema.org\",\"@graph\":[{\"@type\":\"WebPage\",\"@id\":\"https:\/\/www.taalhammer.com\/pl\/jak-stworzyc-nowa-kolekcje\/\",\"url\":\"https:\/\/www.taalhammer.com\/pl\/jak-stworzyc-nowa-kolekcje\/\",\"name\":\"Jak stworzy\u0107 now\u0105 kolekcj\u0119 | Taalhammer\",\"isPartOf\":{\"@id\":\"https:\/\/www.taalhammer.com\/pl\/#website\"},\"primaryImageOfPage\":{\"@id\":\"https:\/\/www.taalhammer.com\/pl\/jak-stworzyc-nowa-kolekcje\/#primaryimage\"},\"image\":{\"@id\":\"https:\/\/www.taalhammer.com\/pl\/jak-stworzyc-nowa-kolekcje\/#primaryimage\"},\"thumbnailUrl\":\"https:\/\/www.taalhammer.com\/wp-content\/uploads\/2024\/05\/image-22.png\",\"datePublished\":\"2024-05-28T14:31:34+00:00\",\"dateModified\":\"2025-12-12T15:18:44+00:00\",\"description\":\"Zobacz jak mo\u017cesz szybko tworzy\u0107 kolekcje i ca\u0142e kursy j\u0119zykowe w aplikacji Taalhammer\",\"breadcrumb\":{\"@id\":\"https:\/\/www.taalhammer.com\/pl\/jak-stworzyc-nowa-kolekcje\/#breadcrumb\"},\"inLanguage\":\"pl-PL\",\"potentialAction\":[{\"@type\":\"ReadAction\",\"target\":[\"https:\/\/www.taalhammer.com\/pl\/jak-stworzyc-nowa-kolekcje\/\"]}]},{\"@type\":\"ImageObject\",\"inLanguage\":\"pl-PL\",\"@id\":\"https:\/\/www.taalhammer.com\/pl\/jak-stworzyc-nowa-kolekcje\/#primaryimage\",\"url\":\"https:\/\/www.taalhammer.com\/wp-content\/uploads\/2024\/05\/image-22.png\",\"contentUrl\":\"https:\/\/www.taalhammer.com\/wp-content\/uploads\/2024\/05\/image-22.png\"},{\"@type\":\"BreadcrumbList\",\"@id\":\"https:\/\/www.taalhammer.com\/pl\/jak-stworzyc-nowa-kolekcje\/#breadcrumb\",\"itemListElement\":[{\"@type\":\"ListItem\",\"position\":1,\"name\":\"Home\",\"item\":\"https:\/\/www.taalhammer.com\/pl\/\"},{\"@type\":\"ListItem\",\"position\":2,\"name\":\"Jak stworzy\u0107 now\u0105 kolekcj\u0119\"}]},{\"@type\":\"WebSite\",\"@id\":\"https:\/\/www.taalhammer.com\/pl\/#website\",\"url\":\"https:\/\/www.taalhammer.com\/pl\/\",\"name\":\"Taalhammer\",\"description\":\"Stop mumbling, start to speak\",\"publisher\":{\"@id\":\"https:\/\/www.taalhammer.com\/pl\/#organization\"},\"potentialAction\":[{\"@type\":\"SearchAction\",\"target\":{\"@type\":\"EntryPoint\",\"urlTemplate\":\"https:\/\/www.taalhammer.com\/pl\/?s={search_term_string}\"},\"query-input\":{\"@type\":\"PropertyValueSpecification\",\"valueRequired\":true,\"valueName\":\"search_term_string\"}}],\"inLanguage\":\"pl-PL\"},{\"@type\":\"Organization\",\"@id\":\"https:\/\/www.taalhammer.com\/pl\/#organization\",\"name\":\"Taalhammer\",\"url\":\"https:\/\/www.taalhammer.com\/pl\/\",\"logo\":{\"@type\":\"ImageObject\",\"inLanguage\":\"pl-PL\",\"@id\":\"https:\/\/www.taalhammer.com\/pl\/#\/schema\/logo\/image\/\",\"url\":\"https:\/\/www.taalhammer.com\/wp-content\/uploads\/2019\/06\/Taalhammer_B_W_cut_negative.png\",\"contentUrl\":\"https:\/\/www.taalhammer.com\/wp-content\/uploads\/2019\/06\/Taalhammer_B_W_cut_negative.png\",\"width\":290,\"height\":256,\"caption\":\"Taalhammer\"},\"image\":{\"@id\":\"https:\/\/www.taalhammer.com\/pl\/#\/schema\/logo\/image\/\"},\"sameAs\":[\"https:\/\/www.facebook.com\/taalhammer\",\"https:\/\/x.com\/taalhammer\",\"https:\/\/www.instagram.com\/taalhammer_pl\/\"]}]}<\/script>\n<!-- \/ Yoast SEO Premium plugin. -->","yoast_head_json":{"title":"Jak stworzy\u0107 now\u0105 kolekcj\u0119 | Taalhammer","description":"Zobacz jak mo\u017cesz szybko tworzy\u0107 kolekcje i ca\u0142e kursy j\u0119zykowe w aplikacji Taalhammer","robots":{"index":"index","follow":"follow","max-snippet":"max-snippet:-1","max-image-preview":"max-image-preview:large","max-video-preview":"max-video-preview:-1"},"canonical":"https:\/\/www.taalhammer.com\/pl\/jak-stworzyc-nowa-kolekcje\/","og_locale":"pl_PL","og_type":"article","og_title":"Jak stworzy\u0107 now\u0105 kolekcj\u0119","og_description":"Zobacz jak mo\u017cesz szybko tworzy\u0107 kolekcje i ca\u0142e kursy j\u0119zykowe w aplikacji Taalhammer","og_url":"https:\/\/www.taalhammer.com\/pl\/jak-stworzyc-nowa-kolekcje\/","og_site_name":"Taalhammer","article_publisher":"https:\/\/www.facebook.com\/taalhammer","article_modified_time":"2025-12-12T15:18:44+00:00","og_image":[{"url":"https:\/\/www.taalhammer.com\/wp-content\/uploads\/2024\/05\/image-22.png"}],"twitter_card":"summary_large_image","twitter_site":"@taalhammer","twitter_misc":{"Szacowany czas czytania":"1 minuta"},"schema":{"@context":"https:\/\/schema.org","@graph":[{"@type":"WebPage","@id":"https:\/\/www.taalhammer.com\/pl\/jak-stworzyc-nowa-kolekcje\/","url":"https:\/\/www.taalhammer.com\/pl\/jak-stworzyc-nowa-kolekcje\/","name":"Jak stworzy\u0107 now\u0105 kolekcj\u0119 | Taalhammer","isPartOf":{"@id":"https:\/\/www.taalhammer.com\/pl\/#website"},"primaryImageOfPage":{"@id":"https:\/\/www.taalhammer.com\/pl\/jak-stworzyc-nowa-kolekcje\/#primaryimage"},"image":{"@id":"https:\/\/www.taalhammer.com\/pl\/jak-stworzyc-nowa-kolekcje\/#primaryimage"},"thumbnailUrl":"https:\/\/www.taalhammer.com\/wp-content\/uploads\/2024\/05\/image-22.png","datePublished":"2024-05-28T14:31:34+00:00","dateModified":"2025-12-12T15:18:44+00:00","description":"Zobacz jak mo\u017cesz szybko tworzy\u0107 kolekcje i ca\u0142e kursy j\u0119zykowe w aplikacji Taalhammer","breadcrumb":{"@id":"https:\/\/www.taalhammer.com\/pl\/jak-stworzyc-nowa-kolekcje\/#breadcrumb"},"inLanguage":"pl-PL","potentialAction":[{"@type":"ReadAction","target":["https:\/\/www.taalhammer.com\/pl\/jak-stworzyc-nowa-kolekcje\/"]}]},{"@type":"ImageObject","inLanguage":"pl-PL","@id":"https:\/\/www.taalhammer.com\/pl\/jak-stworzyc-nowa-kolekcje\/#primaryimage","url":"https:\/\/www.taalhammer.com\/wp-content\/uploads\/2024\/05\/image-22.png","contentUrl":"https:\/\/www.taalhammer.com\/wp-content\/uploads\/2024\/05\/image-22.png"},{"@type":"BreadcrumbList","@id":"https:\/\/www.taalhammer.com\/pl\/jak-stworzyc-nowa-kolekcje\/#breadcrumb","itemListElement":[{"@type":"ListItem","position":1,"name":"Home","item":"https:\/\/www.taalhammer.com\/pl\/"},{"@type":"ListItem","position":2,"name":"Jak stworzy\u0107 now\u0105 kolekcj\u0119"}]},{"@type":"WebSite","@id":"https:\/\/www.taalhammer.com\/pl\/#website","url":"https:\/\/www.taalhammer.com\/pl\/","name":"Taalhammer","description":"Stop mumbling, start to speak","publisher":{"@id":"https:\/\/www.taalhammer.com\/pl\/#organization"},"potentialAction":[{"@type":"SearchAction","target":{"@type":"EntryPoint","urlTemplate":"https:\/\/www.taalhammer.com\/pl\/?s={search_term_string}"},"query-input":{"@type":"PropertyValueSpecification","valueRequired":true,"valueName":"search_term_string"}}],"inLanguage":"pl-PL"},{"@type":"Organization","@id":"https:\/\/www.taalhammer.com\/pl\/#organization","name":"Taalhammer","url":"https:\/\/www.taalhammer.com\/pl\/","logo":{"@type":"ImageObject","inLanguage":"pl-PL","@id":"https:\/\/www.taalhammer.com\/pl\/#\/schema\/logo\/image\/","url":"https:\/\/www.taalhammer.com\/wp-content\/uploads\/2019\/06\/Taalhammer_B_W_cut_negative.png","contentUrl":"https:\/\/www.taalhammer.com\/wp-content\/uploads\/2019\/06\/Taalhammer_B_W_cut_negative.png","width":290,"height":256,"caption":"Taalhammer"},"image":{"@id":"https:\/\/www.taalhammer.com\/pl\/#\/schema\/logo\/image\/"},"sameAs":["https:\/\/www.facebook.com\/taalhammer","https:\/\/x.com\/taalhammer","https:\/\/www.instagram.com\/taalhammer_pl\/"]}]}},"_links":{"self":[{"href":"https:\/\/www.taalhammer.com\/pl\/wp-json\/wp\/v2\/pages\/12281","targetHints":{"allow":["GET"]}}],"collection":[{"href":"https:\/\/www.taalhammer.com\/pl\/wp-json\/wp\/v2\/pages"}],"about":[{"href":"https:\/\/www.taalhammer.com\/pl\/wp-json\/wp\/v2\/types\/page"}],"author":[{"embeddable":true,"href":"https:\/\/www.taalhammer.com\/pl\/wp-json\/wp\/v2\/users\/16"}],"replies":[{"embeddable":true,"href":"https:\/\/www.taalhammer.com\/pl\/wp-json\/wp\/v2\/comments?post=12281"}],"version-history":[{"count":2,"href":"https:\/\/www.taalhammer.com\/pl\/wp-json\/wp\/v2\/pages\/12281\/revisions"}],"predecessor-version":[{"id":12368,"href":"https:\/\/www.taalhammer.com\/pl\/wp-json\/wp\/v2\/pages\/12281\/revisions\/12368"}],"wp:attachment":[{"href":"https:\/\/www.taalhammer.com\/pl\/wp-json\/wp\/v2\/media?parent=12281"}],"wp:term":[{"taxonomy":"category","embeddable":true,"href":"https:\/\/www.taalhammer.com\/pl\/wp-json\/wp\/v2\/categories?post=12281"},{"taxonomy":"post_tag","embeddable":true,"href":"https:\/\/www.taalhammer.com\/pl\/wp-json\/wp\/v2\/tags?post=12281"}],"curies":[{"name":"wp","href":"https:\/\/api.w.org\/{rel}","templated":true}]}}