{"id":12275,"date":"2024-05-28T14:27:46","date_gmt":"2024-05-28T14:27:46","guid":{"rendered":"https:\/\/www.taalhammer.com\/?page_id=12275"},"modified":"2025-12-12T15:18:53","modified_gmt":"2025-12-12T15:18:53","slug":"jak-uzywac-wyszukiwarki","status":"publish","type":"page","link":"https:\/\/www.taalhammer.com\/pl\/jak-uzywac-wyszukiwarki\/","title":{"rendered":"Jak u\u017cywa\u0107 wyszukiwarki"},"content":{"rendered":"\n<p>P\u0142ynne m\u00f3wienie j\u0119zykiem to m\u00f3wienie ca\u0142ymi zdaniami. Zapami\u0119tywanie samych s\u0142\u00f3wek jest bardzo ma\u0142o efektywne. Pozna\u0142e\u015b nowe s\u0142owo? Wpisz je do wyszukiwarki. Nie do\u015b\u0107, \u017ce Taalhammer przypilnuje aby\u015b je skutecznie zapami\u0119ta\u0142, to jeszcze zasugeruje Ci przyk\u0142adowe zdania, \u017ceby\u015b umia\u0142 rzeczywi\u015bcie u\u017cy\u0107 tego s\u0142owa.&nbsp;<\/p>\n\n\n\n<p>U\u017cywaj Kreatora jak s\u0142ownika, aby nauczy\u0107 si\u0119 nowych s\u0142\u00f3w lub przypomnie\u0107 sobie zdania lub s\u0142owa, kt\u00f3re sprawiaj\u0105 Ci problem. Szukaj znaczenia i przyk\u0142adowych zda\u0144. T\u0142umacz swoje w\u0142asne przyk\u0142ady. Zobacz jak s\u0142owa pojawiaj\u0105 si\u0119 w kontek\u015bcie.&nbsp;<\/p>\n\n\n\n<figure class=\"wp-block-embed is-type-video is-provider-youtube wp-block-embed-youtube wp-embed-aspect-16-9 wp-has-aspect-ratio\"><div class=\"wp-block-embed__wrapper\">\n<iframe loading=\"lazy\" title=\"Jak u\u017cywa\u0107 wyszukiwarki\" width=\"840\" height=\"473\" src=\"https:\/\/www.youtube.com\/embed\/FkaTq6Xrp3M?feature=oembed\" frameborder=\"0\" allow=\"accelerometer; autoplay; clipboard-write; encrypted-media; gyroscope; picture-in-picture; web-share\" referrerpolicy=\"strict-origin-when-cross-origin\" allowfullscreen><\/iframe>\n<\/div><\/figure>\n\n\n\n<p>W Kreatorze wpisz s\u0142owo w j\u0119zyku \u017ar\u00f3d\u0142owym lub docelowym, a Taalhammer przeszuka baz\u0119 milion\u00f3w przyk\u0142adowych zwrot\u00f3w i zda\u0144 &#8211; w tym r\u00f3wnie\u017c&nbsp;wszystkie tre\u015bci stworzone przez Ciebie.&nbsp;<\/p>\n\n\n<div class=\"wp-block-image\">\n<figure class=\"aligncenter is-resized\"><img loading=\"lazy\" decoding=\"async\" width=\"728\" height=\"1200\" src=\"https:\/\/www.taalhammer.com\/wp-content\/uploads\/2024\/05\/image-21.png\" alt=\"Aplikacja Taalhammer - widok wyszukiwarki przyk\u0142ad\u00f3w\" class=\"wp-image-12277\" style=\"width:400px\" srcset=\"https:\/\/www.taalhammer.com\/wp-content\/uploads\/2024\/05\/image-21.png 728w, https:\/\/www.taalhammer.com\/wp-content\/uploads\/2024\/05\/image-21-182x300.png 182w, https:\/\/www.taalhammer.com\/wp-content\/uploads\/2024\/05\/image-21-621x1024.png 621w\" sizes=\"auto, (max-width: 728px) 85vw, 728px\" \/><\/figure>\n<\/div>\n\n\n<p>Gdy wybierzesz jaki\u015b przyk\u0142ad z listy, poka\u017cemy Ci wi\u0119cej podobnych zda\u0144, kt\u00f3re jednym klikni\u0119ciem mo\u017cesz doda\u0107 do swojej nauki, aby dodatkowo rozszerzy\u0107 sw\u00f3j materia\u0142 do nauki.<\/p>\n\n\n<div class=\"wp-block-image\">\n<figure class=\"aligncenter is-resized\"><img loading=\"lazy\" decoding=\"async\" width=\"722\" height=\"1378\" src=\"https:\/\/www.taalhammer.com\/wp-content\/uploads\/2024\/05\/image-20.png\" alt=\"Aplikacja Taalhammer - widok sugerowanych przyk\u0142adowych zda\u0144\" class=\"wp-image-12276\" style=\"width:400px\" srcset=\"https:\/\/www.taalhammer.com\/wp-content\/uploads\/2024\/05\/image-20.png 722w, https:\/\/www.taalhammer.com\/wp-content\/uploads\/2024\/05\/image-20-157x300.png 157w, https:\/\/www.taalhammer.com\/wp-content\/uploads\/2024\/05\/image-20-537x1024.png 537w\" sizes=\"auto, (max-width: 722px) 85vw, 722px\" \/><\/figure>\n<\/div>","protected":false},"excerpt":{"rendered":"<p>P\u0142ynne m\u00f3wienie j\u0119zykiem to m\u00f3wienie ca\u0142ymi zdaniami. Zapami\u0119tywanie samych s\u0142\u00f3wek jest bardzo ma\u0142o efektywne. Pozna\u0142e\u015b nowe s\u0142owo? Wpisz je do wyszukiwarki. Nie do\u015b\u0107, \u017ce Taalhammer przypilnuje aby\u015b je skutecznie zapami\u0119ta\u0142,&#8230;<\/p>\n","protected":false},"author":16,"featured_media":0,"parent":0,"menu_order":0,"comment_status":"closed","ping_status":"closed","template":"template-help-page.php","meta":{"_acf_changed":false,"pmpro_default_level":"","inline_featured_image":false,"footnotes":""},"categories":[227],"tags":[],"class_list":["post-12275","page","type-page","status-publish","hentry","category-help-pl","pmpro-has-access"],"acf":{"body_class":""},"yoast_head":"<!-- This site is optimized with the Yoast SEO Premium plugin v23.4 (Yoast SEO v23.4) - https:\/\/yoast.com\/wordpress\/plugins\/seo\/ -->\n<title>Jak u\u017cywa\u0107 wyszukiwarki | Taalhammer<\/title>\n<meta name=\"description\" content=\"P\u0142ynne m\u00f3wienie j\u0119zykiem to m\u00f3wienie ca\u0142ymi zdaniami. Zapami\u0119tywanie samych s\u0142\u00f3wek jest bardzo ma\u0142o efektywne.\" \/>\n<meta name=\"robots\" content=\"index, follow, max-snippet:-1, max-image-preview:large, max-video-preview:-1\" \/>\n<link rel=\"canonical\" href=\"https:\/\/www.taalhammer.com\/pl\/jak-uzywac-wyszukiwarki\/\" \/>\n<meta property=\"og:locale\" content=\"pl_PL\" \/>\n<meta property=\"og:type\" content=\"article\" \/>\n<meta property=\"og:title\" content=\"Jak u\u017cywa\u0107 wyszukiwarki\" \/>\n<meta property=\"og:description\" content=\"P\u0142ynne m\u00f3wienie j\u0119zykiem to m\u00f3wienie ca\u0142ymi zdaniami. Zapami\u0119tywanie samych s\u0142\u00f3wek jest bardzo ma\u0142o efektywne.\" \/>\n<meta property=\"og:url\" content=\"https:\/\/www.taalhammer.com\/pl\/jak-uzywac-wyszukiwarki\/\" \/>\n<meta property=\"og:site_name\" content=\"Taalhammer\" \/>\n<meta property=\"article:publisher\" content=\"https:\/\/www.facebook.com\/taalhammer\" \/>\n<meta property=\"article:modified_time\" content=\"2025-12-12T15:18:53+00:00\" \/>\n<meta property=\"og:image\" content=\"https:\/\/www.taalhammer.com\/wp-content\/uploads\/2024\/05\/image-21.png\" \/>\n<meta name=\"twitter:card\" content=\"summary_large_image\" \/>\n<meta name=\"twitter:site\" content=\"@taalhammer\" \/>\n<meta name=\"twitter:label1\" content=\"Szacowany czas czytania\" \/>\n\t<meta name=\"twitter:data1\" content=\"1 minuta\" \/>\n<script type=\"application\/ld+json\" class=\"yoast-schema-graph\">{\"@context\":\"https:\/\/schema.org\",\"@graph\":[{\"@type\":\"WebPage\",\"@id\":\"https:\/\/www.taalhammer.com\/pl\/jak-uzywac-wyszukiwarki\/\",\"url\":\"https:\/\/www.taalhammer.com\/pl\/jak-uzywac-wyszukiwarki\/\",\"name\":\"Jak u\u017cywa\u0107 wyszukiwarki | Taalhammer\",\"isPartOf\":{\"@id\":\"https:\/\/www.taalhammer.com\/pl\/#website\"},\"primaryImageOfPage\":{\"@id\":\"https:\/\/www.taalhammer.com\/pl\/jak-uzywac-wyszukiwarki\/#primaryimage\"},\"image\":{\"@id\":\"https:\/\/www.taalhammer.com\/pl\/jak-uzywac-wyszukiwarki\/#primaryimage\"},\"thumbnailUrl\":\"https:\/\/www.taalhammer.com\/wp-content\/uploads\/2024\/05\/image-21.png\",\"datePublished\":\"2024-05-28T14:27:46+00:00\",\"dateModified\":\"2025-12-12T15:18:53+00:00\",\"description\":\"P\u0142ynne m\u00f3wienie j\u0119zykiem to m\u00f3wienie ca\u0142ymi zdaniami. Zapami\u0119tywanie samych s\u0142\u00f3wek jest bardzo ma\u0142o efektywne.\",\"breadcrumb\":{\"@id\":\"https:\/\/www.taalhammer.com\/pl\/jak-uzywac-wyszukiwarki\/#breadcrumb\"},\"inLanguage\":\"pl-PL\",\"potentialAction\":[{\"@type\":\"ReadAction\",\"target\":[\"https:\/\/www.taalhammer.com\/pl\/jak-uzywac-wyszukiwarki\/\"]}]},{\"@type\":\"ImageObject\",\"inLanguage\":\"pl-PL\",\"@id\":\"https:\/\/www.taalhammer.com\/pl\/jak-uzywac-wyszukiwarki\/#primaryimage\",\"url\":\"https:\/\/www.taalhammer.com\/wp-content\/uploads\/2024\/05\/image-21.png\",\"contentUrl\":\"https:\/\/www.taalhammer.com\/wp-content\/uploads\/2024\/05\/image-21.png\"},{\"@type\":\"BreadcrumbList\",\"@id\":\"https:\/\/www.taalhammer.com\/pl\/jak-uzywac-wyszukiwarki\/#breadcrumb\",\"itemListElement\":[{\"@type\":\"ListItem\",\"position\":1,\"name\":\"Home\",\"item\":\"https:\/\/www.taalhammer.com\/pl\/\"},{\"@type\":\"ListItem\",\"position\":2,\"name\":\"Jak u\u017cywa\u0107 wyszukiwarki\"}]},{\"@type\":\"WebSite\",\"@id\":\"https:\/\/www.taalhammer.com\/pl\/#website\",\"url\":\"https:\/\/www.taalhammer.com\/pl\/\",\"name\":\"Taalhammer\",\"description\":\"Stop mumbling, start to speak\",\"publisher\":{\"@id\":\"https:\/\/www.taalhammer.com\/pl\/#organization\"},\"potentialAction\":[{\"@type\":\"SearchAction\",\"target\":{\"@type\":\"EntryPoint\",\"urlTemplate\":\"https:\/\/www.taalhammer.com\/pl\/?s={search_term_string}\"},\"query-input\":{\"@type\":\"PropertyValueSpecification\",\"valueRequired\":true,\"valueName\":\"search_term_string\"}}],\"inLanguage\":\"pl-PL\"},{\"@type\":\"Organization\",\"@id\":\"https:\/\/www.taalhammer.com\/pl\/#organization\",\"name\":\"Taalhammer\",\"url\":\"https:\/\/www.taalhammer.com\/pl\/\",\"logo\":{\"@type\":\"ImageObject\",\"inLanguage\":\"pl-PL\",\"@id\":\"https:\/\/www.taalhammer.com\/pl\/#\/schema\/logo\/image\/\",\"url\":\"https:\/\/www.taalhammer.com\/wp-content\/uploads\/2019\/06\/Taalhammer_B_W_cut_negative.png\",\"contentUrl\":\"https:\/\/www.taalhammer.com\/wp-content\/uploads\/2019\/06\/Taalhammer_B_W_cut_negative.png\",\"width\":290,\"height\":256,\"caption\":\"Taalhammer\"},\"image\":{\"@id\":\"https:\/\/www.taalhammer.com\/pl\/#\/schema\/logo\/image\/\"},\"sameAs\":[\"https:\/\/www.facebook.com\/taalhammer\",\"https:\/\/x.com\/taalhammer\",\"https:\/\/www.instagram.com\/taalhammer_pl\/\"]}]}<\/script>\n<!-- \/ Yoast SEO Premium plugin. -->","yoast_head_json":{"title":"Jak u\u017cywa\u0107 wyszukiwarki | Taalhammer","description":"P\u0142ynne m\u00f3wienie j\u0119zykiem to m\u00f3wienie ca\u0142ymi zdaniami. Zapami\u0119tywanie samych s\u0142\u00f3wek jest bardzo ma\u0142o efektywne.","robots":{"index":"index","follow":"follow","max-snippet":"max-snippet:-1","max-image-preview":"max-image-preview:large","max-video-preview":"max-video-preview:-1"},"canonical":"https:\/\/www.taalhammer.com\/pl\/jak-uzywac-wyszukiwarki\/","og_locale":"pl_PL","og_type":"article","og_title":"Jak u\u017cywa\u0107 wyszukiwarki","og_description":"P\u0142ynne m\u00f3wienie j\u0119zykiem to m\u00f3wienie ca\u0142ymi zdaniami. Zapami\u0119tywanie samych s\u0142\u00f3wek jest bardzo ma\u0142o efektywne.","og_url":"https:\/\/www.taalhammer.com\/pl\/jak-uzywac-wyszukiwarki\/","og_site_name":"Taalhammer","article_publisher":"https:\/\/www.facebook.com\/taalhammer","article_modified_time":"2025-12-12T15:18:53+00:00","og_image":[{"url":"https:\/\/www.taalhammer.com\/wp-content\/uploads\/2024\/05\/image-21.png"}],"twitter_card":"summary_large_image","twitter_site":"@taalhammer","twitter_misc":{"Szacowany czas czytania":"1 minuta"},"schema":{"@context":"https:\/\/schema.org","@graph":[{"@type":"WebPage","@id":"https:\/\/www.taalhammer.com\/pl\/jak-uzywac-wyszukiwarki\/","url":"https:\/\/www.taalhammer.com\/pl\/jak-uzywac-wyszukiwarki\/","name":"Jak u\u017cywa\u0107 wyszukiwarki | Taalhammer","isPartOf":{"@id":"https:\/\/www.taalhammer.com\/pl\/#website"},"primaryImageOfPage":{"@id":"https:\/\/www.taalhammer.com\/pl\/jak-uzywac-wyszukiwarki\/#primaryimage"},"image":{"@id":"https:\/\/www.taalhammer.com\/pl\/jak-uzywac-wyszukiwarki\/#primaryimage"},"thumbnailUrl":"https:\/\/www.taalhammer.com\/wp-content\/uploads\/2024\/05\/image-21.png","datePublished":"2024-05-28T14:27:46+00:00","dateModified":"2025-12-12T15:18:53+00:00","description":"P\u0142ynne m\u00f3wienie j\u0119zykiem to m\u00f3wienie ca\u0142ymi zdaniami. Zapami\u0119tywanie samych s\u0142\u00f3wek jest bardzo ma\u0142o efektywne.","breadcrumb":{"@id":"https:\/\/www.taalhammer.com\/pl\/jak-uzywac-wyszukiwarki\/#breadcrumb"},"inLanguage":"pl-PL","potentialAction":[{"@type":"ReadAction","target":["https:\/\/www.taalhammer.com\/pl\/jak-uzywac-wyszukiwarki\/"]}]},{"@type":"ImageObject","inLanguage":"pl-PL","@id":"https:\/\/www.taalhammer.com\/pl\/jak-uzywac-wyszukiwarki\/#primaryimage","url":"https:\/\/www.taalhammer.com\/wp-content\/uploads\/2024\/05\/image-21.png","contentUrl":"https:\/\/www.taalhammer.com\/wp-content\/uploads\/2024\/05\/image-21.png"},{"@type":"BreadcrumbList","@id":"https:\/\/www.taalhammer.com\/pl\/jak-uzywac-wyszukiwarki\/#breadcrumb","itemListElement":[{"@type":"ListItem","position":1,"name":"Home","item":"https:\/\/www.taalhammer.com\/pl\/"},{"@type":"ListItem","position":2,"name":"Jak u\u017cywa\u0107 wyszukiwarki"}]},{"@type":"WebSite","@id":"https:\/\/www.taalhammer.com\/pl\/#website","url":"https:\/\/www.taalhammer.com\/pl\/","name":"Taalhammer","description":"Stop mumbling, start to speak","publisher":{"@id":"https:\/\/www.taalhammer.com\/pl\/#organization"},"potentialAction":[{"@type":"SearchAction","target":{"@type":"EntryPoint","urlTemplate":"https:\/\/www.taalhammer.com\/pl\/?s={search_term_string}"},"query-input":{"@type":"PropertyValueSpecification","valueRequired":true,"valueName":"search_term_string"}}],"inLanguage":"pl-PL"},{"@type":"Organization","@id":"https:\/\/www.taalhammer.com\/pl\/#organization","name":"Taalhammer","url":"https:\/\/www.taalhammer.com\/pl\/","logo":{"@type":"ImageObject","inLanguage":"pl-PL","@id":"https:\/\/www.taalhammer.com\/pl\/#\/schema\/logo\/image\/","url":"https:\/\/www.taalhammer.com\/wp-content\/uploads\/2019\/06\/Taalhammer_B_W_cut_negative.png","contentUrl":"https:\/\/www.taalhammer.com\/wp-content\/uploads\/2019\/06\/Taalhammer_B_W_cut_negative.png","width":290,"height":256,"caption":"Taalhammer"},"image":{"@id":"https:\/\/www.taalhammer.com\/pl\/#\/schema\/logo\/image\/"},"sameAs":["https:\/\/www.facebook.com\/taalhammer","https:\/\/x.com\/taalhammer","https:\/\/www.instagram.com\/taalhammer_pl\/"]}]}},"_links":{"self":[{"href":"https:\/\/www.taalhammer.com\/pl\/wp-json\/wp\/v2\/pages\/12275","targetHints":{"allow":["GET"]}}],"collection":[{"href":"https:\/\/www.taalhammer.com\/pl\/wp-json\/wp\/v2\/pages"}],"about":[{"href":"https:\/\/www.taalhammer.com\/pl\/wp-json\/wp\/v2\/types\/page"}],"author":[{"embeddable":true,"href":"https:\/\/www.taalhammer.com\/pl\/wp-json\/wp\/v2\/users\/16"}],"replies":[{"embeddable":true,"href":"https:\/\/www.taalhammer.com\/pl\/wp-json\/wp\/v2\/comments?post=12275"}],"version-history":[{"count":2,"href":"https:\/\/www.taalhammer.com\/pl\/wp-json\/wp\/v2\/pages\/12275\/revisions"}],"predecessor-version":[{"id":12366,"href":"https:\/\/www.taalhammer.com\/pl\/wp-json\/wp\/v2\/pages\/12275\/revisions\/12366"}],"wp:attachment":[{"href":"https:\/\/www.taalhammer.com\/pl\/wp-json\/wp\/v2\/media?parent=12275"}],"wp:term":[{"taxonomy":"category","embeddable":true,"href":"https:\/\/www.taalhammer.com\/pl\/wp-json\/wp\/v2\/categories?post=12275"},{"taxonomy":"post_tag","embeddable":true,"href":"https:\/\/www.taalhammer.com\/pl\/wp-json\/wp\/v2\/tags?post=12275"}],"curies":[{"name":"wp","href":"https:\/\/api.w.org\/{rel}","templated":true}]}}