{"id":12269,"date":"2024-05-28T14:24:00","date_gmt":"2024-05-28T14:24:00","guid":{"rendered":"https:\/\/www.taalhammer.com\/?page_id=12269"},"modified":"2025-12-12T15:18:36","modified_gmt":"2025-12-12T15:18:36","slug":"jak-stworzyc-fiszke","status":"publish","type":"page","link":"https:\/\/www.taalhammer.com\/pl\/jak-stworzyc-fiszke\/","title":{"rendered":"Jak stworzy\u0107 fiszk\u0119"},"content":{"rendered":"\n<p>Fiszka, albo flashcard, to jednostka nauki: s\u0142owo, fraza lub zdanie. Aplikacja Taalhammer pozwala \u0142atwo i szybko tworzy\u0107 swoje w\u0142asne fiszki i uczy\u0107 si\u0119 z nich. U\u017cywaj tego jako translatora i notatnika. W ten spos\u00f3b bardzo szybko opanujesz ka\u017cde nowo poznane s\u0142owo, zwrot lub zdanie.<\/p>\n\n\n\n<figure class=\"wp-block-embed is-type-video is-provider-youtube wp-block-embed-youtube wp-embed-aspect-16-9 wp-has-aspect-ratio\"><div class=\"wp-block-embed__wrapper\">\n<iframe loading=\"lazy\" title=\"Jak stworzy\u0107 fiszk\u0119\" width=\"840\" height=\"473\" src=\"https:\/\/www.youtube.com\/embed\/EqZo6iZhTik?feature=oembed\" frameborder=\"0\" allow=\"accelerometer; autoplay; clipboard-write; encrypted-media; gyroscope; picture-in-picture; web-share\" referrerpolicy=\"strict-origin-when-cross-origin\" allowfullscreen><\/iframe>\n<\/div><\/figure>\n\n\n\n<p>W naszym Kreatorze wpisz co\u015b w j\u0119zyku \u017ar\u00f3d\u0142owym lub docelowym. Taalhammer zasugeruje kilka przyk\u0142ad\u00f3w u\u017cycia. Pozwala to korzysta\u0107 z gotowych przyk\u0142ad\u00f3w i zaobserwowa\u0107 jak s\u0142owo u\u017cywane jest w praktyce. Mo\u017cesz te\u017c skorzysta\u0107 z wbudowanego t\u0142umaczenia automatycznego lub wpisa\u0107 ca\u0142o\u015b\u0107 samemu.<\/p>\n\n\n<div class=\"wp-block-image\">\n<figure class=\"aligncenter is-resized\"><img loading=\"lazy\" decoding=\"async\" width=\"726\" height=\"1216\" src=\"https:\/\/www.taalhammer.com\/wp-content\/uploads\/2024\/05\/image-18.png\" alt=\"Aplikacja Taalhammer - widok wyszukiwania na urz\u0105dzeniu mobilnym\" class=\"wp-image-12270\" style=\"width:400px\" srcset=\"https:\/\/www.taalhammer.com\/wp-content\/uploads\/2024\/05\/image-18.png 726w, https:\/\/www.taalhammer.com\/wp-content\/uploads\/2024\/05\/image-18-179x300.png 179w, https:\/\/www.taalhammer.com\/wp-content\/uploads\/2024\/05\/image-18-611x1024.png 611w\" sizes=\"auto, (max-width: 726px) 85vw, 726px\" \/><\/figure>\n<\/div>\n\n\n<p>Kliknij na gwiazdk\u0119, aby zapisa\u0107 fiszk\u0119 i doda\u0107 j\u0105 do Twojej prywatnej kolekcji. Taalhammer doda j\u0105 r\u00f3wnie\u017c do Twojego strumienia nauki. Oznacza to, \u017ce b\u0119dziesz j\u0105 powtarza\u0107 w trakcie nauki i s\u0142uchania. Stworzymy te\u017c audio, transkrypcj\u0119 fonetyczn\u0105 i poka\u017cemy sugestie podobnych zda\u0144.&nbsp;<\/p>\n\n\n<div class=\"wp-block-image\">\n<figure class=\"aligncenter is-resized\"><img loading=\"lazy\" decoding=\"async\" width=\"1600\" height=\"901\" src=\"https:\/\/www.taalhammer.com\/wp-content\/uploads\/2024\/05\/image-19.png\" alt=\"Aplikacja Taalhammer - widok wyszukiwania na desktopie podkre\u015blone IPA\" class=\"wp-image-12272\" style=\"width:562px;height:auto\" srcset=\"https:\/\/www.taalhammer.com\/wp-content\/uploads\/2024\/05\/image-19.png 1600w, https:\/\/www.taalhammer.com\/wp-content\/uploads\/2024\/05\/image-19-300x169.png 300w, https:\/\/www.taalhammer.com\/wp-content\/uploads\/2024\/05\/image-19-1024x577.png 1024w, https:\/\/www.taalhammer.com\/wp-content\/uploads\/2024\/05\/image-19-768x432.png 768w, https:\/\/www.taalhammer.com\/wp-content\/uploads\/2024\/05\/image-19-1536x865.png 1536w, https:\/\/www.taalhammer.com\/wp-content\/uploads\/2024\/05\/image-19-1568x883.png 1568w\" sizes=\"auto, (max-width: 709px) 85vw, (max-width: 909px) 67vw, (max-width: 1362px) 62vw, 840px\" \/><\/figure>\n<\/div>","protected":false},"excerpt":{"rendered":"<p>Fiszka, albo flashcard, to jednostka nauki: s\u0142owo, fraza lub zdanie. Aplikacja Taalhammer pozwala \u0142atwo i szybko tworzy\u0107 swoje w\u0142asne fiszki i uczy\u0107 si\u0119 z nich. U\u017cywaj tego jako translatora i&#8230;<\/p>\n","protected":false},"author":16,"featured_media":0,"parent":0,"menu_order":0,"comment_status":"closed","ping_status":"closed","template":"template-help-page.php","meta":{"_acf_changed":false,"pmpro_default_level":"","inline_featured_image":false,"footnotes":""},"categories":[227],"tags":[],"class_list":["post-12269","page","type-page","status-publish","hentry","category-help-pl","pmpro-has-access"],"acf":{"body_class":""},"yoast_head":"<!-- This site is optimized with the Yoast SEO Premium plugin v23.4 (Yoast SEO v23.4) - https:\/\/yoast.com\/wordpress\/plugins\/seo\/ -->\n<title>Jak stworzy\u0107 fiszk\u0119 | Taalhammer<\/title>\n<meta name=\"description\" content=\"Najszybszy spos\u00f3b na tworzenie fiszek lub flashcard\u00f3w. Sprawd\u017a jakie funkcje specyficzne dla nauki j\u0119zyka masz do dyspozycji\" \/>\n<meta name=\"robots\" content=\"index, follow, max-snippet:-1, max-image-preview:large, max-video-preview:-1\" \/>\n<link rel=\"canonical\" href=\"https:\/\/www.taalhammer.com\/pl\/jak-stworzyc-fiszke\/\" \/>\n<meta property=\"og:locale\" content=\"pl_PL\" \/>\n<meta property=\"og:type\" content=\"article\" \/>\n<meta property=\"og:title\" content=\"Jak stworzy\u0107 fiszk\u0119\" \/>\n<meta property=\"og:description\" content=\"Najszybszy spos\u00f3b na tworzenie fiszek lub flashcard\u00f3w. Sprawd\u017a jakie funkcje specyficzne dla nauki j\u0119zyka masz do dyspozycji\" \/>\n<meta property=\"og:url\" content=\"https:\/\/www.taalhammer.com\/pl\/jak-stworzyc-fiszke\/\" \/>\n<meta property=\"og:site_name\" content=\"Taalhammer\" \/>\n<meta property=\"article:publisher\" content=\"https:\/\/www.facebook.com\/taalhammer\" \/>\n<meta property=\"article:modified_time\" content=\"2025-12-12T15:18:36+00:00\" \/>\n<meta property=\"og:image\" content=\"https:\/\/www.taalhammer.com\/wp-content\/uploads\/2024\/05\/image-18.png\" \/>\n<meta name=\"twitter:card\" content=\"summary_large_image\" \/>\n<meta name=\"twitter:site\" content=\"@taalhammer\" \/>\n<meta name=\"twitter:label1\" content=\"Szacowany czas czytania\" \/>\n\t<meta name=\"twitter:data1\" content=\"1 minuta\" \/>\n<script type=\"application\/ld+json\" class=\"yoast-schema-graph\">{\"@context\":\"https:\/\/schema.org\",\"@graph\":[{\"@type\":\"WebPage\",\"@id\":\"https:\/\/www.taalhammer.com\/pl\/jak-stworzyc-fiszke\/\",\"url\":\"https:\/\/www.taalhammer.com\/pl\/jak-stworzyc-fiszke\/\",\"name\":\"Jak stworzy\u0107 fiszk\u0119 | Taalhammer\",\"isPartOf\":{\"@id\":\"https:\/\/www.taalhammer.com\/pl\/#website\"},\"primaryImageOfPage\":{\"@id\":\"https:\/\/www.taalhammer.com\/pl\/jak-stworzyc-fiszke\/#primaryimage\"},\"image\":{\"@id\":\"https:\/\/www.taalhammer.com\/pl\/jak-stworzyc-fiszke\/#primaryimage\"},\"thumbnailUrl\":\"https:\/\/www.taalhammer.com\/wp-content\/uploads\/2024\/05\/image-18.png\",\"datePublished\":\"2024-05-28T14:24:00+00:00\",\"dateModified\":\"2025-12-12T15:18:36+00:00\",\"description\":\"Najszybszy spos\u00f3b na tworzenie fiszek lub flashcard\u00f3w. Sprawd\u017a jakie funkcje specyficzne dla nauki j\u0119zyka masz do dyspozycji\",\"breadcrumb\":{\"@id\":\"https:\/\/www.taalhammer.com\/pl\/jak-stworzyc-fiszke\/#breadcrumb\"},\"inLanguage\":\"pl-PL\",\"potentialAction\":[{\"@type\":\"ReadAction\",\"target\":[\"https:\/\/www.taalhammer.com\/pl\/jak-stworzyc-fiszke\/\"]}]},{\"@type\":\"ImageObject\",\"inLanguage\":\"pl-PL\",\"@id\":\"https:\/\/www.taalhammer.com\/pl\/jak-stworzyc-fiszke\/#primaryimage\",\"url\":\"https:\/\/www.taalhammer.com\/wp-content\/uploads\/2024\/05\/image-18.png\",\"contentUrl\":\"https:\/\/www.taalhammer.com\/wp-content\/uploads\/2024\/05\/image-18.png\"},{\"@type\":\"BreadcrumbList\",\"@id\":\"https:\/\/www.taalhammer.com\/pl\/jak-stworzyc-fiszke\/#breadcrumb\",\"itemListElement\":[{\"@type\":\"ListItem\",\"position\":1,\"name\":\"Home\",\"item\":\"https:\/\/www.taalhammer.com\/pl\/\"},{\"@type\":\"ListItem\",\"position\":2,\"name\":\"Jak stworzy\u0107 fiszk\u0119\"}]},{\"@type\":\"WebSite\",\"@id\":\"https:\/\/www.taalhammer.com\/pl\/#website\",\"url\":\"https:\/\/www.taalhammer.com\/pl\/\",\"name\":\"Taalhammer\",\"description\":\"Stop mumbling, start to speak\",\"publisher\":{\"@id\":\"https:\/\/www.taalhammer.com\/pl\/#organization\"},\"potentialAction\":[{\"@type\":\"SearchAction\",\"target\":{\"@type\":\"EntryPoint\",\"urlTemplate\":\"https:\/\/www.taalhammer.com\/pl\/?s={search_term_string}\"},\"query-input\":{\"@type\":\"PropertyValueSpecification\",\"valueRequired\":true,\"valueName\":\"search_term_string\"}}],\"inLanguage\":\"pl-PL\"},{\"@type\":\"Organization\",\"@id\":\"https:\/\/www.taalhammer.com\/pl\/#organization\",\"name\":\"Taalhammer\",\"url\":\"https:\/\/www.taalhammer.com\/pl\/\",\"logo\":{\"@type\":\"ImageObject\",\"inLanguage\":\"pl-PL\",\"@id\":\"https:\/\/www.taalhammer.com\/pl\/#\/schema\/logo\/image\/\",\"url\":\"https:\/\/www.taalhammer.com\/wp-content\/uploads\/2019\/06\/Taalhammer_B_W_cut_negative.png\",\"contentUrl\":\"https:\/\/www.taalhammer.com\/wp-content\/uploads\/2019\/06\/Taalhammer_B_W_cut_negative.png\",\"width\":290,\"height\":256,\"caption\":\"Taalhammer\"},\"image\":{\"@id\":\"https:\/\/www.taalhammer.com\/pl\/#\/schema\/logo\/image\/\"},\"sameAs\":[\"https:\/\/www.facebook.com\/taalhammer\",\"https:\/\/x.com\/taalhammer\",\"https:\/\/www.instagram.com\/taalhammer_pl\/\"]}]}<\/script>\n<!-- \/ Yoast SEO Premium plugin. -->","yoast_head_json":{"title":"Jak stworzy\u0107 fiszk\u0119 | Taalhammer","description":"Najszybszy spos\u00f3b na tworzenie fiszek lub flashcard\u00f3w. Sprawd\u017a jakie funkcje specyficzne dla nauki j\u0119zyka masz do dyspozycji","robots":{"index":"index","follow":"follow","max-snippet":"max-snippet:-1","max-image-preview":"max-image-preview:large","max-video-preview":"max-video-preview:-1"},"canonical":"https:\/\/www.taalhammer.com\/pl\/jak-stworzyc-fiszke\/","og_locale":"pl_PL","og_type":"article","og_title":"Jak stworzy\u0107 fiszk\u0119","og_description":"Najszybszy spos\u00f3b na tworzenie fiszek lub flashcard\u00f3w. Sprawd\u017a jakie funkcje specyficzne dla nauki j\u0119zyka masz do dyspozycji","og_url":"https:\/\/www.taalhammer.com\/pl\/jak-stworzyc-fiszke\/","og_site_name":"Taalhammer","article_publisher":"https:\/\/www.facebook.com\/taalhammer","article_modified_time":"2025-12-12T15:18:36+00:00","og_image":[{"url":"https:\/\/www.taalhammer.com\/wp-content\/uploads\/2024\/05\/image-18.png"}],"twitter_card":"summary_large_image","twitter_site":"@taalhammer","twitter_misc":{"Szacowany czas czytania":"1 minuta"},"schema":{"@context":"https:\/\/schema.org","@graph":[{"@type":"WebPage","@id":"https:\/\/www.taalhammer.com\/pl\/jak-stworzyc-fiszke\/","url":"https:\/\/www.taalhammer.com\/pl\/jak-stworzyc-fiszke\/","name":"Jak stworzy\u0107 fiszk\u0119 | Taalhammer","isPartOf":{"@id":"https:\/\/www.taalhammer.com\/pl\/#website"},"primaryImageOfPage":{"@id":"https:\/\/www.taalhammer.com\/pl\/jak-stworzyc-fiszke\/#primaryimage"},"image":{"@id":"https:\/\/www.taalhammer.com\/pl\/jak-stworzyc-fiszke\/#primaryimage"},"thumbnailUrl":"https:\/\/www.taalhammer.com\/wp-content\/uploads\/2024\/05\/image-18.png","datePublished":"2024-05-28T14:24:00+00:00","dateModified":"2025-12-12T15:18:36+00:00","description":"Najszybszy spos\u00f3b na tworzenie fiszek lub flashcard\u00f3w. Sprawd\u017a jakie funkcje specyficzne dla nauki j\u0119zyka masz do dyspozycji","breadcrumb":{"@id":"https:\/\/www.taalhammer.com\/pl\/jak-stworzyc-fiszke\/#breadcrumb"},"inLanguage":"pl-PL","potentialAction":[{"@type":"ReadAction","target":["https:\/\/www.taalhammer.com\/pl\/jak-stworzyc-fiszke\/"]}]},{"@type":"ImageObject","inLanguage":"pl-PL","@id":"https:\/\/www.taalhammer.com\/pl\/jak-stworzyc-fiszke\/#primaryimage","url":"https:\/\/www.taalhammer.com\/wp-content\/uploads\/2024\/05\/image-18.png","contentUrl":"https:\/\/www.taalhammer.com\/wp-content\/uploads\/2024\/05\/image-18.png"},{"@type":"BreadcrumbList","@id":"https:\/\/www.taalhammer.com\/pl\/jak-stworzyc-fiszke\/#breadcrumb","itemListElement":[{"@type":"ListItem","position":1,"name":"Home","item":"https:\/\/www.taalhammer.com\/pl\/"},{"@type":"ListItem","position":2,"name":"Jak stworzy\u0107 fiszk\u0119"}]},{"@type":"WebSite","@id":"https:\/\/www.taalhammer.com\/pl\/#website","url":"https:\/\/www.taalhammer.com\/pl\/","name":"Taalhammer","description":"Stop mumbling, start to speak","publisher":{"@id":"https:\/\/www.taalhammer.com\/pl\/#organization"},"potentialAction":[{"@type":"SearchAction","target":{"@type":"EntryPoint","urlTemplate":"https:\/\/www.taalhammer.com\/pl\/?s={search_term_string}"},"query-input":{"@type":"PropertyValueSpecification","valueRequired":true,"valueName":"search_term_string"}}],"inLanguage":"pl-PL"},{"@type":"Organization","@id":"https:\/\/www.taalhammer.com\/pl\/#organization","name":"Taalhammer","url":"https:\/\/www.taalhammer.com\/pl\/","logo":{"@type":"ImageObject","inLanguage":"pl-PL","@id":"https:\/\/www.taalhammer.com\/pl\/#\/schema\/logo\/image\/","url":"https:\/\/www.taalhammer.com\/wp-content\/uploads\/2019\/06\/Taalhammer_B_W_cut_negative.png","contentUrl":"https:\/\/www.taalhammer.com\/wp-content\/uploads\/2019\/06\/Taalhammer_B_W_cut_negative.png","width":290,"height":256,"caption":"Taalhammer"},"image":{"@id":"https:\/\/www.taalhammer.com\/pl\/#\/schema\/logo\/image\/"},"sameAs":["https:\/\/www.facebook.com\/taalhammer","https:\/\/x.com\/taalhammer","https:\/\/www.instagram.com\/taalhammer_pl\/"]}]}},"_links":{"self":[{"href":"https:\/\/www.taalhammer.com\/pl\/wp-json\/wp\/v2\/pages\/12269","targetHints":{"allow":["GET"]}}],"collection":[{"href":"https:\/\/www.taalhammer.com\/pl\/wp-json\/wp\/v2\/pages"}],"about":[{"href":"https:\/\/www.taalhammer.com\/pl\/wp-json\/wp\/v2\/types\/page"}],"author":[{"embeddable":true,"href":"https:\/\/www.taalhammer.com\/pl\/wp-json\/wp\/v2\/users\/16"}],"replies":[{"embeddable":true,"href":"https:\/\/www.taalhammer.com\/pl\/wp-json\/wp\/v2\/comments?post=12269"}],"version-history":[{"count":2,"href":"https:\/\/www.taalhammer.com\/pl\/wp-json\/wp\/v2\/pages\/12269\/revisions"}],"predecessor-version":[{"id":12365,"href":"https:\/\/www.taalhammer.com\/pl\/wp-json\/wp\/v2\/pages\/12269\/revisions\/12365"}],"wp:attachment":[{"href":"https:\/\/www.taalhammer.com\/pl\/wp-json\/wp\/v2\/media?parent=12269"}],"wp:term":[{"taxonomy":"category","embeddable":true,"href":"https:\/\/www.taalhammer.com\/pl\/wp-json\/wp\/v2\/categories?post=12269"},{"taxonomy":"post_tag","embeddable":true,"href":"https:\/\/www.taalhammer.com\/pl\/wp-json\/wp\/v2\/tags?post=12269"}],"curies":[{"name":"wp","href":"https:\/\/api.w.org\/{rel}","templated":true}]}}