{"id":12263,"date":"2024-05-28T14:13:17","date_gmt":"2024-05-28T14:13:17","guid":{"rendered":"https:\/\/www.taalhammer.com\/?page_id=12263"},"modified":"2025-12-12T15:12:05","modified_gmt":"2025-12-12T15:12:05","slug":"historyjki-i-dialogi-generowane-przez-sztuczna-inteligencje","status":"publish","type":"page","link":"https:\/\/www.taalhammer.com\/pl\/historyjki-i-dialogi-generowane-przez-sztuczna-inteligencje\/","title":{"rendered":"Historyjki i dialogi generowane przez sztuczn\u0105 inteligencj\u0119"},"content":{"rendered":"\n<p>Nauka j\u0119zyka poprzez s\u0142uchanie historyjek i \u0107wiczenie dialog\u00f3w jest bardzo efektywna, szczeg\u00f3lnie je\u015bli zawieraj\u0105 one s\u0142owa i zwroty, kt\u00f3rych si\u0119 uczy\u0142e\u015b i kt\u00f3re znasz. Pomaga to ugruntowa\u0107 znaczenie poznanych s\u0142\u00f3w, i zobaczy\u0107 jak s\u0142owa funkcjonuj\u0105 w prawdziwym j\u0119zyku. W Taalhammerze generujemy dla Ciebie kr\u00f3tkie historyjki i dialogi z wykorzystaniem sztucznej inteligencji.&nbsp;<\/p>\n\n\n\n<figure class=\"wp-block-embed is-type-video is-provider-youtube wp-block-embed-youtube wp-embed-aspect-16-9 wp-has-aspect-ratio\"><div class=\"wp-block-embed__wrapper\">\n<iframe loading=\"lazy\" title=\"Historyjki i dialogi generowane przez sztuczn\u0105 inteligencj\u0119\" width=\"840\" height=\"473\" src=\"https:\/\/www.youtube.com\/embed\/iexTKMf3FKM?feature=oembed\" frameborder=\"0\" allow=\"accelerometer; autoplay; clipboard-write; encrypted-media; gyroscope; picture-in-picture; web-share\" referrerpolicy=\"strict-origin-when-cross-origin\" allowfullscreen><\/iframe>\n<\/div><\/figure>\n\n\n\n<p>Nie musisz robi\u0107 nic dodatkowo, wystarczy \u017ce powtarzasz w trybie nauki (albo w trybie s\u0142uchania), a co jaki\u015b czas zaserwujemy Ci historyjk\u0119. Je\u017celi pracujesz z naszym Kreatorem i dodajesz swoje s\u0142owa i zdania, to te historyjki b\u0119d\u0105 uwzgl\u0119dnia\u0107 r\u00f3wnie\u017c te tre\u015bci.<\/p>\n\n\n<div class=\"wp-block-image\">\n<figure class=\"aligncenter is-resized\"><img loading=\"lazy\" decoding=\"async\" width=\"726\" height=\"1568\" src=\"https:\/\/www.taalhammer.com\/wp-content\/uploads\/2024\/05\/image-17.png\" alt=\"Aplikacja Taalhammer - widok historyjki w trybie s\u0142uchania\" class=\"wp-image-12264\" style=\"width:400px\" srcset=\"https:\/\/www.taalhammer.com\/wp-content\/uploads\/2024\/05\/image-17.png 726w, https:\/\/www.taalhammer.com\/wp-content\/uploads\/2024\/05\/image-17-139x300.png 139w, https:\/\/www.taalhammer.com\/wp-content\/uploads\/2024\/05\/image-17-474x1024.png 474w, https:\/\/www.taalhammer.com\/wp-content\/uploads\/2024\/05\/image-17-711x1536.png 711w\" sizes=\"auto, (max-width: 726px) 85vw, 726px\" \/><\/figure>\n<\/div>\n\n\n<p>W ustawieniach mo\u017cesz zobaczy\u0107 czy masz ju\u017c jakie\u015b wygenerowane historyjki. W Twoim strumieniu po oko\u0142o trzydziestu minutach nauki znajdzie si\u0119 kolekcja o tytule \u201cgenerowane\u201d. Je\u017celi chcesz zobaczy\u0107 ile takich historyjek ju\u017c masz, przejd\u017a do katalogu j\u0119zyk\u00f3w, i kliknij na \u201cMoje kolekcje\u201d. W wersji na desktopie mo\u017cesz podejrze\u0107 ich tre\u015b\u0107, a nawet je edytowa\u0107.<\/p>\n\n\n\n<p class=\"has-text-align-center\"><img loading=\"lazy\" decoding=\"async\" src=\"https:\/\/lh7-us.googleusercontent.com\/XkMTrZnQOB4IadXj_9Sm_e5nENIbj9x0tZdFGY4y58xLUwOf2Q3LEZQq8vz6ltULJSe2802LISPdxDwhA95_X4wuXRNA2JkXxOC7ds3OhXeHSs6e8yJhNi7aK0mf-QJIKqHXMxsCfCK3TP7pKUG0iN0\" width=\"312\" height=\"651\"><\/p>\n","protected":false},"excerpt":{"rendered":"<p>Nauka j\u0119zyka poprzez s\u0142uchanie historyjek i \u0107wiczenie dialog\u00f3w jest bardzo efektywna, szczeg\u00f3lnie je\u015bli zawieraj\u0105 one s\u0142owa i zwroty, kt\u00f3rych si\u0119 uczy\u0142e\u015b i kt\u00f3re znasz. Pomaga to ugruntowa\u0107 znaczenie poznanych s\u0142\u00f3w,&#8230;<\/p>\n","protected":false},"author":16,"featured_media":0,"parent":0,"menu_order":0,"comment_status":"closed","ping_status":"closed","template":"template-help-page.php","meta":{"_acf_changed":false,"pmpro_default_level":"","inline_featured_image":false,"footnotes":""},"categories":[227],"tags":[],"class_list":["post-12263","page","type-page","status-publish","hentry","category-help-pl","pmpro-has-access"],"acf":{"body_class":""},"yoast_head":"<!-- This site is optimized with the Yoast SEO Premium plugin v23.4 (Yoast SEO v23.4) - https:\/\/yoast.com\/wordpress\/plugins\/seo\/ -->\n<title>Historyjki i dialogi generowane przez sztuczn\u0105 inteligencj\u0119 | Taalhammer<\/title>\n<meta name=\"description\" content=\"Sprawd\u017a jak wygl\u0105da u\u017cycie historyjek (z ang. storytelling) do nauki j\u0119zyka stworzonych przez sztuczn\u0105 inteligencj\u0119 z Twojego przerobionego materia\u0142u\" \/>\n<meta name=\"robots\" content=\"index, follow, max-snippet:-1, max-image-preview:large, max-video-preview:-1\" \/>\n<link rel=\"canonical\" href=\"https:\/\/www.taalhammer.com\/pl\/historyjki-i-dialogi-generowane-przez-sztuczna-inteligencje\/\" \/>\n<meta property=\"og:locale\" content=\"pl_PL\" \/>\n<meta property=\"og:type\" content=\"article\" \/>\n<meta property=\"og:title\" content=\"Historyjki i dialogi generowane przez sztuczn\u0105 inteligencj\u0119\" \/>\n<meta property=\"og:description\" content=\"Sprawd\u017a jak wygl\u0105da u\u017cycie historyjek (z ang. storytelling) do nauki j\u0119zyka stworzonych przez sztuczn\u0105 inteligencj\u0119 z Twojego przerobionego materia\u0142u\" \/>\n<meta property=\"og:url\" content=\"https:\/\/www.taalhammer.com\/pl\/historyjki-i-dialogi-generowane-przez-sztuczna-inteligencje\/\" \/>\n<meta property=\"og:site_name\" content=\"Taalhammer\" \/>\n<meta property=\"article:publisher\" content=\"https:\/\/www.facebook.com\/taalhammer\" \/>\n<meta property=\"article:modified_time\" content=\"2025-12-12T15:12:05+00:00\" \/>\n<meta property=\"og:image\" content=\"https:\/\/www.taalhammer.com\/wp-content\/uploads\/2024\/05\/image-17.png\" \/>\n<meta name=\"twitter:card\" content=\"summary_large_image\" \/>\n<meta name=\"twitter:site\" content=\"@taalhammer\" \/>\n<meta name=\"twitter:label1\" content=\"Szacowany czas czytania\" \/>\n\t<meta name=\"twitter:data1\" content=\"2 minuty\" \/>\n<script type=\"application\/ld+json\" class=\"yoast-schema-graph\">{\"@context\":\"https:\/\/schema.org\",\"@graph\":[{\"@type\":\"WebPage\",\"@id\":\"https:\/\/www.taalhammer.com\/pl\/historyjki-i-dialogi-generowane-przez-sztuczna-inteligencje\/\",\"url\":\"https:\/\/www.taalhammer.com\/pl\/historyjki-i-dialogi-generowane-przez-sztuczna-inteligencje\/\",\"name\":\"Historyjki i dialogi generowane przez sztuczn\u0105 inteligencj\u0119 | Taalhammer\",\"isPartOf\":{\"@id\":\"https:\/\/www.taalhammer.com\/pl\/#website\"},\"primaryImageOfPage\":{\"@id\":\"https:\/\/www.taalhammer.com\/pl\/historyjki-i-dialogi-generowane-przez-sztuczna-inteligencje\/#primaryimage\"},\"image\":{\"@id\":\"https:\/\/www.taalhammer.com\/pl\/historyjki-i-dialogi-generowane-przez-sztuczna-inteligencje\/#primaryimage\"},\"thumbnailUrl\":\"https:\/\/www.taalhammer.com\/wp-content\/uploads\/2024\/05\/image-17.png\",\"datePublished\":\"2024-05-28T14:13:17+00:00\",\"dateModified\":\"2025-12-12T15:12:05+00:00\",\"description\":\"Sprawd\u017a jak wygl\u0105da u\u017cycie historyjek (z ang. storytelling) do nauki j\u0119zyka stworzonych przez sztuczn\u0105 inteligencj\u0119 z Twojego przerobionego materia\u0142u\",\"breadcrumb\":{\"@id\":\"https:\/\/www.taalhammer.com\/pl\/historyjki-i-dialogi-generowane-przez-sztuczna-inteligencje\/#breadcrumb\"},\"inLanguage\":\"pl-PL\",\"potentialAction\":[{\"@type\":\"ReadAction\",\"target\":[\"https:\/\/www.taalhammer.com\/pl\/historyjki-i-dialogi-generowane-przez-sztuczna-inteligencje\/\"]}]},{\"@type\":\"ImageObject\",\"inLanguage\":\"pl-PL\",\"@id\":\"https:\/\/www.taalhammer.com\/pl\/historyjki-i-dialogi-generowane-przez-sztuczna-inteligencje\/#primaryimage\",\"url\":\"https:\/\/www.taalhammer.com\/wp-content\/uploads\/2024\/05\/image-17.png\",\"contentUrl\":\"https:\/\/www.taalhammer.com\/wp-content\/uploads\/2024\/05\/image-17.png\"},{\"@type\":\"BreadcrumbList\",\"@id\":\"https:\/\/www.taalhammer.com\/pl\/historyjki-i-dialogi-generowane-przez-sztuczna-inteligencje\/#breadcrumb\",\"itemListElement\":[{\"@type\":\"ListItem\",\"position\":1,\"name\":\"Home\",\"item\":\"https:\/\/www.taalhammer.com\/pl\/\"},{\"@type\":\"ListItem\",\"position\":2,\"name\":\"Historyjki i dialogi generowane przez sztuczn\u0105 inteligencj\u0119\"}]},{\"@type\":\"WebSite\",\"@id\":\"https:\/\/www.taalhammer.com\/pl\/#website\",\"url\":\"https:\/\/www.taalhammer.com\/pl\/\",\"name\":\"Taalhammer\",\"description\":\"Stop mumbling, start to speak\",\"publisher\":{\"@id\":\"https:\/\/www.taalhammer.com\/pl\/#organization\"},\"potentialAction\":[{\"@type\":\"SearchAction\",\"target\":{\"@type\":\"EntryPoint\",\"urlTemplate\":\"https:\/\/www.taalhammer.com\/pl\/?s={search_term_string}\"},\"query-input\":{\"@type\":\"PropertyValueSpecification\",\"valueRequired\":true,\"valueName\":\"search_term_string\"}}],\"inLanguage\":\"pl-PL\"},{\"@type\":\"Organization\",\"@id\":\"https:\/\/www.taalhammer.com\/pl\/#organization\",\"name\":\"Taalhammer\",\"url\":\"https:\/\/www.taalhammer.com\/pl\/\",\"logo\":{\"@type\":\"ImageObject\",\"inLanguage\":\"pl-PL\",\"@id\":\"https:\/\/www.taalhammer.com\/pl\/#\/schema\/logo\/image\/\",\"url\":\"https:\/\/www.taalhammer.com\/wp-content\/uploads\/2019\/06\/Taalhammer_B_W_cut_negative.png\",\"contentUrl\":\"https:\/\/www.taalhammer.com\/wp-content\/uploads\/2019\/06\/Taalhammer_B_W_cut_negative.png\",\"width\":290,\"height\":256,\"caption\":\"Taalhammer\"},\"image\":{\"@id\":\"https:\/\/www.taalhammer.com\/pl\/#\/schema\/logo\/image\/\"},\"sameAs\":[\"https:\/\/www.facebook.com\/taalhammer\",\"https:\/\/x.com\/taalhammer\",\"https:\/\/www.instagram.com\/taalhammer_pl\/\"]}]}<\/script>\n<!-- \/ Yoast SEO Premium plugin. -->","yoast_head_json":{"title":"Historyjki i dialogi generowane przez sztuczn\u0105 inteligencj\u0119 | Taalhammer","description":"Sprawd\u017a jak wygl\u0105da u\u017cycie historyjek (z ang. storytelling) do nauki j\u0119zyka stworzonych przez sztuczn\u0105 inteligencj\u0119 z Twojego przerobionego materia\u0142u","robots":{"index":"index","follow":"follow","max-snippet":"max-snippet:-1","max-image-preview":"max-image-preview:large","max-video-preview":"max-video-preview:-1"},"canonical":"https:\/\/www.taalhammer.com\/pl\/historyjki-i-dialogi-generowane-przez-sztuczna-inteligencje\/","og_locale":"pl_PL","og_type":"article","og_title":"Historyjki i dialogi generowane przez sztuczn\u0105 inteligencj\u0119","og_description":"Sprawd\u017a jak wygl\u0105da u\u017cycie historyjek (z ang. storytelling) do nauki j\u0119zyka stworzonych przez sztuczn\u0105 inteligencj\u0119 z Twojego przerobionego materia\u0142u","og_url":"https:\/\/www.taalhammer.com\/pl\/historyjki-i-dialogi-generowane-przez-sztuczna-inteligencje\/","og_site_name":"Taalhammer","article_publisher":"https:\/\/www.facebook.com\/taalhammer","article_modified_time":"2025-12-12T15:12:05+00:00","og_image":[{"url":"https:\/\/www.taalhammer.com\/wp-content\/uploads\/2024\/05\/image-17.png"}],"twitter_card":"summary_large_image","twitter_site":"@taalhammer","twitter_misc":{"Szacowany czas czytania":"2 minuty"},"schema":{"@context":"https:\/\/schema.org","@graph":[{"@type":"WebPage","@id":"https:\/\/www.taalhammer.com\/pl\/historyjki-i-dialogi-generowane-przez-sztuczna-inteligencje\/","url":"https:\/\/www.taalhammer.com\/pl\/historyjki-i-dialogi-generowane-przez-sztuczna-inteligencje\/","name":"Historyjki i dialogi generowane przez sztuczn\u0105 inteligencj\u0119 | Taalhammer","isPartOf":{"@id":"https:\/\/www.taalhammer.com\/pl\/#website"},"primaryImageOfPage":{"@id":"https:\/\/www.taalhammer.com\/pl\/historyjki-i-dialogi-generowane-przez-sztuczna-inteligencje\/#primaryimage"},"image":{"@id":"https:\/\/www.taalhammer.com\/pl\/historyjki-i-dialogi-generowane-przez-sztuczna-inteligencje\/#primaryimage"},"thumbnailUrl":"https:\/\/www.taalhammer.com\/wp-content\/uploads\/2024\/05\/image-17.png","datePublished":"2024-05-28T14:13:17+00:00","dateModified":"2025-12-12T15:12:05+00:00","description":"Sprawd\u017a jak wygl\u0105da u\u017cycie historyjek (z ang. storytelling) do nauki j\u0119zyka stworzonych przez sztuczn\u0105 inteligencj\u0119 z Twojego przerobionego materia\u0142u","breadcrumb":{"@id":"https:\/\/www.taalhammer.com\/pl\/historyjki-i-dialogi-generowane-przez-sztuczna-inteligencje\/#breadcrumb"},"inLanguage":"pl-PL","potentialAction":[{"@type":"ReadAction","target":["https:\/\/www.taalhammer.com\/pl\/historyjki-i-dialogi-generowane-przez-sztuczna-inteligencje\/"]}]},{"@type":"ImageObject","inLanguage":"pl-PL","@id":"https:\/\/www.taalhammer.com\/pl\/historyjki-i-dialogi-generowane-przez-sztuczna-inteligencje\/#primaryimage","url":"https:\/\/www.taalhammer.com\/wp-content\/uploads\/2024\/05\/image-17.png","contentUrl":"https:\/\/www.taalhammer.com\/wp-content\/uploads\/2024\/05\/image-17.png"},{"@type":"BreadcrumbList","@id":"https:\/\/www.taalhammer.com\/pl\/historyjki-i-dialogi-generowane-przez-sztuczna-inteligencje\/#breadcrumb","itemListElement":[{"@type":"ListItem","position":1,"name":"Home","item":"https:\/\/www.taalhammer.com\/pl\/"},{"@type":"ListItem","position":2,"name":"Historyjki i dialogi generowane przez sztuczn\u0105 inteligencj\u0119"}]},{"@type":"WebSite","@id":"https:\/\/www.taalhammer.com\/pl\/#website","url":"https:\/\/www.taalhammer.com\/pl\/","name":"Taalhammer","description":"Stop mumbling, start to speak","publisher":{"@id":"https:\/\/www.taalhammer.com\/pl\/#organization"},"potentialAction":[{"@type":"SearchAction","target":{"@type":"EntryPoint","urlTemplate":"https:\/\/www.taalhammer.com\/pl\/?s={search_term_string}"},"query-input":{"@type":"PropertyValueSpecification","valueRequired":true,"valueName":"search_term_string"}}],"inLanguage":"pl-PL"},{"@type":"Organization","@id":"https:\/\/www.taalhammer.com\/pl\/#organization","name":"Taalhammer","url":"https:\/\/www.taalhammer.com\/pl\/","logo":{"@type":"ImageObject","inLanguage":"pl-PL","@id":"https:\/\/www.taalhammer.com\/pl\/#\/schema\/logo\/image\/","url":"https:\/\/www.taalhammer.com\/wp-content\/uploads\/2019\/06\/Taalhammer_B_W_cut_negative.png","contentUrl":"https:\/\/www.taalhammer.com\/wp-content\/uploads\/2019\/06\/Taalhammer_B_W_cut_negative.png","width":290,"height":256,"caption":"Taalhammer"},"image":{"@id":"https:\/\/www.taalhammer.com\/pl\/#\/schema\/logo\/image\/"},"sameAs":["https:\/\/www.facebook.com\/taalhammer","https:\/\/x.com\/taalhammer","https:\/\/www.instagram.com\/taalhammer_pl\/"]}]}},"_links":{"self":[{"href":"https:\/\/www.taalhammer.com\/pl\/wp-json\/wp\/v2\/pages\/12263","targetHints":{"allow":["GET"]}}],"collection":[{"href":"https:\/\/www.taalhammer.com\/pl\/wp-json\/wp\/v2\/pages"}],"about":[{"href":"https:\/\/www.taalhammer.com\/pl\/wp-json\/wp\/v2\/types\/page"}],"author":[{"embeddable":true,"href":"https:\/\/www.taalhammer.com\/pl\/wp-json\/wp\/v2\/users\/16"}],"replies":[{"embeddable":true,"href":"https:\/\/www.taalhammer.com\/pl\/wp-json\/wp\/v2\/comments?post=12263"}],"version-history":[{"count":3,"href":"https:\/\/www.taalhammer.com\/pl\/wp-json\/wp\/v2\/pages\/12263\/revisions"}],"predecessor-version":[{"id":12364,"href":"https:\/\/www.taalhammer.com\/pl\/wp-json\/wp\/v2\/pages\/12263\/revisions\/12364"}],"wp:attachment":[{"href":"https:\/\/www.taalhammer.com\/pl\/wp-json\/wp\/v2\/media?parent=12263"}],"wp:term":[{"taxonomy":"category","embeddable":true,"href":"https:\/\/www.taalhammer.com\/pl\/wp-json\/wp\/v2\/categories?post=12263"},{"taxonomy":"post_tag","embeddable":true,"href":"https:\/\/www.taalhammer.com\/pl\/wp-json\/wp\/v2\/tags?post=12263"}],"curies":[{"name":"wp","href":"https:\/\/api.w.org\/{rel}","templated":true}]}}