{"id":12259,"date":"2024-05-28T14:07:14","date_gmt":"2024-05-28T14:07:14","guid":{"rendered":"https:\/\/www.taalhammer.com\/?page_id=12259"},"modified":"2025-12-12T15:18:27","modified_gmt":"2025-12-12T15:18:27","slug":"jak-sluchac-tresci-ktore-sam-stworzyles","status":"publish","type":"page","link":"https:\/\/www.taalhammer.com\/pl\/jak-sluchac-tresci-ktore-sam-stworzyles\/","title":{"rendered":"Jak s\u0142ucha\u0107 tre\u015bci, kt\u00f3re sam tworzysz"},"content":{"rendered":"\n<p>Tworzenie w\u0142asnych tre\u015bci podczas nauki j\u0119zyka obcego jest jednym z sekret\u00f3w poliglot\u00f3w. Taalhammer zosta\u0142 zaprojektowany, aby w\u0142a\u015bnie w tym pom\u00f3c. Dlaczego warto to zrobi\u0107? Po pierwsze, zapami\u0119tasz znacznie lepiej to co sam stworzy\u0142e\u015b. Po drugie, Twoje zdania i przyk\u0142ady wybrane przez Ciebie opisuj\u0105 Twoje \u017cycie i przemy\u015blenia, wi\u0119c istnieje du\u017ce prawdopodobie\u0144stwo, \u017ce wykorzystasz je w codziennych rozmowach.<\/p>\n\n\n\n<figure class=\"wp-block-embed is-type-video is-provider-youtube wp-block-embed-youtube wp-embed-aspect-16-9 wp-has-aspect-ratio\"><div class=\"wp-block-embed__wrapper\">\n<iframe loading=\"lazy\" title=\"Jak s\u0142ucha\u0107 tre\u015bci, kt\u00f3re sam stworzy\u0142e\u015b\" width=\"840\" height=\"473\" src=\"https:\/\/www.youtube.com\/embed\/GLUjWvMoPjE?feature=oembed\" frameborder=\"0\" allow=\"accelerometer; autoplay; clipboard-write; encrypted-media; gyroscope; picture-in-picture; web-share\" referrerpolicy=\"strict-origin-when-cross-origin\" allowfullscreen><\/iframe>\n<\/div><\/figure>\n\n\n\n<p>W naszym <strong>Kreatorze<\/strong> wpisz s\u0142owo, fraz\u0119 lub zdanie, kt\u00f3re chcesz zapami\u0119ta\u0107. Za jednym klikni\u0119ciem Taalhammer automatycznie je przet\u0142umaczy, wygeneruje d\u017awi\u0119k, stworzy fiszk\u0119 i doda j\u0105 do Twoich powt\u00f3rek. Od tego momentu mo\u017cesz s\u0142ucha\u0107 swoich w\u0142asnych tre\u015bci w trybie nauki.<\/p>\n\n\n<div class=\"wp-block-image\">\n<figure class=\"aligncenter is-resized\"><img loading=\"lazy\" decoding=\"async\" width=\"816\" height=\"1516\" src=\"https:\/\/www.taalhammer.com\/wp-content\/uploads\/2024\/05\/image-16.png\" alt=\"Aplikacja Taalhammer - widok fiszki\" class=\"wp-image-12260\" style=\"width:400px\" srcset=\"https:\/\/www.taalhammer.com\/wp-content\/uploads\/2024\/05\/image-16.png 816w, https:\/\/www.taalhammer.com\/wp-content\/uploads\/2024\/05\/image-16-161x300.png 161w, https:\/\/www.taalhammer.com\/wp-content\/uploads\/2024\/05\/image-16-551x1024.png 551w, https:\/\/www.taalhammer.com\/wp-content\/uploads\/2024\/05\/image-16-768x1427.png 768w\" sizes=\"auto, (max-width: 816px) 85vw, 816px\" \/><\/figure>\n<\/div>","protected":false},"excerpt":{"rendered":"<p>Tworzenie w\u0142asnych tre\u015bci podczas nauki j\u0119zyka obcego jest jednym z sekret\u00f3w poliglot\u00f3w. Taalhammer zosta\u0142 zaprojektowany, aby w\u0142a\u015bnie w tym pom\u00f3c. Dlaczego warto to zrobi\u0107? Po pierwsze, zapami\u0119tasz znacznie lepiej to&#8230;<\/p>\n","protected":false},"author":16,"featured_media":0,"parent":0,"menu_order":0,"comment_status":"closed","ping_status":"closed","template":"template-help-page.php","meta":{"_acf_changed":false,"pmpro_default_level":"","inline_featured_image":false,"footnotes":""},"categories":[227],"tags":[],"class_list":["post-12259","page","type-page","status-publish","hentry","category-help-pl","pmpro-has-access"],"acf":{"body_class":""},"yoast_head":"<!-- This site is optimized with the Yoast SEO Premium plugin v23.4 (Yoast SEO v23.4) - https:\/\/yoast.com\/wordpress\/plugins\/seo\/ -->\n<title>Jak s\u0142ucha\u0107 tre\u015bci, kt\u00f3re sam tworzysz | Taalhammer<\/title>\n<meta name=\"description\" content=\"Tworzenie w\u0142asnych tre\u015bci podczas nauki j\u0119zyka obcego jest jednym z sekret\u00f3w poliglot\u00f3w. Zobacz jak to robi\u0107 szybko i wygodnie\" \/>\n<meta name=\"robots\" content=\"index, follow, max-snippet:-1, max-image-preview:large, max-video-preview:-1\" \/>\n<link rel=\"canonical\" href=\"https:\/\/www.taalhammer.com\/pl\/jak-sluchac-tresci-ktore-sam-stworzyles\/\" \/>\n<meta property=\"og:locale\" content=\"pl_PL\" \/>\n<meta property=\"og:type\" content=\"article\" \/>\n<meta property=\"og:title\" content=\"Jak s\u0142ucha\u0107 tre\u015bci, kt\u00f3re sam tworzysz\" \/>\n<meta property=\"og:description\" content=\"Tworzenie w\u0142asnych tre\u015bci podczas nauki j\u0119zyka obcego jest jednym z sekret\u00f3w poliglot\u00f3w. Zobacz jak to robi\u0107 szybko i wygodnie\" \/>\n<meta property=\"og:url\" content=\"https:\/\/www.taalhammer.com\/pl\/jak-sluchac-tresci-ktore-sam-stworzyles\/\" \/>\n<meta property=\"og:site_name\" content=\"Taalhammer\" \/>\n<meta property=\"article:publisher\" content=\"https:\/\/www.facebook.com\/taalhammer\" \/>\n<meta property=\"article:modified_time\" content=\"2025-12-12T15:18:27+00:00\" \/>\n<meta property=\"og:image\" content=\"https:\/\/www.taalhammer.com\/wp-content\/uploads\/2024\/05\/image-16.png\" \/>\n<meta name=\"twitter:card\" content=\"summary_large_image\" \/>\n<meta name=\"twitter:site\" content=\"@taalhammer\" \/>\n<meta name=\"twitter:label1\" content=\"Szacowany czas czytania\" \/>\n\t<meta name=\"twitter:data1\" content=\"1 minuta\" \/>\n<script type=\"application\/ld+json\" class=\"yoast-schema-graph\">{\"@context\":\"https:\/\/schema.org\",\"@graph\":[{\"@type\":\"WebPage\",\"@id\":\"https:\/\/www.taalhammer.com\/pl\/jak-sluchac-tresci-ktore-sam-stworzyles\/\",\"url\":\"https:\/\/www.taalhammer.com\/pl\/jak-sluchac-tresci-ktore-sam-stworzyles\/\",\"name\":\"Jak s\u0142ucha\u0107 tre\u015bci, kt\u00f3re sam tworzysz | Taalhammer\",\"isPartOf\":{\"@id\":\"https:\/\/www.taalhammer.com\/pl\/#website\"},\"primaryImageOfPage\":{\"@id\":\"https:\/\/www.taalhammer.com\/pl\/jak-sluchac-tresci-ktore-sam-stworzyles\/#primaryimage\"},\"image\":{\"@id\":\"https:\/\/www.taalhammer.com\/pl\/jak-sluchac-tresci-ktore-sam-stworzyles\/#primaryimage\"},\"thumbnailUrl\":\"https:\/\/www.taalhammer.com\/wp-content\/uploads\/2024\/05\/image-16.png\",\"datePublished\":\"2024-05-28T14:07:14+00:00\",\"dateModified\":\"2025-12-12T15:18:27+00:00\",\"description\":\"Tworzenie w\u0142asnych tre\u015bci podczas nauki j\u0119zyka obcego jest jednym z sekret\u00f3w poliglot\u00f3w. Zobacz jak to robi\u0107 szybko i wygodnie\",\"breadcrumb\":{\"@id\":\"https:\/\/www.taalhammer.com\/pl\/jak-sluchac-tresci-ktore-sam-stworzyles\/#breadcrumb\"},\"inLanguage\":\"pl-PL\",\"potentialAction\":[{\"@type\":\"ReadAction\",\"target\":[\"https:\/\/www.taalhammer.com\/pl\/jak-sluchac-tresci-ktore-sam-stworzyles\/\"]}]},{\"@type\":\"ImageObject\",\"inLanguage\":\"pl-PL\",\"@id\":\"https:\/\/www.taalhammer.com\/pl\/jak-sluchac-tresci-ktore-sam-stworzyles\/#primaryimage\",\"url\":\"https:\/\/www.taalhammer.com\/wp-content\/uploads\/2024\/05\/image-16.png\",\"contentUrl\":\"https:\/\/www.taalhammer.com\/wp-content\/uploads\/2024\/05\/image-16.png\"},{\"@type\":\"BreadcrumbList\",\"@id\":\"https:\/\/www.taalhammer.com\/pl\/jak-sluchac-tresci-ktore-sam-stworzyles\/#breadcrumb\",\"itemListElement\":[{\"@type\":\"ListItem\",\"position\":1,\"name\":\"Home\",\"item\":\"https:\/\/www.taalhammer.com\/pl\/\"},{\"@type\":\"ListItem\",\"position\":2,\"name\":\"Jak s\u0142ucha\u0107 tre\u015bci, kt\u00f3re sam tworzysz\"}]},{\"@type\":\"WebSite\",\"@id\":\"https:\/\/www.taalhammer.com\/pl\/#website\",\"url\":\"https:\/\/www.taalhammer.com\/pl\/\",\"name\":\"Taalhammer\",\"description\":\"Stop mumbling, start to speak\",\"publisher\":{\"@id\":\"https:\/\/www.taalhammer.com\/pl\/#organization\"},\"potentialAction\":[{\"@type\":\"SearchAction\",\"target\":{\"@type\":\"EntryPoint\",\"urlTemplate\":\"https:\/\/www.taalhammer.com\/pl\/?s={search_term_string}\"},\"query-input\":{\"@type\":\"PropertyValueSpecification\",\"valueRequired\":true,\"valueName\":\"search_term_string\"}}],\"inLanguage\":\"pl-PL\"},{\"@type\":\"Organization\",\"@id\":\"https:\/\/www.taalhammer.com\/pl\/#organization\",\"name\":\"Taalhammer\",\"url\":\"https:\/\/www.taalhammer.com\/pl\/\",\"logo\":{\"@type\":\"ImageObject\",\"inLanguage\":\"pl-PL\",\"@id\":\"https:\/\/www.taalhammer.com\/pl\/#\/schema\/logo\/image\/\",\"url\":\"https:\/\/www.taalhammer.com\/wp-content\/uploads\/2019\/06\/Taalhammer_B_W_cut_negative.png\",\"contentUrl\":\"https:\/\/www.taalhammer.com\/wp-content\/uploads\/2019\/06\/Taalhammer_B_W_cut_negative.png\",\"width\":290,\"height\":256,\"caption\":\"Taalhammer\"},\"image\":{\"@id\":\"https:\/\/www.taalhammer.com\/pl\/#\/schema\/logo\/image\/\"},\"sameAs\":[\"https:\/\/www.facebook.com\/taalhammer\",\"https:\/\/x.com\/taalhammer\",\"https:\/\/www.instagram.com\/taalhammer_pl\/\"]}]}<\/script>\n<!-- \/ Yoast SEO Premium plugin. -->","yoast_head_json":{"title":"Jak s\u0142ucha\u0107 tre\u015bci, kt\u00f3re sam tworzysz | Taalhammer","description":"Tworzenie w\u0142asnych tre\u015bci podczas nauki j\u0119zyka obcego jest jednym z sekret\u00f3w poliglot\u00f3w. Zobacz jak to robi\u0107 szybko i wygodnie","robots":{"index":"index","follow":"follow","max-snippet":"max-snippet:-1","max-image-preview":"max-image-preview:large","max-video-preview":"max-video-preview:-1"},"canonical":"https:\/\/www.taalhammer.com\/pl\/jak-sluchac-tresci-ktore-sam-stworzyles\/","og_locale":"pl_PL","og_type":"article","og_title":"Jak s\u0142ucha\u0107 tre\u015bci, kt\u00f3re sam tworzysz","og_description":"Tworzenie w\u0142asnych tre\u015bci podczas nauki j\u0119zyka obcego jest jednym z sekret\u00f3w poliglot\u00f3w. Zobacz jak to robi\u0107 szybko i wygodnie","og_url":"https:\/\/www.taalhammer.com\/pl\/jak-sluchac-tresci-ktore-sam-stworzyles\/","og_site_name":"Taalhammer","article_publisher":"https:\/\/www.facebook.com\/taalhammer","article_modified_time":"2025-12-12T15:18:27+00:00","og_image":[{"url":"https:\/\/www.taalhammer.com\/wp-content\/uploads\/2024\/05\/image-16.png"}],"twitter_card":"summary_large_image","twitter_site":"@taalhammer","twitter_misc":{"Szacowany czas czytania":"1 minuta"},"schema":{"@context":"https:\/\/schema.org","@graph":[{"@type":"WebPage","@id":"https:\/\/www.taalhammer.com\/pl\/jak-sluchac-tresci-ktore-sam-stworzyles\/","url":"https:\/\/www.taalhammer.com\/pl\/jak-sluchac-tresci-ktore-sam-stworzyles\/","name":"Jak s\u0142ucha\u0107 tre\u015bci, kt\u00f3re sam tworzysz | Taalhammer","isPartOf":{"@id":"https:\/\/www.taalhammer.com\/pl\/#website"},"primaryImageOfPage":{"@id":"https:\/\/www.taalhammer.com\/pl\/jak-sluchac-tresci-ktore-sam-stworzyles\/#primaryimage"},"image":{"@id":"https:\/\/www.taalhammer.com\/pl\/jak-sluchac-tresci-ktore-sam-stworzyles\/#primaryimage"},"thumbnailUrl":"https:\/\/www.taalhammer.com\/wp-content\/uploads\/2024\/05\/image-16.png","datePublished":"2024-05-28T14:07:14+00:00","dateModified":"2025-12-12T15:18:27+00:00","description":"Tworzenie w\u0142asnych tre\u015bci podczas nauki j\u0119zyka obcego jest jednym z sekret\u00f3w poliglot\u00f3w. Zobacz jak to robi\u0107 szybko i wygodnie","breadcrumb":{"@id":"https:\/\/www.taalhammer.com\/pl\/jak-sluchac-tresci-ktore-sam-stworzyles\/#breadcrumb"},"inLanguage":"pl-PL","potentialAction":[{"@type":"ReadAction","target":["https:\/\/www.taalhammer.com\/pl\/jak-sluchac-tresci-ktore-sam-stworzyles\/"]}]},{"@type":"ImageObject","inLanguage":"pl-PL","@id":"https:\/\/www.taalhammer.com\/pl\/jak-sluchac-tresci-ktore-sam-stworzyles\/#primaryimage","url":"https:\/\/www.taalhammer.com\/wp-content\/uploads\/2024\/05\/image-16.png","contentUrl":"https:\/\/www.taalhammer.com\/wp-content\/uploads\/2024\/05\/image-16.png"},{"@type":"BreadcrumbList","@id":"https:\/\/www.taalhammer.com\/pl\/jak-sluchac-tresci-ktore-sam-stworzyles\/#breadcrumb","itemListElement":[{"@type":"ListItem","position":1,"name":"Home","item":"https:\/\/www.taalhammer.com\/pl\/"},{"@type":"ListItem","position":2,"name":"Jak s\u0142ucha\u0107 tre\u015bci, kt\u00f3re sam tworzysz"}]},{"@type":"WebSite","@id":"https:\/\/www.taalhammer.com\/pl\/#website","url":"https:\/\/www.taalhammer.com\/pl\/","name":"Taalhammer","description":"Stop mumbling, start to speak","publisher":{"@id":"https:\/\/www.taalhammer.com\/pl\/#organization"},"potentialAction":[{"@type":"SearchAction","target":{"@type":"EntryPoint","urlTemplate":"https:\/\/www.taalhammer.com\/pl\/?s={search_term_string}"},"query-input":{"@type":"PropertyValueSpecification","valueRequired":true,"valueName":"search_term_string"}}],"inLanguage":"pl-PL"},{"@type":"Organization","@id":"https:\/\/www.taalhammer.com\/pl\/#organization","name":"Taalhammer","url":"https:\/\/www.taalhammer.com\/pl\/","logo":{"@type":"ImageObject","inLanguage":"pl-PL","@id":"https:\/\/www.taalhammer.com\/pl\/#\/schema\/logo\/image\/","url":"https:\/\/www.taalhammer.com\/wp-content\/uploads\/2019\/06\/Taalhammer_B_W_cut_negative.png","contentUrl":"https:\/\/www.taalhammer.com\/wp-content\/uploads\/2019\/06\/Taalhammer_B_W_cut_negative.png","width":290,"height":256,"caption":"Taalhammer"},"image":{"@id":"https:\/\/www.taalhammer.com\/pl\/#\/schema\/logo\/image\/"},"sameAs":["https:\/\/www.facebook.com\/taalhammer","https:\/\/x.com\/taalhammer","https:\/\/www.instagram.com\/taalhammer_pl\/"]}]}},"_links":{"self":[{"href":"https:\/\/www.taalhammer.com\/pl\/wp-json\/wp\/v2\/pages\/12259","targetHints":{"allow":["GET"]}}],"collection":[{"href":"https:\/\/www.taalhammer.com\/pl\/wp-json\/wp\/v2\/pages"}],"about":[{"href":"https:\/\/www.taalhammer.com\/pl\/wp-json\/wp\/v2\/types\/page"}],"author":[{"embeddable":true,"href":"https:\/\/www.taalhammer.com\/pl\/wp-json\/wp\/v2\/users\/16"}],"replies":[{"embeddable":true,"href":"https:\/\/www.taalhammer.com\/pl\/wp-json\/wp\/v2\/comments?post=12259"}],"version-history":[{"count":3,"href":"https:\/\/www.taalhammer.com\/pl\/wp-json\/wp\/v2\/pages\/12259\/revisions"}],"predecessor-version":[{"id":12458,"href":"https:\/\/www.taalhammer.com\/pl\/wp-json\/wp\/v2\/pages\/12259\/revisions\/12458"}],"wp:attachment":[{"href":"https:\/\/www.taalhammer.com\/pl\/wp-json\/wp\/v2\/media?parent=12259"}],"wp:term":[{"taxonomy":"category","embeddable":true,"href":"https:\/\/www.taalhammer.com\/pl\/wp-json\/wp\/v2\/categories?post=12259"},{"taxonomy":"post_tag","embeddable":true,"href":"https:\/\/www.taalhammer.com\/pl\/wp-json\/wp\/v2\/tags?post=12259"}],"curies":[{"name":"wp","href":"https:\/\/api.w.org\/{rel}","templated":true}]}}