{"id":12249,"date":"2024-05-28T14:00:07","date_gmt":"2024-05-28T14:00:07","guid":{"rendered":"https:\/\/www.taalhammer.com\/?page_id=12249"},"modified":"2025-12-12T15:10:05","modified_gmt":"2025-12-12T15:10:05","slug":"rozne-rodzaje-cwiczen-ze-sluchu","status":"publish","type":"page","link":"https:\/\/www.taalhammer.com\/pl\/rozne-rodzaje-cwiczen-ze-sluchu\/","title":{"rendered":"R\u00f3\u017cne rodzaje \u0107wicze\u0144 ze s\u0142uchu"},"content":{"rendered":"\n<p>Podczas nauki j\u0119zyka bardzo wa\u017cna jest r\u00f3\u017cnorodno\u015b\u0107 \u0107wicze\u0144 i stymulowanie pami\u0119ci w r\u00f3\u017cny spos\u00f3b. \u0106wiczy to umiej\u0119tno\u015b\u0107 tak zwanej segmentacji fonetycznej, czyli umiej\u0119tno\u015bci rozpoznawania poszczeg\u00f3lnych d\u017awi\u0119k\u00f3w i s\u0142\u00f3w, kluczowej do zrozumienia wypowiedzi.<\/p>\n\n\n\n<figure class=\"wp-block-embed is-type-video is-provider-youtube wp-block-embed-youtube wp-embed-aspect-16-9 wp-has-aspect-ratio\"><div class=\"wp-block-embed__wrapper\">\n<iframe loading=\"lazy\" title=\"R\u00f3\u017cne rodzaje \u0107wicze\u0144 ze s\u0142uchu\" width=\"840\" height=\"473\" src=\"https:\/\/www.youtube.com\/embed\/L31hudG775Q?feature=oembed\" frameborder=\"0\" allow=\"accelerometer; autoplay; clipboard-write; encrypted-media; gyroscope; picture-in-picture; web-share\" referrerpolicy=\"strict-origin-when-cross-origin\" allowfullscreen><\/iframe>\n<\/div><\/figure>\n\n\n\n<p>W trybie s\u0142uchania domy\u015blnie s\u0142uchasz s\u0142\u00f3w i zda\u0144 na pocz\u0105tku w j\u0119zyku \u017ar\u00f3d\u0142owym i p\u00f3\u017aniej docelowym. Mo\u017cesz zmieni\u0107 t\u0119 kolejno\u015b\u0107, to znaczy na pocz\u0105tku s\u0142ucha\u0107 j\u0119zyka docelowego (tego, kt\u00f3rego si\u0119 uczysz) a p\u00f3\u017aniej \u017ar\u00f3d\u0142owego. Mo\u017cesz te\u017c s\u0142ucha\u0107 tylko j\u0119zyka docelowego.<\/p>\n\n\n<div class=\"wp-block-image\">\n<figure class=\"aligncenter is-resized\"><img loading=\"lazy\" decoding=\"async\" width=\"724\" height=\"1566\" src=\"https:\/\/www.taalhammer.com\/wp-content\/uploads\/2024\/05\/image-13.png\" alt=\"Aplikacja Taalhammer - widok trybu s\u0142uchania z podkre\u015blonymi klawiszami  ustawienia pr\u0119dko\u015bci\" class=\"wp-image-12250\" style=\"width:400px\" srcset=\"https:\/\/www.taalhammer.com\/wp-content\/uploads\/2024\/05\/image-13.png 724w, https:\/\/www.taalhammer.com\/wp-content\/uploads\/2024\/05\/image-13-139x300.png 139w, https:\/\/www.taalhammer.com\/wp-content\/uploads\/2024\/05\/image-13-473x1024.png 473w, https:\/\/www.taalhammer.com\/wp-content\/uploads\/2024\/05\/image-13-710x1536.png 710w\" sizes=\"auto, (max-width: 724px) 85vw, 724px\" \/><\/figure>\n<\/div>\n\n\n<p>Mo\u017cesz te\u017c zmieni\u0107 pr\u0119dko\u015b\u0107 odtwarzania. Je\u017celi aktualna pr\u0119dko\u015b\u0107 jest za szybka naci\u015bnij przycisk z \u017c\u00f3\u0142wiem, a je\u017celi za wolna, naci\u015bnij przycisk z zaj\u0105cem.<\/p>\n","protected":false},"excerpt":{"rendered":"<p>Podczas nauki j\u0119zyka bardzo wa\u017cna jest r\u00f3\u017cnorodno\u015b\u0107 \u0107wicze\u0144 i stymulowanie pami\u0119ci w r\u00f3\u017cny spos\u00f3b. \u0106wiczy to umiej\u0119tno\u015b\u0107 tak zwanej segmentacji fonetycznej, czyli umiej\u0119tno\u015bci rozpoznawania poszczeg\u00f3lnych d\u017awi\u0119k\u00f3w i s\u0142\u00f3w, kluczowej do&#8230;<\/p>\n","protected":false},"author":16,"featured_media":0,"parent":0,"menu_order":0,"comment_status":"closed","ping_status":"closed","template":"template-help-page.php","meta":{"_acf_changed":false,"pmpro_default_level":"","inline_featured_image":false,"footnotes":""},"categories":[227],"tags":[],"class_list":["post-12249","page","type-page","status-publish","hentry","category-help-pl","pmpro-has-access"],"acf":{"body_class":""},"yoast_head":"<!-- This site is optimized with the Yoast SEO Premium plugin v23.4 (Yoast SEO v23.4) - https:\/\/yoast.com\/wordpress\/plugins\/seo\/ -->\n<title>R\u00f3\u017cne rodzaje \u0107wicze\u0144 ze s\u0142uchu | Taalhammer<\/title>\n<meta name=\"description\" content=\"Podczas nauki j\u0119zyka bardzo wa\u017cna jest r\u00f3\u017cnorodno\u015b\u0107 \u0107wicze\u0144 i stymulowanie pami\u0119ci w r\u00f3\u017cny spos\u00f3b. Dowiedz si\u0119 jak to dobrze robi\u0107\" \/>\n<meta name=\"robots\" content=\"index, follow, max-snippet:-1, max-image-preview:large, max-video-preview:-1\" \/>\n<link rel=\"canonical\" href=\"https:\/\/www.taalhammer.com\/pl\/rozne-rodzaje-cwiczen-ze-sluchu\/\" \/>\n<meta property=\"og:locale\" content=\"pl_PL\" \/>\n<meta property=\"og:type\" content=\"article\" \/>\n<meta property=\"og:title\" content=\"R\u00f3\u017cne rodzaje \u0107wicze\u0144 ze s\u0142uchu\" \/>\n<meta property=\"og:description\" content=\"Podczas nauki j\u0119zyka bardzo wa\u017cna jest r\u00f3\u017cnorodno\u015b\u0107 \u0107wicze\u0144 i stymulowanie pami\u0119ci w r\u00f3\u017cny spos\u00f3b. Dowiedz si\u0119 jak to dobrze robi\u0107\" \/>\n<meta property=\"og:url\" content=\"https:\/\/www.taalhammer.com\/pl\/rozne-rodzaje-cwiczen-ze-sluchu\/\" \/>\n<meta property=\"og:site_name\" content=\"Taalhammer\" \/>\n<meta property=\"article:publisher\" content=\"https:\/\/www.facebook.com\/taalhammer\" \/>\n<meta property=\"article:modified_time\" content=\"2025-12-12T15:10:05+00:00\" \/>\n<meta property=\"og:image\" content=\"https:\/\/www.taalhammer.com\/wp-content\/uploads\/2024\/05\/image-13.png\" \/>\n<meta name=\"twitter:card\" content=\"summary_large_image\" \/>\n<meta name=\"twitter:site\" content=\"@taalhammer\" \/>\n<meta name=\"twitter:label1\" content=\"Szacowany czas czytania\" \/>\n\t<meta name=\"twitter:data1\" content=\"1 minuta\" \/>\n<script type=\"application\/ld+json\" class=\"yoast-schema-graph\">{\"@context\":\"https:\/\/schema.org\",\"@graph\":[{\"@type\":\"WebPage\",\"@id\":\"https:\/\/www.taalhammer.com\/pl\/rozne-rodzaje-cwiczen-ze-sluchu\/\",\"url\":\"https:\/\/www.taalhammer.com\/pl\/rozne-rodzaje-cwiczen-ze-sluchu\/\",\"name\":\"R\u00f3\u017cne rodzaje \u0107wicze\u0144 ze s\u0142uchu | Taalhammer\",\"isPartOf\":{\"@id\":\"https:\/\/www.taalhammer.com\/pl\/#website\"},\"primaryImageOfPage\":{\"@id\":\"https:\/\/www.taalhammer.com\/pl\/rozne-rodzaje-cwiczen-ze-sluchu\/#primaryimage\"},\"image\":{\"@id\":\"https:\/\/www.taalhammer.com\/pl\/rozne-rodzaje-cwiczen-ze-sluchu\/#primaryimage\"},\"thumbnailUrl\":\"https:\/\/www.taalhammer.com\/wp-content\/uploads\/2024\/05\/image-13.png\",\"datePublished\":\"2024-05-28T14:00:07+00:00\",\"dateModified\":\"2025-12-12T15:10:05+00:00\",\"description\":\"Podczas nauki j\u0119zyka bardzo wa\u017cna jest r\u00f3\u017cnorodno\u015b\u0107 \u0107wicze\u0144 i stymulowanie pami\u0119ci w r\u00f3\u017cny spos\u00f3b. Dowiedz si\u0119 jak to dobrze robi\u0107\",\"breadcrumb\":{\"@id\":\"https:\/\/www.taalhammer.com\/pl\/rozne-rodzaje-cwiczen-ze-sluchu\/#breadcrumb\"},\"inLanguage\":\"pl-PL\",\"potentialAction\":[{\"@type\":\"ReadAction\",\"target\":[\"https:\/\/www.taalhammer.com\/pl\/rozne-rodzaje-cwiczen-ze-sluchu\/\"]}]},{\"@type\":\"ImageObject\",\"inLanguage\":\"pl-PL\",\"@id\":\"https:\/\/www.taalhammer.com\/pl\/rozne-rodzaje-cwiczen-ze-sluchu\/#primaryimage\",\"url\":\"https:\/\/www.taalhammer.com\/wp-content\/uploads\/2024\/05\/image-13.png\",\"contentUrl\":\"https:\/\/www.taalhammer.com\/wp-content\/uploads\/2024\/05\/image-13.png\"},{\"@type\":\"BreadcrumbList\",\"@id\":\"https:\/\/www.taalhammer.com\/pl\/rozne-rodzaje-cwiczen-ze-sluchu\/#breadcrumb\",\"itemListElement\":[{\"@type\":\"ListItem\",\"position\":1,\"name\":\"Home\",\"item\":\"https:\/\/www.taalhammer.com\/pl\/\"},{\"@type\":\"ListItem\",\"position\":2,\"name\":\"R\u00f3\u017cne rodzaje \u0107wicze\u0144 ze s\u0142uchu\"}]},{\"@type\":\"WebSite\",\"@id\":\"https:\/\/www.taalhammer.com\/pl\/#website\",\"url\":\"https:\/\/www.taalhammer.com\/pl\/\",\"name\":\"Taalhammer\",\"description\":\"Stop mumbling, start to speak\",\"publisher\":{\"@id\":\"https:\/\/www.taalhammer.com\/pl\/#organization\"},\"potentialAction\":[{\"@type\":\"SearchAction\",\"target\":{\"@type\":\"EntryPoint\",\"urlTemplate\":\"https:\/\/www.taalhammer.com\/pl\/?s={search_term_string}\"},\"query-input\":{\"@type\":\"PropertyValueSpecification\",\"valueRequired\":true,\"valueName\":\"search_term_string\"}}],\"inLanguage\":\"pl-PL\"},{\"@type\":\"Organization\",\"@id\":\"https:\/\/www.taalhammer.com\/pl\/#organization\",\"name\":\"Taalhammer\",\"url\":\"https:\/\/www.taalhammer.com\/pl\/\",\"logo\":{\"@type\":\"ImageObject\",\"inLanguage\":\"pl-PL\",\"@id\":\"https:\/\/www.taalhammer.com\/pl\/#\/schema\/logo\/image\/\",\"url\":\"https:\/\/www.taalhammer.com\/wp-content\/uploads\/2019\/06\/Taalhammer_B_W_cut_negative.png\",\"contentUrl\":\"https:\/\/www.taalhammer.com\/wp-content\/uploads\/2019\/06\/Taalhammer_B_W_cut_negative.png\",\"width\":290,\"height\":256,\"caption\":\"Taalhammer\"},\"image\":{\"@id\":\"https:\/\/www.taalhammer.com\/pl\/#\/schema\/logo\/image\/\"},\"sameAs\":[\"https:\/\/www.facebook.com\/taalhammer\",\"https:\/\/x.com\/taalhammer\",\"https:\/\/www.instagram.com\/taalhammer_pl\/\"]}]}<\/script>\n<!-- \/ Yoast SEO Premium plugin. -->","yoast_head_json":{"title":"R\u00f3\u017cne rodzaje \u0107wicze\u0144 ze s\u0142uchu | Taalhammer","description":"Podczas nauki j\u0119zyka bardzo wa\u017cna jest r\u00f3\u017cnorodno\u015b\u0107 \u0107wicze\u0144 i stymulowanie pami\u0119ci w r\u00f3\u017cny spos\u00f3b. Dowiedz si\u0119 jak to dobrze robi\u0107","robots":{"index":"index","follow":"follow","max-snippet":"max-snippet:-1","max-image-preview":"max-image-preview:large","max-video-preview":"max-video-preview:-1"},"canonical":"https:\/\/www.taalhammer.com\/pl\/rozne-rodzaje-cwiczen-ze-sluchu\/","og_locale":"pl_PL","og_type":"article","og_title":"R\u00f3\u017cne rodzaje \u0107wicze\u0144 ze s\u0142uchu","og_description":"Podczas nauki j\u0119zyka bardzo wa\u017cna jest r\u00f3\u017cnorodno\u015b\u0107 \u0107wicze\u0144 i stymulowanie pami\u0119ci w r\u00f3\u017cny spos\u00f3b. Dowiedz si\u0119 jak to dobrze robi\u0107","og_url":"https:\/\/www.taalhammer.com\/pl\/rozne-rodzaje-cwiczen-ze-sluchu\/","og_site_name":"Taalhammer","article_publisher":"https:\/\/www.facebook.com\/taalhammer","article_modified_time":"2025-12-12T15:10:05+00:00","og_image":[{"url":"https:\/\/www.taalhammer.com\/wp-content\/uploads\/2024\/05\/image-13.png"}],"twitter_card":"summary_large_image","twitter_site":"@taalhammer","twitter_misc":{"Szacowany czas czytania":"1 minuta"},"schema":{"@context":"https:\/\/schema.org","@graph":[{"@type":"WebPage","@id":"https:\/\/www.taalhammer.com\/pl\/rozne-rodzaje-cwiczen-ze-sluchu\/","url":"https:\/\/www.taalhammer.com\/pl\/rozne-rodzaje-cwiczen-ze-sluchu\/","name":"R\u00f3\u017cne rodzaje \u0107wicze\u0144 ze s\u0142uchu | Taalhammer","isPartOf":{"@id":"https:\/\/www.taalhammer.com\/pl\/#website"},"primaryImageOfPage":{"@id":"https:\/\/www.taalhammer.com\/pl\/rozne-rodzaje-cwiczen-ze-sluchu\/#primaryimage"},"image":{"@id":"https:\/\/www.taalhammer.com\/pl\/rozne-rodzaje-cwiczen-ze-sluchu\/#primaryimage"},"thumbnailUrl":"https:\/\/www.taalhammer.com\/wp-content\/uploads\/2024\/05\/image-13.png","datePublished":"2024-05-28T14:00:07+00:00","dateModified":"2025-12-12T15:10:05+00:00","description":"Podczas nauki j\u0119zyka bardzo wa\u017cna jest r\u00f3\u017cnorodno\u015b\u0107 \u0107wicze\u0144 i stymulowanie pami\u0119ci w r\u00f3\u017cny spos\u00f3b. Dowiedz si\u0119 jak to dobrze robi\u0107","breadcrumb":{"@id":"https:\/\/www.taalhammer.com\/pl\/rozne-rodzaje-cwiczen-ze-sluchu\/#breadcrumb"},"inLanguage":"pl-PL","potentialAction":[{"@type":"ReadAction","target":["https:\/\/www.taalhammer.com\/pl\/rozne-rodzaje-cwiczen-ze-sluchu\/"]}]},{"@type":"ImageObject","inLanguage":"pl-PL","@id":"https:\/\/www.taalhammer.com\/pl\/rozne-rodzaje-cwiczen-ze-sluchu\/#primaryimage","url":"https:\/\/www.taalhammer.com\/wp-content\/uploads\/2024\/05\/image-13.png","contentUrl":"https:\/\/www.taalhammer.com\/wp-content\/uploads\/2024\/05\/image-13.png"},{"@type":"BreadcrumbList","@id":"https:\/\/www.taalhammer.com\/pl\/rozne-rodzaje-cwiczen-ze-sluchu\/#breadcrumb","itemListElement":[{"@type":"ListItem","position":1,"name":"Home","item":"https:\/\/www.taalhammer.com\/pl\/"},{"@type":"ListItem","position":2,"name":"R\u00f3\u017cne rodzaje \u0107wicze\u0144 ze s\u0142uchu"}]},{"@type":"WebSite","@id":"https:\/\/www.taalhammer.com\/pl\/#website","url":"https:\/\/www.taalhammer.com\/pl\/","name":"Taalhammer","description":"Stop mumbling, start to speak","publisher":{"@id":"https:\/\/www.taalhammer.com\/pl\/#organization"},"potentialAction":[{"@type":"SearchAction","target":{"@type":"EntryPoint","urlTemplate":"https:\/\/www.taalhammer.com\/pl\/?s={search_term_string}"},"query-input":{"@type":"PropertyValueSpecification","valueRequired":true,"valueName":"search_term_string"}}],"inLanguage":"pl-PL"},{"@type":"Organization","@id":"https:\/\/www.taalhammer.com\/pl\/#organization","name":"Taalhammer","url":"https:\/\/www.taalhammer.com\/pl\/","logo":{"@type":"ImageObject","inLanguage":"pl-PL","@id":"https:\/\/www.taalhammer.com\/pl\/#\/schema\/logo\/image\/","url":"https:\/\/www.taalhammer.com\/wp-content\/uploads\/2019\/06\/Taalhammer_B_W_cut_negative.png","contentUrl":"https:\/\/www.taalhammer.com\/wp-content\/uploads\/2019\/06\/Taalhammer_B_W_cut_negative.png","width":290,"height":256,"caption":"Taalhammer"},"image":{"@id":"https:\/\/www.taalhammer.com\/pl\/#\/schema\/logo\/image\/"},"sameAs":["https:\/\/www.facebook.com\/taalhammer","https:\/\/x.com\/taalhammer","https:\/\/www.instagram.com\/taalhammer_pl\/"]}]}},"_links":{"self":[{"href":"https:\/\/www.taalhammer.com\/pl\/wp-json\/wp\/v2\/pages\/12249","targetHints":{"allow":["GET"]}}],"collection":[{"href":"https:\/\/www.taalhammer.com\/pl\/wp-json\/wp\/v2\/pages"}],"about":[{"href":"https:\/\/www.taalhammer.com\/pl\/wp-json\/wp\/v2\/types\/page"}],"author":[{"embeddable":true,"href":"https:\/\/www.taalhammer.com\/pl\/wp-json\/wp\/v2\/users\/16"}],"replies":[{"embeddable":true,"href":"https:\/\/www.taalhammer.com\/pl\/wp-json\/wp\/v2\/comments?post=12249"}],"version-history":[{"count":3,"href":"https:\/\/www.taalhammer.com\/pl\/wp-json\/wp\/v2\/pages\/12249\/revisions"}],"predecessor-version":[{"id":12457,"href":"https:\/\/www.taalhammer.com\/pl\/wp-json\/wp\/v2\/pages\/12249\/revisions\/12457"}],"wp:attachment":[{"href":"https:\/\/www.taalhammer.com\/pl\/wp-json\/wp\/v2\/media?parent=12249"}],"wp:term":[{"taxonomy":"category","embeddable":true,"href":"https:\/\/www.taalhammer.com\/pl\/wp-json\/wp\/v2\/categories?post=12249"},{"taxonomy":"post_tag","embeddable":true,"href":"https:\/\/www.taalhammer.com\/pl\/wp-json\/wp\/v2\/tags?post=12249"}],"curies":[{"name":"wp","href":"https:\/\/api.w.org\/{rel}","templated":true}]}}