{"id":12245,"date":"2024-05-28T13:57:50","date_gmt":"2024-05-28T13:57:50","guid":{"rendered":"https:\/\/www.taalhammer.com\/?page_id=12245"},"modified":"2025-12-12T15:09:38","modified_gmt":"2025-12-12T15:09:38","slug":"jak-cwiczyc-rozumienie-ze-sluchu","status":"publish","type":"page","link":"https:\/\/www.taalhammer.com\/pl\/jak-cwiczyc-rozumienie-ze-sluchu\/","title":{"rendered":"Radio j\u0119zykowe: jak \u0107wiczy\u0107 rozumienie ze s\u0142uchu"},"content":{"rendered":"\n<p>Taalhammer posiada specjalny tryb \u0107wiczenia rozumienia ze s\u0142uchu, kt\u00f3ry pozwala na wykonywanie kilku rodzaj\u00f3w \u0107wicze\u0144. Badania pokazuj\u0105, \u017ce powtarzanie w ruchu wzmacnia zapami\u0119tywanie. U\u017cywaj tego trybu podczas jazdy na rowerze, spacer\u00f3w, biegania czy treningu na si\u0142owni.&nbsp;<\/p>\n\n\n\n<figure class=\"wp-block-embed is-type-video is-provider-youtube wp-block-embed-youtube wp-embed-aspect-16-9 wp-has-aspect-ratio\"><div class=\"wp-block-embed__wrapper\">\n<iframe loading=\"lazy\" title=\"Jak \u0107wiczy\u0107 rozumienie ze s\u0142uchu\" width=\"840\" height=\"473\" src=\"https:\/\/www.youtube.com\/embed\/tRqKYaZSfAc?feature=oembed\" frameborder=\"0\" allow=\"accelerometer; autoplay; clipboard-write; encrypted-media; gyroscope; picture-in-picture; web-share\" referrerpolicy=\"strict-origin-when-cross-origin\" allowfullscreen><\/iframe>\n<\/div><\/figure>\n\n\n\n<p>Aby rozpocz\u0105\u0107 \u0107wiczenie wystarczy nacisn\u0105\u0107 \u201cstart\u201d. Nasz algorytm planuje playlist\u0119 w taki spos\u00f3b, \u017ce w pierwszej kolejno\u015bci odtworzy s\u0142owa i zdania, z kt\u00f3rych nauk\u0105 masz problemy oraz te, kt\u00f3re sam stworzy\u0142e\u015b w Kreatorze.<\/p>\n\n\n<div class=\"wp-block-image\">\n<figure class=\"aligncenter is-resized\"><img loading=\"lazy\" decoding=\"async\" width=\"722\" height=\"1564\" src=\"https:\/\/www.taalhammer.com\/wp-content\/uploads\/2024\/05\/image-12.png\" alt=\"Aplikacja Taalhammer - widok trybu s\u0142uchania z podkre\u015blonymi klawiszami play i pause \" class=\"wp-image-12246\" style=\"width:348px;height:auto\" srcset=\"https:\/\/www.taalhammer.com\/wp-content\/uploads\/2024\/05\/image-12.png 722w, https:\/\/www.taalhammer.com\/wp-content\/uploads\/2024\/05\/image-12-138x300.png 138w, https:\/\/www.taalhammer.com\/wp-content\/uploads\/2024\/05\/image-12-473x1024.png 473w, https:\/\/www.taalhammer.com\/wp-content\/uploads\/2024\/05\/image-12-709x1536.png 709w\" sizes=\"auto, (max-width: 722px) 85vw, 722px\" \/><\/figure>\n<\/div>\n\n\n<p>Najpierw us\u0142yszysz j\u0119zyk \u017ar\u00f3d\u0142owy, a nast\u0119pnie cisz\u0119. Podczas ciszy spr\u00f3buj powiedzie\u0107 na g\u0142os (je\u015bli to mo\u017cliwe), lub w my\u015blach t\u0142umaczenie na j\u0119zyk docelowy. Nast\u0119pnie us\u0142yszysz poprawne t\u0142umaczenie. Por\u00f3wnaj z Twoj\u0105 wersj\u0105. Na koniec powt\u00f3rz t\u0142umaczenie jeszcze raz.&nbsp;<\/p>\n\n\n\n<p>Mo\u017cesz \u0107wiczy\u0107 na dowolnych tre\u015bciach, zar\u00f3wno tych kt\u00f3re stworzy\u0142e\u015b sam, jak i tych zapewnionych przez Taalhammera. Odtwarzanie element\u00f3w, kt\u00f3rych wcze\u015bniej si\u0119 uczy\u0142e\u015b znacznie przyspiesza nauk\u0119.&nbsp;<\/p>\n","protected":false},"excerpt":{"rendered":"<p>Taalhammer posiada specjalny tryb \u0107wiczenia rozumienia ze s\u0142uchu, kt\u00f3ry pozwala na wykonywanie kilku rodzaj\u00f3w \u0107wicze\u0144. Badania pokazuj\u0105, \u017ce powtarzanie w ruchu wzmacnia zapami\u0119tywanie. U\u017cywaj tego trybu podczas jazdy na rowerze,&#8230;<\/p>\n","protected":false},"author":16,"featured_media":0,"parent":0,"menu_order":0,"comment_status":"closed","ping_status":"closed","template":"template-help-page.php","meta":{"_acf_changed":false,"pmpro_default_level":"","inline_featured_image":false,"footnotes":""},"categories":[227],"tags":[],"class_list":["post-12245","page","type-page","status-publish","hentry","category-help-pl","pmpro-has-access"],"acf":{"body_class":""},"yoast_head":"<!-- This site is optimized with the Yoast SEO Premium plugin v23.4 (Yoast SEO v23.4) - https:\/\/yoast.com\/wordpress\/plugins\/seo\/ -->\n<title>Radio j\u0119zykowe: jak \u0107wiczy\u0107 rozumienie ze s\u0142uchu | Taalhammer<\/title>\n<meta name=\"description\" content=\"Taalhammer posiada specjalny tryb \u0107wiczenia rozumienia ze s\u0142uchu, kt\u00f3ry pozwala na wykonywanie kilku rodzaj\u00f3w \u0107wicze\u0144\" \/>\n<meta name=\"robots\" content=\"index, follow, max-snippet:-1, max-image-preview:large, max-video-preview:-1\" \/>\n<link rel=\"canonical\" href=\"https:\/\/www.taalhammer.com\/pl\/jak-cwiczyc-rozumienie-ze-sluchu\/\" \/>\n<meta property=\"og:locale\" content=\"pl_PL\" \/>\n<meta property=\"og:type\" content=\"article\" \/>\n<meta property=\"og:title\" content=\"Radio j\u0119zykowe: jak \u0107wiczy\u0107 rozumienie ze s\u0142uchu\" \/>\n<meta property=\"og:description\" content=\"Taalhammer posiada specjalny tryb \u0107wiczenia rozumienia ze s\u0142uchu, kt\u00f3ry pozwala na wykonywanie kilku rodzaj\u00f3w \u0107wicze\u0144\" \/>\n<meta property=\"og:url\" content=\"https:\/\/www.taalhammer.com\/pl\/jak-cwiczyc-rozumienie-ze-sluchu\/\" \/>\n<meta property=\"og:site_name\" content=\"Taalhammer\" \/>\n<meta property=\"article:publisher\" content=\"https:\/\/www.facebook.com\/taalhammer\" \/>\n<meta property=\"article:modified_time\" content=\"2025-12-12T15:09:38+00:00\" \/>\n<meta property=\"og:image\" content=\"https:\/\/www.taalhammer.com\/wp-content\/uploads\/2024\/05\/image-12.png\" \/>\n<meta name=\"twitter:card\" content=\"summary_large_image\" \/>\n<meta name=\"twitter:site\" content=\"@taalhammer\" \/>\n<meta name=\"twitter:label1\" content=\"Szacowany czas czytania\" \/>\n\t<meta name=\"twitter:data1\" content=\"1 minuta\" \/>\n<script type=\"application\/ld+json\" class=\"yoast-schema-graph\">{\"@context\":\"https:\/\/schema.org\",\"@graph\":[{\"@type\":\"WebPage\",\"@id\":\"https:\/\/www.taalhammer.com\/pl\/jak-cwiczyc-rozumienie-ze-sluchu\/\",\"url\":\"https:\/\/www.taalhammer.com\/pl\/jak-cwiczyc-rozumienie-ze-sluchu\/\",\"name\":\"Radio j\u0119zykowe: jak \u0107wiczy\u0107 rozumienie ze s\u0142uchu | Taalhammer\",\"isPartOf\":{\"@id\":\"https:\/\/www.taalhammer.com\/pl\/#website\"},\"primaryImageOfPage\":{\"@id\":\"https:\/\/www.taalhammer.com\/pl\/jak-cwiczyc-rozumienie-ze-sluchu\/#primaryimage\"},\"image\":{\"@id\":\"https:\/\/www.taalhammer.com\/pl\/jak-cwiczyc-rozumienie-ze-sluchu\/#primaryimage\"},\"thumbnailUrl\":\"https:\/\/www.taalhammer.com\/wp-content\/uploads\/2024\/05\/image-12.png\",\"datePublished\":\"2024-05-28T13:57:50+00:00\",\"dateModified\":\"2025-12-12T15:09:38+00:00\",\"description\":\"Taalhammer posiada specjalny tryb \u0107wiczenia rozumienia ze s\u0142uchu, kt\u00f3ry pozwala na wykonywanie kilku rodzaj\u00f3w \u0107wicze\u0144\",\"breadcrumb\":{\"@id\":\"https:\/\/www.taalhammer.com\/pl\/jak-cwiczyc-rozumienie-ze-sluchu\/#breadcrumb\"},\"inLanguage\":\"pl-PL\",\"potentialAction\":[{\"@type\":\"ReadAction\",\"target\":[\"https:\/\/www.taalhammer.com\/pl\/jak-cwiczyc-rozumienie-ze-sluchu\/\"]}]},{\"@type\":\"ImageObject\",\"inLanguage\":\"pl-PL\",\"@id\":\"https:\/\/www.taalhammer.com\/pl\/jak-cwiczyc-rozumienie-ze-sluchu\/#primaryimage\",\"url\":\"https:\/\/www.taalhammer.com\/wp-content\/uploads\/2024\/05\/image-12.png\",\"contentUrl\":\"https:\/\/www.taalhammer.com\/wp-content\/uploads\/2024\/05\/image-12.png\"},{\"@type\":\"BreadcrumbList\",\"@id\":\"https:\/\/www.taalhammer.com\/pl\/jak-cwiczyc-rozumienie-ze-sluchu\/#breadcrumb\",\"itemListElement\":[{\"@type\":\"ListItem\",\"position\":1,\"name\":\"Home\",\"item\":\"https:\/\/www.taalhammer.com\/pl\/\"},{\"@type\":\"ListItem\",\"position\":2,\"name\":\"Radio j\u0119zykowe: jak \u0107wiczy\u0107 rozumienie ze s\u0142uchu\"}]},{\"@type\":\"WebSite\",\"@id\":\"https:\/\/www.taalhammer.com\/pl\/#website\",\"url\":\"https:\/\/www.taalhammer.com\/pl\/\",\"name\":\"Taalhammer\",\"description\":\"Stop mumbling, start to speak\",\"publisher\":{\"@id\":\"https:\/\/www.taalhammer.com\/pl\/#organization\"},\"potentialAction\":[{\"@type\":\"SearchAction\",\"target\":{\"@type\":\"EntryPoint\",\"urlTemplate\":\"https:\/\/www.taalhammer.com\/pl\/?s={search_term_string}\"},\"query-input\":{\"@type\":\"PropertyValueSpecification\",\"valueRequired\":true,\"valueName\":\"search_term_string\"}}],\"inLanguage\":\"pl-PL\"},{\"@type\":\"Organization\",\"@id\":\"https:\/\/www.taalhammer.com\/pl\/#organization\",\"name\":\"Taalhammer\",\"url\":\"https:\/\/www.taalhammer.com\/pl\/\",\"logo\":{\"@type\":\"ImageObject\",\"inLanguage\":\"pl-PL\",\"@id\":\"https:\/\/www.taalhammer.com\/pl\/#\/schema\/logo\/image\/\",\"url\":\"https:\/\/www.taalhammer.com\/wp-content\/uploads\/2019\/06\/Taalhammer_B_W_cut_negative.png\",\"contentUrl\":\"https:\/\/www.taalhammer.com\/wp-content\/uploads\/2019\/06\/Taalhammer_B_W_cut_negative.png\",\"width\":290,\"height\":256,\"caption\":\"Taalhammer\"},\"image\":{\"@id\":\"https:\/\/www.taalhammer.com\/pl\/#\/schema\/logo\/image\/\"},\"sameAs\":[\"https:\/\/www.facebook.com\/taalhammer\",\"https:\/\/x.com\/taalhammer\",\"https:\/\/www.instagram.com\/taalhammer_pl\/\"]}]}<\/script>\n<!-- \/ Yoast SEO Premium plugin. -->","yoast_head_json":{"title":"Radio j\u0119zykowe: jak \u0107wiczy\u0107 rozumienie ze s\u0142uchu | Taalhammer","description":"Taalhammer posiada specjalny tryb \u0107wiczenia rozumienia ze s\u0142uchu, kt\u00f3ry pozwala na wykonywanie kilku rodzaj\u00f3w \u0107wicze\u0144","robots":{"index":"index","follow":"follow","max-snippet":"max-snippet:-1","max-image-preview":"max-image-preview:large","max-video-preview":"max-video-preview:-1"},"canonical":"https:\/\/www.taalhammer.com\/pl\/jak-cwiczyc-rozumienie-ze-sluchu\/","og_locale":"pl_PL","og_type":"article","og_title":"Radio j\u0119zykowe: jak \u0107wiczy\u0107 rozumienie ze s\u0142uchu","og_description":"Taalhammer posiada specjalny tryb \u0107wiczenia rozumienia ze s\u0142uchu, kt\u00f3ry pozwala na wykonywanie kilku rodzaj\u00f3w \u0107wicze\u0144","og_url":"https:\/\/www.taalhammer.com\/pl\/jak-cwiczyc-rozumienie-ze-sluchu\/","og_site_name":"Taalhammer","article_publisher":"https:\/\/www.facebook.com\/taalhammer","article_modified_time":"2025-12-12T15:09:38+00:00","og_image":[{"url":"https:\/\/www.taalhammer.com\/wp-content\/uploads\/2024\/05\/image-12.png"}],"twitter_card":"summary_large_image","twitter_site":"@taalhammer","twitter_misc":{"Szacowany czas czytania":"1 minuta"},"schema":{"@context":"https:\/\/schema.org","@graph":[{"@type":"WebPage","@id":"https:\/\/www.taalhammer.com\/pl\/jak-cwiczyc-rozumienie-ze-sluchu\/","url":"https:\/\/www.taalhammer.com\/pl\/jak-cwiczyc-rozumienie-ze-sluchu\/","name":"Radio j\u0119zykowe: jak \u0107wiczy\u0107 rozumienie ze s\u0142uchu | Taalhammer","isPartOf":{"@id":"https:\/\/www.taalhammer.com\/pl\/#website"},"primaryImageOfPage":{"@id":"https:\/\/www.taalhammer.com\/pl\/jak-cwiczyc-rozumienie-ze-sluchu\/#primaryimage"},"image":{"@id":"https:\/\/www.taalhammer.com\/pl\/jak-cwiczyc-rozumienie-ze-sluchu\/#primaryimage"},"thumbnailUrl":"https:\/\/www.taalhammer.com\/wp-content\/uploads\/2024\/05\/image-12.png","datePublished":"2024-05-28T13:57:50+00:00","dateModified":"2025-12-12T15:09:38+00:00","description":"Taalhammer posiada specjalny tryb \u0107wiczenia rozumienia ze s\u0142uchu, kt\u00f3ry pozwala na wykonywanie kilku rodzaj\u00f3w \u0107wicze\u0144","breadcrumb":{"@id":"https:\/\/www.taalhammer.com\/pl\/jak-cwiczyc-rozumienie-ze-sluchu\/#breadcrumb"},"inLanguage":"pl-PL","potentialAction":[{"@type":"ReadAction","target":["https:\/\/www.taalhammer.com\/pl\/jak-cwiczyc-rozumienie-ze-sluchu\/"]}]},{"@type":"ImageObject","inLanguage":"pl-PL","@id":"https:\/\/www.taalhammer.com\/pl\/jak-cwiczyc-rozumienie-ze-sluchu\/#primaryimage","url":"https:\/\/www.taalhammer.com\/wp-content\/uploads\/2024\/05\/image-12.png","contentUrl":"https:\/\/www.taalhammer.com\/wp-content\/uploads\/2024\/05\/image-12.png"},{"@type":"BreadcrumbList","@id":"https:\/\/www.taalhammer.com\/pl\/jak-cwiczyc-rozumienie-ze-sluchu\/#breadcrumb","itemListElement":[{"@type":"ListItem","position":1,"name":"Home","item":"https:\/\/www.taalhammer.com\/pl\/"},{"@type":"ListItem","position":2,"name":"Radio j\u0119zykowe: jak \u0107wiczy\u0107 rozumienie ze s\u0142uchu"}]},{"@type":"WebSite","@id":"https:\/\/www.taalhammer.com\/pl\/#website","url":"https:\/\/www.taalhammer.com\/pl\/","name":"Taalhammer","description":"Stop mumbling, start to speak","publisher":{"@id":"https:\/\/www.taalhammer.com\/pl\/#organization"},"potentialAction":[{"@type":"SearchAction","target":{"@type":"EntryPoint","urlTemplate":"https:\/\/www.taalhammer.com\/pl\/?s={search_term_string}"},"query-input":{"@type":"PropertyValueSpecification","valueRequired":true,"valueName":"search_term_string"}}],"inLanguage":"pl-PL"},{"@type":"Organization","@id":"https:\/\/www.taalhammer.com\/pl\/#organization","name":"Taalhammer","url":"https:\/\/www.taalhammer.com\/pl\/","logo":{"@type":"ImageObject","inLanguage":"pl-PL","@id":"https:\/\/www.taalhammer.com\/pl\/#\/schema\/logo\/image\/","url":"https:\/\/www.taalhammer.com\/wp-content\/uploads\/2019\/06\/Taalhammer_B_W_cut_negative.png","contentUrl":"https:\/\/www.taalhammer.com\/wp-content\/uploads\/2019\/06\/Taalhammer_B_W_cut_negative.png","width":290,"height":256,"caption":"Taalhammer"},"image":{"@id":"https:\/\/www.taalhammer.com\/pl\/#\/schema\/logo\/image\/"},"sameAs":["https:\/\/www.facebook.com\/taalhammer","https:\/\/x.com\/taalhammer","https:\/\/www.instagram.com\/taalhammer_pl\/"]}]}},"_links":{"self":[{"href":"https:\/\/www.taalhammer.com\/pl\/wp-json\/wp\/v2\/pages\/12245","targetHints":{"allow":["GET"]}}],"collection":[{"href":"https:\/\/www.taalhammer.com\/pl\/wp-json\/wp\/v2\/pages"}],"about":[{"href":"https:\/\/www.taalhammer.com\/pl\/wp-json\/wp\/v2\/types\/page"}],"author":[{"embeddable":true,"href":"https:\/\/www.taalhammer.com\/pl\/wp-json\/wp\/v2\/users\/16"}],"replies":[{"embeddable":true,"href":"https:\/\/www.taalhammer.com\/pl\/wp-json\/wp\/v2\/comments?post=12245"}],"version-history":[{"count":4,"href":"https:\/\/www.taalhammer.com\/pl\/wp-json\/wp\/v2\/pages\/12245\/revisions"}],"predecessor-version":[{"id":12454,"href":"https:\/\/www.taalhammer.com\/pl\/wp-json\/wp\/v2\/pages\/12245\/revisions\/12454"}],"wp:attachment":[{"href":"https:\/\/www.taalhammer.com\/pl\/wp-json\/wp\/v2\/media?parent=12245"}],"wp:term":[{"taxonomy":"category","embeddable":true,"href":"https:\/\/www.taalhammer.com\/pl\/wp-json\/wp\/v2\/categories?post=12245"},{"taxonomy":"post_tag","embeddable":true,"href":"https:\/\/www.taalhammer.com\/pl\/wp-json\/wp\/v2\/tags?post=12245"}],"curies":[{"name":"wp","href":"https:\/\/api.w.org\/{rel}","templated":true}]}}