{"id":12239,"date":"2024-05-28T13:55:27","date_gmt":"2024-05-28T13:55:27","guid":{"rendered":"https:\/\/www.taalhammer.com\/?page_id=12239"},"modified":"2025-12-12T15:09:31","modified_gmt":"2025-12-12T15:09:31","slug":"przeplatanie-odwolania-do-gramatyki-czasowniki-i-historyjki","status":"publish","type":"page","link":"https:\/\/www.taalhammer.com\/pl\/przeplatanie-odwolania-do-gramatyki-czasowniki-i-historyjki\/","title":{"rendered":"Przeplatanie: odwo\u0142ania do gramatyki, czasowniki i historyjki"},"content":{"rendered":"\n<p>Mieszanie element\u00f3w r\u00f3\u017cnego typu w trakcie nauki j\u0119zyka jest najbardziej sprzecznym z intuicj\u0105 i zaskakuj\u0105cym elementem nauki. Mo\u017ce to pocz\u0105tkowo dawa\u0107 wra\u017cenie wr\u0119cz spowalniania nas podczas nauki, ale tak naprawd\u0119 &#8211; zwi\u0119ksza Twoje d\u0142ugoterminowe zapami\u0119tywanie. Nasze kolekcje Core\u2019owe s\u0105 przygotowane w\u0142a\u015bnie pod tym k\u0105tem.&nbsp;<\/p>\n\n\n\n<figure class=\"wp-block-embed is-type-video is-provider-youtube wp-block-embed-youtube wp-embed-aspect-16-9 wp-has-aspect-ratio\"><div class=\"wp-block-embed__wrapper\">\n<iframe loading=\"lazy\" title=\"Przeplatanie: odwo\u0142ania do gramatyki, czasowniki i historyjki\" width=\"840\" height=\"473\" src=\"https:\/\/www.youtube.com\/embed\/geWGgRIZEEo?feature=oembed\" frameborder=\"0\" allow=\"accelerometer; autoplay; clipboard-write; encrypted-media; gyroscope; picture-in-picture; web-share\" referrerpolicy=\"strict-origin-when-cross-origin\" allowfullscreen><\/iframe>\n<\/div><\/figure>\n\n\n\n<p>W trakcie nauki, opr\u00f3cz s\u0142\u00f3w i zda\u0144, przemycaj\u0105 one r\u00f3wnie\u017c:<\/p>\n\n\n\n<ul class=\"wp-block-list\">\n<li>kr\u00f3tkie odwo\u0142ania do gramatyki, kt\u00f3re u\u0142atwiaj\u0105 organizowanie informacji w Twojej pami\u0119ci,&nbsp;&nbsp;<\/li>\n\n\n\n<li>czasowniki odmienione przez osoby i czasy, co pomaga szybciej konstruowa\u0107 w\u0142asne zdania, oraz&nbsp;<\/li>\n\n\n\n<li>kr\u00f3tkie historyjki z u\u017cyciem s\u0142\u00f3w, kt\u00f3rych si\u0119 uczysz (co u\u0142atwia rozumienie ze s\u0142uchu i utrwala znaczenie s\u0142\u00f3w w kontek\u015bcie).<\/li>\n<\/ul>\n\n\n<div class=\"wp-block-image\">\n<figure class=\"aligncenter is-resized\"><img loading=\"lazy\" decoding=\"async\" width=\"834\" height=\"1570\" src=\"https:\/\/www.taalhammer.com\/wp-content\/uploads\/2024\/05\/image-11.png\" alt=\"Aplikacja Taalhammer - widok Boarda ze zdaniami w trybie nauki\" class=\"wp-image-12242\" style=\"width:400px\" srcset=\"https:\/\/www.taalhammer.com\/wp-content\/uploads\/2024\/05\/image-11.png 834w, https:\/\/www.taalhammer.com\/wp-content\/uploads\/2024\/05\/image-11-159x300.png 159w, https:\/\/www.taalhammer.com\/wp-content\/uploads\/2024\/05\/image-11-544x1024.png 544w, https:\/\/www.taalhammer.com\/wp-content\/uploads\/2024\/05\/image-11-768x1446.png 768w, https:\/\/www.taalhammer.com\/wp-content\/uploads\/2024\/05\/image-11-816x1536.png 816w\" sizes=\"auto, (max-width: 834px) 85vw, 834px\" \/><\/figure>\n<\/div>\n\n\n<p>Wszystkie tre\u015bci mo\u017cesz miesza\u0107 ze swoimi w\u0142asnymi (kt\u00f3re tworzysz w Kreatorze), albo innymi kolekcjami Core\u2019owymi lub tematycznymi, kt\u00f3re znajdziesz w katalogu j\u0119zyk\u00f3w, w sekcji <strong>topik<\/strong>. Wszystkie tre\u015bci, zar\u00f3wno te do kt\u00f3rych si\u0119 zapiszesz, jak i te dodane przez Ciebie b\u0119d\u0105 mieszane i rozplanowane przez nasze algorytmy tak, aby u\u0142atwi\u0107 i przyspieszy\u0107 ich zapami\u0119tywanie.&nbsp;&nbsp;<\/p>\n\n\n<div class=\"wp-block-image\">\n<figure class=\"aligncenter is-resized\"><img loading=\"lazy\" decoding=\"async\" width=\"740\" height=\"1316\" src=\"https:\/\/www.taalhammer.com\/wp-content\/uploads\/2024\/05\/image-10.png\" alt=\"Aplikacja Taalhammer - widok Boarda z komentarzem gramatycznym w trybie nauki\" class=\"wp-image-12240\" style=\"width:400px\" srcset=\"https:\/\/www.taalhammer.com\/wp-content\/uploads\/2024\/05\/image-10.png 740w, https:\/\/www.taalhammer.com\/wp-content\/uploads\/2024\/05\/image-10-169x300.png 169w, https:\/\/www.taalhammer.com\/wp-content\/uploads\/2024\/05\/image-10-576x1024.png 576w\" sizes=\"auto, (max-width: 740px) 85vw, 740px\" \/><\/figure>\n<\/div>","protected":false},"excerpt":{"rendered":"<p>Mieszanie element\u00f3w r\u00f3\u017cnego typu w trakcie nauki j\u0119zyka jest najbardziej sprzecznym z intuicj\u0105 i zaskakuj\u0105cym elementem nauki. Mo\u017ce to pocz\u0105tkowo dawa\u0107 wra\u017cenie wr\u0119cz spowalniania nas podczas nauki, ale tak naprawd\u0119&#8230;<\/p>\n","protected":false},"author":16,"featured_media":0,"parent":0,"menu_order":0,"comment_status":"closed","ping_status":"closed","template":"template-help-page.php","meta":{"_acf_changed":false,"pmpro_default_level":"","inline_featured_image":false,"footnotes":""},"categories":[227],"tags":[],"class_list":["post-12239","page","type-page","status-publish","hentry","category-help-pl","pmpro-has-access"],"acf":{"body_class":""},"yoast_head":"<!-- This site is optimized with the Yoast SEO Premium plugin v23.4 (Yoast SEO v23.4) - https:\/\/yoast.com\/wordpress\/plugins\/seo\/ -->\n<title>Przeplatanie: odwo\u0142ania do gramatyki, czasowniki i historyjki | Taalhammer<\/title>\n<meta name=\"robots\" content=\"index, follow, max-snippet:-1, max-image-preview:large, max-video-preview:-1\" \/>\n<link rel=\"canonical\" href=\"https:\/\/www.taalhammer.com\/pl\/przeplatanie-odwolania-do-gramatyki-czasowniki-i-historyjki\/\" \/>\n<meta property=\"og:locale\" content=\"pl_PL\" \/>\n<meta property=\"og:type\" content=\"article\" \/>\n<meta property=\"og:title\" content=\"Przeplatanie: odwo\u0142ania do gramatyki, czasowniki i historyjki\" \/>\n<meta property=\"og:description\" content=\"Mieszanie element\u00f3w r\u00f3\u017cnego typu w trakcie nauki j\u0119zyka jest najbardziej sprzecznym z intuicj\u0105 i zaskakuj\u0105cym elementem nauki. Mo\u017ce to pocz\u0105tkowo dawa\u0107 wra\u017cenie wr\u0119cz spowalniania nas podczas nauki, ale tak naprawd\u0119...\" \/>\n<meta property=\"og:url\" content=\"https:\/\/www.taalhammer.com\/pl\/przeplatanie-odwolania-do-gramatyki-czasowniki-i-historyjki\/\" \/>\n<meta property=\"og:site_name\" content=\"Taalhammer\" \/>\n<meta property=\"article:publisher\" content=\"https:\/\/www.facebook.com\/taalhammer\" \/>\n<meta property=\"article:modified_time\" content=\"2025-12-12T15:09:31+00:00\" \/>\n<meta property=\"og:image\" content=\"https:\/\/www.taalhammer.com\/wp-content\/uploads\/2024\/05\/image-11.png\" \/>\n<meta name=\"twitter:card\" content=\"summary_large_image\" \/>\n<meta name=\"twitter:site\" content=\"@taalhammer\" \/>\n<meta name=\"twitter:label1\" content=\"Szacowany czas czytania\" \/>\n\t<meta name=\"twitter:data1\" content=\"2 minuty\" \/>\n<script type=\"application\/ld+json\" class=\"yoast-schema-graph\">{\"@context\":\"https:\/\/schema.org\",\"@graph\":[{\"@type\":\"WebPage\",\"@id\":\"https:\/\/www.taalhammer.com\/pl\/przeplatanie-odwolania-do-gramatyki-czasowniki-i-historyjki\/\",\"url\":\"https:\/\/www.taalhammer.com\/pl\/przeplatanie-odwolania-do-gramatyki-czasowniki-i-historyjki\/\",\"name\":\"Przeplatanie: odwo\u0142ania do gramatyki, czasowniki i historyjki | Taalhammer\",\"isPartOf\":{\"@id\":\"https:\/\/www.taalhammer.com\/pl\/#website\"},\"primaryImageOfPage\":{\"@id\":\"https:\/\/www.taalhammer.com\/pl\/przeplatanie-odwolania-do-gramatyki-czasowniki-i-historyjki\/#primaryimage\"},\"image\":{\"@id\":\"https:\/\/www.taalhammer.com\/pl\/przeplatanie-odwolania-do-gramatyki-czasowniki-i-historyjki\/#primaryimage\"},\"thumbnailUrl\":\"https:\/\/www.taalhammer.com\/wp-content\/uploads\/2024\/05\/image-11.png\",\"datePublished\":\"2024-05-28T13:55:27+00:00\",\"dateModified\":\"2025-12-12T15:09:31+00:00\",\"breadcrumb\":{\"@id\":\"https:\/\/www.taalhammer.com\/pl\/przeplatanie-odwolania-do-gramatyki-czasowniki-i-historyjki\/#breadcrumb\"},\"inLanguage\":\"pl-PL\",\"potentialAction\":[{\"@type\":\"ReadAction\",\"target\":[\"https:\/\/www.taalhammer.com\/pl\/przeplatanie-odwolania-do-gramatyki-czasowniki-i-historyjki\/\"]}]},{\"@type\":\"ImageObject\",\"inLanguage\":\"pl-PL\",\"@id\":\"https:\/\/www.taalhammer.com\/pl\/przeplatanie-odwolania-do-gramatyki-czasowniki-i-historyjki\/#primaryimage\",\"url\":\"https:\/\/www.taalhammer.com\/wp-content\/uploads\/2024\/05\/image-11.png\",\"contentUrl\":\"https:\/\/www.taalhammer.com\/wp-content\/uploads\/2024\/05\/image-11.png\"},{\"@type\":\"BreadcrumbList\",\"@id\":\"https:\/\/www.taalhammer.com\/pl\/przeplatanie-odwolania-do-gramatyki-czasowniki-i-historyjki\/#breadcrumb\",\"itemListElement\":[{\"@type\":\"ListItem\",\"position\":1,\"name\":\"Home\",\"item\":\"https:\/\/www.taalhammer.com\/pl\/\"},{\"@type\":\"ListItem\",\"position\":2,\"name\":\"Przeplatanie: odwo\u0142ania do gramatyki, czasowniki i historyjki\"}]},{\"@type\":\"WebSite\",\"@id\":\"https:\/\/www.taalhammer.com\/pl\/#website\",\"url\":\"https:\/\/www.taalhammer.com\/pl\/\",\"name\":\"Taalhammer\",\"description\":\"Stop mumbling, start to speak\",\"publisher\":{\"@id\":\"https:\/\/www.taalhammer.com\/pl\/#organization\"},\"potentialAction\":[{\"@type\":\"SearchAction\",\"target\":{\"@type\":\"EntryPoint\",\"urlTemplate\":\"https:\/\/www.taalhammer.com\/pl\/?s={search_term_string}\"},\"query-input\":{\"@type\":\"PropertyValueSpecification\",\"valueRequired\":true,\"valueName\":\"search_term_string\"}}],\"inLanguage\":\"pl-PL\"},{\"@type\":\"Organization\",\"@id\":\"https:\/\/www.taalhammer.com\/pl\/#organization\",\"name\":\"Taalhammer\",\"url\":\"https:\/\/www.taalhammer.com\/pl\/\",\"logo\":{\"@type\":\"ImageObject\",\"inLanguage\":\"pl-PL\",\"@id\":\"https:\/\/www.taalhammer.com\/pl\/#\/schema\/logo\/image\/\",\"url\":\"https:\/\/www.taalhammer.com\/wp-content\/uploads\/2019\/06\/Taalhammer_B_W_cut_negative.png\",\"contentUrl\":\"https:\/\/www.taalhammer.com\/wp-content\/uploads\/2019\/06\/Taalhammer_B_W_cut_negative.png\",\"width\":290,\"height\":256,\"caption\":\"Taalhammer\"},\"image\":{\"@id\":\"https:\/\/www.taalhammer.com\/pl\/#\/schema\/logo\/image\/\"},\"sameAs\":[\"https:\/\/www.facebook.com\/taalhammer\",\"https:\/\/x.com\/taalhammer\",\"https:\/\/www.instagram.com\/taalhammer_pl\/\"]}]}<\/script>\n<!-- \/ Yoast SEO Premium plugin. -->","yoast_head_json":{"title":"Przeplatanie: odwo\u0142ania do gramatyki, czasowniki i historyjki | Taalhammer","robots":{"index":"index","follow":"follow","max-snippet":"max-snippet:-1","max-image-preview":"max-image-preview:large","max-video-preview":"max-video-preview:-1"},"canonical":"https:\/\/www.taalhammer.com\/pl\/przeplatanie-odwolania-do-gramatyki-czasowniki-i-historyjki\/","og_locale":"pl_PL","og_type":"article","og_title":"Przeplatanie: odwo\u0142ania do gramatyki, czasowniki i historyjki","og_description":"Mieszanie element\u00f3w r\u00f3\u017cnego typu w trakcie nauki j\u0119zyka jest najbardziej sprzecznym z intuicj\u0105 i zaskakuj\u0105cym elementem nauki. Mo\u017ce to pocz\u0105tkowo dawa\u0107 wra\u017cenie wr\u0119cz spowalniania nas podczas nauki, ale tak naprawd\u0119...","og_url":"https:\/\/www.taalhammer.com\/pl\/przeplatanie-odwolania-do-gramatyki-czasowniki-i-historyjki\/","og_site_name":"Taalhammer","article_publisher":"https:\/\/www.facebook.com\/taalhammer","article_modified_time":"2025-12-12T15:09:31+00:00","og_image":[{"url":"https:\/\/www.taalhammer.com\/wp-content\/uploads\/2024\/05\/image-11.png"}],"twitter_card":"summary_large_image","twitter_site":"@taalhammer","twitter_misc":{"Szacowany czas czytania":"2 minuty"},"schema":{"@context":"https:\/\/schema.org","@graph":[{"@type":"WebPage","@id":"https:\/\/www.taalhammer.com\/pl\/przeplatanie-odwolania-do-gramatyki-czasowniki-i-historyjki\/","url":"https:\/\/www.taalhammer.com\/pl\/przeplatanie-odwolania-do-gramatyki-czasowniki-i-historyjki\/","name":"Przeplatanie: odwo\u0142ania do gramatyki, czasowniki i historyjki | Taalhammer","isPartOf":{"@id":"https:\/\/www.taalhammer.com\/pl\/#website"},"primaryImageOfPage":{"@id":"https:\/\/www.taalhammer.com\/pl\/przeplatanie-odwolania-do-gramatyki-czasowniki-i-historyjki\/#primaryimage"},"image":{"@id":"https:\/\/www.taalhammer.com\/pl\/przeplatanie-odwolania-do-gramatyki-czasowniki-i-historyjki\/#primaryimage"},"thumbnailUrl":"https:\/\/www.taalhammer.com\/wp-content\/uploads\/2024\/05\/image-11.png","datePublished":"2024-05-28T13:55:27+00:00","dateModified":"2025-12-12T15:09:31+00:00","breadcrumb":{"@id":"https:\/\/www.taalhammer.com\/pl\/przeplatanie-odwolania-do-gramatyki-czasowniki-i-historyjki\/#breadcrumb"},"inLanguage":"pl-PL","potentialAction":[{"@type":"ReadAction","target":["https:\/\/www.taalhammer.com\/pl\/przeplatanie-odwolania-do-gramatyki-czasowniki-i-historyjki\/"]}]},{"@type":"ImageObject","inLanguage":"pl-PL","@id":"https:\/\/www.taalhammer.com\/pl\/przeplatanie-odwolania-do-gramatyki-czasowniki-i-historyjki\/#primaryimage","url":"https:\/\/www.taalhammer.com\/wp-content\/uploads\/2024\/05\/image-11.png","contentUrl":"https:\/\/www.taalhammer.com\/wp-content\/uploads\/2024\/05\/image-11.png"},{"@type":"BreadcrumbList","@id":"https:\/\/www.taalhammer.com\/pl\/przeplatanie-odwolania-do-gramatyki-czasowniki-i-historyjki\/#breadcrumb","itemListElement":[{"@type":"ListItem","position":1,"name":"Home","item":"https:\/\/www.taalhammer.com\/pl\/"},{"@type":"ListItem","position":2,"name":"Przeplatanie: odwo\u0142ania do gramatyki, czasowniki i historyjki"}]},{"@type":"WebSite","@id":"https:\/\/www.taalhammer.com\/pl\/#website","url":"https:\/\/www.taalhammer.com\/pl\/","name":"Taalhammer","description":"Stop mumbling, start to speak","publisher":{"@id":"https:\/\/www.taalhammer.com\/pl\/#organization"},"potentialAction":[{"@type":"SearchAction","target":{"@type":"EntryPoint","urlTemplate":"https:\/\/www.taalhammer.com\/pl\/?s={search_term_string}"},"query-input":{"@type":"PropertyValueSpecification","valueRequired":true,"valueName":"search_term_string"}}],"inLanguage":"pl-PL"},{"@type":"Organization","@id":"https:\/\/www.taalhammer.com\/pl\/#organization","name":"Taalhammer","url":"https:\/\/www.taalhammer.com\/pl\/","logo":{"@type":"ImageObject","inLanguage":"pl-PL","@id":"https:\/\/www.taalhammer.com\/pl\/#\/schema\/logo\/image\/","url":"https:\/\/www.taalhammer.com\/wp-content\/uploads\/2019\/06\/Taalhammer_B_W_cut_negative.png","contentUrl":"https:\/\/www.taalhammer.com\/wp-content\/uploads\/2019\/06\/Taalhammer_B_W_cut_negative.png","width":290,"height":256,"caption":"Taalhammer"},"image":{"@id":"https:\/\/www.taalhammer.com\/pl\/#\/schema\/logo\/image\/"},"sameAs":["https:\/\/www.facebook.com\/taalhammer","https:\/\/x.com\/taalhammer","https:\/\/www.instagram.com\/taalhammer_pl\/"]}]}},"_links":{"self":[{"href":"https:\/\/www.taalhammer.com\/pl\/wp-json\/wp\/v2\/pages\/12239","targetHints":{"allow":["GET"]}}],"collection":[{"href":"https:\/\/www.taalhammer.com\/pl\/wp-json\/wp\/v2\/pages"}],"about":[{"href":"https:\/\/www.taalhammer.com\/pl\/wp-json\/wp\/v2\/types\/page"}],"author":[{"embeddable":true,"href":"https:\/\/www.taalhammer.com\/pl\/wp-json\/wp\/v2\/users\/16"}],"replies":[{"embeddable":true,"href":"https:\/\/www.taalhammer.com\/pl\/wp-json\/wp\/v2\/comments?post=12239"}],"version-history":[{"count":2,"href":"https:\/\/www.taalhammer.com\/pl\/wp-json\/wp\/v2\/pages\/12239\/revisions"}],"predecessor-version":[{"id":12358,"href":"https:\/\/www.taalhammer.com\/pl\/wp-json\/wp\/v2\/pages\/12239\/revisions\/12358"}],"wp:attachment":[{"href":"https:\/\/www.taalhammer.com\/pl\/wp-json\/wp\/v2\/media?parent=12239"}],"wp:term":[{"taxonomy":"category","embeddable":true,"href":"https:\/\/www.taalhammer.com\/pl\/wp-json\/wp\/v2\/categories?post=12239"},{"taxonomy":"post_tag","embeddable":true,"href":"https:\/\/www.taalhammer.com\/pl\/wp-json\/wp\/v2\/tags?post=12239"}],"curies":[{"name":"wp","href":"https:\/\/api.w.org\/{rel}","templated":true}]}}