{"id":12233,"date":"2024-05-28T13:52:46","date_gmt":"2024-05-28T13:52:46","guid":{"rendered":"https:\/\/www.taalhammer.com\/?page_id=12233"},"modified":"2025-12-12T15:11:56","modified_gmt":"2025-12-12T15:11:56","slug":"edycja-strumienia-nauki-czyli-jak-szybko-przelaczac-rozne-zrodla-tresci","status":"publish","type":"page","link":"https:\/\/www.taalhammer.com\/pl\/edycja-strumienia-nauki-czyli-jak-szybko-przelaczac-rozne-zrodla-tresci\/","title":{"rendered":"Edycja Strumienia nauki &#8211; czyli jak szybko prze\u0142\u0105cza\u0107 r\u00f3\u017cne \u017ar\u00f3d\u0142a tre\u015bci"},"content":{"rendered":"\n<p>W trybie nauki uczysz si\u0119 wszystkiego ze swojego strumienia. Strumie\u0144 nauki zawiera wszystko, czego si\u0119 uczysz &#8211; wszystkie kolekcje, do kt\u00f3rych si\u0119 zapisa\u0142e\u015b lub tre\u015bci kt\u00f3re sam stworzy\u0142e\u015b.<\/p>\n\n\n\n<figure class=\"wp-block-embed is-type-video is-provider-youtube wp-block-embed-youtube wp-embed-aspect-16-9 wp-has-aspect-ratio\"><div class=\"wp-block-embed__wrapper\">\n<iframe loading=\"lazy\" title=\"Edycja Strumienia nauki - czyli jak szybko prze\u0142\u0105cza\u0107 r\u00f3\u017cne \u017ar\u00f3d\u0142a tre\u015bci\" width=\"840\" height=\"473\" src=\"https:\/\/www.youtube.com\/embed\/TacvbcNU-is?feature=oembed\" frameborder=\"0\" allow=\"accelerometer; autoplay; clipboard-write; encrypted-media; gyroscope; picture-in-picture; web-share\" referrerpolicy=\"strict-origin-when-cross-origin\" allowfullscreen><\/iframe>\n<\/div><\/figure>\n\n\n\n<p>Bie\u017c\u0105ce ustawienia zawarto\u015bci swojego strumienia nauki i statystyki mo\u017cesz zobaczy\u0107 w ustawieniach. Mo\u017cesz \u0142atwo modyfikowa\u0107 sw\u00f3j strumie\u0144, poprzez zaznaczanie i odznaczanie kolekcji.<\/p>\n\n\n<div class=\"wp-block-image\">\n<figure class=\"aligncenter is-resized\"><img loading=\"lazy\" decoding=\"async\" width=\"782\" height=\"906\" src=\"https:\/\/www.taalhammer.com\/wp-content\/uploads\/2024\/05\/image-8.png\" alt=\"Aplikacja Taalhammer - bie\u017c\u0105ce ustawienia strumienia nauki\" class=\"wp-image-12234\" style=\"width:400px\" srcset=\"https:\/\/www.taalhammer.com\/wp-content\/uploads\/2024\/05\/image-8.png 782w, https:\/\/www.taalhammer.com\/wp-content\/uploads\/2024\/05\/image-8-259x300.png 259w, https:\/\/www.taalhammer.com\/wp-content\/uploads\/2024\/05\/image-8-768x890.png 768w\" sizes=\"auto, (max-width: 782px) 85vw, 782px\" \/><\/figure>\n<\/div>\n\n\n<p>Je\u017celi chcesz doda\u0107 nowe tre\u015bci do Twojego strumienia skorzystaj z naszego Kreatora, albo przejd\u017a do <strong>katalogu j\u0119zyk\u00f3w<\/strong>. W filtrze <strong>strumie\u0144 nauki<\/strong> mo\u017cesz sprawdzi\u0107 gdzie jeste\u015b aktualnie zapisany i ewentualnie wypisa\u0107 si\u0119 z kolekcji. Mo\u017cesz zapisa\u0107 si\u0119 do nich ponownie p\u00f3\u017aniej i rozpocz\u0105\u0107 nauk\u0119 dok\u0142adnie tam, gdzie j\u0105 przerwa\u0142e\u015b. Mo\u017cesz miesza\u0107 r\u00f3\u017cne tematy lub r\u00f3\u017cne j\u0119zyki.<\/p>\n\n\n\n<p><\/p>\n\n\n<div class=\"wp-block-image\">\n<figure class=\"aligncenter is-resized\"><img loading=\"lazy\" decoding=\"async\" width=\"790\" height=\"1402\" src=\"https:\/\/www.taalhammer.com\/wp-content\/uploads\/2024\/05\/image-9.png\" alt=\"Aplikacja Taalhammer - widok wyboru kolekcji - podkre\u015blone przyciski \" class=\"wp-image-12236\" style=\"width:400px\" srcset=\"https:\/\/www.taalhammer.com\/wp-content\/uploads\/2024\/05\/image-9.png 790w, https:\/\/www.taalhammer.com\/wp-content\/uploads\/2024\/05\/image-9-169x300.png 169w, https:\/\/www.taalhammer.com\/wp-content\/uploads\/2024\/05\/image-9-577x1024.png 577w, https:\/\/www.taalhammer.com\/wp-content\/uploads\/2024\/05\/image-9-768x1363.png 768w\" sizes=\"auto, (max-width: 790px) 85vw, 790px\" \/><\/figure>\n<\/div>","protected":false},"excerpt":{"rendered":"<p>W trybie nauki uczysz si\u0119 wszystkiego ze swojego strumienia. Strumie\u0144 nauki zawiera wszystko, czego si\u0119 uczysz &#8211; wszystkie kolekcje, do kt\u00f3rych si\u0119 zapisa\u0142e\u015b lub tre\u015bci kt\u00f3re sam stworzy\u0142e\u015b. Bie\u017c\u0105ce ustawienia&#8230;<\/p>\n","protected":false},"author":16,"featured_media":0,"parent":0,"menu_order":0,"comment_status":"closed","ping_status":"closed","template":"template-help-page.php","meta":{"_acf_changed":false,"pmpro_default_level":"","inline_featured_image":false,"footnotes":""},"categories":[227],"tags":[],"class_list":["post-12233","page","type-page","status-publish","hentry","category-help-pl","pmpro-has-access"],"acf":{"body_class":""},"yoast_head":"<!-- This site is optimized with the Yoast SEO Premium plugin v23.4 (Yoast SEO v23.4) - https:\/\/yoast.com\/wordpress\/plugins\/seo\/ -->\n<title>Edycja Strumienia nauki - czyli jak szybko prze\u0142\u0105cza\u0107 r\u00f3\u017cne \u017ar\u00f3d\u0142a tre\u015bci | Taalhammer<\/title>\n<meta name=\"description\" content=\"Strumie\u0144 nauki dzia\u0142a podobnie do stron w mediach spo\u0142eczno\u015bciowych gdzie wy\u015bwietlane s\u0105 rzeczy kt\u00f3re nas interesuj\u0105 i kt\u00f3rych si\u0119 uczymy\" \/>\n<meta name=\"robots\" content=\"index, follow, max-snippet:-1, max-image-preview:large, max-video-preview:-1\" \/>\n<link rel=\"canonical\" href=\"https:\/\/www.taalhammer.com\/pl\/edycja-strumienia-nauki-czyli-jak-szybko-przelaczac-rozne-zrodla-tresci\/\" \/>\n<meta property=\"og:locale\" content=\"pl_PL\" \/>\n<meta property=\"og:type\" content=\"article\" \/>\n<meta property=\"og:title\" content=\"Edycja Strumienia nauki - czyli jak szybko prze\u0142\u0105cza\u0107 r\u00f3\u017cne \u017ar\u00f3d\u0142a tre\u015bci\" \/>\n<meta property=\"og:description\" content=\"Strumie\u0144 nauki dzia\u0142a podobnie do stron w mediach spo\u0142eczno\u015bciowych gdzie wy\u015bwietlane s\u0105 rzeczy kt\u00f3re nas interesuj\u0105 i kt\u00f3rych si\u0119 uczymy\" \/>\n<meta property=\"og:url\" content=\"https:\/\/www.taalhammer.com\/pl\/edycja-strumienia-nauki-czyli-jak-szybko-przelaczac-rozne-zrodla-tresci\/\" \/>\n<meta property=\"og:site_name\" content=\"Taalhammer\" \/>\n<meta property=\"article:publisher\" content=\"https:\/\/www.facebook.com\/taalhammer\" \/>\n<meta property=\"article:modified_time\" content=\"2025-12-12T15:11:56+00:00\" \/>\n<meta property=\"og:image\" content=\"https:\/\/www.taalhammer.com\/wp-content\/uploads\/2024\/05\/image-8.png\" \/>\n<meta name=\"twitter:card\" content=\"summary_large_image\" \/>\n<meta name=\"twitter:site\" content=\"@taalhammer\" \/>\n<meta name=\"twitter:label1\" content=\"Szacowany czas czytania\" \/>\n\t<meta name=\"twitter:data1\" content=\"2 minuty\" \/>\n<script type=\"application\/ld+json\" class=\"yoast-schema-graph\">{\"@context\":\"https:\/\/schema.org\",\"@graph\":[{\"@type\":\"WebPage\",\"@id\":\"https:\/\/www.taalhammer.com\/pl\/edycja-strumienia-nauki-czyli-jak-szybko-przelaczac-rozne-zrodla-tresci\/\",\"url\":\"https:\/\/www.taalhammer.com\/pl\/edycja-strumienia-nauki-czyli-jak-szybko-przelaczac-rozne-zrodla-tresci\/\",\"name\":\"Edycja Strumienia nauki - czyli jak szybko prze\u0142\u0105cza\u0107 r\u00f3\u017cne \u017ar\u00f3d\u0142a tre\u015bci | Taalhammer\",\"isPartOf\":{\"@id\":\"https:\/\/www.taalhammer.com\/pl\/#website\"},\"primaryImageOfPage\":{\"@id\":\"https:\/\/www.taalhammer.com\/pl\/edycja-strumienia-nauki-czyli-jak-szybko-przelaczac-rozne-zrodla-tresci\/#primaryimage\"},\"image\":{\"@id\":\"https:\/\/www.taalhammer.com\/pl\/edycja-strumienia-nauki-czyli-jak-szybko-przelaczac-rozne-zrodla-tresci\/#primaryimage\"},\"thumbnailUrl\":\"https:\/\/www.taalhammer.com\/wp-content\/uploads\/2024\/05\/image-8.png\",\"datePublished\":\"2024-05-28T13:52:46+00:00\",\"dateModified\":\"2025-12-12T15:11:56+00:00\",\"description\":\"Strumie\u0144 nauki dzia\u0142a podobnie do stron w mediach spo\u0142eczno\u015bciowych gdzie wy\u015bwietlane s\u0105 rzeczy kt\u00f3re nas interesuj\u0105 i kt\u00f3rych si\u0119 uczymy\",\"breadcrumb\":{\"@id\":\"https:\/\/www.taalhammer.com\/pl\/edycja-strumienia-nauki-czyli-jak-szybko-przelaczac-rozne-zrodla-tresci\/#breadcrumb\"},\"inLanguage\":\"pl-PL\",\"potentialAction\":[{\"@type\":\"ReadAction\",\"target\":[\"https:\/\/www.taalhammer.com\/pl\/edycja-strumienia-nauki-czyli-jak-szybko-przelaczac-rozne-zrodla-tresci\/\"]}]},{\"@type\":\"ImageObject\",\"inLanguage\":\"pl-PL\",\"@id\":\"https:\/\/www.taalhammer.com\/pl\/edycja-strumienia-nauki-czyli-jak-szybko-przelaczac-rozne-zrodla-tresci\/#primaryimage\",\"url\":\"https:\/\/www.taalhammer.com\/wp-content\/uploads\/2024\/05\/image-8.png\",\"contentUrl\":\"https:\/\/www.taalhammer.com\/wp-content\/uploads\/2024\/05\/image-8.png\"},{\"@type\":\"BreadcrumbList\",\"@id\":\"https:\/\/www.taalhammer.com\/pl\/edycja-strumienia-nauki-czyli-jak-szybko-przelaczac-rozne-zrodla-tresci\/#breadcrumb\",\"itemListElement\":[{\"@type\":\"ListItem\",\"position\":1,\"name\":\"Home\",\"item\":\"https:\/\/www.taalhammer.com\/pl\/\"},{\"@type\":\"ListItem\",\"position\":2,\"name\":\"Edycja Strumienia nauki &#8211; czyli jak szybko prze\u0142\u0105cza\u0107 r\u00f3\u017cne \u017ar\u00f3d\u0142a tre\u015bci\"}]},{\"@type\":\"WebSite\",\"@id\":\"https:\/\/www.taalhammer.com\/pl\/#website\",\"url\":\"https:\/\/www.taalhammer.com\/pl\/\",\"name\":\"Taalhammer\",\"description\":\"Stop mumbling, start to speak\",\"publisher\":{\"@id\":\"https:\/\/www.taalhammer.com\/pl\/#organization\"},\"potentialAction\":[{\"@type\":\"SearchAction\",\"target\":{\"@type\":\"EntryPoint\",\"urlTemplate\":\"https:\/\/www.taalhammer.com\/pl\/?s={search_term_string}\"},\"query-input\":{\"@type\":\"PropertyValueSpecification\",\"valueRequired\":true,\"valueName\":\"search_term_string\"}}],\"inLanguage\":\"pl-PL\"},{\"@type\":\"Organization\",\"@id\":\"https:\/\/www.taalhammer.com\/pl\/#organization\",\"name\":\"Taalhammer\",\"url\":\"https:\/\/www.taalhammer.com\/pl\/\",\"logo\":{\"@type\":\"ImageObject\",\"inLanguage\":\"pl-PL\",\"@id\":\"https:\/\/www.taalhammer.com\/pl\/#\/schema\/logo\/image\/\",\"url\":\"https:\/\/www.taalhammer.com\/wp-content\/uploads\/2019\/06\/Taalhammer_B_W_cut_negative.png\",\"contentUrl\":\"https:\/\/www.taalhammer.com\/wp-content\/uploads\/2019\/06\/Taalhammer_B_W_cut_negative.png\",\"width\":290,\"height\":256,\"caption\":\"Taalhammer\"},\"image\":{\"@id\":\"https:\/\/www.taalhammer.com\/pl\/#\/schema\/logo\/image\/\"},\"sameAs\":[\"https:\/\/www.facebook.com\/taalhammer\",\"https:\/\/x.com\/taalhammer\",\"https:\/\/www.instagram.com\/taalhammer_pl\/\"]}]}<\/script>\n<!-- \/ Yoast SEO Premium plugin. -->","yoast_head_json":{"title":"Edycja Strumienia nauki - czyli jak szybko prze\u0142\u0105cza\u0107 r\u00f3\u017cne \u017ar\u00f3d\u0142a tre\u015bci | Taalhammer","description":"Strumie\u0144 nauki dzia\u0142a podobnie do stron w mediach spo\u0142eczno\u015bciowych gdzie wy\u015bwietlane s\u0105 rzeczy kt\u00f3re nas interesuj\u0105 i kt\u00f3rych si\u0119 uczymy","robots":{"index":"index","follow":"follow","max-snippet":"max-snippet:-1","max-image-preview":"max-image-preview:large","max-video-preview":"max-video-preview:-1"},"canonical":"https:\/\/www.taalhammer.com\/pl\/edycja-strumienia-nauki-czyli-jak-szybko-przelaczac-rozne-zrodla-tresci\/","og_locale":"pl_PL","og_type":"article","og_title":"Edycja Strumienia nauki - czyli jak szybko prze\u0142\u0105cza\u0107 r\u00f3\u017cne \u017ar\u00f3d\u0142a tre\u015bci","og_description":"Strumie\u0144 nauki dzia\u0142a podobnie do stron w mediach spo\u0142eczno\u015bciowych gdzie wy\u015bwietlane s\u0105 rzeczy kt\u00f3re nas interesuj\u0105 i kt\u00f3rych si\u0119 uczymy","og_url":"https:\/\/www.taalhammer.com\/pl\/edycja-strumienia-nauki-czyli-jak-szybko-przelaczac-rozne-zrodla-tresci\/","og_site_name":"Taalhammer","article_publisher":"https:\/\/www.facebook.com\/taalhammer","article_modified_time":"2025-12-12T15:11:56+00:00","og_image":[{"url":"https:\/\/www.taalhammer.com\/wp-content\/uploads\/2024\/05\/image-8.png"}],"twitter_card":"summary_large_image","twitter_site":"@taalhammer","twitter_misc":{"Szacowany czas czytania":"2 minuty"},"schema":{"@context":"https:\/\/schema.org","@graph":[{"@type":"WebPage","@id":"https:\/\/www.taalhammer.com\/pl\/edycja-strumienia-nauki-czyli-jak-szybko-przelaczac-rozne-zrodla-tresci\/","url":"https:\/\/www.taalhammer.com\/pl\/edycja-strumienia-nauki-czyli-jak-szybko-przelaczac-rozne-zrodla-tresci\/","name":"Edycja Strumienia nauki - czyli jak szybko prze\u0142\u0105cza\u0107 r\u00f3\u017cne \u017ar\u00f3d\u0142a tre\u015bci | Taalhammer","isPartOf":{"@id":"https:\/\/www.taalhammer.com\/pl\/#website"},"primaryImageOfPage":{"@id":"https:\/\/www.taalhammer.com\/pl\/edycja-strumienia-nauki-czyli-jak-szybko-przelaczac-rozne-zrodla-tresci\/#primaryimage"},"image":{"@id":"https:\/\/www.taalhammer.com\/pl\/edycja-strumienia-nauki-czyli-jak-szybko-przelaczac-rozne-zrodla-tresci\/#primaryimage"},"thumbnailUrl":"https:\/\/www.taalhammer.com\/wp-content\/uploads\/2024\/05\/image-8.png","datePublished":"2024-05-28T13:52:46+00:00","dateModified":"2025-12-12T15:11:56+00:00","description":"Strumie\u0144 nauki dzia\u0142a podobnie do stron w mediach spo\u0142eczno\u015bciowych gdzie wy\u015bwietlane s\u0105 rzeczy kt\u00f3re nas interesuj\u0105 i kt\u00f3rych si\u0119 uczymy","breadcrumb":{"@id":"https:\/\/www.taalhammer.com\/pl\/edycja-strumienia-nauki-czyli-jak-szybko-przelaczac-rozne-zrodla-tresci\/#breadcrumb"},"inLanguage":"pl-PL","potentialAction":[{"@type":"ReadAction","target":["https:\/\/www.taalhammer.com\/pl\/edycja-strumienia-nauki-czyli-jak-szybko-przelaczac-rozne-zrodla-tresci\/"]}]},{"@type":"ImageObject","inLanguage":"pl-PL","@id":"https:\/\/www.taalhammer.com\/pl\/edycja-strumienia-nauki-czyli-jak-szybko-przelaczac-rozne-zrodla-tresci\/#primaryimage","url":"https:\/\/www.taalhammer.com\/wp-content\/uploads\/2024\/05\/image-8.png","contentUrl":"https:\/\/www.taalhammer.com\/wp-content\/uploads\/2024\/05\/image-8.png"},{"@type":"BreadcrumbList","@id":"https:\/\/www.taalhammer.com\/pl\/edycja-strumienia-nauki-czyli-jak-szybko-przelaczac-rozne-zrodla-tresci\/#breadcrumb","itemListElement":[{"@type":"ListItem","position":1,"name":"Home","item":"https:\/\/www.taalhammer.com\/pl\/"},{"@type":"ListItem","position":2,"name":"Edycja Strumienia nauki &#8211; czyli jak szybko prze\u0142\u0105cza\u0107 r\u00f3\u017cne \u017ar\u00f3d\u0142a tre\u015bci"}]},{"@type":"WebSite","@id":"https:\/\/www.taalhammer.com\/pl\/#website","url":"https:\/\/www.taalhammer.com\/pl\/","name":"Taalhammer","description":"Stop mumbling, start to speak","publisher":{"@id":"https:\/\/www.taalhammer.com\/pl\/#organization"},"potentialAction":[{"@type":"SearchAction","target":{"@type":"EntryPoint","urlTemplate":"https:\/\/www.taalhammer.com\/pl\/?s={search_term_string}"},"query-input":{"@type":"PropertyValueSpecification","valueRequired":true,"valueName":"search_term_string"}}],"inLanguage":"pl-PL"},{"@type":"Organization","@id":"https:\/\/www.taalhammer.com\/pl\/#organization","name":"Taalhammer","url":"https:\/\/www.taalhammer.com\/pl\/","logo":{"@type":"ImageObject","inLanguage":"pl-PL","@id":"https:\/\/www.taalhammer.com\/pl\/#\/schema\/logo\/image\/","url":"https:\/\/www.taalhammer.com\/wp-content\/uploads\/2019\/06\/Taalhammer_B_W_cut_negative.png","contentUrl":"https:\/\/www.taalhammer.com\/wp-content\/uploads\/2019\/06\/Taalhammer_B_W_cut_negative.png","width":290,"height":256,"caption":"Taalhammer"},"image":{"@id":"https:\/\/www.taalhammer.com\/pl\/#\/schema\/logo\/image\/"},"sameAs":["https:\/\/www.facebook.com\/taalhammer","https:\/\/x.com\/taalhammer","https:\/\/www.instagram.com\/taalhammer_pl\/"]}]}},"_links":{"self":[{"href":"https:\/\/www.taalhammer.com\/pl\/wp-json\/wp\/v2\/pages\/12233","targetHints":{"allow":["GET"]}}],"collection":[{"href":"https:\/\/www.taalhammer.com\/pl\/wp-json\/wp\/v2\/pages"}],"about":[{"href":"https:\/\/www.taalhammer.com\/pl\/wp-json\/wp\/v2\/types\/page"}],"author":[{"embeddable":true,"href":"https:\/\/www.taalhammer.com\/pl\/wp-json\/wp\/v2\/users\/16"}],"replies":[{"embeddable":true,"href":"https:\/\/www.taalhammer.com\/pl\/wp-json\/wp\/v2\/comments?post=12233"}],"version-history":[{"count":4,"href":"https:\/\/www.taalhammer.com\/pl\/wp-json\/wp\/v2\/pages\/12233\/revisions"}],"predecessor-version":[{"id":12456,"href":"https:\/\/www.taalhammer.com\/pl\/wp-json\/wp\/v2\/pages\/12233\/revisions\/12456"}],"wp:attachment":[{"href":"https:\/\/www.taalhammer.com\/pl\/wp-json\/wp\/v2\/media?parent=12233"}],"wp:term":[{"taxonomy":"category","embeddable":true,"href":"https:\/\/www.taalhammer.com\/pl\/wp-json\/wp\/v2\/categories?post=12233"},{"taxonomy":"post_tag","embeddable":true,"href":"https:\/\/www.taalhammer.com\/pl\/wp-json\/wp\/v2\/tags?post=12233"}],"curies":[{"name":"wp","href":"https:\/\/api.w.org\/{rel}","templated":true}]}}