{"id":12219,"date":"2024-05-28T13:35:29","date_gmt":"2024-05-28T13:35:29","guid":{"rendered":"https:\/\/www.taalhammer.com\/?page_id=12219"},"modified":"2024-05-28T15:41:59","modified_gmt":"2024-05-28T15:41:59","slug":"nauka-pelnymi-zdaniami","status":"publish","type":"page","link":"https:\/\/www.taalhammer.com\/pl\/nauka-pelnymi-zdaniami\/","title":{"rendered":"Nauka pe\u0142nymi zdaniami"},"content":{"rendered":"\n<p>Nauka pe\u0142nymi zdaniami to najbardziej efektywny spos\u00f3b nauki j\u0119zyka. Wykorzystuje ona Twoje zdolno\u015bci do przechowywania ca\u0142ych fraz i zda\u0144 (tak zwanych \u201cprefabrykat\u00f3w j\u0119zykowych\u201d) i pomaga w wyrobieniu sobie intuicji gramatycznej, zupe\u0142nie tak jak w Twoim ojczystym j\u0119zyku. Taalhammer zosta\u0142 zaprojektowany aby u\u017cytkownicy mogli przyswaja\u0107 nie tylko s\u0142owa, ale ca\u0142e zwroty i zdania.<\/p>\n\n\n\n<figure class=\"wp-block-embed is-type-video is-provider-youtube wp-block-embed-youtube wp-embed-aspect-16-9 wp-has-aspect-ratio\"><div class=\"wp-block-embed__wrapper\">\n<iframe loading=\"lazy\" title=\"Nauka pe\u0142nymi zdaniami\" width=\"840\" height=\"473\" src=\"https:\/\/www.youtube.com\/embed\/8MeMUF1oU1A?feature=oembed\" frameborder=\"0\" allow=\"accelerometer; autoplay; clipboard-write; encrypted-media; gyroscope; picture-in-picture; web-share\" referrerpolicy=\"strict-origin-when-cross-origin\" allowfullscreen><\/iframe>\n<\/div><\/figure>\n\n\n\n<p>Wszystkie kolekcje do kt\u00f3rych zapiszesz si\u0119 w naszym katalogu j\u0119zyk\u00f3w zawieraj\u0105 starannie przygotowane w tym celu tre\u015bci. Na pocz\u0105tku poka\u017cemy Ci s\u0142owa i zwroty, a p\u00f3\u017aniej zdania, kt\u00f3re pokazuj\u0105 jak u\u017cywa\u0107 tych zwrot\u00f3w w praktyce.<\/p>\n\n\n<div class=\"wp-block-image\">\n<figure class=\"aligncenter is-resized\"><img loading=\"lazy\" decoding=\"async\" width=\"798\" height=\"1570\" src=\"https:\/\/www.taalhammer.com\/wp-content\/uploads\/2024\/05\/image-7.png\" alt=\"Aplikacja Taalhammer - widok kolekcji Core'owej wi katalogu kolekcji\" class=\"wp-image-12221\" style=\"width:400px\" srcset=\"https:\/\/www.taalhammer.com\/wp-content\/uploads\/2024\/05\/image-7.png 798w, https:\/\/www.taalhammer.com\/wp-content\/uploads\/2024\/05\/image-7-152x300.png 152w, https:\/\/www.taalhammer.com\/wp-content\/uploads\/2024\/05\/image-7-520x1024.png 520w, https:\/\/www.taalhammer.com\/wp-content\/uploads\/2024\/05\/image-7-768x1511.png 768w, https:\/\/www.taalhammer.com\/wp-content\/uploads\/2024\/05\/image-7-781x1536.png 781w\" sizes=\"auto, (max-width: 798px) 85vw, 798px\" \/><\/figure>\n<\/div>\n\n\n<p>W trybie nauki, po tym jak wystawisz sobie ocen\u0119 poka\u017cemy te\u017c dodatkowe zdania, kt\u00f3re dodatkowo wzbogacaj\u0105 Twoje s\u0142ownictwo, znajomo\u015b\u0107 struktur i umiej\u0119tno\u015b\u0107 wypowiedzi na dany temat. Mo\u017cesz \u0142atwo doda\u0107 przyk\u0142ady do swojej nauki, albo klikn\u0105\u0107 \u201cpoka\u017c wi\u0119cej\u201d, aby zobaczy\u0107 wi\u0119cej zda\u0144 i s\u0142\u00f3w w naszym Kreatorze.<\/p>\n\n\n<div class=\"wp-block-image\">\n<figure class=\"aligncenter is-resized\"><img loading=\"lazy\" decoding=\"async\" width=\"802\" height=\"1566\" src=\"https:\/\/www.taalhammer.com\/wp-content\/uploads\/2024\/05\/image-6.png\" alt=\"Aplikacja Taalhammer - widok dodawania sugerowanych zda\u0144\" class=\"wp-image-12220\" style=\"width:400px\" srcset=\"https:\/\/www.taalhammer.com\/wp-content\/uploads\/2024\/05\/image-6.png 802w, https:\/\/www.taalhammer.com\/wp-content\/uploads\/2024\/05\/image-6-154x300.png 154w, https:\/\/www.taalhammer.com\/wp-content\/uploads\/2024\/05\/image-6-524x1024.png 524w, https:\/\/www.taalhammer.com\/wp-content\/uploads\/2024\/05\/image-6-768x1500.png 768w, https:\/\/www.taalhammer.com\/wp-content\/uploads\/2024\/05\/image-6-787x1536.png 787w\" sizes=\"auto, (max-width: 802px) 85vw, 802px\" \/><\/figure>\n<\/div>","protected":false},"excerpt":{"rendered":"<p>Nauka pe\u0142nymi zdaniami to najbardziej efektywny spos\u00f3b nauki j\u0119zyka. Wykorzystuje ona Twoje zdolno\u015bci do przechowywania ca\u0142ych fraz i zda\u0144 (tak zwanych \u201cprefabrykat\u00f3w j\u0119zykowych\u201d) i pomaga w wyrobieniu sobie intuicji gramatycznej,&#8230;<\/p>\n","protected":false},"author":16,"featured_media":0,"parent":0,"menu_order":0,"comment_status":"closed","ping_status":"closed","template":"template-help-page.php","meta":{"_acf_changed":false,"pmpro_default_level":"","inline_featured_image":false,"footnotes":""},"categories":[],"tags":[],"class_list":["post-12219","page","type-page","status-publish","hentry","pmpro-has-access"],"acf":{"body_class":""},"yoast_head":"<!-- This site is optimized with the Yoast SEO Premium plugin v23.4 (Yoast SEO v23.4) - https:\/\/yoast.com\/wordpress\/plugins\/seo\/ -->\n<title>Nauka pe\u0142nymi zdaniami | Taalhammer<\/title>\n<meta name=\"description\" content=\"Nauka pe\u0142nymi zdaniami lub sentence mining to najbardziej efektywny spos\u00f3b na nauk\u0119 m\u00f3wienia pe\u0142nymi zdaniami\" \/>\n<meta name=\"robots\" content=\"index, follow, max-snippet:-1, max-image-preview:large, max-video-preview:-1\" \/>\n<link rel=\"canonical\" href=\"https:\/\/www.taalhammer.com\/pl\/nauka-pelnymi-zdaniami\/\" \/>\n<meta property=\"og:locale\" content=\"pl_PL\" \/>\n<meta property=\"og:type\" content=\"article\" \/>\n<meta property=\"og:title\" content=\"Nauka pe\u0142nymi zdaniami\" \/>\n<meta property=\"og:description\" content=\"Nauka pe\u0142nymi zdaniami lub sentence mining to najbardziej efektywny spos\u00f3b na nauk\u0119 m\u00f3wienia pe\u0142nymi zdaniami\" \/>\n<meta property=\"og:url\" content=\"https:\/\/www.taalhammer.com\/pl\/nauka-pelnymi-zdaniami\/\" \/>\n<meta property=\"og:site_name\" content=\"Taalhammer\" \/>\n<meta property=\"article:publisher\" content=\"https:\/\/www.facebook.com\/taalhammer\" \/>\n<meta property=\"article:modified_time\" content=\"2024-05-28T15:41:59+00:00\" \/>\n<meta property=\"og:image\" content=\"https:\/\/www.taalhammer.com\/wp-content\/uploads\/2024\/05\/image-7.png\" \/>\n<meta name=\"twitter:card\" content=\"summary_large_image\" \/>\n<meta name=\"twitter:site\" content=\"@taalhammer\" \/>\n<meta name=\"twitter:label1\" content=\"Szacowany czas czytania\" \/>\n\t<meta name=\"twitter:data1\" content=\"1 minuta\" \/>\n<script type=\"application\/ld+json\" class=\"yoast-schema-graph\">{\"@context\":\"https:\/\/schema.org\",\"@graph\":[{\"@type\":\"WebPage\",\"@id\":\"https:\/\/www.taalhammer.com\/pl\/nauka-pelnymi-zdaniami\/\",\"url\":\"https:\/\/www.taalhammer.com\/pl\/nauka-pelnymi-zdaniami\/\",\"name\":\"Nauka pe\u0142nymi zdaniami | Taalhammer\",\"isPartOf\":{\"@id\":\"https:\/\/www.taalhammer.com\/pl\/#website\"},\"primaryImageOfPage\":{\"@id\":\"https:\/\/www.taalhammer.com\/pl\/nauka-pelnymi-zdaniami\/#primaryimage\"},\"image\":{\"@id\":\"https:\/\/www.taalhammer.com\/pl\/nauka-pelnymi-zdaniami\/#primaryimage\"},\"thumbnailUrl\":\"https:\/\/www.taalhammer.com\/wp-content\/uploads\/2024\/05\/image-7.png\",\"datePublished\":\"2024-05-28T13:35:29+00:00\",\"dateModified\":\"2024-05-28T15:41:59+00:00\",\"description\":\"Nauka pe\u0142nymi zdaniami lub sentence mining to najbardziej efektywny spos\u00f3b na nauk\u0119 m\u00f3wienia pe\u0142nymi zdaniami\",\"breadcrumb\":{\"@id\":\"https:\/\/www.taalhammer.com\/pl\/nauka-pelnymi-zdaniami\/#breadcrumb\"},\"inLanguage\":\"pl-PL\",\"potentialAction\":[{\"@type\":\"ReadAction\",\"target\":[\"https:\/\/www.taalhammer.com\/pl\/nauka-pelnymi-zdaniami\/\"]}]},{\"@type\":\"ImageObject\",\"inLanguage\":\"pl-PL\",\"@id\":\"https:\/\/www.taalhammer.com\/pl\/nauka-pelnymi-zdaniami\/#primaryimage\",\"url\":\"https:\/\/www.taalhammer.com\/wp-content\/uploads\/2024\/05\/image-7.png\",\"contentUrl\":\"https:\/\/www.taalhammer.com\/wp-content\/uploads\/2024\/05\/image-7.png\"},{\"@type\":\"BreadcrumbList\",\"@id\":\"https:\/\/www.taalhammer.com\/pl\/nauka-pelnymi-zdaniami\/#breadcrumb\",\"itemListElement\":[{\"@type\":\"ListItem\",\"position\":1,\"name\":\"Home\",\"item\":\"https:\/\/www.taalhammer.com\/pl\/\"},{\"@type\":\"ListItem\",\"position\":2,\"name\":\"Nauka pe\u0142nymi zdaniami\"}]},{\"@type\":\"WebSite\",\"@id\":\"https:\/\/www.taalhammer.com\/pl\/#website\",\"url\":\"https:\/\/www.taalhammer.com\/pl\/\",\"name\":\"Taalhammer\",\"description\":\"Stop mumbling, start to speak\",\"publisher\":{\"@id\":\"https:\/\/www.taalhammer.com\/pl\/#organization\"},\"potentialAction\":[{\"@type\":\"SearchAction\",\"target\":{\"@type\":\"EntryPoint\",\"urlTemplate\":\"https:\/\/www.taalhammer.com\/pl\/?s={search_term_string}\"},\"query-input\":{\"@type\":\"PropertyValueSpecification\",\"valueRequired\":true,\"valueName\":\"search_term_string\"}}],\"inLanguage\":\"pl-PL\"},{\"@type\":\"Organization\",\"@id\":\"https:\/\/www.taalhammer.com\/pl\/#organization\",\"name\":\"Taalhammer\",\"url\":\"https:\/\/www.taalhammer.com\/pl\/\",\"logo\":{\"@type\":\"ImageObject\",\"inLanguage\":\"pl-PL\",\"@id\":\"https:\/\/www.taalhammer.com\/pl\/#\/schema\/logo\/image\/\",\"url\":\"https:\/\/www.taalhammer.com\/wp-content\/uploads\/2019\/06\/Taalhammer_B_W_cut_negative.png\",\"contentUrl\":\"https:\/\/www.taalhammer.com\/wp-content\/uploads\/2019\/06\/Taalhammer_B_W_cut_negative.png\",\"width\":290,\"height\":256,\"caption\":\"Taalhammer\"},\"image\":{\"@id\":\"https:\/\/www.taalhammer.com\/pl\/#\/schema\/logo\/image\/\"},\"sameAs\":[\"https:\/\/www.facebook.com\/taalhammer\",\"https:\/\/x.com\/taalhammer\",\"https:\/\/www.instagram.com\/taalhammer_pl\/\"]}]}<\/script>\n<!-- \/ Yoast SEO Premium plugin. -->","yoast_head_json":{"title":"Nauka pe\u0142nymi zdaniami | Taalhammer","description":"Nauka pe\u0142nymi zdaniami lub sentence mining to najbardziej efektywny spos\u00f3b na nauk\u0119 m\u00f3wienia pe\u0142nymi zdaniami","robots":{"index":"index","follow":"follow","max-snippet":"max-snippet:-1","max-image-preview":"max-image-preview:large","max-video-preview":"max-video-preview:-1"},"canonical":"https:\/\/www.taalhammer.com\/pl\/nauka-pelnymi-zdaniami\/","og_locale":"pl_PL","og_type":"article","og_title":"Nauka pe\u0142nymi zdaniami","og_description":"Nauka pe\u0142nymi zdaniami lub sentence mining to najbardziej efektywny spos\u00f3b na nauk\u0119 m\u00f3wienia pe\u0142nymi zdaniami","og_url":"https:\/\/www.taalhammer.com\/pl\/nauka-pelnymi-zdaniami\/","og_site_name":"Taalhammer","article_publisher":"https:\/\/www.facebook.com\/taalhammer","article_modified_time":"2024-05-28T15:41:59+00:00","og_image":[{"url":"https:\/\/www.taalhammer.com\/wp-content\/uploads\/2024\/05\/image-7.png"}],"twitter_card":"summary_large_image","twitter_site":"@taalhammer","twitter_misc":{"Szacowany czas czytania":"1 minuta"},"schema":{"@context":"https:\/\/schema.org","@graph":[{"@type":"WebPage","@id":"https:\/\/www.taalhammer.com\/pl\/nauka-pelnymi-zdaniami\/","url":"https:\/\/www.taalhammer.com\/pl\/nauka-pelnymi-zdaniami\/","name":"Nauka pe\u0142nymi zdaniami | Taalhammer","isPartOf":{"@id":"https:\/\/www.taalhammer.com\/pl\/#website"},"primaryImageOfPage":{"@id":"https:\/\/www.taalhammer.com\/pl\/nauka-pelnymi-zdaniami\/#primaryimage"},"image":{"@id":"https:\/\/www.taalhammer.com\/pl\/nauka-pelnymi-zdaniami\/#primaryimage"},"thumbnailUrl":"https:\/\/www.taalhammer.com\/wp-content\/uploads\/2024\/05\/image-7.png","datePublished":"2024-05-28T13:35:29+00:00","dateModified":"2024-05-28T15:41:59+00:00","description":"Nauka pe\u0142nymi zdaniami lub sentence mining to najbardziej efektywny spos\u00f3b na nauk\u0119 m\u00f3wienia pe\u0142nymi zdaniami","breadcrumb":{"@id":"https:\/\/www.taalhammer.com\/pl\/nauka-pelnymi-zdaniami\/#breadcrumb"},"inLanguage":"pl-PL","potentialAction":[{"@type":"ReadAction","target":["https:\/\/www.taalhammer.com\/pl\/nauka-pelnymi-zdaniami\/"]}]},{"@type":"ImageObject","inLanguage":"pl-PL","@id":"https:\/\/www.taalhammer.com\/pl\/nauka-pelnymi-zdaniami\/#primaryimage","url":"https:\/\/www.taalhammer.com\/wp-content\/uploads\/2024\/05\/image-7.png","contentUrl":"https:\/\/www.taalhammer.com\/wp-content\/uploads\/2024\/05\/image-7.png"},{"@type":"BreadcrumbList","@id":"https:\/\/www.taalhammer.com\/pl\/nauka-pelnymi-zdaniami\/#breadcrumb","itemListElement":[{"@type":"ListItem","position":1,"name":"Home","item":"https:\/\/www.taalhammer.com\/pl\/"},{"@type":"ListItem","position":2,"name":"Nauka pe\u0142nymi zdaniami"}]},{"@type":"WebSite","@id":"https:\/\/www.taalhammer.com\/pl\/#website","url":"https:\/\/www.taalhammer.com\/pl\/","name":"Taalhammer","description":"Stop mumbling, start to speak","publisher":{"@id":"https:\/\/www.taalhammer.com\/pl\/#organization"},"potentialAction":[{"@type":"SearchAction","target":{"@type":"EntryPoint","urlTemplate":"https:\/\/www.taalhammer.com\/pl\/?s={search_term_string}"},"query-input":{"@type":"PropertyValueSpecification","valueRequired":true,"valueName":"search_term_string"}}],"inLanguage":"pl-PL"},{"@type":"Organization","@id":"https:\/\/www.taalhammer.com\/pl\/#organization","name":"Taalhammer","url":"https:\/\/www.taalhammer.com\/pl\/","logo":{"@type":"ImageObject","inLanguage":"pl-PL","@id":"https:\/\/www.taalhammer.com\/pl\/#\/schema\/logo\/image\/","url":"https:\/\/www.taalhammer.com\/wp-content\/uploads\/2019\/06\/Taalhammer_B_W_cut_negative.png","contentUrl":"https:\/\/www.taalhammer.com\/wp-content\/uploads\/2019\/06\/Taalhammer_B_W_cut_negative.png","width":290,"height":256,"caption":"Taalhammer"},"image":{"@id":"https:\/\/www.taalhammer.com\/pl\/#\/schema\/logo\/image\/"},"sameAs":["https:\/\/www.facebook.com\/taalhammer","https:\/\/x.com\/taalhammer","https:\/\/www.instagram.com\/taalhammer_pl\/"]}]}},"_links":{"self":[{"href":"https:\/\/www.taalhammer.com\/pl\/wp-json\/wp\/v2\/pages\/12219","targetHints":{"allow":["GET"]}}],"collection":[{"href":"https:\/\/www.taalhammer.com\/pl\/wp-json\/wp\/v2\/pages"}],"about":[{"href":"https:\/\/www.taalhammer.com\/pl\/wp-json\/wp\/v2\/types\/page"}],"author":[{"embeddable":true,"href":"https:\/\/www.taalhammer.com\/pl\/wp-json\/wp\/v2\/users\/16"}],"replies":[{"embeddable":true,"href":"https:\/\/www.taalhammer.com\/pl\/wp-json\/wp\/v2\/comments?post=12219"}],"version-history":[{"count":2,"href":"https:\/\/www.taalhammer.com\/pl\/wp-json\/wp\/v2\/pages\/12219\/revisions"}],"predecessor-version":[{"id":12352,"href":"https:\/\/www.taalhammer.com\/pl\/wp-json\/wp\/v2\/pages\/12219\/revisions\/12352"}],"wp:attachment":[{"href":"https:\/\/www.taalhammer.com\/pl\/wp-json\/wp\/v2\/media?parent=12219"}],"wp:term":[{"taxonomy":"category","embeddable":true,"href":"https:\/\/www.taalhammer.com\/pl\/wp-json\/wp\/v2\/categories?post=12219"},{"taxonomy":"post_tag","embeddable":true,"href":"https:\/\/www.taalhammer.com\/pl\/wp-json\/wp\/v2\/tags?post=12219"}],"curies":[{"name":"wp","href":"https:\/\/api.w.org\/{rel}","templated":true}]}}