{"id":12215,"date":"2024-05-28T13:31:33","date_gmt":"2024-05-28T13:31:33","guid":{"rendered":"https:\/\/www.taalhammer.com\/?page_id=12215"},"modified":"2025-12-12T15:09:12","modified_gmt":"2025-12-12T15:09:12","slug":"powtorki-czyli-po-co-odrabiac-prace-domowa","status":"publish","type":"page","link":"https:\/\/www.taalhammer.com\/pl\/powtorki-czyli-po-co-odrabiac-prace-domowa\/","title":{"rendered":"Powt\u00f3rki czyli po co odrabia\u0107 prac\u0119 domow\u0105?"},"content":{"rendered":"\n<p>Podczas nauki j\u0119zyka kluczem jest powtarzanie. Nasza pami\u0119\u0107 jest tak skonstruowana, \u017ce w ci\u0105gu kilku nast\u0119pnych godzin po przeczytaniu informacji, zapominamy praktycznie wszystko czego pr\u00f3bujemy si\u0119 nauczy\u0107. To dopiero kolejne powt\u00f3rki powoduj\u0105 utrwalenie. Nasz algorytm jest w stanie wyliczy\u0107 optymaln\u0105&nbsp;dat\u0119 nast\u0119pnej powt\u00f3rki.<\/p>\n\n\n\n<figure class=\"wp-block-embed is-type-video is-provider-youtube wp-block-embed-youtube wp-embed-aspect-16-9 wp-has-aspect-ratio\"><div class=\"wp-block-embed__wrapper\">\n<iframe loading=\"lazy\" title=\"Powt\u00f3rki czyli po co odrabia\u0107 prac\u0119 domow\u0105?\" width=\"840\" height=\"473\" src=\"https:\/\/www.youtube.com\/embed\/xDTp41eYMi4?feature=oembed\" frameborder=\"0\" allow=\"accelerometer; autoplay; clipboard-write; encrypted-media; gyroscope; picture-in-picture; web-share\" referrerpolicy=\"strict-origin-when-cross-origin\" allowfullscreen><\/iframe>\n<\/div><\/figure>\n\n\n\n<p>W ustawieniach mo\u017cesz zobaczy\u0107 szczeg\u00f3\u0142y Twojej pracy domowej, takie jak data nast\u0119pnej <strong>powt\u00f3rki. <\/strong>W sekcji <strong>priorytet powt\u00f3rek<\/strong> mo\u017cesz ustawi\u0107 jak cz\u0119sto b\u0119dzie pojawia\u0107 si\u0119 nowy materia\u0142 i ile go b\u0119dzie. Je\u017celi nie chcesz miesza\u0107 pracy domowej z nowym materia\u0142em, ustaw cz\u0119stotliwo\u015b\u0107 na 0. Wtedy nowy materia\u0142 pojawi si\u0119 tylko po przerobieniu wszystkich powt\u00f3rek.<\/p>\n\n\n<div class=\"wp-block-image\">\n<figure class=\"aligncenter is-resized\"><img loading=\"lazy\" decoding=\"async\" width=\"770\" height=\"1366\" src=\"https:\/\/www.taalhammer.com\/wp-content\/uploads\/2024\/05\/image-5.png\" alt=\"Ustawienia trybu nauki w aplikacji Taalhammer\" class=\"wp-image-12216\" style=\"width:400px\" srcset=\"https:\/\/www.taalhammer.com\/wp-content\/uploads\/2024\/05\/image-5.png 770w, https:\/\/www.taalhammer.com\/wp-content\/uploads\/2024\/05\/image-5-169x300.png 169w, https:\/\/www.taalhammer.com\/wp-content\/uploads\/2024\/05\/image-5-577x1024.png 577w, https:\/\/www.taalhammer.com\/wp-content\/uploads\/2024\/05\/image-5-768x1362.png 768w\" sizes=\"auto, (max-width: 770px) 85vw, 770px\" \/><\/figure>\n<\/div>\n\n\n<p>Na podstawie Twoich odpowiedzi (\u0142atwe, trudne lub prawie), Taalhammer zaplanuje powt\u00f3rk\u0119. \u0141atwe elementy zostan\u0105 zaplanowane do powt\u00f3rzenia dalej w przysz\u0142o\u015bci. Dodatkowo trudniejsze elementy mo\u017cesz ponownie powt\u00f3rzy\u0107 tego samego dnia w specjalnym \u0107wiczeniu <strong>dril<\/strong>. Ponadto algorytm b\u0119dzie cz\u0119\u015bciej Ci\u0119&nbsp;z niego odpytywa\u0142 w najbli\u017cszych dniach.<\/p>\n","protected":false},"excerpt":{"rendered":"<p>Podczas nauki j\u0119zyka kluczem jest powtarzanie. Nasza pami\u0119\u0107 jest tak skonstruowana, \u017ce w ci\u0105gu kilku nast\u0119pnych godzin po przeczytaniu informacji, zapominamy praktycznie wszystko czego pr\u00f3bujemy si\u0119 nauczy\u0107. To dopiero kolejne&#8230;<\/p>\n","protected":false},"author":16,"featured_media":0,"parent":0,"menu_order":0,"comment_status":"closed","ping_status":"closed","template":"template-help-page.php","meta":{"_acf_changed":false,"pmpro_default_level":"","inline_featured_image":false,"footnotes":""},"categories":[227],"tags":[],"class_list":["post-12215","page","type-page","status-publish","hentry","category-help-pl","pmpro-has-access"],"acf":{"body_class":""},"yoast_head":"<!-- This site is optimized with the Yoast SEO Premium plugin v23.4 (Yoast SEO v23.4) - https:\/\/yoast.com\/wordpress\/plugins\/seo\/ -->\n<title>Powt\u00f3rki czyli po co odrabia\u0107 prac\u0119 domow\u0105? | Taalhammer<\/title>\n<meta name=\"description\" content=\"Praktycznie wszystko czego pr\u00f3bujemy si\u0119 nauczy\u0107 zostanie zapomniane. To dopiero powt\u00f3rki powoduj\u0105, \u017ce mamy szans\u0119\u00a0zapami\u0119ta\u0107\" \/>\n<meta name=\"robots\" content=\"index, follow, max-snippet:-1, max-image-preview:large, max-video-preview:-1\" \/>\n<link rel=\"canonical\" href=\"https:\/\/www.taalhammer.com\/pl\/powtorki-czyli-po-co-odrabiac-prace-domowa\/\" \/>\n<meta property=\"og:locale\" content=\"pl_PL\" \/>\n<meta property=\"og:type\" content=\"article\" \/>\n<meta property=\"og:title\" content=\"Powt\u00f3rki czyli po co odrabia\u0107 prac\u0119 domow\u0105?\" \/>\n<meta property=\"og:description\" content=\"Praktycznie wszystko czego pr\u00f3bujemy si\u0119 nauczy\u0107 zostanie zapomniane. To dopiero powt\u00f3rki powoduj\u0105, \u017ce mamy szans\u0119\u00a0zapami\u0119ta\u0107\" \/>\n<meta property=\"og:url\" content=\"https:\/\/www.taalhammer.com\/pl\/powtorki-czyli-po-co-odrabiac-prace-domowa\/\" \/>\n<meta property=\"og:site_name\" content=\"Taalhammer\" \/>\n<meta property=\"article:publisher\" content=\"https:\/\/www.facebook.com\/taalhammer\" \/>\n<meta property=\"article:modified_time\" content=\"2025-12-12T15:09:12+00:00\" \/>\n<meta property=\"og:image\" content=\"https:\/\/www.taalhammer.com\/wp-content\/uploads\/2024\/05\/image-5.png\" \/>\n<meta name=\"twitter:card\" content=\"summary_large_image\" \/>\n<meta name=\"twitter:site\" content=\"@taalhammer\" \/>\n<meta name=\"twitter:label1\" content=\"Szacowany czas czytania\" \/>\n\t<meta name=\"twitter:data1\" content=\"1 minuta\" \/>\n<script type=\"application\/ld+json\" class=\"yoast-schema-graph\">{\"@context\":\"https:\/\/schema.org\",\"@graph\":[{\"@type\":\"WebPage\",\"@id\":\"https:\/\/www.taalhammer.com\/pl\/powtorki-czyli-po-co-odrabiac-prace-domowa\/\",\"url\":\"https:\/\/www.taalhammer.com\/pl\/powtorki-czyli-po-co-odrabiac-prace-domowa\/\",\"name\":\"Powt\u00f3rki czyli po co odrabia\u0107 prac\u0119 domow\u0105? | Taalhammer\",\"isPartOf\":{\"@id\":\"https:\/\/www.taalhammer.com\/pl\/#website\"},\"primaryImageOfPage\":{\"@id\":\"https:\/\/www.taalhammer.com\/pl\/powtorki-czyli-po-co-odrabiac-prace-domowa\/#primaryimage\"},\"image\":{\"@id\":\"https:\/\/www.taalhammer.com\/pl\/powtorki-czyli-po-co-odrabiac-prace-domowa\/#primaryimage\"},\"thumbnailUrl\":\"https:\/\/www.taalhammer.com\/wp-content\/uploads\/2024\/05\/image-5.png\",\"datePublished\":\"2024-05-28T13:31:33+00:00\",\"dateModified\":\"2025-12-12T15:09:12+00:00\",\"description\":\"Praktycznie wszystko czego pr\u00f3bujemy si\u0119 nauczy\u0107 zostanie zapomniane. To dopiero powt\u00f3rki powoduj\u0105, \u017ce mamy szans\u0119\u00a0zapami\u0119ta\u0107\",\"breadcrumb\":{\"@id\":\"https:\/\/www.taalhammer.com\/pl\/powtorki-czyli-po-co-odrabiac-prace-domowa\/#breadcrumb\"},\"inLanguage\":\"pl-PL\",\"potentialAction\":[{\"@type\":\"ReadAction\",\"target\":[\"https:\/\/www.taalhammer.com\/pl\/powtorki-czyli-po-co-odrabiac-prace-domowa\/\"]}]},{\"@type\":\"ImageObject\",\"inLanguage\":\"pl-PL\",\"@id\":\"https:\/\/www.taalhammer.com\/pl\/powtorki-czyli-po-co-odrabiac-prace-domowa\/#primaryimage\",\"url\":\"https:\/\/www.taalhammer.com\/wp-content\/uploads\/2024\/05\/image-5.png\",\"contentUrl\":\"https:\/\/www.taalhammer.com\/wp-content\/uploads\/2024\/05\/image-5.png\"},{\"@type\":\"BreadcrumbList\",\"@id\":\"https:\/\/www.taalhammer.com\/pl\/powtorki-czyli-po-co-odrabiac-prace-domowa\/#breadcrumb\",\"itemListElement\":[{\"@type\":\"ListItem\",\"position\":1,\"name\":\"Home\",\"item\":\"https:\/\/www.taalhammer.com\/pl\/\"},{\"@type\":\"ListItem\",\"position\":2,\"name\":\"Powt\u00f3rki czyli po co odrabia\u0107 prac\u0119 domow\u0105?\"}]},{\"@type\":\"WebSite\",\"@id\":\"https:\/\/www.taalhammer.com\/pl\/#website\",\"url\":\"https:\/\/www.taalhammer.com\/pl\/\",\"name\":\"Taalhammer\",\"description\":\"Stop mumbling, start to speak\",\"publisher\":{\"@id\":\"https:\/\/www.taalhammer.com\/pl\/#organization\"},\"potentialAction\":[{\"@type\":\"SearchAction\",\"target\":{\"@type\":\"EntryPoint\",\"urlTemplate\":\"https:\/\/www.taalhammer.com\/pl\/?s={search_term_string}\"},\"query-input\":{\"@type\":\"PropertyValueSpecification\",\"valueRequired\":true,\"valueName\":\"search_term_string\"}}],\"inLanguage\":\"pl-PL\"},{\"@type\":\"Organization\",\"@id\":\"https:\/\/www.taalhammer.com\/pl\/#organization\",\"name\":\"Taalhammer\",\"url\":\"https:\/\/www.taalhammer.com\/pl\/\",\"logo\":{\"@type\":\"ImageObject\",\"inLanguage\":\"pl-PL\",\"@id\":\"https:\/\/www.taalhammer.com\/pl\/#\/schema\/logo\/image\/\",\"url\":\"https:\/\/www.taalhammer.com\/wp-content\/uploads\/2019\/06\/Taalhammer_B_W_cut_negative.png\",\"contentUrl\":\"https:\/\/www.taalhammer.com\/wp-content\/uploads\/2019\/06\/Taalhammer_B_W_cut_negative.png\",\"width\":290,\"height\":256,\"caption\":\"Taalhammer\"},\"image\":{\"@id\":\"https:\/\/www.taalhammer.com\/pl\/#\/schema\/logo\/image\/\"},\"sameAs\":[\"https:\/\/www.facebook.com\/taalhammer\",\"https:\/\/x.com\/taalhammer\",\"https:\/\/www.instagram.com\/taalhammer_pl\/\"]}]}<\/script>\n<!-- \/ Yoast SEO Premium plugin. -->","yoast_head_json":{"title":"Powt\u00f3rki czyli po co odrabia\u0107 prac\u0119 domow\u0105? | Taalhammer","description":"Praktycznie wszystko czego pr\u00f3bujemy si\u0119 nauczy\u0107 zostanie zapomniane. To dopiero powt\u00f3rki powoduj\u0105, \u017ce mamy szans\u0119\u00a0zapami\u0119ta\u0107","robots":{"index":"index","follow":"follow","max-snippet":"max-snippet:-1","max-image-preview":"max-image-preview:large","max-video-preview":"max-video-preview:-1"},"canonical":"https:\/\/www.taalhammer.com\/pl\/powtorki-czyli-po-co-odrabiac-prace-domowa\/","og_locale":"pl_PL","og_type":"article","og_title":"Powt\u00f3rki czyli po co odrabia\u0107 prac\u0119 domow\u0105?","og_description":"Praktycznie wszystko czego pr\u00f3bujemy si\u0119 nauczy\u0107 zostanie zapomniane. To dopiero powt\u00f3rki powoduj\u0105, \u017ce mamy szans\u0119\u00a0zapami\u0119ta\u0107","og_url":"https:\/\/www.taalhammer.com\/pl\/powtorki-czyli-po-co-odrabiac-prace-domowa\/","og_site_name":"Taalhammer","article_publisher":"https:\/\/www.facebook.com\/taalhammer","article_modified_time":"2025-12-12T15:09:12+00:00","og_image":[{"url":"https:\/\/www.taalhammer.com\/wp-content\/uploads\/2024\/05\/image-5.png"}],"twitter_card":"summary_large_image","twitter_site":"@taalhammer","twitter_misc":{"Szacowany czas czytania":"1 minuta"},"schema":{"@context":"https:\/\/schema.org","@graph":[{"@type":"WebPage","@id":"https:\/\/www.taalhammer.com\/pl\/powtorki-czyli-po-co-odrabiac-prace-domowa\/","url":"https:\/\/www.taalhammer.com\/pl\/powtorki-czyli-po-co-odrabiac-prace-domowa\/","name":"Powt\u00f3rki czyli po co odrabia\u0107 prac\u0119 domow\u0105? | Taalhammer","isPartOf":{"@id":"https:\/\/www.taalhammer.com\/pl\/#website"},"primaryImageOfPage":{"@id":"https:\/\/www.taalhammer.com\/pl\/powtorki-czyli-po-co-odrabiac-prace-domowa\/#primaryimage"},"image":{"@id":"https:\/\/www.taalhammer.com\/pl\/powtorki-czyli-po-co-odrabiac-prace-domowa\/#primaryimage"},"thumbnailUrl":"https:\/\/www.taalhammer.com\/wp-content\/uploads\/2024\/05\/image-5.png","datePublished":"2024-05-28T13:31:33+00:00","dateModified":"2025-12-12T15:09:12+00:00","description":"Praktycznie wszystko czego pr\u00f3bujemy si\u0119 nauczy\u0107 zostanie zapomniane. To dopiero powt\u00f3rki powoduj\u0105, \u017ce mamy szans\u0119\u00a0zapami\u0119ta\u0107","breadcrumb":{"@id":"https:\/\/www.taalhammer.com\/pl\/powtorki-czyli-po-co-odrabiac-prace-domowa\/#breadcrumb"},"inLanguage":"pl-PL","potentialAction":[{"@type":"ReadAction","target":["https:\/\/www.taalhammer.com\/pl\/powtorki-czyli-po-co-odrabiac-prace-domowa\/"]}]},{"@type":"ImageObject","inLanguage":"pl-PL","@id":"https:\/\/www.taalhammer.com\/pl\/powtorki-czyli-po-co-odrabiac-prace-domowa\/#primaryimage","url":"https:\/\/www.taalhammer.com\/wp-content\/uploads\/2024\/05\/image-5.png","contentUrl":"https:\/\/www.taalhammer.com\/wp-content\/uploads\/2024\/05\/image-5.png"},{"@type":"BreadcrumbList","@id":"https:\/\/www.taalhammer.com\/pl\/powtorki-czyli-po-co-odrabiac-prace-domowa\/#breadcrumb","itemListElement":[{"@type":"ListItem","position":1,"name":"Home","item":"https:\/\/www.taalhammer.com\/pl\/"},{"@type":"ListItem","position":2,"name":"Powt\u00f3rki czyli po co odrabia\u0107 prac\u0119 domow\u0105?"}]},{"@type":"WebSite","@id":"https:\/\/www.taalhammer.com\/pl\/#website","url":"https:\/\/www.taalhammer.com\/pl\/","name":"Taalhammer","description":"Stop mumbling, start to speak","publisher":{"@id":"https:\/\/www.taalhammer.com\/pl\/#organization"},"potentialAction":[{"@type":"SearchAction","target":{"@type":"EntryPoint","urlTemplate":"https:\/\/www.taalhammer.com\/pl\/?s={search_term_string}"},"query-input":{"@type":"PropertyValueSpecification","valueRequired":true,"valueName":"search_term_string"}}],"inLanguage":"pl-PL"},{"@type":"Organization","@id":"https:\/\/www.taalhammer.com\/pl\/#organization","name":"Taalhammer","url":"https:\/\/www.taalhammer.com\/pl\/","logo":{"@type":"ImageObject","inLanguage":"pl-PL","@id":"https:\/\/www.taalhammer.com\/pl\/#\/schema\/logo\/image\/","url":"https:\/\/www.taalhammer.com\/wp-content\/uploads\/2019\/06\/Taalhammer_B_W_cut_negative.png","contentUrl":"https:\/\/www.taalhammer.com\/wp-content\/uploads\/2019\/06\/Taalhammer_B_W_cut_negative.png","width":290,"height":256,"caption":"Taalhammer"},"image":{"@id":"https:\/\/www.taalhammer.com\/pl\/#\/schema\/logo\/image\/"},"sameAs":["https:\/\/www.facebook.com\/taalhammer","https:\/\/x.com\/taalhammer","https:\/\/www.instagram.com\/taalhammer_pl\/"]}]}},"_links":{"self":[{"href":"https:\/\/www.taalhammer.com\/pl\/wp-json\/wp\/v2\/pages\/12215","targetHints":{"allow":["GET"]}}],"collection":[{"href":"https:\/\/www.taalhammer.com\/pl\/wp-json\/wp\/v2\/pages"}],"about":[{"href":"https:\/\/www.taalhammer.com\/pl\/wp-json\/wp\/v2\/types\/page"}],"author":[{"embeddable":true,"href":"https:\/\/www.taalhammer.com\/pl\/wp-json\/wp\/v2\/users\/16"}],"replies":[{"embeddable":true,"href":"https:\/\/www.taalhammer.com\/pl\/wp-json\/wp\/v2\/comments?post=12215"}],"version-history":[{"count":2,"href":"https:\/\/www.taalhammer.com\/pl\/wp-json\/wp\/v2\/pages\/12215\/revisions"}],"predecessor-version":[{"id":12349,"href":"https:\/\/www.taalhammer.com\/pl\/wp-json\/wp\/v2\/pages\/12215\/revisions\/12349"}],"wp:attachment":[{"href":"https:\/\/www.taalhammer.com\/pl\/wp-json\/wp\/v2\/media?parent=12215"}],"wp:term":[{"taxonomy":"category","embeddable":true,"href":"https:\/\/www.taalhammer.com\/pl\/wp-json\/wp\/v2\/categories?post=12215"},{"taxonomy":"post_tag","embeddable":true,"href":"https:\/\/www.taalhammer.com\/pl\/wp-json\/wp\/v2\/tags?post=12215"}],"curies":[{"name":"wp","href":"https:\/\/api.w.org\/{rel}","templated":true}]}}