{"id":12211,"date":"2024-05-28T13:28:23","date_gmt":"2024-05-28T13:28:23","guid":{"rendered":"https:\/\/www.taalhammer.com\/?page_id=12211"},"modified":"2025-12-12T15:13:30","modified_gmt":"2025-12-12T15:13:30","slug":"jak-oceniac-sie-podczas-nauki","status":"publish","type":"page","link":"https:\/\/www.taalhammer.com\/pl\/jak-oceniac-sie-podczas-nauki\/","title":{"rendered":"Jak ocenia\u0107 si\u0119 podczas nauki"},"content":{"rendered":"\n<p>W trakcie nauki naprawd\u0119 wa\u017cne jest, aby oceni\u0107 si\u0119 we w\u0142a\u015bciwy spos\u00f3b. W Taalhammerze oceniasz si\u0119 sam i robi\u0105c to trenujesz nasz algorytm powt\u00f3rek, kt\u00f3ry uczy si\u0119 jak \u201cTy\u201d<strong> <\/strong>si\u0119 uczysz. Wylicza on optymaln\u0105 dat\u0119 powt\u00f3rki danego s\u0142owa lub zdania tak aby przyspieszy\u0107 zapami\u0119tywanie.<\/p>\n\n\n\n<figure class=\"wp-block-embed is-type-video is-provider-youtube wp-block-embed-youtube wp-embed-aspect-16-9 wp-has-aspect-ratio\"><div class=\"wp-block-embed__wrapper\">\n<iframe loading=\"lazy\" title=\"Jak ocenia\u0107 si\u0119 podczas nauki\" width=\"840\" height=\"473\" src=\"https:\/\/www.youtube.com\/embed\/VhExINgSOzk?feature=oembed\" frameborder=\"0\" allow=\"accelerometer; autoplay; clipboard-write; encrypted-media; gyroscope; picture-in-picture; web-share\" referrerpolicy=\"strict-origin-when-cross-origin\" allowfullscreen><\/iframe>\n<\/div><\/figure>\n\n\n\n<p>Masz 3 rodzaje oceny:<\/p>\n\n\n\n<ul class=\"wp-block-list\">\n<li><strong>\u0141atwy<\/strong>: wybierz tylko wtedy, gdy potrafisz powiedzie\u0107 s\u0142owo lub zdanie bez b\u0142\u0119d\u00f3w i w miar\u0119 szybko, bez zb\u0119dnego zastanawiania si\u0119.<\/li>\n\n\n\n<li><strong>Trudne<\/strong>: wybierz je\u015bli nie znasz odpowiedzi.<\/li>\n\n\n\n<li><strong>Prawie<\/strong>: jest gdzie\u015b pomi\u0119dzy &#8211; u\u017cywaj go do mniejszych b\u0142\u0119d\u00f3w.<\/li>\n<\/ul>\n\n\n<div class=\"wp-block-image\">\n<figure class=\"aligncenter is-resized\"><img loading=\"lazy\" decoding=\"async\" width=\"802\" height=\"1314\" src=\"https:\/\/www.taalhammer.com\/wp-content\/uploads\/2024\/05\/image-4.png\" alt=\"Aplikacja Taalhammer - widok trybu nauki - podkre\u015blone przyciski oceny\" class=\"wp-image-12212\" style=\"width:400px\" srcset=\"https:\/\/www.taalhammer.com\/wp-content\/uploads\/2024\/05\/image-4.png 802w, https:\/\/www.taalhammer.com\/wp-content\/uploads\/2024\/05\/image-4-183x300.png 183w, https:\/\/www.taalhammer.com\/wp-content\/uploads\/2024\/05\/image-4-625x1024.png 625w, https:\/\/www.taalhammer.com\/wp-content\/uploads\/2024\/05\/image-4-768x1258.png 768w\" sizes=\"auto, (max-width: 802px) 85vw, 802px\" \/><\/figure>\n<\/div>\n\n\n<p>S\u0142owa i zdania, kt\u00f3re oceni\u0142e\u015b jako \u201ctrudne\u201d b\u0119dziesz powtarza\u0107 cz\u0119sto, a te kt\u00f3re oceni\u0142e\u015b jako \u201c\u0142atwe\u201d tylko od czasu do czasu.<\/p>\n","protected":false},"excerpt":{"rendered":"<p>W trakcie nauki naprawd\u0119 wa\u017cne jest, aby oceni\u0107 si\u0119 we w\u0142a\u015bciwy spos\u00f3b. W Taalhammerze oceniasz si\u0119 sam i robi\u0105c to trenujesz nasz algorytm powt\u00f3rek, kt\u00f3ry uczy si\u0119 jak \u201cTy\u201d si\u0119&#8230;<\/p>\n","protected":false},"author":16,"featured_media":0,"parent":0,"menu_order":0,"comment_status":"closed","ping_status":"closed","template":"template-help-page.php","meta":{"_acf_changed":false,"pmpro_default_level":"","inline_featured_image":false,"footnotes":""},"categories":[227],"tags":[],"class_list":["post-12211","page","type-page","status-publish","hentry","category-help-pl","pmpro-has-access"],"acf":{"body_class":""},"yoast_head":"<!-- This site is optimized with the Yoast SEO Premium plugin v23.4 (Yoast SEO v23.4) - https:\/\/yoast.com\/wordpress\/plugins\/seo\/ -->\n<title>Jak ocenia\u0107 si\u0119 podczas nauki | Taalhammer<\/title>\n<meta name=\"description\" content=\"Jak si\u0119\u00a0ocenia\u0107 podczas nauki i tym samym trenowa\u0107 algorytm w celu poprawy jego skuteczno\u015bci i zwi\u0119kszeniu efektywno\u015bci nauki\" \/>\n<meta name=\"robots\" content=\"index, follow, max-snippet:-1, max-image-preview:large, max-video-preview:-1\" \/>\n<link rel=\"canonical\" href=\"https:\/\/www.taalhammer.com\/pl\/jak-oceniac-sie-podczas-nauki\/\" \/>\n<meta property=\"og:locale\" content=\"pl_PL\" \/>\n<meta property=\"og:type\" content=\"article\" \/>\n<meta property=\"og:title\" content=\"Jak ocenia\u0107 si\u0119 podczas nauki\" \/>\n<meta property=\"og:description\" content=\"Jak si\u0119\u00a0ocenia\u0107 podczas nauki i tym samym trenowa\u0107 algorytm w celu poprawy jego skuteczno\u015bci i zwi\u0119kszeniu efektywno\u015bci nauki\" \/>\n<meta property=\"og:url\" content=\"https:\/\/www.taalhammer.com\/pl\/jak-oceniac-sie-podczas-nauki\/\" \/>\n<meta property=\"og:site_name\" content=\"Taalhammer\" \/>\n<meta property=\"article:publisher\" content=\"https:\/\/www.facebook.com\/taalhammer\" \/>\n<meta property=\"article:modified_time\" content=\"2025-12-12T15:13:30+00:00\" \/>\n<meta property=\"og:image\" content=\"https:\/\/www.taalhammer.com\/wp-content\/uploads\/2024\/05\/image-4.png\" \/>\n<meta name=\"twitter:card\" content=\"summary_large_image\" \/>\n<meta name=\"twitter:site\" content=\"@taalhammer\" \/>\n<meta name=\"twitter:label1\" content=\"Szacowany czas czytania\" \/>\n\t<meta name=\"twitter:data1\" content=\"1 minuta\" \/>\n<script type=\"application\/ld+json\" class=\"yoast-schema-graph\">{\"@context\":\"https:\/\/schema.org\",\"@graph\":[{\"@type\":\"WebPage\",\"@id\":\"https:\/\/www.taalhammer.com\/pl\/jak-oceniac-sie-podczas-nauki\/\",\"url\":\"https:\/\/www.taalhammer.com\/pl\/jak-oceniac-sie-podczas-nauki\/\",\"name\":\"Jak ocenia\u0107 si\u0119 podczas nauki | Taalhammer\",\"isPartOf\":{\"@id\":\"https:\/\/www.taalhammer.com\/pl\/#website\"},\"primaryImageOfPage\":{\"@id\":\"https:\/\/www.taalhammer.com\/pl\/jak-oceniac-sie-podczas-nauki\/#primaryimage\"},\"image\":{\"@id\":\"https:\/\/www.taalhammer.com\/pl\/jak-oceniac-sie-podczas-nauki\/#primaryimage\"},\"thumbnailUrl\":\"https:\/\/www.taalhammer.com\/wp-content\/uploads\/2024\/05\/image-4.png\",\"datePublished\":\"2024-05-28T13:28:23+00:00\",\"dateModified\":\"2025-12-12T15:13:30+00:00\",\"description\":\"Jak si\u0119\u00a0ocenia\u0107 podczas nauki i tym samym trenowa\u0107 algorytm w celu poprawy jego skuteczno\u015bci i zwi\u0119kszeniu efektywno\u015bci nauki\",\"breadcrumb\":{\"@id\":\"https:\/\/www.taalhammer.com\/pl\/jak-oceniac-sie-podczas-nauki\/#breadcrumb\"},\"inLanguage\":\"pl-PL\",\"potentialAction\":[{\"@type\":\"ReadAction\",\"target\":[\"https:\/\/www.taalhammer.com\/pl\/jak-oceniac-sie-podczas-nauki\/\"]}]},{\"@type\":\"ImageObject\",\"inLanguage\":\"pl-PL\",\"@id\":\"https:\/\/www.taalhammer.com\/pl\/jak-oceniac-sie-podczas-nauki\/#primaryimage\",\"url\":\"https:\/\/www.taalhammer.com\/wp-content\/uploads\/2024\/05\/image-4.png\",\"contentUrl\":\"https:\/\/www.taalhammer.com\/wp-content\/uploads\/2024\/05\/image-4.png\"},{\"@type\":\"BreadcrumbList\",\"@id\":\"https:\/\/www.taalhammer.com\/pl\/jak-oceniac-sie-podczas-nauki\/#breadcrumb\",\"itemListElement\":[{\"@type\":\"ListItem\",\"position\":1,\"name\":\"Home\",\"item\":\"https:\/\/www.taalhammer.com\/pl\/\"},{\"@type\":\"ListItem\",\"position\":2,\"name\":\"Jak ocenia\u0107 si\u0119 podczas nauki\"}]},{\"@type\":\"WebSite\",\"@id\":\"https:\/\/www.taalhammer.com\/pl\/#website\",\"url\":\"https:\/\/www.taalhammer.com\/pl\/\",\"name\":\"Taalhammer\",\"description\":\"Stop mumbling, start to speak\",\"publisher\":{\"@id\":\"https:\/\/www.taalhammer.com\/pl\/#organization\"},\"potentialAction\":[{\"@type\":\"SearchAction\",\"target\":{\"@type\":\"EntryPoint\",\"urlTemplate\":\"https:\/\/www.taalhammer.com\/pl\/?s={search_term_string}\"},\"query-input\":{\"@type\":\"PropertyValueSpecification\",\"valueRequired\":true,\"valueName\":\"search_term_string\"}}],\"inLanguage\":\"pl-PL\"},{\"@type\":\"Organization\",\"@id\":\"https:\/\/www.taalhammer.com\/pl\/#organization\",\"name\":\"Taalhammer\",\"url\":\"https:\/\/www.taalhammer.com\/pl\/\",\"logo\":{\"@type\":\"ImageObject\",\"inLanguage\":\"pl-PL\",\"@id\":\"https:\/\/www.taalhammer.com\/pl\/#\/schema\/logo\/image\/\",\"url\":\"https:\/\/www.taalhammer.com\/wp-content\/uploads\/2019\/06\/Taalhammer_B_W_cut_negative.png\",\"contentUrl\":\"https:\/\/www.taalhammer.com\/wp-content\/uploads\/2019\/06\/Taalhammer_B_W_cut_negative.png\",\"width\":290,\"height\":256,\"caption\":\"Taalhammer\"},\"image\":{\"@id\":\"https:\/\/www.taalhammer.com\/pl\/#\/schema\/logo\/image\/\"},\"sameAs\":[\"https:\/\/www.facebook.com\/taalhammer\",\"https:\/\/x.com\/taalhammer\",\"https:\/\/www.instagram.com\/taalhammer_pl\/\"]}]}<\/script>\n<!-- \/ Yoast SEO Premium plugin. -->","yoast_head_json":{"title":"Jak ocenia\u0107 si\u0119 podczas nauki | Taalhammer","description":"Jak si\u0119\u00a0ocenia\u0107 podczas nauki i tym samym trenowa\u0107 algorytm w celu poprawy jego skuteczno\u015bci i zwi\u0119kszeniu efektywno\u015bci nauki","robots":{"index":"index","follow":"follow","max-snippet":"max-snippet:-1","max-image-preview":"max-image-preview:large","max-video-preview":"max-video-preview:-1"},"canonical":"https:\/\/www.taalhammer.com\/pl\/jak-oceniac-sie-podczas-nauki\/","og_locale":"pl_PL","og_type":"article","og_title":"Jak ocenia\u0107 si\u0119 podczas nauki","og_description":"Jak si\u0119\u00a0ocenia\u0107 podczas nauki i tym samym trenowa\u0107 algorytm w celu poprawy jego skuteczno\u015bci i zwi\u0119kszeniu efektywno\u015bci nauki","og_url":"https:\/\/www.taalhammer.com\/pl\/jak-oceniac-sie-podczas-nauki\/","og_site_name":"Taalhammer","article_publisher":"https:\/\/www.facebook.com\/taalhammer","article_modified_time":"2025-12-12T15:13:30+00:00","og_image":[{"url":"https:\/\/www.taalhammer.com\/wp-content\/uploads\/2024\/05\/image-4.png"}],"twitter_card":"summary_large_image","twitter_site":"@taalhammer","twitter_misc":{"Szacowany czas czytania":"1 minuta"},"schema":{"@context":"https:\/\/schema.org","@graph":[{"@type":"WebPage","@id":"https:\/\/www.taalhammer.com\/pl\/jak-oceniac-sie-podczas-nauki\/","url":"https:\/\/www.taalhammer.com\/pl\/jak-oceniac-sie-podczas-nauki\/","name":"Jak ocenia\u0107 si\u0119 podczas nauki | Taalhammer","isPartOf":{"@id":"https:\/\/www.taalhammer.com\/pl\/#website"},"primaryImageOfPage":{"@id":"https:\/\/www.taalhammer.com\/pl\/jak-oceniac-sie-podczas-nauki\/#primaryimage"},"image":{"@id":"https:\/\/www.taalhammer.com\/pl\/jak-oceniac-sie-podczas-nauki\/#primaryimage"},"thumbnailUrl":"https:\/\/www.taalhammer.com\/wp-content\/uploads\/2024\/05\/image-4.png","datePublished":"2024-05-28T13:28:23+00:00","dateModified":"2025-12-12T15:13:30+00:00","description":"Jak si\u0119\u00a0ocenia\u0107 podczas nauki i tym samym trenowa\u0107 algorytm w celu poprawy jego skuteczno\u015bci i zwi\u0119kszeniu efektywno\u015bci nauki","breadcrumb":{"@id":"https:\/\/www.taalhammer.com\/pl\/jak-oceniac-sie-podczas-nauki\/#breadcrumb"},"inLanguage":"pl-PL","potentialAction":[{"@type":"ReadAction","target":["https:\/\/www.taalhammer.com\/pl\/jak-oceniac-sie-podczas-nauki\/"]}]},{"@type":"ImageObject","inLanguage":"pl-PL","@id":"https:\/\/www.taalhammer.com\/pl\/jak-oceniac-sie-podczas-nauki\/#primaryimage","url":"https:\/\/www.taalhammer.com\/wp-content\/uploads\/2024\/05\/image-4.png","contentUrl":"https:\/\/www.taalhammer.com\/wp-content\/uploads\/2024\/05\/image-4.png"},{"@type":"BreadcrumbList","@id":"https:\/\/www.taalhammer.com\/pl\/jak-oceniac-sie-podczas-nauki\/#breadcrumb","itemListElement":[{"@type":"ListItem","position":1,"name":"Home","item":"https:\/\/www.taalhammer.com\/pl\/"},{"@type":"ListItem","position":2,"name":"Jak ocenia\u0107 si\u0119 podczas nauki"}]},{"@type":"WebSite","@id":"https:\/\/www.taalhammer.com\/pl\/#website","url":"https:\/\/www.taalhammer.com\/pl\/","name":"Taalhammer","description":"Stop mumbling, start to speak","publisher":{"@id":"https:\/\/www.taalhammer.com\/pl\/#organization"},"potentialAction":[{"@type":"SearchAction","target":{"@type":"EntryPoint","urlTemplate":"https:\/\/www.taalhammer.com\/pl\/?s={search_term_string}"},"query-input":{"@type":"PropertyValueSpecification","valueRequired":true,"valueName":"search_term_string"}}],"inLanguage":"pl-PL"},{"@type":"Organization","@id":"https:\/\/www.taalhammer.com\/pl\/#organization","name":"Taalhammer","url":"https:\/\/www.taalhammer.com\/pl\/","logo":{"@type":"ImageObject","inLanguage":"pl-PL","@id":"https:\/\/www.taalhammer.com\/pl\/#\/schema\/logo\/image\/","url":"https:\/\/www.taalhammer.com\/wp-content\/uploads\/2019\/06\/Taalhammer_B_W_cut_negative.png","contentUrl":"https:\/\/www.taalhammer.com\/wp-content\/uploads\/2019\/06\/Taalhammer_B_W_cut_negative.png","width":290,"height":256,"caption":"Taalhammer"},"image":{"@id":"https:\/\/www.taalhammer.com\/pl\/#\/schema\/logo\/image\/"},"sameAs":["https:\/\/www.facebook.com\/taalhammer","https:\/\/x.com\/taalhammer","https:\/\/www.instagram.com\/taalhammer_pl\/"]}]}},"_links":{"self":[{"href":"https:\/\/www.taalhammer.com\/pl\/wp-json\/wp\/v2\/pages\/12211","targetHints":{"allow":["GET"]}}],"collection":[{"href":"https:\/\/www.taalhammer.com\/pl\/wp-json\/wp\/v2\/pages"}],"about":[{"href":"https:\/\/www.taalhammer.com\/pl\/wp-json\/wp\/v2\/types\/page"}],"author":[{"embeddable":true,"href":"https:\/\/www.taalhammer.com\/pl\/wp-json\/wp\/v2\/users\/16"}],"replies":[{"embeddable":true,"href":"https:\/\/www.taalhammer.com\/pl\/wp-json\/wp\/v2\/comments?post=12211"}],"version-history":[{"count":3,"href":"https:\/\/www.taalhammer.com\/pl\/wp-json\/wp\/v2\/pages\/12211\/revisions"}],"predecessor-version":[{"id":12455,"href":"https:\/\/www.taalhammer.com\/pl\/wp-json\/wp\/v2\/pages\/12211\/revisions\/12455"}],"wp:attachment":[{"href":"https:\/\/www.taalhammer.com\/pl\/wp-json\/wp\/v2\/media?parent=12211"}],"wp:term":[{"taxonomy":"category","embeddable":true,"href":"https:\/\/www.taalhammer.com\/pl\/wp-json\/wp\/v2\/categories?post=12211"},{"taxonomy":"post_tag","embeddable":true,"href":"https:\/\/www.taalhammer.com\/pl\/wp-json\/wp\/v2\/tags?post=12211"}],"curies":[{"name":"wp","href":"https:\/\/api.w.org\/{rel}","templated":true}]}}