{"id":12206,"date":"2024-05-28T13:19:09","date_gmt":"2024-05-28T13:19:09","guid":{"rendered":"https:\/\/www.taalhammer.com\/?page_id=12206"},"modified":"2025-12-12T15:11:22","modified_gmt":"2025-12-12T15:11:22","slug":"co-to-jest-drill-czyli-powtorki-na-sterydach","status":"publish","type":"page","link":"https:\/\/www.taalhammer.com\/pl\/co-to-jest-drill-czyli-powtorki-na-sterydach\/","title":{"rendered":"Co to jest drill? &#8211; czyli powt\u00f3rki na sterydach"},"content":{"rendered":"\n<p><strong>Dril <\/strong>to specjalne \u0107wiczenie pami\u0119ci. Zmusza Twoj\u0105 pami\u0119\u0107 do ci\u0119\u017cszej pracy i przyspiesza \u0142adowanie s\u0142\u00f3w i zda\u0144 do Twojej pami\u0119ci d\u0142ugiej. Tutaj trenujesz wszystkie trudne elementy, aby w najbli\u017cszych dniach szybko sta\u0142y si\u0119 proste. Taki mechanizm powtarzania element\u00f3w, kt\u00f3re sprawiaj\u0105 trudno\u015b\u0107, oparty jest na naukowej teorii \u201cpo\u017c\u0105danych trudno\u015bci\u201d.<\/p>\n\n\n\n<figure class=\"wp-block-embed is-type-video is-provider-youtube wp-block-embed-youtube wp-embed-aspect-16-9 wp-has-aspect-ratio\"><div class=\"wp-block-embed__wrapper\">\n<iframe loading=\"lazy\" title=\"Co to jest drill? - czyli powt\u00f3rki na sterydach\" width=\"840\" height=\"473\" src=\"https:\/\/www.youtube.com\/embed\/PdDocfcqcLM?feature=oembed\" frameborder=\"0\" allow=\"accelerometer; autoplay; clipboard-write; encrypted-media; gyroscope; picture-in-picture; web-share\" referrerpolicy=\"strict-origin-when-cross-origin\" allowfullscreen><\/iframe>\n<\/div><\/figure>\n\n\n\n<p>Wszystkie fiszki, kt\u00f3re oceni\u0142e\u015b jako \u201ctrudne\u201d lub \u201cprawie\u201d trafiaj\u0105 do kolejki <strong>dril<\/strong>. W <strong>drilu <\/strong>b\u0119dziesz powtarza\u0107 te fiszki czasem kilka razy, a\u017c ocenisz ka\u017cd\u0105 z nich jako \u0142atw\u0105.&nbsp;<\/p>\n\n\n<div class=\"wp-block-image\">\n<figure class=\"aligncenter is-resized\"><img loading=\"lazy\" decoding=\"async\" width=\"806\" height=\"1320\" src=\"https:\/\/www.taalhammer.com\/wp-content\/uploads\/2024\/05\/image-3.png\" alt=\"Aplikacja Taalhammer - Drill i przyciski oceny zaznaczone\" class=\"wp-image-12207\" style=\"width:400px\" srcset=\"https:\/\/www.taalhammer.com\/wp-content\/uploads\/2024\/05\/image-3.png 806w, https:\/\/www.taalhammer.com\/wp-content\/uploads\/2024\/05\/image-3-183x300.png 183w, https:\/\/www.taalhammer.com\/wp-content\/uploads\/2024\/05\/image-3-625x1024.png 625w, https:\/\/www.taalhammer.com\/wp-content\/uploads\/2024\/05\/image-3-768x1258.png 768w\" sizes=\"auto, (max-width: 806px) 85vw, 806px\" \/><\/figure>\n<\/div>\n\n\n<p><\/p>\n\n\n\n<p>Mo\u017cesz rozpocz\u0105\u0107 sesj\u0119 \u0107wicze\u0144 w ka\u017cdej chwili, klikaj\u0105c na przycisk z napisem \u201cdrill\u201d, kt\u00f3ry tak\u017ce pokazuje Ci ile element\u00f3w masz w drilu. To \u0107wiczenie mo\u017cesz rozpocz\u0105\u0107 i zako\u0144czy\u0107 kiedy chcesz i robi\u0107 je tak cz\u0119sto jak tego potrzebujesz.\u00a0<\/p>\n\n\n\n<p>Najlepiej zabra\u0107 si\u0119 do <strong>drila<\/strong>, gdy jest w nim co najmniej dwadzie\u015bcia pi\u0119\u0107 element\u00f3w. W przeciwnym razie jest to zbyt \u0142atwe. Oczywi\u015bcie mo\u017ce ich by\u0107 wi\u0119cej. Pami\u0119taj tylko, \u017ce sto pi\u0119\u0107dziesi\u0105t element\u00f3w w <strong>drillu <\/strong>to ca\u0142kiem sporo pracy. Rekordy najbardziej hardkorowych u\u017cytkownik\u00f3w to oko\u0142o trzysta element\u00f3w.<\/p>\n","protected":false},"excerpt":{"rendered":"<p>Dril to specjalne \u0107wiczenie pami\u0119ci. Zmusza Twoj\u0105 pami\u0119\u0107 do ci\u0119\u017cszej pracy i przyspiesza \u0142adowanie s\u0142\u00f3w i zda\u0144 do Twojej pami\u0119ci d\u0142ugiej. Tutaj trenujesz wszystkie trudne elementy, aby w najbli\u017cszych dniach&#8230;<\/p>\n","protected":false},"author":16,"featured_media":0,"parent":0,"menu_order":0,"comment_status":"closed","ping_status":"closed","template":"template-help-page.php","meta":{"_acf_changed":false,"pmpro_default_level":"","inline_featured_image":false,"footnotes":""},"categories":[227],"tags":[],"class_list":["post-12206","page","type-page","status-publish","hentry","category-help-pl","pmpro-has-access"],"acf":{"body_class":""},"yoast_head":"<!-- This site is optimized with the Yoast SEO Premium plugin v23.4 (Yoast SEO v23.4) - https:\/\/yoast.com\/wordpress\/plugins\/seo\/ -->\n<title>Co to jest drill? - czyli powt\u00f3rki na sterydach | Taalhammer<\/title>\n<meta name=\"description\" content=\"Powt\u00f3rki na sterydach czyli co to jest Drill. Jak u\u017cywa\u0107 specjalnego \u0107wiczenia do element\u00f3w j\u0119zyka kt\u00f3re sprawiaj\u0105 najwi\u0119szke trudno\u015bci\" \/>\n<meta name=\"robots\" content=\"index, follow, max-snippet:-1, max-image-preview:large, max-video-preview:-1\" \/>\n<link rel=\"canonical\" href=\"https:\/\/www.taalhammer.com\/pl\/co-to-jest-drill-czyli-powtorki-na-sterydach\/\" \/>\n<meta property=\"og:locale\" content=\"pl_PL\" \/>\n<meta property=\"og:type\" content=\"article\" \/>\n<meta property=\"og:title\" content=\"Co to jest drill? - czyli powt\u00f3rki na sterydach\" \/>\n<meta property=\"og:description\" content=\"Powt\u00f3rki na sterydach czyli co to jest Drill. Jak u\u017cywa\u0107 specjalnego \u0107wiczenia do element\u00f3w j\u0119zyka kt\u00f3re sprawiaj\u0105 najwi\u0119szke trudno\u015bci\" \/>\n<meta property=\"og:url\" content=\"https:\/\/www.taalhammer.com\/pl\/co-to-jest-drill-czyli-powtorki-na-sterydach\/\" \/>\n<meta property=\"og:site_name\" content=\"Taalhammer\" \/>\n<meta property=\"article:publisher\" content=\"https:\/\/www.facebook.com\/taalhammer\" \/>\n<meta property=\"article:modified_time\" content=\"2025-12-12T15:11:22+00:00\" \/>\n<meta property=\"og:image\" content=\"https:\/\/www.taalhammer.com\/wp-content\/uploads\/2024\/05\/image-3.png\" \/>\n<meta name=\"twitter:card\" content=\"summary_large_image\" \/>\n<meta name=\"twitter:site\" content=\"@taalhammer\" \/>\n<meta name=\"twitter:label1\" content=\"Szacowany czas czytania\" \/>\n\t<meta name=\"twitter:data1\" content=\"1 minuta\" \/>\n<script type=\"application\/ld+json\" class=\"yoast-schema-graph\">{\"@context\":\"https:\/\/schema.org\",\"@graph\":[{\"@type\":\"WebPage\",\"@id\":\"https:\/\/www.taalhammer.com\/pl\/co-to-jest-drill-czyli-powtorki-na-sterydach\/\",\"url\":\"https:\/\/www.taalhammer.com\/pl\/co-to-jest-drill-czyli-powtorki-na-sterydach\/\",\"name\":\"Co to jest drill? - czyli powt\u00f3rki na sterydach | Taalhammer\",\"isPartOf\":{\"@id\":\"https:\/\/www.taalhammer.com\/pl\/#website\"},\"primaryImageOfPage\":{\"@id\":\"https:\/\/www.taalhammer.com\/pl\/co-to-jest-drill-czyli-powtorki-na-sterydach\/#primaryimage\"},\"image\":{\"@id\":\"https:\/\/www.taalhammer.com\/pl\/co-to-jest-drill-czyli-powtorki-na-sterydach\/#primaryimage\"},\"thumbnailUrl\":\"https:\/\/www.taalhammer.com\/wp-content\/uploads\/2024\/05\/image-3.png\",\"datePublished\":\"2024-05-28T13:19:09+00:00\",\"dateModified\":\"2025-12-12T15:11:22+00:00\",\"description\":\"Powt\u00f3rki na sterydach czyli co to jest Drill. Jak u\u017cywa\u0107 specjalnego \u0107wiczenia do element\u00f3w j\u0119zyka kt\u00f3re sprawiaj\u0105 najwi\u0119szke trudno\u015bci\",\"breadcrumb\":{\"@id\":\"https:\/\/www.taalhammer.com\/pl\/co-to-jest-drill-czyli-powtorki-na-sterydach\/#breadcrumb\"},\"inLanguage\":\"pl-PL\",\"potentialAction\":[{\"@type\":\"ReadAction\",\"target\":[\"https:\/\/www.taalhammer.com\/pl\/co-to-jest-drill-czyli-powtorki-na-sterydach\/\"]}]},{\"@type\":\"ImageObject\",\"inLanguage\":\"pl-PL\",\"@id\":\"https:\/\/www.taalhammer.com\/pl\/co-to-jest-drill-czyli-powtorki-na-sterydach\/#primaryimage\",\"url\":\"https:\/\/www.taalhammer.com\/wp-content\/uploads\/2024\/05\/image-3.png\",\"contentUrl\":\"https:\/\/www.taalhammer.com\/wp-content\/uploads\/2024\/05\/image-3.png\"},{\"@type\":\"BreadcrumbList\",\"@id\":\"https:\/\/www.taalhammer.com\/pl\/co-to-jest-drill-czyli-powtorki-na-sterydach\/#breadcrumb\",\"itemListElement\":[{\"@type\":\"ListItem\",\"position\":1,\"name\":\"Home\",\"item\":\"https:\/\/www.taalhammer.com\/pl\/\"},{\"@type\":\"ListItem\",\"position\":2,\"name\":\"Co to jest drill? &#8211; czyli powt\u00f3rki na sterydach\"}]},{\"@type\":\"WebSite\",\"@id\":\"https:\/\/www.taalhammer.com\/pl\/#website\",\"url\":\"https:\/\/www.taalhammer.com\/pl\/\",\"name\":\"Taalhammer\",\"description\":\"Stop mumbling, start to speak\",\"publisher\":{\"@id\":\"https:\/\/www.taalhammer.com\/pl\/#organization\"},\"potentialAction\":[{\"@type\":\"SearchAction\",\"target\":{\"@type\":\"EntryPoint\",\"urlTemplate\":\"https:\/\/www.taalhammer.com\/pl\/?s={search_term_string}\"},\"query-input\":{\"@type\":\"PropertyValueSpecification\",\"valueRequired\":true,\"valueName\":\"search_term_string\"}}],\"inLanguage\":\"pl-PL\"},{\"@type\":\"Organization\",\"@id\":\"https:\/\/www.taalhammer.com\/pl\/#organization\",\"name\":\"Taalhammer\",\"url\":\"https:\/\/www.taalhammer.com\/pl\/\",\"logo\":{\"@type\":\"ImageObject\",\"inLanguage\":\"pl-PL\",\"@id\":\"https:\/\/www.taalhammer.com\/pl\/#\/schema\/logo\/image\/\",\"url\":\"https:\/\/www.taalhammer.com\/wp-content\/uploads\/2019\/06\/Taalhammer_B_W_cut_negative.png\",\"contentUrl\":\"https:\/\/www.taalhammer.com\/wp-content\/uploads\/2019\/06\/Taalhammer_B_W_cut_negative.png\",\"width\":290,\"height\":256,\"caption\":\"Taalhammer\"},\"image\":{\"@id\":\"https:\/\/www.taalhammer.com\/pl\/#\/schema\/logo\/image\/\"},\"sameAs\":[\"https:\/\/www.facebook.com\/taalhammer\",\"https:\/\/x.com\/taalhammer\",\"https:\/\/www.instagram.com\/taalhammer_pl\/\"]}]}<\/script>\n<!-- \/ Yoast SEO Premium plugin. -->","yoast_head_json":{"title":"Co to jest drill? - czyli powt\u00f3rki na sterydach | Taalhammer","description":"Powt\u00f3rki na sterydach czyli co to jest Drill. Jak u\u017cywa\u0107 specjalnego \u0107wiczenia do element\u00f3w j\u0119zyka kt\u00f3re sprawiaj\u0105 najwi\u0119szke trudno\u015bci","robots":{"index":"index","follow":"follow","max-snippet":"max-snippet:-1","max-image-preview":"max-image-preview:large","max-video-preview":"max-video-preview:-1"},"canonical":"https:\/\/www.taalhammer.com\/pl\/co-to-jest-drill-czyli-powtorki-na-sterydach\/","og_locale":"pl_PL","og_type":"article","og_title":"Co to jest drill? - czyli powt\u00f3rki na sterydach","og_description":"Powt\u00f3rki na sterydach czyli co to jest Drill. Jak u\u017cywa\u0107 specjalnego \u0107wiczenia do element\u00f3w j\u0119zyka kt\u00f3re sprawiaj\u0105 najwi\u0119szke trudno\u015bci","og_url":"https:\/\/www.taalhammer.com\/pl\/co-to-jest-drill-czyli-powtorki-na-sterydach\/","og_site_name":"Taalhammer","article_publisher":"https:\/\/www.facebook.com\/taalhammer","article_modified_time":"2025-12-12T15:11:22+00:00","og_image":[{"url":"https:\/\/www.taalhammer.com\/wp-content\/uploads\/2024\/05\/image-3.png"}],"twitter_card":"summary_large_image","twitter_site":"@taalhammer","twitter_misc":{"Szacowany czas czytania":"1 minuta"},"schema":{"@context":"https:\/\/schema.org","@graph":[{"@type":"WebPage","@id":"https:\/\/www.taalhammer.com\/pl\/co-to-jest-drill-czyli-powtorki-na-sterydach\/","url":"https:\/\/www.taalhammer.com\/pl\/co-to-jest-drill-czyli-powtorki-na-sterydach\/","name":"Co to jest drill? - czyli powt\u00f3rki na sterydach | Taalhammer","isPartOf":{"@id":"https:\/\/www.taalhammer.com\/pl\/#website"},"primaryImageOfPage":{"@id":"https:\/\/www.taalhammer.com\/pl\/co-to-jest-drill-czyli-powtorki-na-sterydach\/#primaryimage"},"image":{"@id":"https:\/\/www.taalhammer.com\/pl\/co-to-jest-drill-czyli-powtorki-na-sterydach\/#primaryimage"},"thumbnailUrl":"https:\/\/www.taalhammer.com\/wp-content\/uploads\/2024\/05\/image-3.png","datePublished":"2024-05-28T13:19:09+00:00","dateModified":"2025-12-12T15:11:22+00:00","description":"Powt\u00f3rki na sterydach czyli co to jest Drill. Jak u\u017cywa\u0107 specjalnego \u0107wiczenia do element\u00f3w j\u0119zyka kt\u00f3re sprawiaj\u0105 najwi\u0119szke trudno\u015bci","breadcrumb":{"@id":"https:\/\/www.taalhammer.com\/pl\/co-to-jest-drill-czyli-powtorki-na-sterydach\/#breadcrumb"},"inLanguage":"pl-PL","potentialAction":[{"@type":"ReadAction","target":["https:\/\/www.taalhammer.com\/pl\/co-to-jest-drill-czyli-powtorki-na-sterydach\/"]}]},{"@type":"ImageObject","inLanguage":"pl-PL","@id":"https:\/\/www.taalhammer.com\/pl\/co-to-jest-drill-czyli-powtorki-na-sterydach\/#primaryimage","url":"https:\/\/www.taalhammer.com\/wp-content\/uploads\/2024\/05\/image-3.png","contentUrl":"https:\/\/www.taalhammer.com\/wp-content\/uploads\/2024\/05\/image-3.png"},{"@type":"BreadcrumbList","@id":"https:\/\/www.taalhammer.com\/pl\/co-to-jest-drill-czyli-powtorki-na-sterydach\/#breadcrumb","itemListElement":[{"@type":"ListItem","position":1,"name":"Home","item":"https:\/\/www.taalhammer.com\/pl\/"},{"@type":"ListItem","position":2,"name":"Co to jest drill? &#8211; czyli powt\u00f3rki na sterydach"}]},{"@type":"WebSite","@id":"https:\/\/www.taalhammer.com\/pl\/#website","url":"https:\/\/www.taalhammer.com\/pl\/","name":"Taalhammer","description":"Stop mumbling, start to speak","publisher":{"@id":"https:\/\/www.taalhammer.com\/pl\/#organization"},"potentialAction":[{"@type":"SearchAction","target":{"@type":"EntryPoint","urlTemplate":"https:\/\/www.taalhammer.com\/pl\/?s={search_term_string}"},"query-input":{"@type":"PropertyValueSpecification","valueRequired":true,"valueName":"search_term_string"}}],"inLanguage":"pl-PL"},{"@type":"Organization","@id":"https:\/\/www.taalhammer.com\/pl\/#organization","name":"Taalhammer","url":"https:\/\/www.taalhammer.com\/pl\/","logo":{"@type":"ImageObject","inLanguage":"pl-PL","@id":"https:\/\/www.taalhammer.com\/pl\/#\/schema\/logo\/image\/","url":"https:\/\/www.taalhammer.com\/wp-content\/uploads\/2019\/06\/Taalhammer_B_W_cut_negative.png","contentUrl":"https:\/\/www.taalhammer.com\/wp-content\/uploads\/2019\/06\/Taalhammer_B_W_cut_negative.png","width":290,"height":256,"caption":"Taalhammer"},"image":{"@id":"https:\/\/www.taalhammer.com\/pl\/#\/schema\/logo\/image\/"},"sameAs":["https:\/\/www.facebook.com\/taalhammer","https:\/\/x.com\/taalhammer","https:\/\/www.instagram.com\/taalhammer_pl\/"]}]}},"_links":{"self":[{"href":"https:\/\/www.taalhammer.com\/pl\/wp-json\/wp\/v2\/pages\/12206","targetHints":{"allow":["GET"]}}],"collection":[{"href":"https:\/\/www.taalhammer.com\/pl\/wp-json\/wp\/v2\/pages"}],"about":[{"href":"https:\/\/www.taalhammer.com\/pl\/wp-json\/wp\/v2\/types\/page"}],"author":[{"embeddable":true,"href":"https:\/\/www.taalhammer.com\/pl\/wp-json\/wp\/v2\/users\/16"}],"replies":[{"embeddable":true,"href":"https:\/\/www.taalhammer.com\/pl\/wp-json\/wp\/v2\/comments?post=12206"}],"version-history":[{"count":2,"href":"https:\/\/www.taalhammer.com\/pl\/wp-json\/wp\/v2\/pages\/12206\/revisions"}],"predecessor-version":[{"id":12346,"href":"https:\/\/www.taalhammer.com\/pl\/wp-json\/wp\/v2\/pages\/12206\/revisions\/12346"}],"wp:attachment":[{"href":"https:\/\/www.taalhammer.com\/pl\/wp-json\/wp\/v2\/media?parent=12206"}],"wp:term":[{"taxonomy":"category","embeddable":true,"href":"https:\/\/www.taalhammer.com\/pl\/wp-json\/wp\/v2\/categories?post=12206"},{"taxonomy":"post_tag","embeddable":true,"href":"https:\/\/www.taalhammer.com\/pl\/wp-json\/wp\/v2\/tags?post=12206"}],"curies":[{"name":"wp","href":"https:\/\/api.w.org\/{rel}","templated":true}]}}