{"id":12200,"date":"2024-05-28T13:00:32","date_gmt":"2024-05-28T13:00:32","guid":{"rendered":"https:\/\/www.taalhammer.com\/?page_id=12200"},"modified":"2025-12-12T15:10:53","modified_gmt":"2025-12-12T15:10:53","slug":"pomoc","status":"publish","type":"page","link":"https:\/\/www.taalhammer.com\/pl\/pomoc\/","title":{"rendered":"Wprowadzenie &#8211; Nauka z Taalhammer&#8217;em"},"content":{"rendered":"\n<p>Witaj we wprowadzeniu do aplikacji Taalhammer. W tym rozdziale poruszymy najbardziej podstawowe elementy aplikacji.<\/p>\n\n\n\n<p>Zobaczymy jak wygl\u0105da nauka nowego materia\u0142u i jak wygl\u0105daj\u0105 powt\u00f3rki. Dowiesz si\u0119 r\u00f3wnie\u017c jak jak u\u017cywa\u0107 specjalnego \u0107wiczenia Drill przyspieszaj\u0105cego zapami\u0119tywanie najtrudniejszych element\u00f3w.&nbsp;<\/p>\n\n\n\n<p>Rozdzia\u0142 ten sk\u0142ada si\u0119&nbsp;z nast\u0119puj\u0105cych cz\u0119\u015bci:<\/p>\n\n\n\n<ul class=\"wp-block-list\">\n<li><a href=\"https:\/\/www.taalhammer.com\/pl\/jak-sie-uczyc\/\">Jak si\u0119 uczy\u0107<\/a> &#8211; pokazuje jak wygl\u0105daj\u0105 powt\u00f3rki i nauka nowego materia\u0142u<\/li>\n\n\n\n<li><a href=\"https:\/\/www.taalhammer.com\/pl\/co-to-jest-drill-czyli-powtorki-na-sterydach\/\">Co to jest Drill? Czyli powt\u00f3rki na sterydach<\/a> &#8211; omawia specjalny tryb powt\u00f3rek u\u0142atiwj\u0105cy zapami\u0119tywanie nowych i najtrudniejszych element\u00f3w<\/li>\n\n\n\n<li><a href=\"https:\/\/www.taalhammer.com\/pl\/jak-oceniac-sie-podczas-nauki\/\">Jak si\u0119\u00a0ocenia\u0107 podczas nauki<\/a> &#8211; wyja\u015bnia jak dzia\u0142a samoocena, kt\u00f3ra trenuje algorytm powt\u00f3rek<\/li>\n\n\n\n<li><a href=\"https:\/\/www.taalhammer.com\/pl\/powtorki-czyli-po-co-odrabiac-prace-domowa\/\">Powt\u00f3rki czyli po co odrabia\u0107 prac\u0119 domow\u0105<\/a> &#8211; wyja\u015bnia dzia\u0142anie i znaczenie wykonywanych \u0107wicze\u0144<\/li>\n<\/ul>\n","protected":false},"excerpt":{"rendered":"<p>Witaj we wprowadzeniu do aplikacji Taalhammer. W tym rozdziale poruszymy najbardziej podstawowe elementy aplikacji. Zobaczymy jak wygl\u0105da nauka nowego materia\u0142u i jak wygl\u0105daj\u0105 powt\u00f3rki. Dowiesz si\u0119 r\u00f3wnie\u017c jak jak u\u017cywa\u0107&#8230;<\/p>\n","protected":false},"author":16,"featured_media":0,"parent":0,"menu_order":0,"comment_status":"closed","ping_status":"closed","template":"template-help-page.php","meta":{"_acf_changed":false,"pmpro_default_level":"","inline_featured_image":false,"footnotes":""},"categories":[227],"tags":[],"class_list":["post-12200","page","type-page","status-publish","hentry","category-help-pl","pmpro-has-access"],"acf":{"body_class":""},"yoast_head":"<!-- This site is optimized with the Yoast SEO Premium plugin v23.4 (Yoast SEO v23.4) - https:\/\/yoast.com\/wordpress\/plugins\/seo\/ -->\n<title>Wprowadzenie - Nauka z Taalhammer&#039;em | Taalhammer<\/title>\n<meta name=\"description\" content=\"Witaj we wprowadzeniu do aplikacji Taalhammer. W tej sekcji dowiesz si\u0119 jak u\u017cywa\u0107 najbardziej podstawowych funkcji aplikacji\" \/>\n<meta name=\"robots\" content=\"index, follow, max-snippet:-1, max-image-preview:large, max-video-preview:-1\" \/>\n<link rel=\"canonical\" href=\"https:\/\/www.taalhammer.com\/pl\/pomoc\/\" \/>\n<meta property=\"og:locale\" content=\"pl_PL\" \/>\n<meta property=\"og:type\" content=\"article\" \/>\n<meta property=\"og:title\" content=\"Wprowadzenie - Nauka z Taalhammer&#039;em\" \/>\n<meta property=\"og:description\" content=\"Witaj we wprowadzeniu do aplikacji Taalhammer. W tej sekcji dowiesz si\u0119 jak u\u017cywa\u0107 najbardziej podstawowych funkcji aplikacji\" \/>\n<meta property=\"og:url\" content=\"https:\/\/www.taalhammer.com\/pl\/pomoc\/\" \/>\n<meta property=\"og:site_name\" content=\"Taalhammer\" \/>\n<meta property=\"article:publisher\" content=\"https:\/\/www.facebook.com\/taalhammer\" \/>\n<meta property=\"article:modified_time\" content=\"2025-12-12T15:10:53+00:00\" \/>\n<meta property=\"og:image\" content=\"https:\/\/www.taalhammer.com\/wp-content\/uploads\/2021\/09\/image-1-807x1024-1.png\" \/>\n\t<meta property=\"og:image:width\" content=\"807\" \/>\n\t<meta property=\"og:image:height\" content=\"1024\" \/>\n\t<meta property=\"og:image:type\" content=\"image\/png\" \/>\n<meta name=\"twitter:card\" content=\"summary_large_image\" \/>\n<meta name=\"twitter:site\" content=\"@taalhammer\" \/>\n<meta name=\"twitter:label1\" content=\"Szacowany czas czytania\" \/>\n\t<meta name=\"twitter:data1\" content=\"1 minuta\" \/>\n<script type=\"application\/ld+json\" class=\"yoast-schema-graph\">{\"@context\":\"https:\/\/schema.org\",\"@graph\":[{\"@type\":\"WebPage\",\"@id\":\"https:\/\/www.taalhammer.com\/pl\/pomoc\/\",\"url\":\"https:\/\/www.taalhammer.com\/pl\/pomoc\/\",\"name\":\"Wprowadzenie - Nauka z Taalhammer'em | Taalhammer\",\"isPartOf\":{\"@id\":\"https:\/\/www.taalhammer.com\/pl\/#website\"},\"datePublished\":\"2024-05-28T13:00:32+00:00\",\"dateModified\":\"2025-12-12T15:10:53+00:00\",\"description\":\"Witaj we wprowadzeniu do aplikacji Taalhammer. W tej sekcji dowiesz si\u0119 jak u\u017cywa\u0107 najbardziej podstawowych funkcji aplikacji\",\"breadcrumb\":{\"@id\":\"https:\/\/www.taalhammer.com\/pl\/pomoc\/#breadcrumb\"},\"inLanguage\":\"pl-PL\",\"potentialAction\":[{\"@type\":\"ReadAction\",\"target\":[\"https:\/\/www.taalhammer.com\/pl\/pomoc\/\"]}]},{\"@type\":\"BreadcrumbList\",\"@id\":\"https:\/\/www.taalhammer.com\/pl\/pomoc\/#breadcrumb\",\"itemListElement\":[{\"@type\":\"ListItem\",\"position\":1,\"name\":\"Home\",\"item\":\"https:\/\/www.taalhammer.com\/pl\/\"},{\"@type\":\"ListItem\",\"position\":2,\"name\":\"Wprowadzenie &#8211; Nauka z Taalhammer&#8217;em\"}]},{\"@type\":\"WebSite\",\"@id\":\"https:\/\/www.taalhammer.com\/pl\/#website\",\"url\":\"https:\/\/www.taalhammer.com\/pl\/\",\"name\":\"Taalhammer\",\"description\":\"Stop mumbling, start to speak\",\"publisher\":{\"@id\":\"https:\/\/www.taalhammer.com\/pl\/#organization\"},\"potentialAction\":[{\"@type\":\"SearchAction\",\"target\":{\"@type\":\"EntryPoint\",\"urlTemplate\":\"https:\/\/www.taalhammer.com\/pl\/?s={search_term_string}\"},\"query-input\":{\"@type\":\"PropertyValueSpecification\",\"valueRequired\":true,\"valueName\":\"search_term_string\"}}],\"inLanguage\":\"pl-PL\"},{\"@type\":\"Organization\",\"@id\":\"https:\/\/www.taalhammer.com\/pl\/#organization\",\"name\":\"Taalhammer\",\"url\":\"https:\/\/www.taalhammer.com\/pl\/\",\"logo\":{\"@type\":\"ImageObject\",\"inLanguage\":\"pl-PL\",\"@id\":\"https:\/\/www.taalhammer.com\/pl\/#\/schema\/logo\/image\/\",\"url\":\"https:\/\/www.taalhammer.com\/wp-content\/uploads\/2019\/06\/Taalhammer_B_W_cut_negative.png\",\"contentUrl\":\"https:\/\/www.taalhammer.com\/wp-content\/uploads\/2019\/06\/Taalhammer_B_W_cut_negative.png\",\"width\":290,\"height\":256,\"caption\":\"Taalhammer\"},\"image\":{\"@id\":\"https:\/\/www.taalhammer.com\/pl\/#\/schema\/logo\/image\/\"},\"sameAs\":[\"https:\/\/www.facebook.com\/taalhammer\",\"https:\/\/x.com\/taalhammer\",\"https:\/\/www.instagram.com\/taalhammer_pl\/\"]}]}<\/script>\n<!-- \/ Yoast SEO Premium plugin. -->","yoast_head_json":{"title":"Wprowadzenie - Nauka z Taalhammer'em | Taalhammer","description":"Witaj we wprowadzeniu do aplikacji Taalhammer. W tej sekcji dowiesz si\u0119 jak u\u017cywa\u0107 najbardziej podstawowych funkcji aplikacji","robots":{"index":"index","follow":"follow","max-snippet":"max-snippet:-1","max-image-preview":"max-image-preview:large","max-video-preview":"max-video-preview:-1"},"canonical":"https:\/\/www.taalhammer.com\/pl\/pomoc\/","og_locale":"pl_PL","og_type":"article","og_title":"Wprowadzenie - Nauka z Taalhammer'em","og_description":"Witaj we wprowadzeniu do aplikacji Taalhammer. W tej sekcji dowiesz si\u0119 jak u\u017cywa\u0107 najbardziej podstawowych funkcji aplikacji","og_url":"https:\/\/www.taalhammer.com\/pl\/pomoc\/","og_site_name":"Taalhammer","article_publisher":"https:\/\/www.facebook.com\/taalhammer","article_modified_time":"2025-12-12T15:10:53+00:00","og_image":[{"width":807,"height":1024,"url":"https:\/\/www.taalhammer.com\/wp-content\/uploads\/2021\/09\/image-1-807x1024-1.png","type":"image\/png"}],"twitter_card":"summary_large_image","twitter_site":"@taalhammer","twitter_misc":{"Szacowany czas czytania":"1 minuta"},"schema":{"@context":"https:\/\/schema.org","@graph":[{"@type":"WebPage","@id":"https:\/\/www.taalhammer.com\/pl\/pomoc\/","url":"https:\/\/www.taalhammer.com\/pl\/pomoc\/","name":"Wprowadzenie - Nauka z Taalhammer'em | Taalhammer","isPartOf":{"@id":"https:\/\/www.taalhammer.com\/pl\/#website"},"datePublished":"2024-05-28T13:00:32+00:00","dateModified":"2025-12-12T15:10:53+00:00","description":"Witaj we wprowadzeniu do aplikacji Taalhammer. W tej sekcji dowiesz si\u0119 jak u\u017cywa\u0107 najbardziej podstawowych funkcji aplikacji","breadcrumb":{"@id":"https:\/\/www.taalhammer.com\/pl\/pomoc\/#breadcrumb"},"inLanguage":"pl-PL","potentialAction":[{"@type":"ReadAction","target":["https:\/\/www.taalhammer.com\/pl\/pomoc\/"]}]},{"@type":"BreadcrumbList","@id":"https:\/\/www.taalhammer.com\/pl\/pomoc\/#breadcrumb","itemListElement":[{"@type":"ListItem","position":1,"name":"Home","item":"https:\/\/www.taalhammer.com\/pl\/"},{"@type":"ListItem","position":2,"name":"Wprowadzenie &#8211; Nauka z Taalhammer&#8217;em"}]},{"@type":"WebSite","@id":"https:\/\/www.taalhammer.com\/pl\/#website","url":"https:\/\/www.taalhammer.com\/pl\/","name":"Taalhammer","description":"Stop mumbling, start to speak","publisher":{"@id":"https:\/\/www.taalhammer.com\/pl\/#organization"},"potentialAction":[{"@type":"SearchAction","target":{"@type":"EntryPoint","urlTemplate":"https:\/\/www.taalhammer.com\/pl\/?s={search_term_string}"},"query-input":{"@type":"PropertyValueSpecification","valueRequired":true,"valueName":"search_term_string"}}],"inLanguage":"pl-PL"},{"@type":"Organization","@id":"https:\/\/www.taalhammer.com\/pl\/#organization","name":"Taalhammer","url":"https:\/\/www.taalhammer.com\/pl\/","logo":{"@type":"ImageObject","inLanguage":"pl-PL","@id":"https:\/\/www.taalhammer.com\/pl\/#\/schema\/logo\/image\/","url":"https:\/\/www.taalhammer.com\/wp-content\/uploads\/2019\/06\/Taalhammer_B_W_cut_negative.png","contentUrl":"https:\/\/www.taalhammer.com\/wp-content\/uploads\/2019\/06\/Taalhammer_B_W_cut_negative.png","width":290,"height":256,"caption":"Taalhammer"},"image":{"@id":"https:\/\/www.taalhammer.com\/pl\/#\/schema\/logo\/image\/"},"sameAs":["https:\/\/www.facebook.com\/taalhammer","https:\/\/x.com\/taalhammer","https:\/\/www.instagram.com\/taalhammer_pl\/"]}]}},"_links":{"self":[{"href":"https:\/\/www.taalhammer.com\/pl\/wp-json\/wp\/v2\/pages\/12200","targetHints":{"allow":["GET"]}}],"collection":[{"href":"https:\/\/www.taalhammer.com\/pl\/wp-json\/wp\/v2\/pages"}],"about":[{"href":"https:\/\/www.taalhammer.com\/pl\/wp-json\/wp\/v2\/types\/page"}],"author":[{"embeddable":true,"href":"https:\/\/www.taalhammer.com\/pl\/wp-json\/wp\/v2\/users\/16"}],"replies":[{"embeddable":true,"href":"https:\/\/www.taalhammer.com\/pl\/wp-json\/wp\/v2\/comments?post=12200"}],"version-history":[{"count":4,"href":"https:\/\/www.taalhammer.com\/pl\/wp-json\/wp\/v2\/pages\/12200\/revisions"}],"predecessor-version":[{"id":12231,"href":"https:\/\/www.taalhammer.com\/pl\/wp-json\/wp\/v2\/pages\/12200\/revisions\/12231"}],"wp:attachment":[{"href":"https:\/\/www.taalhammer.com\/pl\/wp-json\/wp\/v2\/media?parent=12200"}],"wp:term":[{"taxonomy":"category","embeddable":true,"href":"https:\/\/www.taalhammer.com\/pl\/wp-json\/wp\/v2\/categories?post=12200"},{"taxonomy":"post_tag","embeddable":true,"href":"https:\/\/www.taalhammer.com\/pl\/wp-json\/wp\/v2\/tags?post=12200"}],"curies":[{"name":"wp","href":"https:\/\/api.w.org\/{rel}","templated":true}]}}