{"id":12196,"date":"2024-05-28T12:52:28","date_gmt":"2024-05-28T12:52:28","guid":{"rendered":"https:\/\/www.taalhammer.com\/?page_id=12196"},"modified":"2025-04-01T12:31:48","modified_gmt":"2025-04-01T12:31:48","slug":"jak-sie-uczyc","status":"publish","type":"page","link":"https:\/\/www.taalhammer.com\/pl\/jak-sie-uczyc\/","title":{"rendered":"Jak si\u0119 uczy\u0107"},"content":{"rendered":"\n<p>Nauka nowych s\u0142\u00f3w i zda\u0144 w j\u0119zyku obcym poprzez odpytywanie i <strong>testowanie si\u0119<\/strong> znacznie przyspiesza zapami\u0119tywanie. W ten spos\u00f3b elementy szybciej przechodz\u0105 do pami\u0119ci d\u0142ugotrwa\u0142ej. Znacznie lepiej jest spr\u00f3bowa\u0107 przywo\u0142a\u0107 informacj\u0119 z naszej pami\u0119ci, ni\u017c w k\u00f3\u0142ko powtarza\u0107 materia\u0142, czytaj\u0105c go jeszcze raz, zakre\u015blaj\u0105c, notuj\u0105c itp. Nauka w Taalhammerze bazuje na ci\u0105g\u0142ym odpytywaniu i testowaniu.<\/p>\n\n\n\n<figure class=\"wp-block-embed is-type-video is-provider-youtube wp-block-embed-youtube wp-embed-aspect-16-9 wp-has-aspect-ratio\"><div class=\"wp-block-embed__wrapper\">\n<iframe loading=\"lazy\" title=\"Jak si\u0119 uczy\u0107 j\u0119zyka z Taalhamerem\" width=\"840\" height=\"473\" src=\"https:\/\/www.youtube.com\/embed\/w6W8eqzSA2A?feature=oembed\" frameborder=\"0\" allow=\"accelerometer; autoplay; clipboard-write; encrypted-media; gyroscope; picture-in-picture; web-share\" referrerpolicy=\"strict-origin-when-cross-origin\" allowfullscreen><\/iframe>\n<\/div><\/figure>\n\n\n\n<p>Najpierw poka\u017cemy Ci pi\u0119\u0107 s\u0142\u00f3w lub zda\u0144 na tablicy. Przeczytaj je, pos\u0142uchaj ich wymowy klikaj\u0105c na ikony g\u0142o\u015bnik\u00f3w i spr\u00f3buj je powiedzie\u0107 bez czytania. Gdy b\u0119dziesz got\u00f3w, kliknij \u201cnast\u0119pny\u201d.<\/p>\n\n\n<div class=\"wp-block-image\">\n<figure class=\"aligncenter size-large is-resized\"><img loading=\"lazy\" decoding=\"async\" width=\"473\" height=\"1024\" src=\"https:\/\/www.taalhammer.com\/wp-content\/uploads\/2025\/04\/IMG_2559-473x1024.png\" alt=\"\" class=\"wp-image-13905\" style=\"width:400px\" srcset=\"https:\/\/www.taalhammer.com\/wp-content\/uploads\/2025\/04\/IMG_2559-473x1024.png 473w, https:\/\/www.taalhammer.com\/wp-content\/uploads\/2025\/04\/IMG_2559-139x300.png 139w, https:\/\/www.taalhammer.com\/wp-content\/uploads\/2025\/04\/IMG_2559-768x1662.png 768w, https:\/\/www.taalhammer.com\/wp-content\/uploads\/2025\/04\/IMG_2559-710x1536.png 710w, https:\/\/www.taalhammer.com\/wp-content\/uploads\/2025\/04\/IMG_2559-946x2048.png 946w, https:\/\/www.taalhammer.com\/wp-content\/uploads\/2025\/04\/IMG_2559.png 1170w\" sizes=\"auto, (max-width: 473px) 85vw, 473px\" \/><\/figure>\n<\/div>\n\n\n<p><\/p>\n\n\n\n<p>Teraz sprawdzimy ile z nich tak naprawd\u0119 uda\u0142o ci si\u0119 zapami\u0119ta\u0107, jedno po drugim. Na pocz\u0105tku poka\u017cemy Ci tylko pytanie, czyli zdanie albo wyra\u017cenie w j\u0119zyku \u017ar\u00f3d\u0142owym (na przyk\u0142ad polskim), a Ty masz to powiedzie\u0107 w j\u0119zyku docelowym, tym kt\u00f3rego si\u0119 uczysz. Gdy b\u0119dziesz got\u00f3w kliknij \u201cpoka\u017c odpowied\u017a\u201d. Teraz oceniasz sam siebie: kliknij \u201ctrudne\u201d, \u201cprawie\u201d lub \u201c\u0142atwe\u201d . Na podstawie twojej samooceny nasza aplikacja planuje kolejne powt\u00f3rki tak aby przyspieszy\u0107 zapami\u0119tywanie.<\/p>\n\n\n<div class=\"wp-block-image\">\n<figure class=\"aligncenter size-large is-resized\"><img loading=\"lazy\" decoding=\"async\" width=\"473\" height=\"1024\" src=\"https:\/\/www.taalhammer.com\/wp-content\/uploads\/2025\/04\/IMG_2560-473x1024.png\" alt=\"\" class=\"wp-image-13907\" style=\"width:400px\" srcset=\"https:\/\/www.taalhammer.com\/wp-content\/uploads\/2025\/04\/IMG_2560-473x1024.png 473w, https:\/\/www.taalhammer.com\/wp-content\/uploads\/2025\/04\/IMG_2560-139x300.png 139w, https:\/\/www.taalhammer.com\/wp-content\/uploads\/2025\/04\/IMG_2560-768x1662.png 768w, https:\/\/www.taalhammer.com\/wp-content\/uploads\/2025\/04\/IMG_2560-710x1536.png 710w, https:\/\/www.taalhammer.com\/wp-content\/uploads\/2025\/04\/IMG_2560-946x2048.png 946w, https:\/\/www.taalhammer.com\/wp-content\/uploads\/2025\/04\/IMG_2560.png 1170w\" sizes=\"auto, (max-width: 473px) 85vw, 473px\" \/><\/figure>\n<\/div>\n\n\n<p>Teraz poka\u017cemy Ci dodatkowe zdania, podobne to tego, kt\u00f3rego w\u0142a\u015bnie si\u0119 uczysz. Je\u017celi spodoba Ci si\u0119 jaki\u015b przyk\u0142ad, mo\u017cesz doda\u0107 go swojej nauki klikaj\u0105c na gwiazdk\u0119 obok zdania.<\/p>\n\n\n<div class=\"wp-block-image\">\n<figure class=\"aligncenter size-large is-resized\"><img loading=\"lazy\" decoding=\"async\" width=\"473\" height=\"1024\" src=\"https:\/\/www.taalhammer.com\/wp-content\/uploads\/2025\/04\/IMG_2561-473x1024.png\" alt=\"\" class=\"wp-image-13910\" style=\"width:400px\" srcset=\"https:\/\/www.taalhammer.com\/wp-content\/uploads\/2025\/04\/IMG_2561-473x1024.png 473w, https:\/\/www.taalhammer.com\/wp-content\/uploads\/2025\/04\/IMG_2561-139x300.png 139w, https:\/\/www.taalhammer.com\/wp-content\/uploads\/2025\/04\/IMG_2561-768x1662.png 768w, https:\/\/www.taalhammer.com\/wp-content\/uploads\/2025\/04\/IMG_2561-710x1536.png 710w, https:\/\/www.taalhammer.com\/wp-content\/uploads\/2025\/04\/IMG_2561-946x2048.png 946w, https:\/\/www.taalhammer.com\/wp-content\/uploads\/2025\/04\/IMG_2561.png 1170w\" sizes=\"auto, (max-width: 473px) 85vw, 473px\" \/><\/figure>\n<\/div>\n\n\n<p>Kliknij \u201cnast\u0119pny\u201d, aby kontynuowa\u0107.<\/p>\n","protected":false},"excerpt":{"rendered":"<p>Nauka nowych s\u0142\u00f3w i zda\u0144 w j\u0119zyku obcym poprzez odpytywanie i testowanie si\u0119 znacznie przyspiesza zapami\u0119tywanie. W ten spos\u00f3b elementy szybciej przechodz\u0105 do pami\u0119ci d\u0142ugotrwa\u0142ej. Znacznie lepiej jest spr\u00f3bowa\u0107 przywo\u0142a\u0107&#8230;<\/p>\n","protected":false},"author":16,"featured_media":0,"parent":0,"menu_order":0,"comment_status":"closed","ping_status":"closed","template":"template-help-page.php","meta":{"_acf_changed":false,"pmpro_default_level":"","inline_featured_image":false,"footnotes":""},"categories":[],"tags":[],"class_list":["post-12196","page","type-page","status-publish","hentry","pmpro-has-access"],"acf":{"body_class":""},"yoast_head":"<!-- This site is optimized with the Yoast SEO Premium plugin v23.4 (Yoast SEO v23.4) - https:\/\/yoast.com\/wordpress\/plugins\/seo\/ -->\n<title>Jak si\u0119 uczy\u0107 | Taalhammer<\/title>\n<meta name=\"robots\" content=\"index, follow, max-snippet:-1, max-image-preview:large, max-video-preview:-1\" \/>\n<link rel=\"canonical\" href=\"https:\/\/www.taalhammer.com\/pl\/jak-sie-uczyc\/\" \/>\n<meta property=\"og:locale\" content=\"pl_PL\" \/>\n<meta property=\"og:type\" content=\"article\" \/>\n<meta property=\"og:title\" content=\"Jak si\u0119 uczy\u0107\" \/>\n<meta property=\"og:description\" content=\"Nauka nowych s\u0142\u00f3w i zda\u0144 w j\u0119zyku obcym poprzez odpytywanie i testowanie si\u0119 znacznie przyspiesza zapami\u0119tywanie. W ten spos\u00f3b elementy szybciej przechodz\u0105 do pami\u0119ci d\u0142ugotrwa\u0142ej. Znacznie lepiej jest spr\u00f3bowa\u0107 przywo\u0142a\u0107...\" \/>\n<meta property=\"og:url\" content=\"https:\/\/www.taalhammer.com\/pl\/jak-sie-uczyc\/\" \/>\n<meta property=\"og:site_name\" content=\"Taalhammer\" \/>\n<meta property=\"article:publisher\" content=\"https:\/\/www.facebook.com\/taalhammer\" \/>\n<meta property=\"article:modified_time\" content=\"2025-04-01T12:31:48+00:00\" \/>\n<meta property=\"og:image\" content=\"https:\/\/www.taalhammer.com\/wp-content\/uploads\/2025\/04\/IMG_2559-473x1024.png\" \/>\n<meta name=\"twitter:card\" content=\"summary_large_image\" \/>\n<meta name=\"twitter:site\" content=\"@taalhammer\" \/>\n<meta name=\"twitter:label1\" content=\"Szacowany czas czytania\" \/>\n\t<meta name=\"twitter:data1\" content=\"2 minuty\" \/>\n<script type=\"application\/ld+json\" class=\"yoast-schema-graph\">{\"@context\":\"https:\/\/schema.org\",\"@graph\":[{\"@type\":\"WebPage\",\"@id\":\"https:\/\/www.taalhammer.com\/pl\/jak-sie-uczyc\/\",\"url\":\"https:\/\/www.taalhammer.com\/pl\/jak-sie-uczyc\/\",\"name\":\"Jak si\u0119 uczy\u0107 | Taalhammer\",\"isPartOf\":{\"@id\":\"https:\/\/www.taalhammer.com\/pl\/#website\"},\"primaryImageOfPage\":{\"@id\":\"https:\/\/www.taalhammer.com\/pl\/jak-sie-uczyc\/#primaryimage\"},\"image\":{\"@id\":\"https:\/\/www.taalhammer.com\/pl\/jak-sie-uczyc\/#primaryimage\"},\"thumbnailUrl\":\"https:\/\/www.taalhammer.com\/wp-content\/uploads\/2025\/04\/IMG_2559-473x1024.png\",\"datePublished\":\"2024-05-28T12:52:28+00:00\",\"dateModified\":\"2025-04-01T12:31:48+00:00\",\"breadcrumb\":{\"@id\":\"https:\/\/www.taalhammer.com\/pl\/jak-sie-uczyc\/#breadcrumb\"},\"inLanguage\":\"pl-PL\",\"potentialAction\":[{\"@type\":\"ReadAction\",\"target\":[\"https:\/\/www.taalhammer.com\/pl\/jak-sie-uczyc\/\"]}]},{\"@type\":\"ImageObject\",\"inLanguage\":\"pl-PL\",\"@id\":\"https:\/\/www.taalhammer.com\/pl\/jak-sie-uczyc\/#primaryimage\",\"url\":\"https:\/\/www.taalhammer.com\/wp-content\/uploads\/2025\/04\/IMG_2559-473x1024.png\",\"contentUrl\":\"https:\/\/www.taalhammer.com\/wp-content\/uploads\/2025\/04\/IMG_2559-473x1024.png\"},{\"@type\":\"BreadcrumbList\",\"@id\":\"https:\/\/www.taalhammer.com\/pl\/jak-sie-uczyc\/#breadcrumb\",\"itemListElement\":[{\"@type\":\"ListItem\",\"position\":1,\"name\":\"Home\",\"item\":\"https:\/\/www.taalhammer.com\/pl\/\"},{\"@type\":\"ListItem\",\"position\":2,\"name\":\"Jak si\u0119 uczy\u0107\"}]},{\"@type\":\"WebSite\",\"@id\":\"https:\/\/www.taalhammer.com\/pl\/#website\",\"url\":\"https:\/\/www.taalhammer.com\/pl\/\",\"name\":\"Taalhammer\",\"description\":\"Stop mumbling, start to speak\",\"publisher\":{\"@id\":\"https:\/\/www.taalhammer.com\/pl\/#organization\"},\"potentialAction\":[{\"@type\":\"SearchAction\",\"target\":{\"@type\":\"EntryPoint\",\"urlTemplate\":\"https:\/\/www.taalhammer.com\/pl\/?s={search_term_string}\"},\"query-input\":{\"@type\":\"PropertyValueSpecification\",\"valueRequired\":true,\"valueName\":\"search_term_string\"}}],\"inLanguage\":\"pl-PL\"},{\"@type\":\"Organization\",\"@id\":\"https:\/\/www.taalhammer.com\/pl\/#organization\",\"name\":\"Taalhammer\",\"url\":\"https:\/\/www.taalhammer.com\/pl\/\",\"logo\":{\"@type\":\"ImageObject\",\"inLanguage\":\"pl-PL\",\"@id\":\"https:\/\/www.taalhammer.com\/pl\/#\/schema\/logo\/image\/\",\"url\":\"https:\/\/www.taalhammer.com\/wp-content\/uploads\/2019\/06\/Taalhammer_B_W_cut_negative.png\",\"contentUrl\":\"https:\/\/www.taalhammer.com\/wp-content\/uploads\/2019\/06\/Taalhammer_B_W_cut_negative.png\",\"width\":290,\"height\":256,\"caption\":\"Taalhammer\"},\"image\":{\"@id\":\"https:\/\/www.taalhammer.com\/pl\/#\/schema\/logo\/image\/\"},\"sameAs\":[\"https:\/\/www.facebook.com\/taalhammer\",\"https:\/\/x.com\/taalhammer\",\"https:\/\/www.instagram.com\/taalhammer_pl\/\"]}]}<\/script>\n<!-- \/ Yoast SEO Premium plugin. -->","yoast_head_json":{"title":"Jak si\u0119 uczy\u0107 | Taalhammer","robots":{"index":"index","follow":"follow","max-snippet":"max-snippet:-1","max-image-preview":"max-image-preview:large","max-video-preview":"max-video-preview:-1"},"canonical":"https:\/\/www.taalhammer.com\/pl\/jak-sie-uczyc\/","og_locale":"pl_PL","og_type":"article","og_title":"Jak si\u0119 uczy\u0107","og_description":"Nauka nowych s\u0142\u00f3w i zda\u0144 w j\u0119zyku obcym poprzez odpytywanie i testowanie si\u0119 znacznie przyspiesza zapami\u0119tywanie. W ten spos\u00f3b elementy szybciej przechodz\u0105 do pami\u0119ci d\u0142ugotrwa\u0142ej. Znacznie lepiej jest spr\u00f3bowa\u0107 przywo\u0142a\u0107...","og_url":"https:\/\/www.taalhammer.com\/pl\/jak-sie-uczyc\/","og_site_name":"Taalhammer","article_publisher":"https:\/\/www.facebook.com\/taalhammer","article_modified_time":"2025-04-01T12:31:48+00:00","og_image":[{"url":"https:\/\/www.taalhammer.com\/wp-content\/uploads\/2025\/04\/IMG_2559-473x1024.png"}],"twitter_card":"summary_large_image","twitter_site":"@taalhammer","twitter_misc":{"Szacowany czas czytania":"2 minuty"},"schema":{"@context":"https:\/\/schema.org","@graph":[{"@type":"WebPage","@id":"https:\/\/www.taalhammer.com\/pl\/jak-sie-uczyc\/","url":"https:\/\/www.taalhammer.com\/pl\/jak-sie-uczyc\/","name":"Jak si\u0119 uczy\u0107 | Taalhammer","isPartOf":{"@id":"https:\/\/www.taalhammer.com\/pl\/#website"},"primaryImageOfPage":{"@id":"https:\/\/www.taalhammer.com\/pl\/jak-sie-uczyc\/#primaryimage"},"image":{"@id":"https:\/\/www.taalhammer.com\/pl\/jak-sie-uczyc\/#primaryimage"},"thumbnailUrl":"https:\/\/www.taalhammer.com\/wp-content\/uploads\/2025\/04\/IMG_2559-473x1024.png","datePublished":"2024-05-28T12:52:28+00:00","dateModified":"2025-04-01T12:31:48+00:00","breadcrumb":{"@id":"https:\/\/www.taalhammer.com\/pl\/jak-sie-uczyc\/#breadcrumb"},"inLanguage":"pl-PL","potentialAction":[{"@type":"ReadAction","target":["https:\/\/www.taalhammer.com\/pl\/jak-sie-uczyc\/"]}]},{"@type":"ImageObject","inLanguage":"pl-PL","@id":"https:\/\/www.taalhammer.com\/pl\/jak-sie-uczyc\/#primaryimage","url":"https:\/\/www.taalhammer.com\/wp-content\/uploads\/2025\/04\/IMG_2559-473x1024.png","contentUrl":"https:\/\/www.taalhammer.com\/wp-content\/uploads\/2025\/04\/IMG_2559-473x1024.png"},{"@type":"BreadcrumbList","@id":"https:\/\/www.taalhammer.com\/pl\/jak-sie-uczyc\/#breadcrumb","itemListElement":[{"@type":"ListItem","position":1,"name":"Home","item":"https:\/\/www.taalhammer.com\/pl\/"},{"@type":"ListItem","position":2,"name":"Jak si\u0119 uczy\u0107"}]},{"@type":"WebSite","@id":"https:\/\/www.taalhammer.com\/pl\/#website","url":"https:\/\/www.taalhammer.com\/pl\/","name":"Taalhammer","description":"Stop mumbling, start to speak","publisher":{"@id":"https:\/\/www.taalhammer.com\/pl\/#organization"},"potentialAction":[{"@type":"SearchAction","target":{"@type":"EntryPoint","urlTemplate":"https:\/\/www.taalhammer.com\/pl\/?s={search_term_string}"},"query-input":{"@type":"PropertyValueSpecification","valueRequired":true,"valueName":"search_term_string"}}],"inLanguage":"pl-PL"},{"@type":"Organization","@id":"https:\/\/www.taalhammer.com\/pl\/#organization","name":"Taalhammer","url":"https:\/\/www.taalhammer.com\/pl\/","logo":{"@type":"ImageObject","inLanguage":"pl-PL","@id":"https:\/\/www.taalhammer.com\/pl\/#\/schema\/logo\/image\/","url":"https:\/\/www.taalhammer.com\/wp-content\/uploads\/2019\/06\/Taalhammer_B_W_cut_negative.png","contentUrl":"https:\/\/www.taalhammer.com\/wp-content\/uploads\/2019\/06\/Taalhammer_B_W_cut_negative.png","width":290,"height":256,"caption":"Taalhammer"},"image":{"@id":"https:\/\/www.taalhammer.com\/pl\/#\/schema\/logo\/image\/"},"sameAs":["https:\/\/www.facebook.com\/taalhammer","https:\/\/x.com\/taalhammer","https:\/\/www.instagram.com\/taalhammer_pl\/"]}]}},"_links":{"self":[{"href":"https:\/\/www.taalhammer.com\/pl\/wp-json\/wp\/v2\/pages\/12196","targetHints":{"allow":["GET"]}}],"collection":[{"href":"https:\/\/www.taalhammer.com\/pl\/wp-json\/wp\/v2\/pages"}],"about":[{"href":"https:\/\/www.taalhammer.com\/pl\/wp-json\/wp\/v2\/types\/page"}],"author":[{"embeddable":true,"href":"https:\/\/www.taalhammer.com\/pl\/wp-json\/wp\/v2\/users\/16"}],"replies":[{"embeddable":true,"href":"https:\/\/www.taalhammer.com\/pl\/wp-json\/wp\/v2\/comments?post=12196"}],"version-history":[{"count":5,"href":"https:\/\/www.taalhammer.com\/pl\/wp-json\/wp\/v2\/pages\/12196\/revisions"}],"predecessor-version":[{"id":13912,"href":"https:\/\/www.taalhammer.com\/pl\/wp-json\/wp\/v2\/pages\/12196\/revisions\/13912"}],"wp:attachment":[{"href":"https:\/\/www.taalhammer.com\/pl\/wp-json\/wp\/v2\/media?parent=12196"}],"wp:term":[{"taxonomy":"category","embeddable":true,"href":"https:\/\/www.taalhammer.com\/pl\/wp-json\/wp\/v2\/categories?post=12196"},{"taxonomy":"post_tag","embeddable":true,"href":"https:\/\/www.taalhammer.com\/pl\/wp-json\/wp\/v2\/tags?post=12196"}],"curies":[{"name":"wp","href":"https:\/\/api.w.org\/{rel}","templated":true}]}}