{"id":10469,"date":"2024-04-06T19:36:08","date_gmt":"2024-04-06T19:36:08","guid":{"rendered":"https:\/\/www.taalhammer.com\/?page_id=10469"},"modified":"2024-04-12T19:02:19","modified_gmt":"2024-04-12T19:02:19","slug":"jaka-metoda-sluchania-do-nauki-jezykow","status":"publish","type":"page","link":"https:\/\/www.taalhammer.com\/pl\/jaka-metoda-sluchania-do-nauki-jezykow\/","title":{"rendered":"Poznaj metod\u0119, kt\u00f3ra pomog\u0142a znanemu profesorowi pobi\u0107 rekord Guinessa i opanowa\u0107 50 j\u0119zyk\u00f3w"},"content":{"rendered":"\t\t<\/div>\n\t\t<style>\n\t\t\t#main {\n\t\t\t\tmin-height: 0;\n\t\t\t\tpadding-bottom: 0;\n\t\t\t}\n\t\t<\/style>\n<style>\n\t\t\t#hero-section-and-reviews-white-at-block_e087d1f20e3f5285c30a48e0429f6fed.best-course--white {\n\t\t\t\t\tbackground-color: #ffffff;\n\t\t}\n\t\t.best-course--white .best-course__simple-title{\n\t\tcolor: #000;\n\t}\n\t.best-course--white .best-course__simple-title .white{\n\t\tcolor: rgba(255, 109, 60, 1);\n\t}\n\t.best-course--white .best-course__content .content-at__text {\n\t\tcolor: #000;\n\t}\n\t.best-course--white .btn-at{\n\t\t\t\t\t\t\t\t\t\tbackground: #fe7ca3;\n\t\t\t\t\tborder: 1px solid #fe7ca3;\n\t\t\t\t\tcolor: #161616;\n\t\t\t\t\t\t}\n\t.best-course--white .btn-at:hover {\n\t\t\t\t\t\t\t\t\tborder: 1px solid #fe7ca3;\n\t\t\t\tcolor: #fe7ca3;\n\t\t\t\t\t\t\t\n\t\tbackground: inherit;\n\t}\n\t.best-course--white .best-course__info {\n\t\tcolor: #000;\n\t}\n\n\t.best-course--white .googleplay-button, \n\t.best-course--white .applestore-button {\n\t\tborder-color: #000;\n\t}\n\n\t.best-course--white .googleplay-button img,\n\t.best-course--white .applestore-button img {\n\t\tfilter: brightness(0%);\n\t}\n\n\n<\/style>\n<div id=\"hero-section-and-reviews-white-at-block_e087d1f20e3f5285c30a48e0429f6fed\" class=\"best-course best-course--white at-ff\">\n\t<div class=\"best-course__wrap\">\n\t\t<div class=\"best-course__left\">\n\t\t\t\t\t<h1 class=\"best-course__simple-title simple-title\">\n\t\t\t\t\t\t\t<span style=\"color: #000000;\">Poznaj metod\u0119, kt\u00f3ra pomog\u0142a<\/span>\n\t\t\t\t\t\t\t\t\t\t\t<span style=\"color: #fe7ca3;\">znanemu profesorowi<\/span>\n\t\t\t\t\t\t\t\t\t\t\t<span style=\"color: #000000;\">pobi\u0107 rekord Guinessa i<\/span>\n\t\t\t\t\t\t\t\t\t\t\t<span style=\"color: #fe7ca3;\">opanowa\u0107 50 j\u0119zyk\u00f3w<\/span>\n\t\t\t\t\t\t\t\t\t\t<\/h1>\n\t\t\t\t\t\t\t\t\t\t\t<div class=\"best-course__content content-at\"> \n\t\t\t\t<div class=\"content-at__text\">W aplikacji Taalhammer mo\u017cesz z \u0142atwo\u015bci\u0105 stosowa\u0107 t\u0105 metod\u0119, robi\u0105c w tym czasie inne rzeczy! <\/div>\n\t\t\t\t<\/div>\n\t\t\t\t\t\t\t\t\t\t\t\t\t\t\t\t\t\t<div class=\"best-course__btn\">\n\t\t\t\t\t\t\t\t\t\t\t<a class=\"btn-at\" rel=\"nofollow\" href=\"https:\/\/taalhammer.com\/login\" target=\"_blank\">Chc\u0119 zacz\u0105\u0107 teraz<\/a>\n\t\t\t\t\t\n\t\t\t\t\t\t\t\t\t\t\t\t<a href=\"https:\/\/play.google.com\/store\/apps\/details?id=com.taalhammer.app&#038;hl=pl\" target=\"_blank\" rel=\"nofollow\" class=\"googleplay-button\" data-cta-track=\"true\" data-cta-position=\"cta-google-play-hero-white-button\">\n\t\t\t\t\t\t\t\t\t<img decoding=\"async\" src=\"https:\/\/www.taalhammer.com\/wp-content\/uploads\/2023\/10\/google-play-icon-pl.svg\" alt=\"Google Play icon\">\n\t\t\t\t\t\t\t<\/a>\n\t\t\t\t\t\n\t\t\t\t\t\t\t\t\t\t\t\t<a href=\"https:\/\/apps.apple.com\/nl\/app\/taalhammer\/id6466196153?l=pl-PL\" target=\"_blank\" rel=\"nofollow\" class=\"applestore-button\" data-cta-track=\"true\" data-cta-position=\"cta-applestore-hero-white-button\">\n\t\t\t\t\t\t\t\t\t<img decoding=\"async\" src=\"https:\/\/www.taalhammer.com\/wp-content\/uploads\/2023\/10\/applestore-icon-pl.svg\" alt=\"AppleStore icon\">\n\t\t\t\t\t\t\t<\/a>\n\t\t\t\t\t\n\t\t\t\t\t<div class=\"best-course__info\"><\/div>\n\t\t\t\t<\/div>\n\t\t\t\t\t\t\t<\/div>\n\t\t<div class=\"best-course__right\">\n\t\t\t<div class=\"img-wrap\">\n\t\t\t\t<div>\n\t\t\t\t\t\t\t\t\t<picture>\n\t\t\t\t\t\t\t\t\t\t\t\t\t\t\t\t\t\t<img decoding=\"async\" src=\"https:\/\/www.taalhammer.com\/wp-content\/uploads\/2024\/04\/jaka-metoda-sluchania-do-nauki-jezykow.png\" alt=\"\" \/>\n\t\t\t\t\t\t\t\t\t\t\t\t\n\t\t\t\t\t\t\t\t\t\t<\/picture>\n\t\t\t\t\t\t\t\t<\/div>\n\t\t\t<\/div>\n\t\t<\/div>\n\t<\/div>\n<\/div>\n<div class=\"entry-content\">\n\n\n<p>\u201cCie\u0144 mowy\u201d (po angielsku \u201cshadowing\u201d) to s\u0142ynna metoda opracowana przez <strong>znanego profesora i poliglot\u0119 Alexandra Arg\u00fcellesa <\/strong>polegaj\u0105ca na powtarzaniu ze s\u0142uchu wszystkiego, co s\u0142yszymy, dok\u0142adnie <strong>tak jak robi\u0105 to dzieci<\/strong>.<\/p>\n\n\n\n<p>W Taalhammerze dodatkowo j\u0105 ulepszyli\u015bmy, u\u017cywaj\u0105c nowoczesnych algorytm\u00f3w do nauki j\u0119zyka, tak aby proces sta\u0142 si\u0119 jeszcze bardziej skuteczny.<\/p>\n\n\n\n<p>\u017beby pokaza\u0107 Ci jak\u0105 przewag\u0119 zyskujesz w por\u00f3wnaniu do nauki na podobnych aplikacjach, dajemy Ci ofert\u0119 na 6 miesi\u0119cy za jedyne 149 z\u0142. Skorzystaj z tej jednorazowej oferty i zapomnij o monotonnej gramatyce i niepraktycznych s\u0142\u00f3wkach.<\/p>\n\n\n<style>\n\t#banner-section-1-at-block_359f3854494c36125ea0aed0b5715cf0.banner-at--bg{\n\t\t\tbackground-image: url('https:\/\/www.taalhammer.com\/wp-content\/themes\/taalhammer-theme\/assets\/images\/png\/banner-bg1.png');\n\t\t\tbackground-color: #ffffff;\n\t\t\tborder: 0px solid #FFD600;\n\t}\n\t@media only screen and (max-width: 550px) {\n\t\t#banner-section-1-at-block_359f3854494c36125ea0aed0b5715cf0.banner-at--bg {\n\t\t\tbackground-image: url('https:\/\/www.taalhammer.com\/wp-content\/themes\/taalhammer-theme\/assets\/images\/png\/banner-bg1-mob.png');\n\t\t\tborder: none;\n\t\t}\n\t}\n\t@media only screen and (max-width: 916px) {\n\t\tmain #banner-section-1-at-block_359f3854494c36125ea0aed0b5715cf0.banner-at--bg {\n\t\t\tbackground-image: url('https:\/\/www.taalhammer.com\/wp-content\/themes\/taalhammer-theme\/assets\/images\/png\/banner-bg1-mob.png');\n\t\t\tborder: none;\n\t\t}\n\t}\n\t#banner-section-1-at-block_359f3854494c36125ea0aed0b5715cf0 .banner-at__subtitle {\n\t\tcolor: #262626;\n\t}\n\t#banner-section-1-at-block_359f3854494c36125ea0aed0b5715cf0 .banner-at__subtitle--border {\n\t\tcolor: #262626;\n\t\tborder: 1px solid #262626;\n\t}\n\t#banner-section-1-at-block_359f3854494c36125ea0aed0b5715cf0 .banner-at__title {\n\t\tcolor: #161616;\n\t}\n\t#banner-section-1-at-block_359f3854494c36125ea0aed0b5715cf0 .banner-at__content .content-at__text{\n\t\tcolor: #161616;\n\t}\n\t#banner-section-1-at-block_359f3854494c36125ea0aed0b5715cf0 .banner-at__btn .btn-at {\n\t\tbackground: #ffd600;\n\t\tcolor: #161616;\n\t\tborder: 1px solid rgba(255, 214, 0, 1);\n\t\tbox-shadow: none;\n\t}\n\t#banner-section-1-at-block_359f3854494c36125ea0aed0b5715cf0 .banner-at__btn .btn-at:hover {\n\t\tbackground: inherit;\n\t\tcolor: #ffd600;\n\t\tborder: 1px solid rgba(255, 214, 0, 1);\n\t}\n<\/style>\n<div class=\"banner-at at-ff banner-at--bg\" id=\"banner-section-1-at-block_359f3854494c36125ea0aed0b5715cf0\">\n\t<div class=\"banner-at__wrap banner-at__wrap--center\">\n\t\t\t\t<div class=\"banner-at__right\">\n\t\t\t\t\t\t\t\t\t\t\t\t\t\t<div class=\"banner-at__subtitle banner-at__subtitle--border\">Jednorazowa Oferta Taalhammera<\/div>\n\t\t\t\t\t\t\t\t\t\t\t\t\t\t\t\t\t\t<div class=\"banner-at__title\">6 miesi\u0119cy za jedyne 149 z\u0142<\/div>\n\t\t\t\t\t\t\t\t<div class=\"banner-at__content content-at\">\n\t\t\t\t\t\t\t\t\t\t\t\t<div class=\"content-at__text\">Powtarzaj z inteligentnym systemem powt\u00f3rek i zapomnij o zapominaniu.<\/div>\n\t\t\t\t\t\t\t\t\t\t<\/div>\n\t\t\t\t\t\t\t\t\t\t\t\t<div class=\"banner-at__btn\">\n\t\t\t\t\t\t<a class=\"btn-at\" rel=\"nofollow\" href=\"https:\/\/www.taalhammer.com\/pl\/cennik\/\" cta-type=\"cta-banner-pl-repetition\" data-cta-track=\"true\" data-cta-position=\"start-text\">Odbieram Pe\u0142ny Dost\u0119p<\/a>\n\t\t\t\t\t<\/div>\n\t\t\t\t\t\t\t\t\t<\/div>\n\t<\/div>\n<\/div>\n\n\n\n<p>To Ci\u0119 mo\u017ce zaskoczy\u0107, ale pomimo faktu, \u017ce wiele ucz\u0105cych si\u0119 os\u00f3b zaczyna rozumie\u0107 szybciej, ni\u017c m\u00f3wi\u0107, to umiej\u0119tno\u015b\u0107 rozumienia j\u0119zyka jest tak naprawd\u0119 najtrudniejsza.<\/p>\n\n\n\n<p>Na pocz\u0105tku nie rozpoznajesz na przyk\u0142ad, gdzie s\u0142owo si\u0119 zaczyna i ko\u0144czy. Wszystko brzmi jak niezrozumia\u0142y strumie\u0144 d\u017awi\u0119k\u00f3w.<\/p>\n\n\n\n<h2 class=\"wp-block-heading\" id=\"h-metoda-arguellesa-na-sterydach\">Metoda Arguellesa na sterydach<\/h2>\n\n\n\n<p>Powtarzanie wed\u0142ug metody profesora Arguellesa, czyli s\u0142uchanie tekstu i powtarzanie zdanie po zdaniu, ma wielu zwolennik\u00f3w i na pierwszy rzut oka wygl\u0105da zdecydowanie interesuj\u0105co.&nbsp;<\/p>\n\n\n\n<p>Z naszych praktyk wynika jednak, \u017ce w rzeczywisto\u015bci to podej\u015bcie mo\u017ce jednak okaza\u0107 si\u0119 dla wielu os\u00f3b trudne do wdro\u017cenia.&nbsp;<\/p>\n\n\n\n<p>Ma to zwi\u0105zek przede wszystkim ze<strong> znajdywaniem odpowiednich dla tej metody tekst\u00f3w <\/strong>treningowych.&nbsp;<\/p>\n\n\n\n<p>Poza tym powtarzanie przez d\u0142ugi czas jest m\u0119cz\u0105ce. Zw\u0142aszcza je\u015bli temat nie do ko\u0144ca nas interesuje, a tekst jest d\u0142ugi i wymaga du\u017cego skupienia. \u0141atwo wtedy<strong> straci\u0107 motywacj\u0119,<\/strong> \u017ceby dalej u\u017cywa\u0107 takiej techniki.&nbsp;<\/p>\n\n\n\n<p>Dlatego w Taalhammerze zdecydowali\u015bmy si\u0119 upro\u015bci\u0107 metod\u0119 shadowingu i zaprojektowali\u015bmy <strong>jej cyfrow\u0105 wersj\u0119.&nbsp;<\/strong><\/p>\n\n\n\n<h2 class=\"wp-block-heading\" id=\"h-jak-dziala-shadowing-slow-i-zdan-nbsp\">Jak dzia\u0142a shadowing s\u0142\u00f3w i zda\u0144&nbsp;<\/h2>\n\n\n\n<p>W naszej aplikacji najpierw s\u0142yszysz wyra\u017cenie w j\u0119zyku \u017ar\u00f3d\u0142owym (czyli ojczystym: w tym wypadku prawdopodobnie polskim), a potem masz czas na przet\u0142umaczenie go na j\u0119zyk docelowy (np. angielski).<\/p>\n\n\n\n<p>Przyk\u0142ad: je\u015bli uczysz si\u0119 angielskiego najpierw s\u0142yszysz zdanie po polsku. Po nim nast\u0119puje kilka sekund przerwy na przet\u0142umaczenie i wypowiedzenie zdania po angielsku, po czym po kolejnych kilku sekundach dostajesz poprawn\u0105 odpowied\u017a (po angielsku) dla sprawdzenia poprawno\u015bci Twojej wypowiedzi.&nbsp;<\/p>\n\n\n\n<p>Ostatni krok to powtarzanie na g\u0142os \u201cza aplikacj\u0105\u201d poprawnej wersji zdania (lub s\u0142owa), w tym wypadku po angielsku. Sekwencja wygl\u0105da zatem nast\u0119puj\u0105co: <strong>j\u0119zyk \u017ar\u00f3d\u0142owy (ojczysty) \u2013 pauza \u2013 j\u0119zyk docelowy \u2013 pauza \u2013 nast\u0119pny element.&nbsp;&nbsp;<\/strong><\/p>\n\n\n\n<h2 class=\"wp-block-heading\" id=\"h-zaskakujace-korzysci-nauki-w-ruchu\">Zaskakuj\u0105ce korzy\u015bci nauki w ruchu<\/h2>\n\n\n\n<p>Jednym z filar\u00f3w modelu zaproponowanego przez Arg\u00fcellesa jest uczenie si\u0119 w ruchu, \u017ceby <strong>dodatkowo stymulowa\u0107 prac\u0119 m\u00f3zgu<\/strong> i uczy\u0107 si\u0119 jeszcze skuteczniej.&nbsp;<\/p>\n\n\n\n<p>W\u0142a\u015bnie dlatego w Taalhammerze opracowali\u015bmy tryb s\u0142uchania, gdzie po jednym naci\u015bni\u0119ciu Play, Twoje r\u0119ce s\u0105 wolne i mo\u017cesz w tym czasie zaj\u0105\u0107 si\u0119 dowoln\u0105 czynno\u015bci\u0105, czy to szybkim spacerem, czy gotowaniem.<\/p>\n\n\n\n<p>Zaawansowany algorytm aplikacji u\u0142atwia trenowanie s\u0142uchania i m\u00f3wienia oraz dostosowuje kolejno\u015b\u0107 \u0107wicze\u0144,<strong> tak aby utrwala\u0107 najtrudniejsze cz\u0119\u015bci<\/strong>, w tym poprawny akcent.&nbsp;<\/p>\n\n\n\n<p>Shadowing to tylko jeden z nowoczesnych modu\u0142\u00f3w do nauki j\u0119zyk\u00f3w w Taalhammer, kt\u00f3ry sprawia, \u017ce nauka staje si\u0119 <strong>prosta i intuicyjna<\/strong>. Nie tylko oparli\u015bmy nasze metody na naukowych badaniach, ale sprawdzili\u015bmy je na sobie, inwestuj\u0105c tysi\u0105ce godzin w nauk\u0119 r\u00f3\u017cnych j\u0119zyk\u00f3w, w tym tak \u201cegzotycznych\u201d jak malezyjski lub tak niszowy holenderski.&nbsp;<\/p>\n\n\n\n<p>Ja sam, autor tego tekstu, m\u00f3wi\u0119 p\u0142ynnie sze\u015bcioma j\u0119zykami, a ka\u017cdy z nich opanowa\u0142em, u\u017cywaj\u0105c metod, na kt\u00f3rych opiera si\u0119 Taalhammer.&nbsp;&nbsp;<\/p>\n\n\n\n<p>Do\u0142\u0105cz do rewolucji w nauce j\u0119zyka i wypr\u00f3buj Taalhammera w limitowanej ofercie 6 miesi\u0119cy korzystania z pe\u0142nej funkcjonalno\u015bci aplikacji za jedyne 149 z\u0142 .<\/p>\n\n\n<style>\n\t#banner-section-1-at-block_f8586f84fb7ad1a9c34f2bee46f9bebd.banner-at--bg{\n\t\t\tbackground-image: url('https:\/\/www.taalhammer.com\/wp-content\/themes\/taalhammer-theme\/assets\/images\/png\/banner-bg1.png');\n\t\t\tbackground-color: #ffffff;\n\t\t\tborder: 0px solid #FFD600;\n\t}\n\t@media only screen and (max-width: 550px) {\n\t\t#banner-section-1-at-block_f8586f84fb7ad1a9c34f2bee46f9bebd.banner-at--bg {\n\t\t\tbackground-image: url('https:\/\/www.taalhammer.com\/wp-content\/themes\/taalhammer-theme\/assets\/images\/png\/banner-bg1-mob.png');\n\t\t\tborder: none;\n\t\t}\n\t}\n\t@media only screen and (max-width: 916px) {\n\t\tmain #banner-section-1-at-block_f8586f84fb7ad1a9c34f2bee46f9bebd.banner-at--bg {\n\t\t\tbackground-image: url('https:\/\/www.taalhammer.com\/wp-content\/themes\/taalhammer-theme\/assets\/images\/png\/banner-bg1-mob.png');\n\t\t\tborder: none;\n\t\t}\n\t}\n\t#banner-section-1-at-block_f8586f84fb7ad1a9c34f2bee46f9bebd .banner-at__subtitle {\n\t\tcolor: #262626;\n\t}\n\t#banner-section-1-at-block_f8586f84fb7ad1a9c34f2bee46f9bebd .banner-at__subtitle--border {\n\t\tcolor: #262626;\n\t\tborder: 1px solid #262626;\n\t}\n\t#banner-section-1-at-block_f8586f84fb7ad1a9c34f2bee46f9bebd .banner-at__title {\n\t\tcolor: #161616;\n\t}\n\t#banner-section-1-at-block_f8586f84fb7ad1a9c34f2bee46f9bebd .banner-at__content .content-at__text{\n\t\tcolor: #161616;\n\t}\n\t#banner-section-1-at-block_f8586f84fb7ad1a9c34f2bee46f9bebd .banner-at__btn .btn-at {\n\t\tbackground: #ffd600;\n\t\tcolor: #161616;\n\t\tborder: 1px solid rgba(255, 214, 0, 1);\n\t\tbox-shadow: none;\n\t}\n\t#banner-section-1-at-block_f8586f84fb7ad1a9c34f2bee46f9bebd .banner-at__btn .btn-at:hover {\n\t\tbackground: inherit;\n\t\tcolor: #ffd600;\n\t\tborder: 1px solid rgba(255, 214, 0, 1);\n\t}\n<\/style>\n<div class=\"banner-at at-ff banner-at--bg\" id=\"banner-section-1-at-block_f8586f84fb7ad1a9c34f2bee46f9bebd\">\n\t<div class=\"banner-at__wrap banner-at__wrap--center\">\n\t\t\t\t\t<div class=\"banner-at__left\">\n\t\t\t\t<div class=\"img-wrap\">\n\t\t\t\t\t<div>\n\t\t\t\t\t\t<picture>\n\t\t\t\t\t\t\t<img decoding=\"async\" src=\"https:\/\/www.taalhammer.com\/wp-content\/themes\/taalhammer-theme\/assets\/images\/svg\/banner-img-1.svg\" alt=\"\" \/>\n\t\t\t\t\t\t<\/picture>\n\t\t\t\t\t<\/div>\n\t\t\t\t<\/div>\n\t\t\t<\/div>\n\t\t\t\t<div class=\"banner-at__right\">\n\t\t\t\t\t\t\t\t\t\t\t\t\t\t<div class=\"banner-at__subtitle banner-at__subtitle--border\">Jednorazowa Oferta Taalhammera<\/div>\n\t\t\t\t\t\t\t\t\t\t\t\t\t\t\t\t\t\t<div class=\"banner-at__title\">6 miesi\u0119cy za jedyne 149 z\u0142<\/div>\n\t\t\t\t\t\t\t\t<div class=\"banner-at__content content-at\">\n\t\t\t\t\t\t\t\t\t\t\t\t<div class=\"content-at__text\">Powtarzaj z inteligentnym systemem powt\u00f3rek i zapomnij o zapominaniu.<\/div>\n\t\t\t\t\t\t\t\t\t\t<\/div>\n\t\t\t\t\t\t\t\t\t\t\t\t<div class=\"banner-at__btn\">\n\t\t\t\t\t\t<a class=\"btn-at\" rel=\"nofollow\" href=\"https:\/\/www.taalhammer.com\/pl\/cennik\/\" cta-type=\"cta-banner-pl-repetition\" data-cta-track=\"true\" data-cta-position=\"Position text goes here set by default\">Odbieram Pe\u0142ny Dost\u0119p<\/a>\n\t\t\t\t\t<\/div>\n\t\t\t\t\t\t\t\t\t<\/div>\n\t<\/div>\n<\/div>\n","protected":false},"excerpt":{"rendered":"<p>\u201cCie\u0144 mowy\u201d (po angielsku \u201cshadowing\u201d) to s\u0142ynna metoda opracowana przez znanego profesora i poliglot\u0119 Alexandra Arg\u00fcellesa polegaj\u0105ca na powtarzaniu ze s\u0142uchu wszystkiego, co s\u0142yszymy, dok\u0142adnie tak jak robi\u0105 to dzieci&#8230;.<\/p>\n","protected":false},"author":16,"featured_media":0,"parent":0,"menu_order":0,"comment_status":"closed","ping_status":"closed","template":"template-guide.php","meta":{"_acf_changed":false,"pmpro_default_level":"","inline_featured_image":false,"footnotes":""},"categories":[],"tags":[],"class_list":["post-10469","page","type-page","status-publish","hentry","pmpro-has-access"],"acf":{"body_class":""},"yoast_head":"<!-- This site is optimized with the Yoast SEO Premium plugin v23.4 (Yoast SEO v23.4) - https:\/\/yoast.com\/wordpress\/plugins\/seo\/ -->\n<title>Poznaj metod\u0119, kt\u00f3ra pomog\u0142a znanemu profesorowi pobi\u0107 rekord Guinessa i opanowa\u0107 50 j\u0119zyk\u00f3w | Taalhammer<\/title>\n<meta name=\"robots\" content=\"index, follow, max-snippet:-1, max-image-preview:large, max-video-preview:-1\" \/>\n<link rel=\"canonical\" href=\"https:\/\/www.taalhammer.com\/pl\/jaka-metoda-sluchania-do-nauki-jezykow\/\" \/>\n<meta property=\"og:locale\" content=\"pl_PL\" \/>\n<meta property=\"og:type\" content=\"article\" \/>\n<meta property=\"og:title\" content=\"Poznaj metod\u0119, kt\u00f3ra pomog\u0142a znanemu profesorowi pobi\u0107 rekord Guinessa i opanowa\u0107 50 j\u0119zyk\u00f3w\" \/>\n<meta property=\"og:description\" content=\"\u201cCie\u0144 mowy\u201d (po angielsku \u201cshadowing\u201d) to s\u0142ynna metoda opracowana przez znanego profesora i poliglot\u0119 Alexandra Arg\u00fcellesa polegaj\u0105ca na powtarzaniu ze s\u0142uchu wszystkiego, co s\u0142yszymy, dok\u0142adnie tak jak robi\u0105 to dzieci....\" \/>\n<meta property=\"og:url\" content=\"https:\/\/www.taalhammer.com\/pl\/jaka-metoda-sluchania-do-nauki-jezykow\/\" \/>\n<meta property=\"og:site_name\" content=\"Taalhammer\" \/>\n<meta property=\"article:publisher\" content=\"https:\/\/www.facebook.com\/taalhammer\" \/>\n<meta property=\"article:modified_time\" content=\"2024-04-12T19:02:19+00:00\" \/>\n<meta property=\"og:image\" content=\"https:\/\/www.taalhammer.com\/wp-content\/uploads\/2024\/04\/jaka-metoda-sluchania-do-nauki-jezykow.png\" \/>\n\t<meta property=\"og:image:width\" content=\"747\" \/>\n\t<meta property=\"og:image:height\" content=\"515\" \/>\n\t<meta property=\"og:image:type\" content=\"image\/png\" \/>\n<meta name=\"twitter:card\" content=\"summary_large_image\" \/>\n<meta name=\"twitter:site\" content=\"@taalhammer\" \/>\n<meta name=\"twitter:label1\" content=\"Szacowany czas czytania\" \/>\n\t<meta name=\"twitter:data1\" content=\"3 minuty\" \/>\n<script type=\"application\/ld+json\" class=\"yoast-schema-graph\">{\"@context\":\"https:\/\/schema.org\",\"@graph\":[{\"@type\":\"WebPage\",\"@id\":\"https:\/\/www.taalhammer.com\/pl\/jaka-metoda-sluchania-do-nauki-jezykow\/\",\"url\":\"https:\/\/www.taalhammer.com\/pl\/jaka-metoda-sluchania-do-nauki-jezykow\/\",\"name\":\"Poznaj metod\u0119, kt\u00f3ra pomog\u0142a znanemu profesorowi pobi\u0107 rekord Guinessa i opanowa\u0107 50 j\u0119zyk\u00f3w | Taalhammer\",\"isPartOf\":{\"@id\":\"https:\/\/www.taalhammer.com\/pl\/#website\"},\"datePublished\":\"2024-04-06T19:36:08+00:00\",\"dateModified\":\"2024-04-12T19:02:19+00:00\",\"breadcrumb\":{\"@id\":\"https:\/\/www.taalhammer.com\/pl\/jaka-metoda-sluchania-do-nauki-jezykow\/#breadcrumb\"},\"inLanguage\":\"pl-PL\",\"potentialAction\":[{\"@type\":\"ReadAction\",\"target\":[\"https:\/\/www.taalhammer.com\/pl\/jaka-metoda-sluchania-do-nauki-jezykow\/\"]}]},{\"@type\":\"BreadcrumbList\",\"@id\":\"https:\/\/www.taalhammer.com\/pl\/jaka-metoda-sluchania-do-nauki-jezykow\/#breadcrumb\",\"itemListElement\":[{\"@type\":\"ListItem\",\"position\":1,\"name\":\"Home\",\"item\":\"https:\/\/www.taalhammer.com\/pl\/\"},{\"@type\":\"ListItem\",\"position\":2,\"name\":\"Poznaj metod\u0119, kt\u00f3ra pomog\u0142a znanemu profesorowi pobi\u0107 rekord Guinessa i opanowa\u0107 50 j\u0119zyk\u00f3w\"}]},{\"@type\":\"WebSite\",\"@id\":\"https:\/\/www.taalhammer.com\/pl\/#website\",\"url\":\"https:\/\/www.taalhammer.com\/pl\/\",\"name\":\"Taalhammer\",\"description\":\"Stop mumbling, start to speak\",\"publisher\":{\"@id\":\"https:\/\/www.taalhammer.com\/pl\/#organization\"},\"potentialAction\":[{\"@type\":\"SearchAction\",\"target\":{\"@type\":\"EntryPoint\",\"urlTemplate\":\"https:\/\/www.taalhammer.com\/pl\/?s={search_term_string}\"},\"query-input\":{\"@type\":\"PropertyValueSpecification\",\"valueRequired\":true,\"valueName\":\"search_term_string\"}}],\"inLanguage\":\"pl-PL\"},{\"@type\":\"Organization\",\"@id\":\"https:\/\/www.taalhammer.com\/pl\/#organization\",\"name\":\"Taalhammer\",\"url\":\"https:\/\/www.taalhammer.com\/pl\/\",\"logo\":{\"@type\":\"ImageObject\",\"inLanguage\":\"pl-PL\",\"@id\":\"https:\/\/www.taalhammer.com\/pl\/#\/schema\/logo\/image\/\",\"url\":\"https:\/\/www.taalhammer.com\/wp-content\/uploads\/2019\/06\/Taalhammer_B_W_cut_negative.png\",\"contentUrl\":\"https:\/\/www.taalhammer.com\/wp-content\/uploads\/2019\/06\/Taalhammer_B_W_cut_negative.png\",\"width\":290,\"height\":256,\"caption\":\"Taalhammer\"},\"image\":{\"@id\":\"https:\/\/www.taalhammer.com\/pl\/#\/schema\/logo\/image\/\"},\"sameAs\":[\"https:\/\/www.facebook.com\/taalhammer\",\"https:\/\/x.com\/taalhammer\",\"https:\/\/www.instagram.com\/taalhammer_pl\/\"]}]}<\/script>\n<!-- \/ Yoast SEO Premium plugin. -->","yoast_head_json":{"title":"Poznaj metod\u0119, kt\u00f3ra pomog\u0142a znanemu profesorowi pobi\u0107 rekord Guinessa i opanowa\u0107 50 j\u0119zyk\u00f3w | Taalhammer","robots":{"index":"index","follow":"follow","max-snippet":"max-snippet:-1","max-image-preview":"max-image-preview:large","max-video-preview":"max-video-preview:-1"},"canonical":"https:\/\/www.taalhammer.com\/pl\/jaka-metoda-sluchania-do-nauki-jezykow\/","og_locale":"pl_PL","og_type":"article","og_title":"Poznaj metod\u0119, kt\u00f3ra pomog\u0142a znanemu profesorowi pobi\u0107 rekord Guinessa i opanowa\u0107 50 j\u0119zyk\u00f3w","og_description":"\u201cCie\u0144 mowy\u201d (po angielsku \u201cshadowing\u201d) to s\u0142ynna metoda opracowana przez znanego profesora i poliglot\u0119 Alexandra Arg\u00fcellesa polegaj\u0105ca na powtarzaniu ze s\u0142uchu wszystkiego, co s\u0142yszymy, dok\u0142adnie tak jak robi\u0105 to dzieci....","og_url":"https:\/\/www.taalhammer.com\/pl\/jaka-metoda-sluchania-do-nauki-jezykow\/","og_site_name":"Taalhammer","article_publisher":"https:\/\/www.facebook.com\/taalhammer","article_modified_time":"2024-04-12T19:02:19+00:00","og_image":[{"width":747,"height":515,"url":"https:\/\/www.taalhammer.com\/wp-content\/uploads\/2024\/04\/jaka-metoda-sluchania-do-nauki-jezykow.png","type":"image\/png"}],"twitter_card":"summary_large_image","twitter_site":"@taalhammer","twitter_misc":{"Szacowany czas czytania":"3 minuty"},"schema":{"@context":"https:\/\/schema.org","@graph":[{"@type":"WebPage","@id":"https:\/\/www.taalhammer.com\/pl\/jaka-metoda-sluchania-do-nauki-jezykow\/","url":"https:\/\/www.taalhammer.com\/pl\/jaka-metoda-sluchania-do-nauki-jezykow\/","name":"Poznaj metod\u0119, kt\u00f3ra pomog\u0142a znanemu profesorowi pobi\u0107 rekord Guinessa i opanowa\u0107 50 j\u0119zyk\u00f3w | Taalhammer","isPartOf":{"@id":"https:\/\/www.taalhammer.com\/pl\/#website"},"datePublished":"2024-04-06T19:36:08+00:00","dateModified":"2024-04-12T19:02:19+00:00","breadcrumb":{"@id":"https:\/\/www.taalhammer.com\/pl\/jaka-metoda-sluchania-do-nauki-jezykow\/#breadcrumb"},"inLanguage":"pl-PL","potentialAction":[{"@type":"ReadAction","target":["https:\/\/www.taalhammer.com\/pl\/jaka-metoda-sluchania-do-nauki-jezykow\/"]}]},{"@type":"BreadcrumbList","@id":"https:\/\/www.taalhammer.com\/pl\/jaka-metoda-sluchania-do-nauki-jezykow\/#breadcrumb","itemListElement":[{"@type":"ListItem","position":1,"name":"Home","item":"https:\/\/www.taalhammer.com\/pl\/"},{"@type":"ListItem","position":2,"name":"Poznaj metod\u0119, kt\u00f3ra pomog\u0142a znanemu profesorowi pobi\u0107 rekord Guinessa i opanowa\u0107 50 j\u0119zyk\u00f3w"}]},{"@type":"WebSite","@id":"https:\/\/www.taalhammer.com\/pl\/#website","url":"https:\/\/www.taalhammer.com\/pl\/","name":"Taalhammer","description":"Stop mumbling, start to speak","publisher":{"@id":"https:\/\/www.taalhammer.com\/pl\/#organization"},"potentialAction":[{"@type":"SearchAction","target":{"@type":"EntryPoint","urlTemplate":"https:\/\/www.taalhammer.com\/pl\/?s={search_term_string}"},"query-input":{"@type":"PropertyValueSpecification","valueRequired":true,"valueName":"search_term_string"}}],"inLanguage":"pl-PL"},{"@type":"Organization","@id":"https:\/\/www.taalhammer.com\/pl\/#organization","name":"Taalhammer","url":"https:\/\/www.taalhammer.com\/pl\/","logo":{"@type":"ImageObject","inLanguage":"pl-PL","@id":"https:\/\/www.taalhammer.com\/pl\/#\/schema\/logo\/image\/","url":"https:\/\/www.taalhammer.com\/wp-content\/uploads\/2019\/06\/Taalhammer_B_W_cut_negative.png","contentUrl":"https:\/\/www.taalhammer.com\/wp-content\/uploads\/2019\/06\/Taalhammer_B_W_cut_negative.png","width":290,"height":256,"caption":"Taalhammer"},"image":{"@id":"https:\/\/www.taalhammer.com\/pl\/#\/schema\/logo\/image\/"},"sameAs":["https:\/\/www.facebook.com\/taalhammer","https:\/\/x.com\/taalhammer","https:\/\/www.instagram.com\/taalhammer_pl\/"]}]}},"_links":{"self":[{"href":"https:\/\/www.taalhammer.com\/pl\/wp-json\/wp\/v2\/pages\/10469","targetHints":{"allow":["GET"]}}],"collection":[{"href":"https:\/\/www.taalhammer.com\/pl\/wp-json\/wp\/v2\/pages"}],"about":[{"href":"https:\/\/www.taalhammer.com\/pl\/wp-json\/wp\/v2\/types\/page"}],"author":[{"embeddable":true,"href":"https:\/\/www.taalhammer.com\/pl\/wp-json\/wp\/v2\/users\/16"}],"replies":[{"embeddable":true,"href":"https:\/\/www.taalhammer.com\/pl\/wp-json\/wp\/v2\/comments?post=10469"}],"version-history":[{"count":6,"href":"https:\/\/www.taalhammer.com\/pl\/wp-json\/wp\/v2\/pages\/10469\/revisions"}],"predecessor-version":[{"id":10939,"href":"https:\/\/www.taalhammer.com\/pl\/wp-json\/wp\/v2\/pages\/10469\/revisions\/10939"}],"wp:attachment":[{"href":"https:\/\/www.taalhammer.com\/pl\/wp-json\/wp\/v2\/media?parent=10469"}],"wp:term":[{"taxonomy":"category","embeddable":true,"href":"https:\/\/www.taalhammer.com\/pl\/wp-json\/wp\/v2\/categories?post=10469"},{"taxonomy":"post_tag","embeddable":true,"href":"https:\/\/www.taalhammer.com\/pl\/wp-json\/wp\/v2\/tags?post=10469"}],"curies":[{"name":"wp","href":"https:\/\/api.w.org\/{rel}","templated":true}]}}